{"id":999,"date":"2019-03-15T14:44:44","date_gmt":"2019-03-15T14:44:44","guid":{"rendered":"https:\/\/www.eckler.ca\/careers\/"},"modified":"2023-11-22T09:50:00","modified_gmt":"2023-11-22T14:50:00","slug":"careers","status":"publish","type":"page","link":"https:\/\/www.eckler.ca\/fr\/careers\/","title":{"rendered":"Carri\u00e8res"},"content":{"rendered":"<div class=\"wpb-content-wrapper\"><p>[vc_row][vc_column][basic_container container_size=&#8221;container container-narrow&#8221;][vc_column_text]<\/p>\n<h2>Travailler chez Eckler<\/h2>\n<p>Quel que soit votre r\u00f4le chez Eckler, vous ferez la diff\u00e9rence. Votre passion et votre dynamisme nous aideront \u00e0 atteindre notre objectif : <em>faire preuve de bonne volont\u00e9 et \u00e0 agir dans l\u2019int\u00e9r\u00eat des gens de sorte \u00e0 cr\u00e9er, ensemble, un avenir radieux et plus s\u00fbr.<\/em><\/p>\n<p>Nous sommes fiers de ce que nous faisons. Et nous le faisons tr\u00e8s bien gr\u00e2ce \u00e0 un milieu de travail tr\u00e8s performant. Un endroit o\u00f9 tout le monde peut innover et \u00eatre cr\u00e9atif dans la r\u00e9solution de probl\u00e8mes. Un endroit o\u00f9 la collaboration est importante. Un endroit o\u00f9 la diversit\u00e9 est c\u00e9l\u00e9br\u00e9e. Un endroit o\u00f9 chacun est libre d&#8217;\u00eatre authentique.<\/p>\n<p>Eckler offre un programme de r\u00e9mun\u00e9ration globale concurrentiel reposant sur quatre piliers : r\u00e9mun\u00e9ration, reconnaissance du rendement et des services, avantages sociaux et perfectionnement professionnel.<\/p>\n<p>Les primes annuelles de rendement sont parmi les plus \u00e9lev\u00e9es de l&#8217;industrie et tout le monde y est admissible. Les employ\u00e9s b\u00e9n\u00e9ficient d&#8217;un programme d&#8217;\u00e9pargne-retraite comp\u00e9titif, d&#8217;un g\u00e9n\u00e9reux programme d&#8217;avantages sociaux flexibles, d&#8217;une allocation de vacances comp\u00e9titive avec la possibilit\u00e9 d&#8217;acheter des jours de vacances suppl\u00e9mentaires, et de subventions pour la remise en forme.<\/p>\n<p>Nous soutenons les employ\u00e9s qui cherchent \u00e0 obtenir des titres professionnels tels que le titre de Fellow de l&#8217;Institut canadien des actuaires (FICA) et de la Soci\u00e9t\u00e9 des Actuaires (FSA), d&#8217;analyste financier agr\u00e9\u00e9 (CFA), de comptable public agr\u00e9\u00e9 (CPA) et autres, en leur accordant des cong\u00e9s d&#8217;\u00e9tude et d&#8217;examen pay\u00e9s. Et nous r\u00e9compensons la r\u00e9ussite aux examens!<\/p>\n<p>Si vous le souhaitez, vous aurez l&#8217;occasion d&#8217;influer sur l&#8217;impact social du cabinet en vous joignant \u00e0 l&#8217;un des groupes d&#8217;employ\u00e9s ambassadeurs qui sont \u00e0 la t\u00eate du programme de responsabilit\u00e9 sociale des entreprises (RSE) du cabinet, lequel est align\u00e9 sur les objectifs de d\u00e9veloppement durable des Nations Unies.<\/p>\n<p>Venez rejoindre notre \u00e9quipe! Vous contribuerez \u00e0 faire la diff\u00e9rence.[\/vc_column_text][\/basic_container]<div class=\"decorative-illustration align-right \">\n\t<span class=\"decoration five-flags\"><\/span>\n<\/div>\n[\/vc_column][\/vc_row][vc_row][vc_column][basic_container container_size=&#8221;container container-narrow&#8221;][alternating_content_container]\t<div class=\"alternating-content-item-wrapper transparent\">\n\t\t\t\t\t<div class=\"alternating-content-item-image\"><div class=\"start-bg-center\" style=\"background-image: url('https:\/\/www.eckler.ca\/app\/uploads\/2019\/03\/iStock-641970954-1-1024x768.jpg');\"><\/div><\/div>\n\t\t\t\t<div class=\"alternating-content-item-content-container\">\n\t\t\t<div class=\"alternating-content-item-inner\">\n\t\t\t\t\t\t\t\t\t<h2 class=\"alternating-content-item-heading\">\n\t\t\t\t\t\tChacun a sa place\t\t\t\t\t<\/h2>\n\t\t\t\t\t\t\t\t\t\t\t\t\t\t\t\t\t<div class=\"alternating-content-item-content\">\n\t\t\t\t\t\t<p>Nous offrons un milieu de travail diversifi\u00e9, inclusif et accessible o\u00f9 chacun y est valoris\u00e9. <a href=\"https:\/\/www.eckler.ca\/fr\/about\/our-culture\/\" target=\"_blank\" rel=\"noopener\">Notre culture<\/a> refl\u00e8te la composition de notre communaut\u00e9, reconna\u00eet et c\u00e9l\u00e8bre les diff\u00e9rences individuelles et encourage l\u2019authenticit\u00e9.<\/p>\n\t\t\t\t\t<\/div>\n\t\t\t\t\t\t\t\t\t\t\t<\/div>\n\t\t<\/div>\n\t<\/div>\n[\/alternating_content_container][\/basic_container][\/vc_column][\/vc_row][vc_row][vc_column]<div class=\"decorative-illustration align-left \">\n\t<span class=\"decoration two-flags-primary\"><\/span>\n<\/div>\n[basic_container][vc_empty_space][vc_column_text]<strong>Les cabinets de recrutement\u00a0:<\/strong><\/p>\n<p><strong>Sont pri\u00e9s d&#8217;adresser leur int\u00e9r\u00eat \u00e0 <a href=\"mailto:careers@eckler.ca\">careers@eckler.ca<\/a>. Malheureusement, les membres de notre \u00e9quipe ne sont pas en mesure de r\u00e9pondre aux courriels directs.<\/strong><\/p>\n<p>&nbsp;[\/vc_column_text][\/basic_container][\/vc_column][\/vc_row][vc_row][vc_column]<div class=\"career-positions\">\n\t<h2 class=\"career-positions-heading\">\n\t\tPostes affich\u00e9s\t<\/h2>\n\t\t\t<div class=\"container container-narrow\">\n\t\t\t<form method=\"get\" action=\"\" class=\"careers-filter\">\n\t\t\t\t<div class=\"select-wrapper\">\n\t\t\t\t\t<label class=\"sr-only\" for=\"location-selected-581\">Emplacement<\/label>\n\t\t\t\t\t<select name=\"location-location_selected\" id=\"location-selected-581\" class=\"career-location-select\" data-career-filter-id=\"581\">\n\t\t\t\t\t\t<option value=\"\">\n\t\t\t\t\t\t\tTous les emplacements\t\t\t\t\t\t<\/option>\n\t\t\t\t\t\t\t\t\t\t\t\t\t<option\n\t\t\t\t\t\t\t\tvalue=\"14833\" >\n\t\t\t\t\t\t\t\tFredericton\t\t\t\t\t\t\t<\/option>\n\t\t\t\t\t\t\t\t\t\t\t\t\t<option\n\t\t\t\t\t\t\t\tvalue=\"975\" >\n\t\t\t\t\t\t\t\tVancouver\t\t\t\t\t\t\t<\/option>\n\t\t\t\t\t\t\t\t\t\t\t\t\t<option\n\t\t\t\t\t\t\t\tvalue=\"977\" >\n\t\t\t\t\t\t\t\tWinnipeg\t\t\t\t\t\t\t<\/option>\n\t\t\t\t\t\t\t\t\t\t\t\t\t<option\n\t\t\t\t\t\t\t\tvalue=\"973\" >\n\t\t\t\t\t\t\t\tToronto\t\t\t\t\t\t\t<\/option>\n\t\t\t\t\t\t\t\t\t\t\t\t\t<option\n\t\t\t\t\t\t\t\tvalue=\"970\" >\n\t\t\t\t\t\t\t\tMontr\u00e9al\t\t\t\t\t\t\t<\/option>\n\t\t\t\t\t\t\t\t\t\t\t\t\t<option\n\t\t\t\t\t\t\t\tvalue=\"967\" >\n\t\t\t\t\t\t\t\tQu\u00e9bec\t\t\t\t\t\t\t<\/option>\n\t\t\t\t\t\t\t\t\t\t\t\t\t<option\n\t\t\t\t\t\t\t\tvalue=\"964\" >\n\t\t\t\t\t\t\t\tHalifax\t\t\t\t\t\t\t<\/option>\n\t\t\t\t\t\t\t\t\t\t\t\t\t<option\n\t\t\t\t\t\t\t\tvalue=\"962\" >\n\t\t\t\t\t\t\t\tBarbade\t\t\t\t\t\t\t<\/option>\n\t\t\t\t\t\t\t\t\t\t\t\t\t<option\n\t\t\t\t\t\t\t\tvalue=\"958\" >\n\t\t\t\t\t\t\t\tJama\u00efque\t\t\t\t\t\t\t<\/option>\n\t\t\t\t\t\t\t\t\t\t\t<\/select>\n\t\t\t\t<\/div>\n\t\t\t\t\t\t\t<\/form>\n\t\t<\/div>\n\t\t\t\t<ul class=\"career-positions-list\" id=\"career-positions-list-581\">\n\t\t\t\t\t\t\t<li class=\"career-position\"\n\t\t\t\tdata-locations=\"970\"\">\n\t\t\t\t\t\t\t\t<script type=\"application\/ld+json\">{\"@context\":\"http:\\\/\\\/schema.org\",\"@type\":\"jobPosting\",\"name\":\"Eckler - Analyste principal, personnel et culture (contrat de 12 mois) - Toronto ou Montr\\u00e9al\",\"title\":\"Eckler - Analyste principal, personnel et culture (contrat de 12 mois) - Toronto ou Montr\\u00e9al\",\"description\":\"\",\"hiringOrganization\":\"Eckler\",\"datePosted\":\"\",\"url\":\"https:\\\/\\\/workforcenow.adp.com\\\/mascsr\\\/default\\\/mdf\\\/recruitment\\\/recruitment.html?cid=b78e87ed-d0aa-4921-8cf8-f3405c511246&ccId=19000101_000001&jobId=558075&lang=fr_CA&source=EN\"}<\/script>\n\t\t\t\t<div class=\"career-position-inner\">\n\t\t\t\t\t\t\t\t\t\t\t\t\t\t\t\t\t\t\t\t\t<div class=\"career-position-location\">\n\t\t\t\t\t\t\t\t\t<div class=\"career-position-location-tag\">\n\t\t\t\t\t\t\t\t\t\t<span class=\"location-tag-text\">\n\t\t\t\t\t\t\t\t\t\t\tMontr\u00e9al\t\t\t\t\t\t\t\t\t\t<\/span>\n\t\t\t\t\t\t\t\t\t<\/div>\n\t\t\t\t\t\t\t\t<\/div>\n\t\t\t\t\t\t\t\t\t\t\t\t\t\t\t\t\t\t\t\t\t\t\t\t<div class=\"career-position-main\">\n\t\t\t\t\t\t\t<div class=\"career-position-information\">\n\t\t\t\t\t\t\t\t<h3 class=\"career-information-heading\">\n\t\t\t\t\t\t\t\t\t<a class=\"career-information-heading-link\"\n\t\t\t\t\t\t\t\t\t   href=\"https:\/\/workforcenow.adp.com\/mascsr\/default\/mdf\/recruitment\/recruitment.html?cid=b78e87ed-d0aa-4921-8cf8-f3405c511246&ccId=19000101_000001&jobId=558075&lang=fr_CA&source=EN\">\n\t\t\t\t\t\t\t\t\t\tAnalyste principal, personnel et culture (contrat de 12 mois) - Toronto ou Montr\u00e9al\t\t\t\t\t\t\t\t\t<\/a>\n\t\t\t\t\t\t\t\t<\/h3>\n\t\t\t\t\t\t\t\t\t\t\t\t\t\t\t<\/div>\n\t\t\t\t\t\t<\/div>\n\t\t\t\t\t\t<div class=\"career-position-apply\">\n\t\t\t\t\t\t\t<a href=\"https:\/\/workforcenow.adp.com\/mascsr\/default\/mdf\/recruitment\/recruitment.html?cid=b78e87ed-d0aa-4921-8cf8-f3405c511246&ccId=19000101_000001&jobId=558075&lang=fr_CA&source=EN\" target=\"_blank\"\n\t\t\t\t\t\t\t   class=\"btn btn-sm btn-info apply-now-link\">\n\t\t\t\t\t\t\t\t<span class=\"btn-text\">View Position<\/span>\n\t\t\t\t\t\t\t\t<span class=\"icon-chevron-right\"><\/span>\n\t\t\t\t\t\t\t<\/a>\n\t\t\t\t\t\t\t<button type=\"submit\" id=\"toggle-share-0\" class=\"btn btn-sm btn-primary apply-share\" aria-expanded=\"false\" aria-haspopup=\"menu\" aria-controls=\"social-share-0\">\n\t\t\t\t\t\t\t\t<span class=\"btn-text\">Share<\/span>\n\t\t\t\t\t\t\t\t<span class=\"icon-plus\"><\/span>\n\t\t\t\t\t\t\t<\/button>\n\t\t\t\t\t\t\t\t\t\t\t\t\t\t\t<div id=\"social-share-0\" class=\"career-position-social-dropdown\" role=\"menu\" aria-labelledby=\"toggle-share-0\">\n\t\t\t\t\t\t\t\t\t<ul class=\"career-position-social-list\">\n\t\t\t\t\t\t\t\t\t\t\t\t\t\t\t\t\t\t\t\t\t<li class=\"career-position-social facebook\">\n\t\t\t\t\t\t\t\t\t\t\t\t<a href=\"https:\/\/www.facebook.com\/sharer\/sharer.php?u=https%3A%2F%2Fwww.eckler.ca%2Ffr%2Fcareers%2Fanalyste-principal-personnel-et-culture-contrat-de-12-mois%2F\" target=\"_blank\"\n\t\t\t\t\t\t\t\t\t\t\t\t   title=\"Share to Facebook\">\n\t\t\t\t\t\t\t\t\t\t\t\t\t<span class=\"icon-facebook\"><\/span>\n\t\t\t\t\t\t\t\t\t\t\t\t<\/a>\n\t\t\t\t\t\t\t\t\t\t\t<\/li>\n\t\t\t\t\t\t\t\t\t\t\t\t\t\t\t\t\t\t\t\t\t<li class=\"career-position-social twitter\">\n\t\t\t\t\t\t\t\t\t\t\t\t<a href=\"https:\/\/twitter.com\/intent\/tweet?url=https%3A%2F%2Fwww.eckler.ca%2Ffr%2Fcareers%2Fanalyste-principal-personnel-et-culture-contrat-de-12-mois%2F&text=Carri%C3%A8res\" target=\"_blank\"\n\t\t\t\t\t\t\t\t\t\t\t\t   title=\"Share to Twitter\">\n\t\t\t\t\t\t\t\t\t\t\t\t\t<span class=\"icon-twitter\"><\/span>\n\t\t\t\t\t\t\t\t\t\t\t\t<\/a>\n\t\t\t\t\t\t\t\t\t\t\t<\/li>\n\t\t\t\t\t\t\t\t\t\t\t\t\t\t\t\t\t\t\t\t\t<li class=\"career-position-social linkedin\">\n\t\t\t\t\t\t\t\t\t\t\t\t<a href=\"http:\/\/www.linkedin.com\/shareArticle?mini=true&url=https%3A%2F%2Fwww.eckler.ca%2Ffr%2Fcareers%2Fanalyste-principal-personnel-et-culture-contrat-de-12-mois%2F&title=Carri%C3%A8res\" target=\"_blank\"\n\t\t\t\t\t\t\t\t\t\t\t\t   title=\"Share to Linkedin\">\n\t\t\t\t\t\t\t\t\t\t\t\t\t<span class=\"icon-linkedin\"><\/span>\n\t\t\t\t\t\t\t\t\t\t\t\t<\/a>\n\t\t\t\t\t\t\t\t\t\t\t<\/li>\n\t\t\t\t\t\t\t\t\t\t\t\t\t\t\t\t\t\t\t\t\t<li class=\"career-position-social email\">\n\t\t\t\t\t\t\t\t\t\t\t\t<a href=\"mailto:?subject=Analyste principal, personnel et culture (contrat de 12 mois) &#8211; Toronto ou Montr\u00e9al&body=Carri%C3%A8res%0D%0A %0D%0Ahttps%3A%2F%2Fwww.eckler.ca%2Ffr%2Fcareers%2Fanalyste-principal-personnel-et-culture-contrat-de-12-mois%2F\" target=\"_blank\"\n\t\t\t\t\t\t\t\t\t\t\t\t   title=\"Share to Email\">\n\t\t\t\t\t\t\t\t\t\t\t\t\t<span class=\"icon-email\"><\/span>\n\t\t\t\t\t\t\t\t\t\t\t\t<\/a>\n\t\t\t\t\t\t\t\t\t\t\t<\/li>\n\t\t\t\t\t\t\t\t\t\t\t\t\t\t\t\t\t\t\t<\/ul>\n\t\t\t\t\t\t\t\t<\/div>\n\t\t\t\t\t\t\t\t\t\t\t\t\t<\/div>\n\t\t\t\t\t<\/div>\n\t\t\t\t<\/li>\n\t\t\t\t\t<\/ul>\n\t<\/div>\n[\/vc_column][\/vc_row]<\/p>\n<\/div>","protected":false},"excerpt":{"rendered":"<p>[vc_row][vc_column][basic_container container_size=&#8221;container container-narrow&#8221;][vc_column_text]<\/p>\n<p> Travailler chez Eckler <\/p>\n<p>Quel que soit votre r\u00f4le chez Eckler, vous ferez la diff\u00e9rence. Votre passion et votre dynamisme nous aideront \u00e0 atteindre notre objectif : faire &hellip; [&#8230;]<\/p>\n","protected":false},"author":2,"featured_media":0,"parent":0,"menu_order":0,"comment_status":"closed","ping_status":"closed","template":"","meta":{"_acf_changed":false,"footnotes":""},"class_list":["post-999","page","type-page","status-publish","hentry"],"acf":[],"yoast_head":"<!-- This site is optimized with the Yoast SEO Premium plugin v26.8 (Yoast SEO v26.8) - https:\/\/yoast.com\/product\/yoast-seo-premium-wordpress\/ -->\n<title>Carri\u00e8res | Canada &amp; the Caribbean<\/title>\n<meta name=\"description\" content=\"Nous sommes toujours \u00e0 la recherche des meilleurs talents pour apporter une perspective diff\u00e9rente \u00e0 notre \u00e9quipe et lui insuffler une nouvelle \u00e9nergie.\" \/>\n<meta name=\"robots\" content=\"index, follow, max-snippet:-1, max-image-preview:large, max-video-preview:-1\" \/>\n<link rel=\"canonical\" href=\"https:\/\/www.eckler.ca\/fr\/careers\/\" \/>\n<meta property=\"og:locale\" content=\"fr_FR\" \/>\n<meta property=\"og:type\" content=\"article\" \/>\n<meta property=\"og:title\" content=\"Carri\u00e8res\" \/>\n<meta property=\"og:description\" content=\"Nous sommes toujours \u00e0 la recherche des meilleurs talents pour apporter une perspective diff\u00e9rente \u00e0 notre \u00e9quipe et lui insuffler une nouvelle \u00e9nergie.\" \/>\n<meta property=\"og:url\" content=\"https:\/\/www.eckler.ca\/fr\/careers\/\" \/>\n<meta property=\"og:site_name\" content=\"Eckler\" \/>\n<meta property=\"article:modified_time\" content=\"2023-11-22T14:50:00+00:00\" \/>\n<meta property=\"og:image\" content=\"https:\/\/www.eckler.ca\/app\/uploads\/2019\/03\/eckler-social.jpg\" \/>\n\t<meta property=\"og:image:width\" content=\"200\" \/>\n\t<meta property=\"og:image:height\" content=\"200\" \/>\n\t<meta property=\"og:image:type\" content=\"image\/jpeg\" \/>\n<meta name=\"twitter:card\" content=\"summary_large_image\" \/>\n<meta name=\"twitter:label1\" content=\"Est. reading time\" \/>\n\t<meta name=\"twitter:data1\" content=\"2 minutes\" \/>\n<script type=\"application\/ld+json\" class=\"yoast-schema-graph\">{\"@context\":\"https:\/\/schema.org\",\"@graph\":[{\"@type\":\"WebPage\",\"@id\":\"https:\/\/www.eckler.ca\/fr\/careers\/\",\"url\":\"https:\/\/www.eckler.ca\/fr\/careers\/\",\"name\":\"Carri\u00e8res | Canada & the Caribbean\",\"isPartOf\":{\"@id\":\"https:\/\/www.eckler.ca\/#website\"},\"datePublished\":\"2019-03-15T14:44:44+00:00\",\"dateModified\":\"2023-11-22T14:50:00+00:00\",\"description\":\"Nous sommes toujours \u00e0 la recherche des meilleurs talents pour apporter une perspective diff\u00e9rente \u00e0 notre \u00e9quipe et lui insuffler une nouvelle \u00e9nergie.\",\"inLanguage\":\"fr-FR\",\"potentialAction\":[{\"@type\":\"ReadAction\",\"target\":[\"https:\/\/www.eckler.ca\/fr\/careers\/\"]}]},{\"@type\":\"WebSite\",\"@id\":\"https:\/\/www.eckler.ca\/#website\",\"url\":\"https:\/\/www.eckler.ca\/\",\"name\":\"Eckler\",\"description\":\"People-Powered Insights\",\"potentialAction\":[{\"@type\":\"SearchAction\",\"target\":{\"@type\":\"EntryPoint\",\"urlTemplate\":\"https:\/\/www.eckler.ca\/?s={search_term_string}\"},\"query-input\":{\"@type\":\"PropertyValueSpecification\",\"valueRequired\":true,\"valueName\":\"search_term_string\"}}],\"inLanguage\":\"fr-FR\"}]}<\/script>\n<!-- \/ Yoast SEO Premium plugin. -->","yoast_head_json":{"title":"Carri\u00e8res | Canada & the Caribbean","description":"Nous sommes toujours \u00e0 la recherche des meilleurs talents pour apporter une perspective diff\u00e9rente \u00e0 notre \u00e9quipe et lui insuffler une nouvelle \u00e9nergie.","robots":{"index":"index","follow":"follow","max-snippet":"max-snippet:-1","max-image-preview":"max-image-preview:large","max-video-preview":"max-video-preview:-1"},"canonical":"https:\/\/www.eckler.ca\/fr\/careers\/","og_locale":"fr_FR","og_type":"article","og_title":"Carri\u00e8res","og_description":"Nous sommes toujours \u00e0 la recherche des meilleurs talents pour apporter une perspective diff\u00e9rente \u00e0 notre \u00e9quipe et lui insuffler une nouvelle \u00e9nergie.","og_url":"https:\/\/www.eckler.ca\/fr\/careers\/","og_site_name":"Eckler","article_modified_time":"2023-11-22T14:50:00+00:00","og_image":[{"width":200,"height":200,"url":"https:\/\/www.eckler.ca\/app\/uploads\/2019\/03\/eckler-social.jpg","type":"image\/jpeg"}],"twitter_card":"summary_large_image","twitter_misc":{"Est. reading time":"2 minutes"},"schema":{"@context":"https:\/\/schema.org","@graph":[{"@type":"WebPage","@id":"https:\/\/www.eckler.ca\/fr\/careers\/","url":"https:\/\/www.eckler.ca\/fr\/careers\/","name":"Carri\u00e8res | Canada & the Caribbean","isPartOf":{"@id":"https:\/\/www.eckler.ca\/#website"},"datePublished":"2019-03-15T14:44:44+00:00","dateModified":"2023-11-22T14:50:00+00:00","description":"Nous sommes toujours \u00e0 la recherche des meilleurs talents pour apporter une perspective diff\u00e9rente \u00e0 notre \u00e9quipe et lui insuffler une nouvelle \u00e9nergie.","inLanguage":"fr-FR","potentialAction":[{"@type":"ReadAction","target":["https:\/\/www.eckler.ca\/fr\/careers\/"]}]},{"@type":"WebSite","@id":"https:\/\/www.eckler.ca\/#website","url":"https:\/\/www.eckler.ca\/","name":"Eckler","description":"People-Powered Insights","potentialAction":[{"@type":"SearchAction","target":{"@type":"EntryPoint","urlTemplate":"https:\/\/www.eckler.ca\/?s={search_term_string}"},"query-input":{"@type":"PropertyValueSpecification","valueRequired":true,"valueName":"search_term_string"}}],"inLanguage":"fr-FR"}]}},"_links":{"self":[{"href":"https:\/\/www.eckler.ca\/fr\/wp-json\/wp\/v2\/pages\/999","targetHints":{"allow":["GET"]}}],"collection":[{"href":"https:\/\/www.eckler.ca\/fr\/wp-json\/wp\/v2\/pages"}],"about":[{"href":"https:\/\/www.eckler.ca\/fr\/wp-json\/wp\/v2\/types\/page"}],"author":[{"embeddable":true,"href":"https:\/\/www.eckler.ca\/fr\/wp-json\/wp\/v2\/users\/2"}],"replies":[{"embeddable":true,"href":"https:\/\/www.eckler.ca\/fr\/wp-json\/wp\/v2\/comments?post=999"}],"version-history":[{"count":22,"href":"https:\/\/www.eckler.ca\/fr\/wp-json\/wp\/v2\/pages\/999\/revisions"}],"predecessor-version":[{"id":14242,"href":"https:\/\/www.eckler.ca\/fr\/wp-json\/wp\/v2\/pages\/999\/revisions\/14242"}],"wp:attachment":[{"href":"https:\/\/www.eckler.ca\/fr\/wp-json\/wp\/v2\/media?parent=999"}],"curies":[{"name":"wp","href":"https:\/\/api.w.org\/{rel}","templated":true}]}}