{"id":994,"date":"2019-03-20T18:13:56","date_gmt":"2019-03-20T18:13:56","guid":{"rendered":"https:\/\/www.eckler.ca\/contact-us\/"},"modified":"2020-06-08T10:42:52","modified_gmt":"2020-06-08T14:42:52","slug":"contact-us","status":"publish","type":"page","link":"https:\/\/www.eckler.ca\/fr\/find-us\/contact-us\/","title":{"rendered":"Contactez-nous"},"content":{"rendered":"<div class=\"wpb-content-wrapper\"><p>[vc_row][vc_column][basic_container container_size=&#8221;container container-narrow&#8221;][vc_column_text]<\/p>\n<h2 style=\"text-align: left;\">Nous sommes heureux de vous compter parmi nous. Comment pouvons-nous vous aider?<\/h2>\n<h3>O\u00f9 nous trouver<\/h3>\n<h4>Parce que tout le monde m\u00e9rite de s\u2019assurer d\u2019un avenir meilleur. Nous exer\u00e7ons nos activit\u00e9s au Canada et dans les Cara\u00efbes, <a href=\"https:\/\/www.eckler.ca\/fr\/about\/our-offices\/\"><strong>nous sommes l\u00e0 o\u00f9 vous l\u2019\u00eates.<\/strong><\/a><\/h4>\n<h3>Demande de renseignements<\/h3>\n<h4>Nous sommes ravis que vous songiez \u00e0 faire \u00e9quipe avec nous. Remplissez <a href=\"https:\/\/www.eckler.ca\/fr\/lets-talk\/\">le formulaire<\/a> de demande de propositions pour nous en dire plus long sur l\u2019aide que vous recherchez.<\/h4>\n<h3>Renseignements g\u00e9n\u00e9raux<\/h3>\n<h4>Vous d\u00e9sirez obtenir plus de renseignements sur Eckler, ou avez une question, mais ne savez pas \u00e0 qui vous adresser? Vous \u00eates au bon endroit.<\/h4>\n<h4>Remplissez ce formulaire, et le membre de l\u2019\u00e9quipe d\u2019Eckler le mieux plac\u00e9 pour discuter de vos besoins vous r\u00e9pondra directement d\u2019ici 24 heures.<\/h4>\n<p>[\/vc_column_text][\/basic_container][\/vc_column][\/vc_row][vc_row][vc_column][basic_container container_size=&#8221;container container-narrow&#8221; bg_type=&#8221;solid&#8221; bg_color=&#8221;bg-light&#8221;][vc_column_text]<\/p>\n<h3>Possibilit\u00e9s de carri\u00e8re<\/h3>\n<h4>Vous \u00eates en qu\u00eate d\u2019un milieu de travail collaboratif o\u00f9 l\u2019attitude collective mise sur le travail d\u2019\u00e9quipe plut\u00f4t que sur les efforts individuels? Contactez-nous \u00e0 <strong><a href=\"mailto:info@eckler.ca\">info@eckler.ca<\/a><\/strong>,ou pr\u00e9sentez votre candidature pour l\u2019un des <a href=\"https:\/\/www.eckler.ca\/fr\/careers\/\">postes affich\u00e9s.<\/a><\/h4>\n<h4>Vous \u00eates en qu\u00eate d\u2019un milieu de travail collaboratif o\u00f9 l\u2019attitude collective mise sur le travail d\u2019\u00e9quipe plut\u00f4t que sur les efforts individuels? Contactez-nous \u00e0 info@eckler.ca.<\/h4>\n<p>[\/vc_column_text][\/basic_container][\/vc_column][\/vc_row]<\/p>\n<\/div>","protected":false},"excerpt":{"rendered":"<p>[vc_row][vc_column][basic_container container_size=&#8221;container container-narrow&#8221;][vc_column_text]<\/p>\n<p> Nous sommes heureux de vous compter parmi nous. Comment pouvons-nous vous aider? O\u00f9 nous trouver Parce que tout le monde m\u00e9rite de s\u2019assurer d\u2019un avenir meilleur. Nous &hellip; [&#8230;]<\/p>\n","protected":false},"author":2,"featured_media":0,"parent":1043,"menu_order":0,"comment_status":"closed","ping_status":"closed","template":"page-cta-form.php","meta":{"_acf_changed":false,"footnotes":""},"class_list":["post-994","page","type-page","status-publish","hentry"],"acf":[],"yoast_head":"<!-- This site is optimized with the Yoast SEO Premium plugin v26.8 (Yoast SEO v26.8) - https:\/\/yoast.com\/product\/yoast-seo-premium-wordpress\/ -->\n<title>Contactez-Nous | Eckler<\/title>\n<meta name=\"description\" content=\"Vous d\u00e9sirez obtenir plus de renseignements sur Eckler, ou avez une question, mais ne savez pas \u00e0 qui vous adresser? Vous \u00eates au bon endroit.\" \/>\n<meta name=\"robots\" content=\"index, follow, max-snippet:-1, max-image-preview:large, max-video-preview:-1\" \/>\n<link rel=\"canonical\" href=\"https:\/\/www.eckler.ca\/fr\/find-us\/contact-us\/\" \/>\n<meta property=\"og:locale\" content=\"fr_FR\" \/>\n<meta property=\"og:type\" content=\"article\" \/>\n<meta property=\"og:title\" content=\"Contactez-nous\" \/>\n<meta property=\"og:description\" content=\"Vous d\u00e9sirez obtenir plus de renseignements sur Eckler, ou avez une question, mais ne savez pas \u00e0 qui vous adresser? Vous \u00eates au bon endroit.\" \/>\n<meta property=\"og:url\" content=\"https:\/\/www.eckler.ca\/fr\/find-us\/contact-us\/\" \/>\n<meta property=\"og:site_name\" content=\"Eckler\" \/>\n<meta property=\"article:modified_time\" content=\"2020-06-08T14:42:52+00:00\" \/>\n<meta property=\"og:image\" content=\"https:\/\/www.eckler.ca\/app\/uploads\/2019\/03\/eckler-social.jpg\" \/>\n\t<meta property=\"og:image:width\" content=\"200\" \/>\n\t<meta property=\"og:image:height\" content=\"200\" \/>\n\t<meta property=\"og:image:type\" content=\"image\/jpeg\" \/>\n<meta name=\"twitter:card\" content=\"summary_large_image\" \/>\n<meta name=\"twitter:label1\" content=\"Est. reading time\" \/>\n\t<meta name=\"twitter:data1\" content=\"1 minute\" \/>\n<script type=\"application\/ld+json\" class=\"yoast-schema-graph\">{\"@context\":\"https:\/\/schema.org\",\"@graph\":[{\"@type\":\"WebPage\",\"@id\":\"https:\/\/www.eckler.ca\/fr\/find-us\/contact-us\/\",\"url\":\"https:\/\/www.eckler.ca\/fr\/find-us\/contact-us\/\",\"name\":\"Contactez-Nous | Eckler\",\"isPartOf\":{\"@id\":\"https:\/\/www.eckler.ca\/#website\"},\"datePublished\":\"2019-03-20T18:13:56+00:00\",\"dateModified\":\"2020-06-08T14:42:52+00:00\",\"description\":\"Vous d\u00e9sirez obtenir plus de renseignements sur Eckler, ou avez une question, mais ne savez pas \u00e0 qui vous adresser? Vous \u00eates au bon endroit.\",\"breadcrumb\":{\"@id\":\"https:\/\/www.eckler.ca\/fr\/find-us\/contact-us\/#breadcrumb\"},\"inLanguage\":\"fr-FR\",\"potentialAction\":[{\"@type\":\"ReadAction\",\"target\":[\"https:\/\/www.eckler.ca\/fr\/find-us\/contact-us\/\"]}]},{\"@type\":\"BreadcrumbList\",\"@id\":\"https:\/\/www.eckler.ca\/fr\/find-us\/contact-us\/#breadcrumb\",\"itemListElement\":[{\"@type\":\"ListItem\",\"position\":1,\"name\":\"Accueil\",\"item\":\"https:\/\/www.eckler.ca\/fr\/\"},{\"@type\":\"ListItem\",\"position\":2,\"name\":\"Nous trouver\"}]},{\"@type\":\"WebSite\",\"@id\":\"https:\/\/www.eckler.ca\/#website\",\"url\":\"https:\/\/www.eckler.ca\/\",\"name\":\"Eckler\",\"description\":\"People-Powered Insights\",\"potentialAction\":[{\"@type\":\"SearchAction\",\"target\":{\"@type\":\"EntryPoint\",\"urlTemplate\":\"https:\/\/www.eckler.ca\/?s={search_term_string}\"},\"query-input\":{\"@type\":\"PropertyValueSpecification\",\"valueRequired\":true,\"valueName\":\"search_term_string\"}}],\"inLanguage\":\"fr-FR\"}]}<\/script>\n<!-- \/ Yoast SEO Premium plugin. -->","yoast_head_json":{"title":"Contactez-Nous | Eckler","description":"Vous d\u00e9sirez obtenir plus de renseignements sur Eckler, ou avez une question, mais ne savez pas \u00e0 qui vous adresser? Vous \u00eates au bon endroit.","robots":{"index":"index","follow":"follow","max-snippet":"max-snippet:-1","max-image-preview":"max-image-preview:large","max-video-preview":"max-video-preview:-1"},"canonical":"https:\/\/www.eckler.ca\/fr\/find-us\/contact-us\/","og_locale":"fr_FR","og_type":"article","og_title":"Contactez-nous","og_description":"Vous d\u00e9sirez obtenir plus de renseignements sur Eckler, ou avez une question, mais ne savez pas \u00e0 qui vous adresser? Vous \u00eates au bon endroit.","og_url":"https:\/\/www.eckler.ca\/fr\/find-us\/contact-us\/","og_site_name":"Eckler","article_modified_time":"2020-06-08T14:42:52+00:00","og_image":[{"width":200,"height":200,"url":"https:\/\/www.eckler.ca\/app\/uploads\/2019\/03\/eckler-social.jpg","type":"image\/jpeg"}],"twitter_card":"summary_large_image","twitter_misc":{"Est. reading time":"1 minute"},"schema":{"@context":"https:\/\/schema.org","@graph":[{"@type":"WebPage","@id":"https:\/\/www.eckler.ca\/fr\/find-us\/contact-us\/","url":"https:\/\/www.eckler.ca\/fr\/find-us\/contact-us\/","name":"Contactez-Nous | Eckler","isPartOf":{"@id":"https:\/\/www.eckler.ca\/#website"},"datePublished":"2019-03-20T18:13:56+00:00","dateModified":"2020-06-08T14:42:52+00:00","description":"Vous d\u00e9sirez obtenir plus de renseignements sur Eckler, ou avez une question, mais ne savez pas \u00e0 qui vous adresser? Vous \u00eates au bon endroit.","breadcrumb":{"@id":"https:\/\/www.eckler.ca\/fr\/find-us\/contact-us\/#breadcrumb"},"inLanguage":"fr-FR","potentialAction":[{"@type":"ReadAction","target":["https:\/\/www.eckler.ca\/fr\/find-us\/contact-us\/"]}]},{"@type":"BreadcrumbList","@id":"https:\/\/www.eckler.ca\/fr\/find-us\/contact-us\/#breadcrumb","itemListElement":[{"@type":"ListItem","position":1,"name":"Accueil","item":"https:\/\/www.eckler.ca\/fr\/"},{"@type":"ListItem","position":2,"name":"Nous trouver"}]},{"@type":"WebSite","@id":"https:\/\/www.eckler.ca\/#website","url":"https:\/\/www.eckler.ca\/","name":"Eckler","description":"People-Powered Insights","potentialAction":[{"@type":"SearchAction","target":{"@type":"EntryPoint","urlTemplate":"https:\/\/www.eckler.ca\/?s={search_term_string}"},"query-input":{"@type":"PropertyValueSpecification","valueRequired":true,"valueName":"search_term_string"}}],"inLanguage":"fr-FR"}]}},"_links":{"self":[{"href":"https:\/\/www.eckler.ca\/fr\/wp-json\/wp\/v2\/pages\/994","targetHints":{"allow":["GET"]}}],"collection":[{"href":"https:\/\/www.eckler.ca\/fr\/wp-json\/wp\/v2\/pages"}],"about":[{"href":"https:\/\/www.eckler.ca\/fr\/wp-json\/wp\/v2\/types\/page"}],"author":[{"embeddable":true,"href":"https:\/\/www.eckler.ca\/fr\/wp-json\/wp\/v2\/users\/2"}],"replies":[{"embeddable":true,"href":"https:\/\/www.eckler.ca\/fr\/wp-json\/wp\/v2\/comments?post=994"}],"version-history":[{"count":8,"href":"https:\/\/www.eckler.ca\/fr\/wp-json\/wp\/v2\/pages\/994\/revisions"}],"predecessor-version":[{"id":6340,"href":"https:\/\/www.eckler.ca\/fr\/wp-json\/wp\/v2\/pages\/994\/revisions\/6340"}],"up":[{"embeddable":true,"href":"https:\/\/www.eckler.ca\/fr\/wp-json\/wp\/v2\/pages\/1043"}],"wp:attachment":[{"href":"https:\/\/www.eckler.ca\/fr\/wp-json\/wp\/v2\/media?parent=994"}],"curies":[{"name":"wp","href":"https:\/\/api.w.org\/{rel}","templated":true}]}}