{"id":823,"date":"2019-03-20T16:20:54","date_gmt":"2019-03-20T16:20:54","guid":{"rendered":"https:\/\/www.eckler.ca\/about\/our-legacy\/"},"modified":"2023-07-12T17:19:48","modified_gmt":"2023-07-12T21:19:48","slug":"our-legacy","status":"publish","type":"page","link":"https:\/\/www.eckler.ca\/fr\/about\/our-legacy\/","title":{"rendered":"Notre h\u00e9ritage"},"content":{"rendered":"<div class=\"wpb-content-wrapper\"><p>[vc_row][vc_column][basic_container container_size=&#8221;container container-narrow&#8221;][vc_column_text]<\/p>\n<h2>Eckler, c\u2019est l\u2019histoire d\u2019une entreprise \u00e0 la fois remarquable et discr\u00e8te, qui s\u2019est \u00e9panouie en raison de son engagement inconditionnel envers la mission et les valeurs \u00e9tablies par Sam Eckler il y a de nombreuses ann\u00e9es.<\/h2>\n<p>Notre longue histoire, 96 ann\u00e9es pour \u00eatre plus pr\u00e9cis, et nos racines sont profond\u00e9ment ancr\u00e9es. Publi\u00e9 au printemps 2013, <a href=\"https:\/\/www.eckler.ca\/app\/uploads\/2019\/07\/beyondnumbers_pdf.pdf\"><strong><em>Beyond Numbers: The History of Eckler Ltd<\/em>.<\/strong><\/a> pr\u00e9sente non seulement l\u2019histoire de la firme, mais aussi l\u2019histoire d\u2019une \u00ab famille \u00bb accomplie de professionnels engag\u00e9s \u2013 et d\u2019une entreprise tranquillement remarquable qui a grandi en s\u2019appuyant largement sur un engagement sans failles envers les valeurs \u00e9tablies par Sam Eckler il y a de si nombreuses ann\u00e9es.<\/p>\n<p>Nous sommes une organisation professionnelle d\u2019abord, et une entreprise commerciale ensuite.[\/vc_column_text][\/basic_container][\/vc_column][\/vc_row][vc_row][vc_column]<div class=\"decorative-illustration align-right \">\n\t<span class=\"decoration two-flags-white\"><\/span>\n<\/div>\n[\/vc_column][\/vc_row][vc_row][vc_column][basic_container container_size=&#8221;container container-narrow&#8221;][vc_column_text]<\/p>\n<h3>Au c\u0153ur m\u00eame de notre r\u00e9ussite r\u00e9sident nos relations avec nos clients et coll\u00e8gues : des relations authentiques et collaboratives qui ont r\u00e9sist\u00e9 \u00e0 l\u2019\u00e9preuve du temps et du monde en constante \u00e9volution dans lequel nous prosp\u00e9rons.<\/h3>\n<p>Notre mission \u2013 soit de fournir de fa\u00e7on syst\u00e9matique des conseils d\u2019experts impartiaux, selon les plus hauts standards d\u2019\u00e9thique et en temps opportun \u2013 se concr\u00e9tise depuis 1927 de par nos valeurs de confiance mutuelle, de courtoisie, d\u2019esprit d\u2019entrepreneuriat et de respect. Ces valeurs sont les fondations m\u00eames de nos actions, y compris notre ind\u00e9pendance avou\u00e9e et notre esprit entrepreneurial ind\u00e9fectible.<\/p>\n<p>Nos solutions fournissent aux organisations, aux employ\u00e9s, aux fiduciaires et aux participants tout ce dont ils ont besoin pour prot\u00e9ger leur avenir, et d\u2019en cr\u00e9er un qui soit encore plus prometteur.[\/vc_column_text][\/basic_container][\/vc_column][\/vc_row][vc_row][vc_column]<div class=\"decorative-illustration align-left \">\n\t<span class=\"decoration two-flags-primary\"><\/span>\n<\/div>\n[\/vc_column][\/vc_row][vc_row][vc_column][basic_container container_size=&#8221;container container-narrow&#8221;][vc_column_text]<\/p>\n<p>[\/vc_column_text][vc_empty_space height=&#8221;50px&#8221;][\/basic_container][\/vc_column][\/vc_row][vc_row][vc_column]<div class=\"templatera_shortcode\"><div class=\"vc_row wpb_row vc_row-fluid\"><div class=\"wpb_column vc_column_container vc_col-sm-12\"><div class=\"vc_column-inner\"><div class=\"wpb_wrapper\">\t<div class=\"row\">\n\t\t<div class=\"general-cta background-image-loading    image \"  data-src=\"<149:https:\/\/www.eckler.ca\/app\/uploads\/2019\/03\/bg-1-450x150.jpg,<319:https:\/\/www.eckler.ca\/app\/uploads\/2019\/03\/bg-1-960x320.jpg,<479:https:\/\/www.eckler.ca\/app\/uploads\/2019\/03\/bg-1-1440x480.jpg,<767:https:\/\/www.eckler.ca\/app\/uploads\/2019\/03\/bg-1-2200x733.jpg,<991:https:\/\/www.eckler.ca\/app\/uploads\/2019\/03\/bg-1-2200x733.jpg,<1199:https:\/\/www.eckler.ca\/app\/uploads\/2019\/03\/bg-1-2200x733.jpg,<1399:https:\/\/www.eckler.ca\/app\/uploads\/2019\/03\/bg-1-2200x733.jpg,<1599:https:\/\/www.eckler.ca\/app\/uploads\/2019\/03\/bg-1-2880x959.jpg,>1600:https:\/\/www.eckler.ca\/app\/uploads\/2019\/03\/bg-1-2880x959.jpg\">\n\t\t\t\t\t\t<div class=\"general-cta-overlay none\"><\/div>\n\t\t\t<div class=\"container\">\n\t\t\t\t<div class=\"row\">\n\t\t\t\t\t<div class=\"general-cta-box\">\n\t\t\t\t\t\t\t\t\t\t\t\t\t\t\t\t\t\t\t<div class=\"general-cta-content\">\n\t\t\t\t\t\t\t\t<h2 class=\"p1\" style=\"text-align: center;\"><span style=\"color: #ffffff;\">Enclenchons le dialogue<\/span><\/h2>\n<h3 class=\"p2\" style=\"text-align: center;\"><span style=\"color: #ffffff;\">Comment Pouvons Nous Aider<\/span><\/h3>\n\t\t\t\t\t\t\t<\/div>\n\t\t\t\t\t\t\t\t\t\t\t\t\t\t\t\t\t\t\t<div class=\"general-cta-button\">\n\t\t\t\t\t\t\t\t<a href=\"https:\/\/www.eckler.ca\/lets-talk\/\" target=\"\" class=\"btn btn-primary btn-solid\" title=\"Let\u2019s Talk\">\n\t\t\t\t\t\t\t\t\tParlons-en<span class=\"icon icon-chevron-right\"><\/span> \t\t\t\t\t\t\t\t<\/a>\n\t\t\t\t\t\t\t<\/div>\n\t\t\t\t\t    \t\t\t\t\t<\/div>\n\t\t\t\t<\/div>\n\t\t\t<\/div>\n\t\t<\/div>\n\t<\/div>\n<\/div><\/div><\/div><\/div><\/div>[\/vc_column][\/vc_row]<\/p>\n<\/div>","protected":false},"excerpt":{"rendered":"Eckler, c\u2019est l\u2019histoire d\u2019une entreprise \u00e0 la fois remarquable et discr\u00e8te, qui s\u2019est \u00e9panouie en raison de son engagement inconditionnel envers la mission et les valeurs \u00e9tablies par Sam Eckler [...]","protected":false},"author":2,"featured_media":0,"parent":630,"menu_order":3,"comment_status":"closed","ping_status":"closed","template":"","meta":{"_acf_changed":false,"footnotes":""},"class_list":["post-823","page","type-page","status-publish","hentry"],"acf":[],"yoast_head":"<!-- This site is optimized with the Yoast SEO Premium plugin v26.8 (Yoast SEO v26.8) - https:\/\/yoast.com\/product\/yoast-seo-premium-wordpress\/ -->\n<title>Notre H\u00e9ritage | Eckler<\/title>\n<meta name=\"description\" content=\"Notre longue histoire, 92 ann\u00e9es pour \u00eatre plus pr\u00e9cis, et nos racines sont profond\u00e9ment ancr\u00e9es. Nous sommes une organisation professionnelle d\u2019abord, et une entreprise commerciale ensuite.\" \/>\n<meta name=\"robots\" content=\"index, follow, max-snippet:-1, max-image-preview:large, max-video-preview:-1\" \/>\n<link rel=\"canonical\" href=\"https:\/\/www.eckler.ca\/fr\/about\/our-legacy\/\" \/>\n<meta property=\"og:locale\" content=\"fr_FR\" \/>\n<meta property=\"og:type\" content=\"article\" \/>\n<meta property=\"og:title\" content=\"Notre h\u00e9ritage\" \/>\n<meta property=\"og:description\" content=\"Notre longue histoire, 92 ann\u00e9es pour \u00eatre plus pr\u00e9cis, et nos racines sont profond\u00e9ment ancr\u00e9es. Nous sommes une organisation professionnelle d\u2019abord, et une entreprise commerciale ensuite.\" \/>\n<meta property=\"og:url\" content=\"https:\/\/www.eckler.ca\/fr\/about\/our-legacy\/\" \/>\n<meta property=\"og:site_name\" content=\"Eckler\" \/>\n<meta property=\"article:modified_time\" content=\"2023-07-12T21:19:48+00:00\" \/>\n<meta property=\"og:image\" content=\"https:\/\/www.eckler.ca\/app\/uploads\/2019\/03\/eckler-social.jpg\" \/>\n\t<meta property=\"og:image:width\" content=\"200\" \/>\n\t<meta property=\"og:image:height\" content=\"200\" \/>\n\t<meta property=\"og:image:type\" content=\"image\/jpeg\" \/>\n<meta name=\"twitter:card\" content=\"summary_large_image\" \/>\n<meta name=\"twitter:label1\" content=\"Est. reading time\" \/>\n\t<meta name=\"twitter:data1\" content=\"2 minutes\" \/>\n<script type=\"application\/ld+json\" class=\"yoast-schema-graph\">{\"@context\":\"https:\/\/schema.org\",\"@graph\":[{\"@type\":\"WebPage\",\"@id\":\"https:\/\/www.eckler.ca\/fr\/about\/our-legacy\/\",\"url\":\"https:\/\/www.eckler.ca\/fr\/about\/our-legacy\/\",\"name\":\"Notre H\u00e9ritage | Eckler\",\"isPartOf\":{\"@id\":\"https:\/\/www.eckler.ca\/#website\"},\"datePublished\":\"2019-03-20T16:20:54+00:00\",\"dateModified\":\"2023-07-12T21:19:48+00:00\",\"description\":\"Notre longue histoire, 92 ann\u00e9es pour \u00eatre plus pr\u00e9cis, et nos racines sont profond\u00e9ment ancr\u00e9es. Nous sommes une organisation professionnelle d\u2019abord, et une entreprise commerciale ensuite.\",\"breadcrumb\":{\"@id\":\"https:\/\/www.eckler.ca\/fr\/about\/our-legacy\/#breadcrumb\"},\"inLanguage\":\"fr-FR\",\"potentialAction\":[{\"@type\":\"ReadAction\",\"target\":[\"https:\/\/www.eckler.ca\/fr\/about\/our-legacy\/\"]}]},{\"@type\":\"BreadcrumbList\",\"@id\":\"https:\/\/www.eckler.ca\/fr\/about\/our-legacy\/#breadcrumb\",\"itemListElement\":[{\"@type\":\"ListItem\",\"position\":1,\"name\":\"Accueil\",\"item\":\"https:\/\/www.eckler.ca\/fr\/\"},{\"@type\":\"ListItem\",\"position\":2,\"name\":\"\u00c0 propos de\"}]},{\"@type\":\"WebSite\",\"@id\":\"https:\/\/www.eckler.ca\/#website\",\"url\":\"https:\/\/www.eckler.ca\/\",\"name\":\"Eckler\",\"description\":\"People-Powered Insights\",\"potentialAction\":[{\"@type\":\"SearchAction\",\"target\":{\"@type\":\"EntryPoint\",\"urlTemplate\":\"https:\/\/www.eckler.ca\/?s={search_term_string}\"},\"query-input\":{\"@type\":\"PropertyValueSpecification\",\"valueRequired\":true,\"valueName\":\"search_term_string\"}}],\"inLanguage\":\"fr-FR\"}]}<\/script>\n<!-- \/ Yoast SEO Premium plugin. -->","yoast_head_json":{"title":"Notre H\u00e9ritage | Eckler","description":"Notre longue histoire, 92 ann\u00e9es pour \u00eatre plus pr\u00e9cis, et nos racines sont profond\u00e9ment ancr\u00e9es. Nous sommes une organisation professionnelle d\u2019abord, et une entreprise commerciale ensuite.","robots":{"index":"index","follow":"follow","max-snippet":"max-snippet:-1","max-image-preview":"max-image-preview:large","max-video-preview":"max-video-preview:-1"},"canonical":"https:\/\/www.eckler.ca\/fr\/about\/our-legacy\/","og_locale":"fr_FR","og_type":"article","og_title":"Notre h\u00e9ritage","og_description":"Notre longue histoire, 92 ann\u00e9es pour \u00eatre plus pr\u00e9cis, et nos racines sont profond\u00e9ment ancr\u00e9es. Nous sommes une organisation professionnelle d\u2019abord, et une entreprise commerciale ensuite.","og_url":"https:\/\/www.eckler.ca\/fr\/about\/our-legacy\/","og_site_name":"Eckler","article_modified_time":"2023-07-12T21:19:48+00:00","og_image":[{"width":200,"height":200,"url":"https:\/\/www.eckler.ca\/app\/uploads\/2019\/03\/eckler-social.jpg","type":"image\/jpeg"}],"twitter_card":"summary_large_image","twitter_misc":{"Est. reading time":"2 minutes"},"schema":{"@context":"https:\/\/schema.org","@graph":[{"@type":"WebPage","@id":"https:\/\/www.eckler.ca\/fr\/about\/our-legacy\/","url":"https:\/\/www.eckler.ca\/fr\/about\/our-legacy\/","name":"Notre H\u00e9ritage | Eckler","isPartOf":{"@id":"https:\/\/www.eckler.ca\/#website"},"datePublished":"2019-03-20T16:20:54+00:00","dateModified":"2023-07-12T21:19:48+00:00","description":"Notre longue histoire, 92 ann\u00e9es pour \u00eatre plus pr\u00e9cis, et nos racines sont profond\u00e9ment ancr\u00e9es. Nous sommes une organisation professionnelle d\u2019abord, et une entreprise commerciale ensuite.","breadcrumb":{"@id":"https:\/\/www.eckler.ca\/fr\/about\/our-legacy\/#breadcrumb"},"inLanguage":"fr-FR","potentialAction":[{"@type":"ReadAction","target":["https:\/\/www.eckler.ca\/fr\/about\/our-legacy\/"]}]},{"@type":"BreadcrumbList","@id":"https:\/\/www.eckler.ca\/fr\/about\/our-legacy\/#breadcrumb","itemListElement":[{"@type":"ListItem","position":1,"name":"Accueil","item":"https:\/\/www.eckler.ca\/fr\/"},{"@type":"ListItem","position":2,"name":"\u00c0 propos de"}]},{"@type":"WebSite","@id":"https:\/\/www.eckler.ca\/#website","url":"https:\/\/www.eckler.ca\/","name":"Eckler","description":"People-Powered Insights","potentialAction":[{"@type":"SearchAction","target":{"@type":"EntryPoint","urlTemplate":"https:\/\/www.eckler.ca\/?s={search_term_string}"},"query-input":{"@type":"PropertyValueSpecification","valueRequired":true,"valueName":"search_term_string"}}],"inLanguage":"fr-FR"}]}},"_links":{"self":[{"href":"https:\/\/www.eckler.ca\/fr\/wp-json\/wp\/v2\/pages\/823","targetHints":{"allow":["GET"]}}],"collection":[{"href":"https:\/\/www.eckler.ca\/fr\/wp-json\/wp\/v2\/pages"}],"about":[{"href":"https:\/\/www.eckler.ca\/fr\/wp-json\/wp\/v2\/types\/page"}],"author":[{"embeddable":true,"href":"https:\/\/www.eckler.ca\/fr\/wp-json\/wp\/v2\/users\/2"}],"replies":[{"embeddable":true,"href":"https:\/\/www.eckler.ca\/fr\/wp-json\/wp\/v2\/comments?post=823"}],"version-history":[{"count":18,"href":"https:\/\/www.eckler.ca\/fr\/wp-json\/wp\/v2\/pages\/823\/revisions"}],"predecessor-version":[{"id":13478,"href":"https:\/\/www.eckler.ca\/fr\/wp-json\/wp\/v2\/pages\/823\/revisions\/13478"}],"up":[{"embeddable":true,"href":"https:\/\/www.eckler.ca\/fr\/wp-json\/wp\/v2\/pages\/630"}],"wp:attachment":[{"href":"https:\/\/www.eckler.ca\/fr\/wp-json\/wp\/v2\/media?parent=823"}],"curies":[{"name":"wp","href":"https:\/\/api.w.org\/{rel}","templated":true}]}}