{"id":8119,"date":"2021-02-22T15:22:49","date_gmt":"2021-02-22T20:22:49","guid":{"rendered":"https:\/\/www.eckler.ca\/?page_id=8119"},"modified":"2021-02-22T15:22:49","modified_gmt":"2021-02-22T20:22:49","slug":"consultation-en-regimes-de-retraite-a-prestations-determinees-dorganismes-municipaux","status":"publish","type":"page","link":"https:\/\/www.eckler.ca\/fr\/services\/pensions-and-benefits-consulting\/consultation-en-regimes-de-retraite-a-prestations-determinees-dorganismes-municipaux\/","title":{"rendered":"Consultation en r\u00e9gimes de retraite \u00e0 prestations d\u00e9termin\u00e9es d\u2019organismes municipaux"},"content":{"rendered":"<div class=\"wpb-content-wrapper\"><p>[vc_row][vc_column][basic_container container_size=&#8221;container container-narrow&#8221;][vc_column_text]<\/p>\n<h2>Les administrateurs de r\u00e9gimes de retraite parrain\u00e9s par des organismes municipaux font face \u00e0 de multiples d\u00e9fis, notamment en raison des nombreuses particularit\u00e9s r\u00e8glementaires propres \u00e0 ces r\u00e9gimes.<\/h2>\n<p>En nous appuyant sur le respect de nos promesses et sur une approche collaborative qui favorise la prise de d\u00e9cisions \u00e9clair\u00e9es, nous vous aidons \u00e0 comprendre des notions complexes, comme la gestion d\u2019une structure \u00e0 volets distincts et les r\u00e8gles de financement. Notre objectif consiste \u00e0 maximiser le rendement de votre investissement et \u00e0 minimiser les risques assum\u00e9s par les promoteurs et les participants.<\/p>\n<h2><span style=\"font-size: 16px;\">[\/vc_column_text][\/basic_container][\/vc_column][\/vc_row][vc_row][vc_column][basic_container container_size=&#8221;container container-narrow&#8221;][vc_column_text]<\/span><\/h2>\n<h3><strong>Voici un aper\u00e7u des services que nous offrons pour les r\u00e9gimes de ce secteur\u00a0:<\/strong><\/h3>\n<ul>\n<li>Accompagnement et formation pour les membres de comit\u00e9s de retraite et les participants<\/li>\n<li>Services d\u2019administration et solutions technologiques<\/li>\n<li>\u00c9valuations actuarielles de financement et suivi p\u00e9riodique de la situation financi\u00e8re<\/li>\n<li>\u00c9valuations actuarielles comptables (r\u00e9gimes de retraite et avantages sociaux post\u00e9rieurs \u00e0 l\u2019emploi)<\/li>\n<li>Rapports financiers et suivi de comptabilit\u00e9s distinctes<\/li>\n<li>Politiques de financement et gestion des risques<\/li>\n<li>Politique de placements, suivi et optimisation des placements<\/li>\n<li>\u00c9tudes d\u2019exp\u00e9rience et de long\u00e9vit\u00e9<\/li>\n<li>Gouvernance<\/li>\n<li>Conception, modification, scission et fusion de r\u00e9gimes<\/li>\n<li>Ententes de transfert r\u00e9ciproques et rachats de service<\/li>\n<li>Communications aux participants et gestion du changement<\/li>\n<li>S\u00e9minaires de pr\u00e9paration \u00e0 la retraite<\/li>\n<li>Support aux parties dans le cadre de n\u00e9gociations<\/li>\n<\/ul>\n<p>[\/vc_column_text][vc_empty_space height=&#8221;100px&#8221;][\/basic_container]<div class=\"decorative-illustration align-right \">\n\t<span class=\"decoration two-flags-primary\"><\/span>\n<\/div>\n[\/vc_column][\/vc_row][vc_row][vc_column]<div class=\"templatera_shortcode\"><div class=\"vc_row wpb_row vc_row-fluid\"><div class=\"wpb_column vc_column_container vc_col-sm-12\"><div class=\"vc_column-inner\"><div class=\"wpb_wrapper\">\t<div class=\"row\">\n\t\t<div class=\"general-cta background-image-loading    image \"  data-src=\"<149:https:\/\/www.eckler.ca\/app\/uploads\/2019\/03\/bg-1-450x150.jpg,<319:https:\/\/www.eckler.ca\/app\/uploads\/2019\/03\/bg-1-960x320.jpg,<479:https:\/\/www.eckler.ca\/app\/uploads\/2019\/03\/bg-1-1440x480.jpg,<767:https:\/\/www.eckler.ca\/app\/uploads\/2019\/03\/bg-1-2200x733.jpg,<991:https:\/\/www.eckler.ca\/app\/uploads\/2019\/03\/bg-1-2200x733.jpg,<1199:https:\/\/www.eckler.ca\/app\/uploads\/2019\/03\/bg-1-2200x733.jpg,<1399:https:\/\/www.eckler.ca\/app\/uploads\/2019\/03\/bg-1-2200x733.jpg,<1599:https:\/\/www.eckler.ca\/app\/uploads\/2019\/03\/bg-1-2880x959.jpg,>1600:https:\/\/www.eckler.ca\/app\/uploads\/2019\/03\/bg-1-2880x959.jpg\">\n\t\t\t\t\t\t<div class=\"general-cta-overlay none\"><\/div>\n\t\t\t<div class=\"container\">\n\t\t\t\t<div class=\"row\">\n\t\t\t\t\t<div class=\"general-cta-box\">\n\t\t\t\t\t\t\t\t\t\t\t\t\t\t\t\t\t\t\t<div class=\"general-cta-content\">\n\t\t\t\t\t\t\t\t<h2 class=\"p1\" style=\"text-align: center;\"><span style=\"color: #ffffff;\">Enclenchons le dialogue<\/span><\/h2>\n<h3 class=\"p2\" style=\"text-align: center;\"><span style=\"color: #ffffff;\">Comment Pouvons Nous Aider<\/span><\/h3>\n\t\t\t\t\t\t\t<\/div>\n\t\t\t\t\t\t\t\t\t\t\t\t\t\t\t\t\t\t\t<div class=\"general-cta-button\">\n\t\t\t\t\t\t\t\t<a href=\"https:\/\/www.eckler.ca\/lets-talk\/\" target=\"\" class=\"btn btn-primary btn-solid\" title=\"Let\u2019s Talk\">\n\t\t\t\t\t\t\t\t\tParlons-en<span class=\"icon icon-chevron-right\"><\/span> \t\t\t\t\t\t\t\t<\/a>\n\t\t\t\t\t\t\t<\/div>\n\t\t\t\t\t    \t\t\t\t\t<\/div>\n\t\t\t\t<\/div>\n\t\t\t<\/div>\n\t\t<\/div>\n\t<\/div>\n<\/div><\/div><\/div><\/div><\/div>[\/vc_column][\/vc_row]<\/p>\n<\/div>","protected":false},"excerpt":{"rendered":"Les administrateurs de r\u00e9gimes de retraite parrain\u00e9s par des organismes municipaux font face \u00e0 de multiples d\u00e9fis, notamment en raison des nombreuses particularit\u00e9s r\u00e8glementaires propres \u00e0 ces r\u00e9gimes. En nous [...]","protected":false},"author":3,"featured_media":0,"parent":729,"menu_order":0,"comment_status":"closed","ping_status":"closed","template":"","meta":{"_acf_changed":false,"footnotes":""},"class_list":["post-8119","page","type-page","status-publish","hentry"],"acf":[],"yoast_head":"<!-- This site is optimized with the Yoast SEO Premium plugin v26.8 (Yoast SEO v26.8) - https:\/\/yoast.com\/product\/yoast-seo-premium-wordpress\/ -->\n<title>Consultation Sur Les R\u00e9gimes \u00e0 Prestations D\u00e9termin\u00e9es | Eckler<\/title>\n<meta name=\"description\" content=\"Depuis plus de 90 ans, nous nous engageons \u00e0 fournir \u00e0 nos clients des conseils in\u00e9gal\u00e9s en mati\u00e8re de retraite. Contactez-nous.\" \/>\n<meta name=\"robots\" content=\"index, follow, max-snippet:-1, max-image-preview:large, max-video-preview:-1\" \/>\n<link rel=\"canonical\" href=\"https:\/\/www.eckler.ca\/fr\/services\/pensions-and-benefits-consulting\/consultation-en-regimes-de-retraite-a-prestations-determinees-dorganismes-municipaux\/\" \/>\n<meta property=\"og:locale\" content=\"fr_FR\" \/>\n<meta property=\"og:type\" content=\"article\" \/>\n<meta property=\"og:title\" content=\"Consultation en r\u00e9gimes de retraite \u00e0 prestations d\u00e9termin\u00e9es d\u2019organismes municipaux\" \/>\n<meta property=\"og:description\" content=\"Depuis plus de 90 ans, nous nous engageons \u00e0 fournir \u00e0 nos clients des conseils in\u00e9gal\u00e9s en mati\u00e8re de retraite. Contactez-nous.\" \/>\n<meta property=\"og:url\" content=\"https:\/\/www.eckler.ca\/fr\/services\/pensions-and-benefits-consulting\/consultation-en-regimes-de-retraite-a-prestations-determinees-dorganismes-municipaux\/\" \/>\n<meta property=\"og:site_name\" content=\"Eckler\" \/>\n<meta property=\"og:image\" content=\"https:\/\/www.eckler.ca\/app\/uploads\/2019\/03\/eckler-social.jpg\" \/>\n\t<meta property=\"og:image:width\" content=\"200\" \/>\n\t<meta property=\"og:image:height\" content=\"200\" \/>\n\t<meta property=\"og:image:type\" content=\"image\/jpeg\" \/>\n<meta name=\"twitter:card\" content=\"summary_large_image\" \/>\n<meta name=\"twitter:label1\" content=\"Est. reading time\" \/>\n\t<meta name=\"twitter:data1\" content=\"1 minute\" \/>\n<script type=\"application\/ld+json\" class=\"yoast-schema-graph\">{\"@context\":\"https:\/\/schema.org\",\"@graph\":[{\"@type\":\"WebPage\",\"@id\":\"https:\/\/www.eckler.ca\/fr\/services\/pensions-and-benefits-consulting\/consultation-en-regimes-de-retraite-a-prestations-determinees-dorganismes-municipaux\/\",\"url\":\"https:\/\/www.eckler.ca\/fr\/services\/pensions-and-benefits-consulting\/consultation-en-regimes-de-retraite-a-prestations-determinees-dorganismes-municipaux\/\",\"name\":\"Consultation Sur Les R\u00e9gimes \u00e0 Prestations D\u00e9termin\u00e9es | Eckler\",\"isPartOf\":{\"@id\":\"https:\/\/www.eckler.ca\/#website\"},\"datePublished\":\"2021-02-22T20:22:49+00:00\",\"description\":\"Depuis plus de 90 ans, nous nous engageons \u00e0 fournir \u00e0 nos clients des conseils in\u00e9gal\u00e9s en mati\u00e8re de retraite. Contactez-nous.\",\"breadcrumb\":{\"@id\":\"https:\/\/www.eckler.ca\/fr\/services\/pensions-and-benefits-consulting\/consultation-en-regimes-de-retraite-a-prestations-determinees-dorganismes-municipaux\/#breadcrumb\"},\"inLanguage\":\"fr-FR\",\"potentialAction\":[{\"@type\":\"ReadAction\",\"target\":[\"https:\/\/www.eckler.ca\/fr\/services\/pensions-and-benefits-consulting\/consultation-en-regimes-de-retraite-a-prestations-determinees-dorganismes-municipaux\/\"]}]},{\"@type\":\"BreadcrumbList\",\"@id\":\"https:\/\/www.eckler.ca\/fr\/services\/pensions-and-benefits-consulting\/consultation-en-regimes-de-retraite-a-prestations-determinees-dorganismes-municipaux\/#breadcrumb\",\"itemListElement\":[{\"@type\":\"ListItem\",\"position\":1,\"name\":\"Accueil\",\"item\":\"https:\/\/www.eckler.ca\/fr\/\"},{\"@type\":\"ListItem\",\"position\":2,\"name\":\"Services\",\"item\":\"https:\/\/www.eckler.ca\/fr\/services\/\"},{\"@type\":\"ListItem\",\"position\":3,\"name\":\"Consultation en r\u00e9gimes de retraite et en avantages sociaux\"}]},{\"@type\":\"WebSite\",\"@id\":\"https:\/\/www.eckler.ca\/#website\",\"url\":\"https:\/\/www.eckler.ca\/\",\"name\":\"Eckler\",\"description\":\"People-Powered Insights\",\"potentialAction\":[{\"@type\":\"SearchAction\",\"target\":{\"@type\":\"EntryPoint\",\"urlTemplate\":\"https:\/\/www.eckler.ca\/?s={search_term_string}\"},\"query-input\":{\"@type\":\"PropertyValueSpecification\",\"valueRequired\":true,\"valueName\":\"search_term_string\"}}],\"inLanguage\":\"fr-FR\"}]}<\/script>\n<!-- \/ Yoast SEO Premium plugin. -->","yoast_head_json":{"title":"Consultation Sur Les R\u00e9gimes \u00e0 Prestations D\u00e9termin\u00e9es | Eckler","description":"Depuis plus de 90 ans, nous nous engageons \u00e0 fournir \u00e0 nos clients des conseils in\u00e9gal\u00e9s en mati\u00e8re de retraite. Contactez-nous.","robots":{"index":"index","follow":"follow","max-snippet":"max-snippet:-1","max-image-preview":"max-image-preview:large","max-video-preview":"max-video-preview:-1"},"canonical":"https:\/\/www.eckler.ca\/fr\/services\/pensions-and-benefits-consulting\/consultation-en-regimes-de-retraite-a-prestations-determinees-dorganismes-municipaux\/","og_locale":"fr_FR","og_type":"article","og_title":"Consultation en r\u00e9gimes de retraite \u00e0 prestations d\u00e9termin\u00e9es d\u2019organismes municipaux","og_description":"Depuis plus de 90 ans, nous nous engageons \u00e0 fournir \u00e0 nos clients des conseils in\u00e9gal\u00e9s en mati\u00e8re de retraite. Contactez-nous.","og_url":"https:\/\/www.eckler.ca\/fr\/services\/pensions-and-benefits-consulting\/consultation-en-regimes-de-retraite-a-prestations-determinees-dorganismes-municipaux\/","og_site_name":"Eckler","og_image":[{"width":200,"height":200,"url":"https:\/\/www.eckler.ca\/app\/uploads\/2019\/03\/eckler-social.jpg","type":"image\/jpeg"}],"twitter_card":"summary_large_image","twitter_misc":{"Est. reading time":"1 minute"},"schema":{"@context":"https:\/\/schema.org","@graph":[{"@type":"WebPage","@id":"https:\/\/www.eckler.ca\/fr\/services\/pensions-and-benefits-consulting\/consultation-en-regimes-de-retraite-a-prestations-determinees-dorganismes-municipaux\/","url":"https:\/\/www.eckler.ca\/fr\/services\/pensions-and-benefits-consulting\/consultation-en-regimes-de-retraite-a-prestations-determinees-dorganismes-municipaux\/","name":"Consultation Sur Les R\u00e9gimes \u00e0 Prestations D\u00e9termin\u00e9es | Eckler","isPartOf":{"@id":"https:\/\/www.eckler.ca\/#website"},"datePublished":"2021-02-22T20:22:49+00:00","description":"Depuis plus de 90 ans, nous nous engageons \u00e0 fournir \u00e0 nos clients des conseils in\u00e9gal\u00e9s en mati\u00e8re de retraite. Contactez-nous.","breadcrumb":{"@id":"https:\/\/www.eckler.ca\/fr\/services\/pensions-and-benefits-consulting\/consultation-en-regimes-de-retraite-a-prestations-determinees-dorganismes-municipaux\/#breadcrumb"},"inLanguage":"fr-FR","potentialAction":[{"@type":"ReadAction","target":["https:\/\/www.eckler.ca\/fr\/services\/pensions-and-benefits-consulting\/consultation-en-regimes-de-retraite-a-prestations-determinees-dorganismes-municipaux\/"]}]},{"@type":"BreadcrumbList","@id":"https:\/\/www.eckler.ca\/fr\/services\/pensions-and-benefits-consulting\/consultation-en-regimes-de-retraite-a-prestations-determinees-dorganismes-municipaux\/#breadcrumb","itemListElement":[{"@type":"ListItem","position":1,"name":"Accueil","item":"https:\/\/www.eckler.ca\/fr\/"},{"@type":"ListItem","position":2,"name":"Services","item":"https:\/\/www.eckler.ca\/fr\/services\/"},{"@type":"ListItem","position":3,"name":"Consultation en r\u00e9gimes de retraite et en avantages sociaux"}]},{"@type":"WebSite","@id":"https:\/\/www.eckler.ca\/#website","url":"https:\/\/www.eckler.ca\/","name":"Eckler","description":"People-Powered Insights","potentialAction":[{"@type":"SearchAction","target":{"@type":"EntryPoint","urlTemplate":"https:\/\/www.eckler.ca\/?s={search_term_string}"},"query-input":{"@type":"PropertyValueSpecification","valueRequired":true,"valueName":"search_term_string"}}],"inLanguage":"fr-FR"}]}},"_links":{"self":[{"href":"https:\/\/www.eckler.ca\/fr\/wp-json\/wp\/v2\/pages\/8119","targetHints":{"allow":["GET"]}}],"collection":[{"href":"https:\/\/www.eckler.ca\/fr\/wp-json\/wp\/v2\/pages"}],"about":[{"href":"https:\/\/www.eckler.ca\/fr\/wp-json\/wp\/v2\/types\/page"}],"author":[{"embeddable":true,"href":"https:\/\/www.eckler.ca\/fr\/wp-json\/wp\/v2\/users\/3"}],"replies":[{"embeddable":true,"href":"https:\/\/www.eckler.ca\/fr\/wp-json\/wp\/v2\/comments?post=8119"}],"version-history":[{"count":1,"href":"https:\/\/www.eckler.ca\/fr\/wp-json\/wp\/v2\/pages\/8119\/revisions"}],"predecessor-version":[{"id":8121,"href":"https:\/\/www.eckler.ca\/fr\/wp-json\/wp\/v2\/pages\/8119\/revisions\/8121"}],"up":[{"embeddable":true,"href":"https:\/\/www.eckler.ca\/fr\/wp-json\/wp\/v2\/pages\/729"}],"wp:attachment":[{"href":"https:\/\/www.eckler.ca\/fr\/wp-json\/wp\/v2\/media?parent=8119"}],"curies":[{"name":"wp","href":"https:\/\/api.w.org\/{rel}","templated":true}]}}