{"id":740,"date":"2019-03-20T13:47:47","date_gmt":"2019-03-20T13:47:47","guid":{"rendered":"https:\/\/www.eckler.ca\/pensions-and-benefits-consulting\/risk-management\/"},"modified":"2020-06-04T12:27:20","modified_gmt":"2020-06-04T16:27:20","slug":"risk-management","status":"publish","type":"page","link":"https:\/\/www.eckler.ca\/fr\/services\/pensions-and-benefits-consulting\/risk-management\/","title":{"rendered":"Gestion des risques"},"content":{"rendered":"<div class=\"wpb-content-wrapper\"><p>[vc_row][vc_column][basic_container container_size=&#8221;container container-narrow&#8221;][vc_column_text]<\/p>\n<h2>Peu importe o\u00f9 vous vous situez sur le parcours d\u2019att\u00e9nuation des risques de votre r\u00e9gime \u2013 \u00e9ducation, enqu\u00eate ou mise en \u0153uvre \u2013 notre \u00e9quipe peut vous offrir des conseils, des renseignements pertinents et des ressources pour vous aider \u00e0 atteindre vos objectifs en mati\u00e8re de gestion des risques.<\/h2>\n<p>Notre perspective vous aide \u00e0 mieux comprendre la situation financi\u00e8re de vos r\u00e9gimes. Nous visons \u00e0 rep\u00e9rer les principaux facteurs susceptibles d\u2019influencer les r\u00e9sultats futurs, comme la croissance du march\u00e9 du transfert de risques, la volatilit\u00e9 des march\u00e9s des capitaux, les exigences des assureurs en mati\u00e8re de capitaux propres et les risques de long\u00e9vit\u00e9 associ\u00e9s \u00e0 vos r\u00e9gimes.<\/p>\n<p>Nous pouvons vous aider \u00e0 trouver des r\u00e9ponses pour g\u00e9rer efficacement les risques li\u00e9s \u00e0 la retraite. Permettez-nous de vous montrer comment.[\/vc_column_text][vc_empty_space height=&#8221;100px&#8221;][\/basic_container]<div class=\"decorative-illustration align-right \">\n\t<span class=\"decoration two-flags-primary\"><\/span>\n<\/div>\n[\/vc_column][\/vc_row][vc_row][vc_column]<div class=\"templatera_shortcode\"><div class=\"vc_row wpb_row vc_row-fluid\"><div class=\"wpb_column vc_column_container vc_col-sm-12\"><div class=\"vc_column-inner\"><div class=\"wpb_wrapper\">\t<div class=\"row\">\n\t\t<div class=\"general-cta background-image-loading    image \"  data-src=\"<149:https:\/\/www.eckler.ca\/app\/uploads\/2019\/03\/bg-1-450x150.jpg,<319:https:\/\/www.eckler.ca\/app\/uploads\/2019\/03\/bg-1-960x320.jpg,<479:https:\/\/www.eckler.ca\/app\/uploads\/2019\/03\/bg-1-1440x480.jpg,<767:https:\/\/www.eckler.ca\/app\/uploads\/2019\/03\/bg-1-2200x733.jpg,<991:https:\/\/www.eckler.ca\/app\/uploads\/2019\/03\/bg-1-2200x733.jpg,<1199:https:\/\/www.eckler.ca\/app\/uploads\/2019\/03\/bg-1-2200x733.jpg,<1399:https:\/\/www.eckler.ca\/app\/uploads\/2019\/03\/bg-1-2200x733.jpg,<1599:https:\/\/www.eckler.ca\/app\/uploads\/2019\/03\/bg-1-2880x959.jpg,>1600:https:\/\/www.eckler.ca\/app\/uploads\/2019\/03\/bg-1-2880x959.jpg\">\n\t\t\t\t\t\t<div class=\"general-cta-overlay none\"><\/div>\n\t\t\t<div class=\"container\">\n\t\t\t\t<div class=\"row\">\n\t\t\t\t\t<div class=\"general-cta-box\">\n\t\t\t\t\t\t\t\t\t\t\t\t\t\t\t\t\t\t\t<div class=\"general-cta-content\">\n\t\t\t\t\t\t\t\t<h2 class=\"p1\" style=\"text-align: center;\"><span style=\"color: #ffffff;\">Enclenchons le dialogue<\/span><\/h2>\n<h3 class=\"p2\" style=\"text-align: center;\"><span style=\"color: #ffffff;\">Comment Pouvons Nous Aider<\/span><\/h3>\n\t\t\t\t\t\t\t<\/div>\n\t\t\t\t\t\t\t\t\t\t\t\t\t\t\t\t\t\t\t<div class=\"general-cta-button\">\n\t\t\t\t\t\t\t\t<a href=\"https:\/\/www.eckler.ca\/lets-talk\/\" target=\"\" class=\"btn btn-primary btn-solid\" title=\"Let\u2019s Talk\">\n\t\t\t\t\t\t\t\t\tParlons-en<span class=\"icon icon-chevron-right\"><\/span> \t\t\t\t\t\t\t\t<\/a>\n\t\t\t\t\t\t\t<\/div>\n\t\t\t\t\t    \t\t\t\t\t<\/div>\n\t\t\t\t<\/div>\n\t\t\t<\/div>\n\t\t<\/div>\n\t<\/div>\n<\/div><\/div><\/div><\/div><\/div>[\/vc_column][\/vc_row]<\/p>\n<\/div>","protected":false},"excerpt":{"rendered":"Peu importe o\u00f9 vous vous situez sur le parcours d\u2019att\u00e9nuation des risques de votre r\u00e9gime \u2013 \u00e9ducation, enqu\u00eate ou mise en \u0153uvre \u2013 notre \u00e9quipe peut vous offrir des conseils, [...]","protected":false},"author":2,"featured_media":0,"parent":729,"menu_order":0,"comment_status":"closed","ping_status":"closed","template":"","meta":{"_acf_changed":false,"footnotes":""},"class_list":["post-740","page","type-page","status-publish","hentry"],"acf":[],"yoast_head":"<!-- This site is optimized with the Yoast SEO Premium plugin v26.8 (Yoast SEO v26.8) - https:\/\/yoast.com\/product\/yoast-seo-premium-wordpress\/ -->\n<title>Gestion Des Risques | Eckler<\/title>\n<meta name=\"description\" content=\"Nous pouvons vous aider \u00e0 trouver des r\u00e9ponses pour g\u00e9rer efficacement les risques li\u00e9s \u00e0 la retraite. Permettez-nous de vous montrer comment.\" \/>\n<meta name=\"robots\" content=\"index, follow, max-snippet:-1, max-image-preview:large, max-video-preview:-1\" \/>\n<link rel=\"canonical\" href=\"https:\/\/www.eckler.ca\/fr\/services\/pensions-and-benefits-consulting\/risk-management\/\" \/>\n<meta property=\"og:locale\" content=\"fr_FR\" \/>\n<meta property=\"og:type\" content=\"article\" \/>\n<meta property=\"og:title\" content=\"Gestion des risques\" \/>\n<meta property=\"og:description\" content=\"Nous pouvons vous aider \u00e0 trouver des r\u00e9ponses pour g\u00e9rer efficacement les risques li\u00e9s \u00e0 la retraite. Permettez-nous de vous montrer comment.\" \/>\n<meta property=\"og:url\" content=\"https:\/\/www.eckler.ca\/fr\/services\/pensions-and-benefits-consulting\/risk-management\/\" \/>\n<meta property=\"og:site_name\" content=\"Eckler\" \/>\n<meta property=\"article:modified_time\" content=\"2020-06-04T16:27:20+00:00\" \/>\n<meta property=\"og:image\" content=\"https:\/\/www.eckler.ca\/app\/uploads\/2019\/03\/eckler-social.jpg\" \/>\n\t<meta property=\"og:image:width\" content=\"200\" \/>\n\t<meta property=\"og:image:height\" content=\"200\" \/>\n\t<meta property=\"og:image:type\" content=\"image\/jpeg\" \/>\n<meta name=\"twitter:card\" content=\"summary_large_image\" \/>\n<meta name=\"twitter:label1\" content=\"Est. reading time\" \/>\n\t<meta name=\"twitter:data1\" content=\"1 minute\" \/>\n<script type=\"application\/ld+json\" class=\"yoast-schema-graph\">{\"@context\":\"https:\/\/schema.org\",\"@graph\":[{\"@type\":\"WebPage\",\"@id\":\"https:\/\/www.eckler.ca\/fr\/services\/pensions-and-benefits-consulting\/risk-management\/\",\"url\":\"https:\/\/www.eckler.ca\/fr\/services\/pensions-and-benefits-consulting\/risk-management\/\",\"name\":\"Gestion Des Risques | Eckler\",\"isPartOf\":{\"@id\":\"https:\/\/www.eckler.ca\/#website\"},\"datePublished\":\"2019-03-20T13:47:47+00:00\",\"dateModified\":\"2020-06-04T16:27:20+00:00\",\"description\":\"Nous pouvons vous aider \u00e0 trouver des r\u00e9ponses pour g\u00e9rer efficacement les risques li\u00e9s \u00e0 la retraite. Permettez-nous de vous montrer comment.\",\"breadcrumb\":{\"@id\":\"https:\/\/www.eckler.ca\/fr\/services\/pensions-and-benefits-consulting\/risk-management\/#breadcrumb\"},\"inLanguage\":\"fr-FR\",\"potentialAction\":[{\"@type\":\"ReadAction\",\"target\":[\"https:\/\/www.eckler.ca\/fr\/services\/pensions-and-benefits-consulting\/risk-management\/\"]}]},{\"@type\":\"BreadcrumbList\",\"@id\":\"https:\/\/www.eckler.ca\/fr\/services\/pensions-and-benefits-consulting\/risk-management\/#breadcrumb\",\"itemListElement\":[{\"@type\":\"ListItem\",\"position\":1,\"name\":\"Accueil\",\"item\":\"https:\/\/www.eckler.ca\/fr\/\"},{\"@type\":\"ListItem\",\"position\":2,\"name\":\"Services\",\"item\":\"https:\/\/www.eckler.ca\/fr\/services\/\"},{\"@type\":\"ListItem\",\"position\":3,\"name\":\"Consultation en r\u00e9gimes de retraite et en avantages sociaux\"}]},{\"@type\":\"WebSite\",\"@id\":\"https:\/\/www.eckler.ca\/#website\",\"url\":\"https:\/\/www.eckler.ca\/\",\"name\":\"Eckler\",\"description\":\"People-Powered Insights\",\"potentialAction\":[{\"@type\":\"SearchAction\",\"target\":{\"@type\":\"EntryPoint\",\"urlTemplate\":\"https:\/\/www.eckler.ca\/?s={search_term_string}\"},\"query-input\":{\"@type\":\"PropertyValueSpecification\",\"valueRequired\":true,\"valueName\":\"search_term_string\"}}],\"inLanguage\":\"fr-FR\"}]}<\/script>\n<!-- \/ Yoast SEO Premium plugin. -->","yoast_head_json":{"title":"Gestion Des Risques | Eckler","description":"Nous pouvons vous aider \u00e0 trouver des r\u00e9ponses pour g\u00e9rer efficacement les risques li\u00e9s \u00e0 la retraite. Permettez-nous de vous montrer comment.","robots":{"index":"index","follow":"follow","max-snippet":"max-snippet:-1","max-image-preview":"max-image-preview:large","max-video-preview":"max-video-preview:-1"},"canonical":"https:\/\/www.eckler.ca\/fr\/services\/pensions-and-benefits-consulting\/risk-management\/","og_locale":"fr_FR","og_type":"article","og_title":"Gestion des risques","og_description":"Nous pouvons vous aider \u00e0 trouver des r\u00e9ponses pour g\u00e9rer efficacement les risques li\u00e9s \u00e0 la retraite. Permettez-nous de vous montrer comment.","og_url":"https:\/\/www.eckler.ca\/fr\/services\/pensions-and-benefits-consulting\/risk-management\/","og_site_name":"Eckler","article_modified_time":"2020-06-04T16:27:20+00:00","og_image":[{"width":200,"height":200,"url":"https:\/\/www.eckler.ca\/app\/uploads\/2019\/03\/eckler-social.jpg","type":"image\/jpeg"}],"twitter_card":"summary_large_image","twitter_misc":{"Est. reading time":"1 minute"},"schema":{"@context":"https:\/\/schema.org","@graph":[{"@type":"WebPage","@id":"https:\/\/www.eckler.ca\/fr\/services\/pensions-and-benefits-consulting\/risk-management\/","url":"https:\/\/www.eckler.ca\/fr\/services\/pensions-and-benefits-consulting\/risk-management\/","name":"Gestion Des Risques | Eckler","isPartOf":{"@id":"https:\/\/www.eckler.ca\/#website"},"datePublished":"2019-03-20T13:47:47+00:00","dateModified":"2020-06-04T16:27:20+00:00","description":"Nous pouvons vous aider \u00e0 trouver des r\u00e9ponses pour g\u00e9rer efficacement les risques li\u00e9s \u00e0 la retraite. Permettez-nous de vous montrer comment.","breadcrumb":{"@id":"https:\/\/www.eckler.ca\/fr\/services\/pensions-and-benefits-consulting\/risk-management\/#breadcrumb"},"inLanguage":"fr-FR","potentialAction":[{"@type":"ReadAction","target":["https:\/\/www.eckler.ca\/fr\/services\/pensions-and-benefits-consulting\/risk-management\/"]}]},{"@type":"BreadcrumbList","@id":"https:\/\/www.eckler.ca\/fr\/services\/pensions-and-benefits-consulting\/risk-management\/#breadcrumb","itemListElement":[{"@type":"ListItem","position":1,"name":"Accueil","item":"https:\/\/www.eckler.ca\/fr\/"},{"@type":"ListItem","position":2,"name":"Services","item":"https:\/\/www.eckler.ca\/fr\/services\/"},{"@type":"ListItem","position":3,"name":"Consultation en r\u00e9gimes de retraite et en avantages sociaux"}]},{"@type":"WebSite","@id":"https:\/\/www.eckler.ca\/#website","url":"https:\/\/www.eckler.ca\/","name":"Eckler","description":"People-Powered Insights","potentialAction":[{"@type":"SearchAction","target":{"@type":"EntryPoint","urlTemplate":"https:\/\/www.eckler.ca\/?s={search_term_string}"},"query-input":{"@type":"PropertyValueSpecification","valueRequired":true,"valueName":"search_term_string"}}],"inLanguage":"fr-FR"}]}},"_links":{"self":[{"href":"https:\/\/www.eckler.ca\/fr\/wp-json\/wp\/v2\/pages\/740","targetHints":{"allow":["GET"]}}],"collection":[{"href":"https:\/\/www.eckler.ca\/fr\/wp-json\/wp\/v2\/pages"}],"about":[{"href":"https:\/\/www.eckler.ca\/fr\/wp-json\/wp\/v2\/types\/page"}],"author":[{"embeddable":true,"href":"https:\/\/www.eckler.ca\/fr\/wp-json\/wp\/v2\/users\/2"}],"replies":[{"embeddable":true,"href":"https:\/\/www.eckler.ca\/fr\/wp-json\/wp\/v2\/comments?post=740"}],"version-history":[{"count":8,"href":"https:\/\/www.eckler.ca\/fr\/wp-json\/wp\/v2\/pages\/740\/revisions"}],"predecessor-version":[{"id":6283,"href":"https:\/\/www.eckler.ca\/fr\/wp-json\/wp\/v2\/pages\/740\/revisions\/6283"}],"up":[{"embeddable":true,"href":"https:\/\/www.eckler.ca\/fr\/wp-json\/wp\/v2\/pages\/729"}],"wp:attachment":[{"href":"https:\/\/www.eckler.ca\/fr\/wp-json\/wp\/v2\/media?parent=740"}],"curies":[{"name":"wp","href":"https:\/\/api.w.org\/{rel}","templated":true}]}}