{"id":737,"date":"2019-03-20T17:30:13","date_gmt":"2019-03-20T17:30:13","guid":{"rendered":"https:\/\/www.eckler.ca\/pensions-and-benefits-consulting\/pension-administration\/"},"modified":"2024-06-25T19:06:21","modified_gmt":"2024-06-25T23:06:21","slug":"pension-administration","status":"publish","type":"page","link":"https:\/\/www.eckler.ca\/fr\/services\/pensions-and-benefits-consulting\/pension-administration\/","title":{"rendered":"Administration des r\u00e9gimes de retraite"},"content":{"rendered":"<div class=\"wpb-content-wrapper\"><p>[vc_row][vc_column]<div class=\"service-hero-wrapper default bg-light\">\n\t\t\t\t<div class=\"service-hero-icon-container\">\n\t\t\t<i class=\"service-hero-icon icon icon-pensions\"><\/i>\n\t\t<div class=\"service-hero-content-container container container-narrow\">\n\t\t<div class=\"service-hero-content-inner  mobile-none\">\n\t\t\t\t\t\t\t\t\t\t<h2 class=\"service-hero-banner-sub-heading\">Consultation en r\u00e9gimes de retraite et en avantages sociaux&nbsp;\/<\/h2>\n\t\t\t\t\t\t\t\t\t\t<h1 class=\"service-hero-banner-main-heading\">Administration des r\u00e9gimes de retraite<\/h1>\n\t\t\t\n\t\t\t\t\t<\/div>\n\t<\/div>\n\t\t\t<\/div>\n\t<\/div>\n[basic_container container_size=&#8221;container container-narrow&#8221;][vc_row_inner][vc_column_inner width=&#8221;1\/3&#8243;][vc_column_text css=&#8221;.vc_custom_1683809032354{padding-right: 10px !important;padding-left: 10px !important;}&#8221;]<\/p>\n<h2>Une solution personnalis\u00e9e pour r\u00e9pondre \u00e0 vos besoins uniques.<\/h2>\n<p>[\/vc_column_text][\/vc_column_inner][vc_column_inner width=&#8221;1\/3&#8243;][vc_column_text css=&#8221;.vc_custom_1683809012942{padding-right: 10px !important;padding-left: 10px !important;}&#8221;]Chez Eckler, nous comprenons qu&#8217;il n&#8217;existe pas de solution unique. Notre \u00e9quipe d&#8217;experts chevronn\u00e9s travaillera avec vous pour personnaliser une solution qui r\u00e9pond \u00e0 vos besoins en mati\u00e8re de gestion des donn\u00e9es, de r\u00e9glementation, de calcul et de production de relev\u00e9s.[\/vc_column_text][\/vc_column_inner][vc_column_inner width=&#8221;1\/3&#8243;][vc_column_text css=&#8221;.vc_custom_1683809024079{padding-right: 10px !important;padding-left: 10px !important;}&#8221;]Soutenus par une expertise approfondie en actuariat, en communication et en solutions technologiques, nous offrons tous les mod\u00e8les d&#8217;administration des r\u00e9gimes de retraite &#8211; de l&#8217;impartition compl\u00e8te \u00e0 la prestation par un tiers, en passant par la consultation et l&#8217;examen ad hoc &#8211; ainsi qu&#8217;un engagement in\u00e9gal\u00e9 \u00e0 l&#8217;\u00e9gard de la qualit\u00e9 du service.[\/vc_column_text][\/vc_column_inner][\/vc_row_inner][vc_empty_space height=&#8221;20px&#8221;][vc_separator color=&#8221;custom&#8221; accent_color=&#8221;#063d58&#8243;][vc_row_inner css=&#8221;.vc_custom_1683810053299{background-color: #edf8f9 !important;}&#8221;][vc_column_inner][vc_column_text css=&#8221;.vc_custom_1719356776869{padding-right: 10px !important;padding-left: 10px !important;}&#8221;]<\/p>\n<h2><\/h2>\n<h2><a href=\"https:\/\/www.eckler.ca\/app\/uploads\/2024\/06\/Secure-mail-brochur_FR-UPDATE_JUNE-2024_NO-DEMO-LINK-1.pdf\"><img loading=\"lazy\" decoding=\"async\" class=\"alignright wp-image-13158 size-medium\" src=\"https:\/\/www.eckler.ca\/app\/uploads\/2023\/05\/Member-Portal-Thumbnail-FR-232x300.png\" alt=\"\" width=\"232\" height=\"300\" srcset=\"https:\/\/www.eckler.ca\/app\/uploads\/2023\/05\/Member-Portal-Thumbnail-FR-232x300.png 232w, https:\/\/www.eckler.ca\/app\/uploads\/2023\/05\/Member-Portal-Thumbnail-FR.png 582w\" sizes=\"auto, (max-width: 232px) 100vw, 232px\" \/><\/a>Portails destin\u00e9s aux participants d\u2019Eckler<\/h2>\n<h3>En ligne. S\u00e9curis\u00e9s. Personnalis\u00e9s.<\/h3>\n<p>Un moyen s\u00e9curis\u00e9 et personnalis\u00e9 de communiquer avec les participants au r\u00e9gime de retraite et de\u00a0leur transmettre efficacement des documents par l\u2019interm\u00e9diaire de canaux num\u00e9riques. Les portails destin\u00e9s aux participants d\u2019Eckler vous permettent de continuer \u00e0 r\u00e9pondre aux attentes des participants, puis de les d\u00e9passer!<\/p>\n<p><a href=\"https:\/\/www.eckler.ca\/app\/uploads\/2024\/06\/Secure-mail-brochur_FR-UPDATE_JUNE-2024_NO-DEMO-LINK-1.pdf\" target=\"_blank\" rel=\"noopener\">T\u00e9l\u00e9chargez notre fiche d&#8217;information<\/a> pour en savoir plus.[\/vc_column_text][\/vc_column_inner][\/vc_row_inner][\/basic_container][\/vc_column][\/vc_row][vc_row][vc_column][basic_container container_size=&#8221;container container-narrow&#8221;][vc_empty_space height=&#8221;20px&#8221;][vc_separator color=&#8221;custom&#8221; accent_color=&#8221;#063d58&#8243;][vc_empty_space height=&#8221;20px&#8221;][vc_column_text]<\/p>\n<h3>Notre gamme compl\u00e8te de solutions d&#8217;administration des r\u00e9gimes de retraite comprend<\/h3>\n<p>[\/vc_column_text][vc_column_text]<\/p>\n<ul>\n<li>Le calcul des prestations et les choix<\/li>\n<li>Formation, d\u00e9p\u00f4ts et correspondance en mati\u00e8re de r\u00e9glementation<\/li>\n<li>Ajustements de rente, annulations d&#8217;ajustements de rente, ajustements de rente pour services pass\u00e9s<\/li>\n<li>Calculs des transferts r\u00e9ciproques et des rachats<\/li>\n<li>Relev\u00e9s des participants<\/li>\n<li>Rapprochement des donn\u00e9es relatives aux affili\u00e9s<\/li>\n<li>Gestion et soutien de la base de donn\u00e9es des participants au r\u00e9gime<\/li>\n<li>Assistance individuelle pour les promoteurs de r\u00e9gime et les affili\u00e9s<\/li>\n<\/ul>\n<p>[\/vc_column_text][vc_empty_space height=&#8221;20px&#8221;][vc_column_text]<\/p>\n<h3 style=\"text-align: center;\"><a href=\"https:\/\/www.eckler.ca\/fr\/lets-talk\/\">Contactez-nous d\u00e8s aujourd&#8217;hui<\/a> pour \u00e9tudier une solution adapt\u00e9e \u00e0 vos besoins<\/h3>\n<p>[\/vc_column_text][vc_empty_space height=&#8221;20px&#8221;][\/basic_container]<div class=\"decorative-illustration align-right \">\n\t<span class=\"decoration two-flags-primary\"><\/span>\n<\/div>\n\n<div class=\"blogs-items blogs-no-category-sidebar blogs-items-layout-default\">\n\t\t\t\t\t\t\t\t\t<div class=\"blogs-item blogs-item-nouvelle-ligne-directrice-de-larsf-le-moment-ideal-pour-faire-le-point-sur-la-gouvernance blogs-item-post blogs-cat-474 blogs-cat-67\" >\n\t\t\t\t\t\t\t\t<a class=\"blogs-item-link\" href=\"https:\/\/www.eckler.ca\/fr\/nouvelle-ligne-directrice-de-larsf-le-moment-ideal-pour-faire-le-point-sur-la-gouvernance\/\">\n\t\t\t\t\t\t\t\t\t\t\t<div class=\"blogs-item-image\" style=\"background-image: url(https:\/\/www.eckler.ca\/app\/uploads\/2019\/06\/Woman-Holding-Puzzle-Pieces-720x405.jpg)\"><\/div>\n\t\t\t\t\t\t\t\t\t\t<div class=\"blogs-item-content\">\n\t\t\t\t\t\t<div class=\"blogs-item-content-text\">\n\t\t\t\t\t\t\t\t\t\t\t\t\t\t\t<h2 class=\"h3 blogs-item-heading\">\n\t\t\t\t\t\t\t\t\tNouvelle ligne directrice de l\u2019ARSF\u00a0: le moment id\u00e9al pour faire le point sur la gouvernance\t\t\t\t\t\t\t\t<\/h2>\n\t\t\t\t\t\t\t\t\t\t\t\t\t\t<div class=\"blogs-item-date\">\n\t\t\t\t\t\t\t\t\t\t\t\t\t\t\t\t\t26 September 2024\t\t\t\t\t\t\t\t\t\t\t\t\t\t\t\t<div class=\"blogs-item-category\">\n\t\t\t\t\t\t\t\t\tCommuniqu\u00e9 sp\u00e9cial\t\t\t\t\t\t\t\t<\/div>\n\t\t\t\t\t\t\t<\/div>\n\t\t\t\t\t\t\t<div class=\"blogs-item-excerpt\">\n\t\t\t\t\t\t\t\t<p>Qu'il s'agisse d'une infrastructure vieillissante, d'une atteinte accidentelle \u00e0 la s\u00e9curit\u00e9 ou d'une cyber-atteinte d\u00e9lib\u00e9r\u00e9e, le risque informatique repr\u00e9sente une menace importante et croissante pour ...<\/p>\n\t\t\t\t\t\t\t<\/div>\n\t\t\t\t\t\t<\/div>\n\t\t\t\t\t\t<div class=\"blogs-item-btn\">\n\t\t\t\t\t\t\t\t\t\t\t\t\t\t\t<span class=\"btn btn-link btn-blogs-item\">\n\t\t\t\t\t\t\t\t\tEn savoir plus<i class=\"icon-chevron-right\"><\/i>\n\t\t\t\t\t\t\t\t<\/span>\n\t\t\t\t\t\t\t\t\t\t\t\t\t<\/div>\n\t\t\t\t\t<\/div>\n\t\t\t\t<\/a>\n\t\t\t<\/div>\n\t\t\t\t\t\t\t\t<div class=\"blogs-item blogs-item-les-communications-electroniques-pour-les-regimes-de-retraite-a-prestations-determinees blogs-item-post blogs-cat-474 blogs-cat-131 blogs-cat-130 blogs-cat-74\" >\n\t\t\t\t\t\t\t\t<a class=\"blogs-item-link\" href=\"https:\/\/www.eckler.ca\/fr\/les-communications-electroniques-pour-les-regimes-de-retraite-a-prestations-determinees\/\">\n\t\t\t\t\t\t\t\t\t\t\t<div class=\"blogs-item-image\" style=\"background-image: url(https:\/\/www.eckler.ca\/app\/uploads\/2021\/10\/GettyImages-1398462038-scaled-720x405.jpg)\"><\/div>\n\t\t\t\t\t\t\t\t\t\t<div class=\"blogs-item-content\">\n\t\t\t\t\t\t<div class=\"blogs-item-content-text\">\n\t\t\t\t\t\t\t\t\t\t\t\t\t\t\t<h2 class=\"h3 blogs-item-heading\">\n\t\t\t\t\t\t\t\t\tLes communications \u00e9lectroniques pour les r\u00e9gimes de retraite \u00e0 prestations d\u00e9termin\u00e9es\t\t\t\t\t\t\t\t<\/h2>\n\t\t\t\t\t\t\t\t\t\t\t\t\t\t<div class=\"blogs-item-date\">\n\t\t\t\t\t\t\t\t\t\t\t\t\t\t\t\t\t11 mai 2023\t\t\t\t\t\t\t\t\t\t\t\t\t\t\t\t<div class=\"blogs-item-category\">\n\t\t\t\t\t\t\t\t\tInsights\t\t\t\t\t\t\t\t<\/div>\n\t\t\t\t\t\t\t<\/div>\n\t\t\t\t\t\t\t<div class=\"blogs-item-excerpt\">\n\t\t\t\t\t\t\t\t<p>Depuis notre derni\u00e8re mise \u00e0 jour d\u2019avril 2021 (Perspectives d\u2019Eckler\u00a0: Les communications \u00e9lectroniques pour les r\u00e9gimes de retraite \u00e0 prestations d\u00e9termin\u00e9es), des changements sont intervenus ...<\/p>\n\t\t\t\t\t\t\t<\/div>\n\t\t\t\t\t\t<\/div>\n\t\t\t\t\t\t<div class=\"blogs-item-btn\">\n\t\t\t\t\t\t\t\t\t\t\t\t\t\t\t<span class=\"btn btn-link btn-blogs-item\">\n\t\t\t\t\t\t\t\t\tEn savoir plus<i class=\"icon-chevron-right\"><\/i>\n\t\t\t\t\t\t\t\t<\/span>\n\t\t\t\t\t\t\t\t\t\t\t\t\t<\/div>\n\t\t\t\t\t<\/div>\n\t\t\t\t<\/a>\n\t\t\t<\/div>\n\t\t\t\t\t\t\t\t<div class=\"blogs-item blogs-item-les-communications-electroniques-et-les-regimes-de-retraite-a-prestations-determinees blogs-item-post blogs-cat-474 blogs-cat-131 blogs-cat-374 blogs-cat-130 blogs-cat-74 blogs-cat-75\" >\n\t\t\t\t\t\t\t\t<a class=\"blogs-item-link\" href=\"https:\/\/www.eckler.ca\/fr\/les-communications-electroniques-et-les-regimes-de-retraite-a-prestations-determinees\/\">\n\t\t\t\t\t\t\t\t\t\t\t<div class=\"blogs-item-image\" style=\"background-image: url(https:\/\/www.eckler.ca\/app\/uploads\/2019\/07\/lightblub-in-green-garden-720x405.jpg)\"><\/div>\n\t\t\t\t\t\t\t\t\t\t<div class=\"blogs-item-content\">\n\t\t\t\t\t\t<div class=\"blogs-item-content-text\">\n\t\t\t\t\t\t\t\t\t\t\t\t\t\t\t<h2 class=\"h3 blogs-item-heading\">\n\t\t\t\t\t\t\t\t\tLes communications \u00e9lectroniques pour les r\u00e9gimes de retraite \u00e0 prestations d\u00e9termin\u00e9es\t\t\t\t\t\t\t\t<\/h2>\n\t\t\t\t\t\t\t\t\t\t\t\t\t\t<div class=\"blogs-item-date\">\n\t\t\t\t\t\t\t\t\t\t\t\t\t\t\t\t\t8 avril 2020\t\t\t\t\t\t\t\t\t\t\t\t\t\t\t\t<div class=\"blogs-item-category\">\n\t\t\t\t\t\t\t\t\tInsights, Perspectives\t\t\t\t\t\t\t\t<\/div>\n\t\t\t\t\t\t\t<\/div>\n\t\t\t\t\t\t\t<div class=\"blogs-item-excerpt\">\n\t\t\t\t\t\t\t\t<p>La COVID\u201019 a profond\u00e9ment modifi\u00e9 tous les aspects de nos vies, qu\u2019il s\u2019agisse de nos vies personnelles ou de nos vies professionnelles. La COVID\u201119 a ...<\/p>\n\t\t\t\t\t\t\t<\/div>\n\t\t\t\t\t\t<\/div>\n\t\t\t\t\t\t<div class=\"blogs-item-btn\">\n\t\t\t\t\t\t\t\t\t\t\t\t\t\t\t<span class=\"btn btn-link btn-blogs-item\">\n\t\t\t\t\t\t\t\t\tEn savoir plus<i class=\"icon-chevron-right\"><\/i>\n\t\t\t\t\t\t\t\t<\/span>\n\t\t\t\t\t\t\t\t\t\t\t\t\t<\/div>\n\t\t\t\t\t<\/div>\n\t\t\t\t<\/a>\n\t\t\t<\/div>\n\t\t<\/div>\n\t\t\t\n[\/vc_column][\/vc_row][vc_row][vc_column]<div class=\"templatera_shortcode\"><div class=\"vc_row wpb_row vc_row-fluid\"><div class=\"wpb_column vc_column_container vc_col-sm-12\"><div class=\"vc_column-inner\"><div class=\"wpb_wrapper\">\t<div class=\"row\">\n\t\t<div class=\"general-cta background-image-loading    image \"  data-src=\"<149:https:\/\/www.eckler.ca\/app\/uploads\/2019\/03\/bg-1-450x150.jpg,<319:https:\/\/www.eckler.ca\/app\/uploads\/2019\/03\/bg-1-960x320.jpg,<479:https:\/\/www.eckler.ca\/app\/uploads\/2019\/03\/bg-1-1440x480.jpg,<767:https:\/\/www.eckler.ca\/app\/uploads\/2019\/03\/bg-1-2200x733.jpg,<991:https:\/\/www.eckler.ca\/app\/uploads\/2019\/03\/bg-1-2200x733.jpg,<1199:https:\/\/www.eckler.ca\/app\/uploads\/2019\/03\/bg-1-2200x733.jpg,<1399:https:\/\/www.eckler.ca\/app\/uploads\/2019\/03\/bg-1-2200x733.jpg,<1599:https:\/\/www.eckler.ca\/app\/uploads\/2019\/03\/bg-1-2880x959.jpg,>1600:https:\/\/www.eckler.ca\/app\/uploads\/2019\/03\/bg-1-2880x959.jpg\">\n\t\t\t\t\t\t<div class=\"general-cta-overlay none\"><\/div>\n\t\t\t<div class=\"container\">\n\t\t\t\t<div class=\"row\">\n\t\t\t\t\t<div class=\"general-cta-box\">\n\t\t\t\t\t\t\t\t\t\t\t\t\t\t\t\t\t\t\t<div class=\"general-cta-content\">\n\t\t\t\t\t\t\t\t<h2 style=\"text-align: center;\"><span style=\"color: #ffffff;\">Let's Start a Conversation<\/span><\/h2>\n<h3 style=\"text-align: center;\"><span style=\"color: #ffffff;\">How Can We Help?<\/span><\/h3>\n\t\t\t\t\t\t\t<\/div>\n\t\t\t\t\t\t\t\t\t\t\t\t\t\t\t\t\t\t\t<div class=\"general-cta-button\">\n\t\t\t\t\t\t\t\t<a href=\"https:\/\/www.eckler.ca\/lets-talk\/\" target=\"\" class=\"btn btn-primary btn-solid\" title=\"Let\u2019s Talk\">\n\t\t\t\t\t\t\t\t\tLet's Talk<span class=\"icon icon-chevron-right\"><\/span> \t\t\t\t\t\t\t\t<\/a>\n\t\t\t\t\t\t\t<\/div>\n\t\t\t\t\t    \t\t\t\t\t<\/div>\n\t\t\t\t<\/div>\n\t\t\t<\/div>\n\t\t<\/div>\n\t<\/div>\n<\/div><\/div><\/div><\/div><\/div>[\/vc_column][\/vc_row]<\/p>\n<\/div>","protected":false},"excerpt":{"rendered":"Par Genevi\u00e8ve Larouche et Jennifer Welch Perspectives - Avril 2021 Toutes les opinions exprim\u00e9es sont celles des auteurs et ne refl\u00e8tent pas n\u00e9cessairement la position officielle d\u2019une agence, d\u2019une organisation, [...]","protected":false},"author":2,"featured_media":0,"parent":729,"menu_order":0,"comment_status":"closed","ping_status":"closed","template":"","meta":{"_acf_changed":false,"footnotes":""},"class_list":["post-737","page","type-page","status-publish","hentry"],"acf":[],"yoast_head":"<!-- This site is optimized with the Yoast SEO Premium plugin v26.8 (Yoast SEO v26.8) - https:\/\/yoast.com\/product\/yoast-seo-premium-wordpress\/ -->\n<title>Administration Des R\u00e9gimes de Retraite | Eckler<\/title>\n<meta name=\"description\" content=\"Que vous d\u00e9siriez impartir enti\u00e8rement ces services, les confier \u00e0 des tiers ou obtenir des conseils et des examens ponctuels, nous pouvons vous fournir le niveau de soutien administratif dont votre r\u00e9gime a besoin.\" \/>\n<meta name=\"robots\" content=\"index, follow, max-snippet:-1, max-image-preview:large, max-video-preview:-1\" \/>\n<link rel=\"canonical\" href=\"https:\/\/www.eckler.ca\/fr\/services\/pensions-and-benefits-consulting\/pension-administration\/\" \/>\n<meta property=\"og:locale\" content=\"fr_FR\" \/>\n<meta property=\"og:type\" content=\"article\" \/>\n<meta property=\"og:title\" content=\"Administration des r\u00e9gimes de retraite\" \/>\n<meta property=\"og:description\" content=\"Que vous d\u00e9siriez impartir enti\u00e8rement ces services, les confier \u00e0 des tiers ou obtenir des conseils et des examens ponctuels, nous pouvons vous fournir le niveau de soutien administratif dont votre r\u00e9gime a besoin.\" \/>\n<meta property=\"og:url\" content=\"https:\/\/www.eckler.ca\/fr\/services\/pensions-and-benefits-consulting\/pension-administration\/\" \/>\n<meta property=\"og:site_name\" content=\"Eckler\" \/>\n<meta property=\"article:modified_time\" content=\"2024-06-25T23:06:21+00:00\" \/>\n<meta property=\"og:image\" content=\"https:\/\/www.eckler.ca\/app\/uploads\/2023\/05\/Member-Portal-Thumbnail-FR-232x300.png\" \/>\n<meta name=\"twitter:card\" content=\"summary_large_image\" \/>\n<meta name=\"twitter:label1\" content=\"Est. reading time\" \/>\n\t<meta name=\"twitter:data1\" content=\"2 minutes\" \/>\n<script type=\"application\/ld+json\" class=\"yoast-schema-graph\">{\"@context\":\"https:\/\/schema.org\",\"@graph\":[{\"@type\":\"WebPage\",\"@id\":\"https:\/\/www.eckler.ca\/fr\/services\/pensions-and-benefits-consulting\/pension-administration\/\",\"url\":\"https:\/\/www.eckler.ca\/fr\/services\/pensions-and-benefits-consulting\/pension-administration\/\",\"name\":\"Administration Des R\u00e9gimes de Retraite | Eckler\",\"isPartOf\":{\"@id\":\"https:\/\/www.eckler.ca\/#website\"},\"primaryImageOfPage\":{\"@id\":\"https:\/\/www.eckler.ca\/fr\/services\/pensions-and-benefits-consulting\/pension-administration\/#primaryimage\"},\"image\":{\"@id\":\"https:\/\/www.eckler.ca\/fr\/services\/pensions-and-benefits-consulting\/pension-administration\/#primaryimage\"},\"thumbnailUrl\":\"https:\/\/www.eckler.ca\/app\/uploads\/2023\/05\/Member-Portal-Thumbnail-FR-232x300.png\",\"datePublished\":\"2019-03-20T17:30:13+00:00\",\"dateModified\":\"2024-06-25T23:06:21+00:00\",\"description\":\"Que vous d\u00e9siriez impartir enti\u00e8rement ces services, les confier \u00e0 des tiers ou obtenir des conseils et des examens ponctuels, nous pouvons vous fournir le niveau de soutien administratif dont votre r\u00e9gime a besoin.\",\"breadcrumb\":{\"@id\":\"https:\/\/www.eckler.ca\/fr\/services\/pensions-and-benefits-consulting\/pension-administration\/#breadcrumb\"},\"inLanguage\":\"fr-FR\",\"potentialAction\":[{\"@type\":\"ReadAction\",\"target\":[\"https:\/\/www.eckler.ca\/fr\/services\/pensions-and-benefits-consulting\/pension-administration\/\"]}]},{\"@type\":\"ImageObject\",\"inLanguage\":\"fr-FR\",\"@id\":\"https:\/\/www.eckler.ca\/fr\/services\/pensions-and-benefits-consulting\/pension-administration\/#primaryimage\",\"url\":\"https:\/\/www.eckler.ca\/app\/uploads\/2023\/05\/Member-Portal-Thumbnail-FR-232x300.png\",\"contentUrl\":\"https:\/\/www.eckler.ca\/app\/uploads\/2023\/05\/Member-Portal-Thumbnail-FR-232x300.png\"},{\"@type\":\"BreadcrumbList\",\"@id\":\"https:\/\/www.eckler.ca\/fr\/services\/pensions-and-benefits-consulting\/pension-administration\/#breadcrumb\",\"itemListElement\":[{\"@type\":\"ListItem\",\"position\":1,\"name\":\"Accueil\",\"item\":\"https:\/\/www.eckler.ca\/fr\/\"},{\"@type\":\"ListItem\",\"position\":2,\"name\":\"Services\",\"item\":\"https:\/\/www.eckler.ca\/fr\/services\/\"},{\"@type\":\"ListItem\",\"position\":3,\"name\":\"Consultation en r\u00e9gimes de retraite et en avantages sociaux\"}]},{\"@type\":\"WebSite\",\"@id\":\"https:\/\/www.eckler.ca\/#website\",\"url\":\"https:\/\/www.eckler.ca\/\",\"name\":\"Eckler\",\"description\":\"People-Powered Insights\",\"potentialAction\":[{\"@type\":\"SearchAction\",\"target\":{\"@type\":\"EntryPoint\",\"urlTemplate\":\"https:\/\/www.eckler.ca\/?s={search_term_string}\"},\"query-input\":{\"@type\":\"PropertyValueSpecification\",\"valueRequired\":true,\"valueName\":\"search_term_string\"}}],\"inLanguage\":\"fr-FR\"}]}<\/script>\n<!-- \/ Yoast SEO Premium plugin. -->","yoast_head_json":{"title":"Administration Des R\u00e9gimes de Retraite | Eckler","description":"Que vous d\u00e9siriez impartir enti\u00e8rement ces services, les confier \u00e0 des tiers ou obtenir des conseils et des examens ponctuels, nous pouvons vous fournir le niveau de soutien administratif dont votre r\u00e9gime a besoin.","robots":{"index":"index","follow":"follow","max-snippet":"max-snippet:-1","max-image-preview":"max-image-preview:large","max-video-preview":"max-video-preview:-1"},"canonical":"https:\/\/www.eckler.ca\/fr\/services\/pensions-and-benefits-consulting\/pension-administration\/","og_locale":"fr_FR","og_type":"article","og_title":"Administration des r\u00e9gimes de retraite","og_description":"Que vous d\u00e9siriez impartir enti\u00e8rement ces services, les confier \u00e0 des tiers ou obtenir des conseils et des examens ponctuels, nous pouvons vous fournir le niveau de soutien administratif dont votre r\u00e9gime a besoin.","og_url":"https:\/\/www.eckler.ca\/fr\/services\/pensions-and-benefits-consulting\/pension-administration\/","og_site_name":"Eckler","article_modified_time":"2024-06-25T23:06:21+00:00","og_image":[{"url":"https:\/\/www.eckler.ca\/app\/uploads\/2023\/05\/Member-Portal-Thumbnail-FR-232x300.png","type":"","width":"","height":""}],"twitter_card":"summary_large_image","twitter_misc":{"Est. reading time":"2 minutes"},"schema":{"@context":"https:\/\/schema.org","@graph":[{"@type":"WebPage","@id":"https:\/\/www.eckler.ca\/fr\/services\/pensions-and-benefits-consulting\/pension-administration\/","url":"https:\/\/www.eckler.ca\/fr\/services\/pensions-and-benefits-consulting\/pension-administration\/","name":"Administration Des R\u00e9gimes de Retraite | Eckler","isPartOf":{"@id":"https:\/\/www.eckler.ca\/#website"},"primaryImageOfPage":{"@id":"https:\/\/www.eckler.ca\/fr\/services\/pensions-and-benefits-consulting\/pension-administration\/#primaryimage"},"image":{"@id":"https:\/\/www.eckler.ca\/fr\/services\/pensions-and-benefits-consulting\/pension-administration\/#primaryimage"},"thumbnailUrl":"https:\/\/www.eckler.ca\/app\/uploads\/2023\/05\/Member-Portal-Thumbnail-FR-232x300.png","datePublished":"2019-03-20T17:30:13+00:00","dateModified":"2024-06-25T23:06:21+00:00","description":"Que vous d\u00e9siriez impartir enti\u00e8rement ces services, les confier \u00e0 des tiers ou obtenir des conseils et des examens ponctuels, nous pouvons vous fournir le niveau de soutien administratif dont votre r\u00e9gime a besoin.","breadcrumb":{"@id":"https:\/\/www.eckler.ca\/fr\/services\/pensions-and-benefits-consulting\/pension-administration\/#breadcrumb"},"inLanguage":"fr-FR","potentialAction":[{"@type":"ReadAction","target":["https:\/\/www.eckler.ca\/fr\/services\/pensions-and-benefits-consulting\/pension-administration\/"]}]},{"@type":"ImageObject","inLanguage":"fr-FR","@id":"https:\/\/www.eckler.ca\/fr\/services\/pensions-and-benefits-consulting\/pension-administration\/#primaryimage","url":"https:\/\/www.eckler.ca\/app\/uploads\/2023\/05\/Member-Portal-Thumbnail-FR-232x300.png","contentUrl":"https:\/\/www.eckler.ca\/app\/uploads\/2023\/05\/Member-Portal-Thumbnail-FR-232x300.png"},{"@type":"BreadcrumbList","@id":"https:\/\/www.eckler.ca\/fr\/services\/pensions-and-benefits-consulting\/pension-administration\/#breadcrumb","itemListElement":[{"@type":"ListItem","position":1,"name":"Accueil","item":"https:\/\/www.eckler.ca\/fr\/"},{"@type":"ListItem","position":2,"name":"Services","item":"https:\/\/www.eckler.ca\/fr\/services\/"},{"@type":"ListItem","position":3,"name":"Consultation en r\u00e9gimes de retraite et en avantages sociaux"}]},{"@type":"WebSite","@id":"https:\/\/www.eckler.ca\/#website","url":"https:\/\/www.eckler.ca\/","name":"Eckler","description":"People-Powered Insights","potentialAction":[{"@type":"SearchAction","target":{"@type":"EntryPoint","urlTemplate":"https:\/\/www.eckler.ca\/?s={search_term_string}"},"query-input":{"@type":"PropertyValueSpecification","valueRequired":true,"valueName":"search_term_string"}}],"inLanguage":"fr-FR"}]}},"_links":{"self":[{"href":"https:\/\/www.eckler.ca\/fr\/wp-json\/wp\/v2\/pages\/737","targetHints":{"allow":["GET"]}}],"collection":[{"href":"https:\/\/www.eckler.ca\/fr\/wp-json\/wp\/v2\/pages"}],"about":[{"href":"https:\/\/www.eckler.ca\/fr\/wp-json\/wp\/v2\/types\/page"}],"author":[{"embeddable":true,"href":"https:\/\/www.eckler.ca\/fr\/wp-json\/wp\/v2\/users\/2"}],"replies":[{"embeddable":true,"href":"https:\/\/www.eckler.ca\/fr\/wp-json\/wp\/v2\/comments?post=737"}],"version-history":[{"count":21,"href":"https:\/\/www.eckler.ca\/fr\/wp-json\/wp\/v2\/pages\/737\/revisions"}],"predecessor-version":[{"id":15081,"href":"https:\/\/www.eckler.ca\/fr\/wp-json\/wp\/v2\/pages\/737\/revisions\/15081"}],"up":[{"embeddable":true,"href":"https:\/\/www.eckler.ca\/fr\/wp-json\/wp\/v2\/pages\/729"}],"wp:attachment":[{"href":"https:\/\/www.eckler.ca\/fr\/wp-json\/wp\/v2\/media?parent=737"}],"curies":[{"name":"wp","href":"https:\/\/api.w.org\/{rel}","templated":true}]}}