{"id":736,"date":"2019-03-20T13:52:27","date_gmt":"2019-03-20T13:52:27","guid":{"rendered":"https:\/\/www.eckler.ca\/pensions-and-benefits-consulting\/governance\/"},"modified":"2025-09-05T08:57:05","modified_gmt":"2025-09-05T12:57:05","slug":"governance","status":"publish","type":"page","link":"https:\/\/www.eckler.ca\/fr\/services\/pensions-and-benefits-consulting\/governance\/","title":{"rendered":"Gouvernance"},"content":{"rendered":"<div class=\"wpb-content-wrapper\"><p>[vc_row][vc_column][basic_container container_size=&#8221;container container-narrow&#8221;][vc_column_text css=&#8221;&#8221;]<\/p>\n<h2><strong>Pr\u00e9visibilit\u00e9 \u00e0 court terme. Durabilit\u00e9 \u00e0 long terme.<\/strong><\/h2>\n<p>La gouvernance n&#8217;est plus simplement une \u00ab pratique exemplaire \u00bb.\u00a0 C&#8217;est une n\u00e9cessit\u00e9. L&#8217;\u00e9volution de la l\u00e9gislation, les risques li\u00e9s \u00e0 la cybers\u00e9curit\u00e9, \u00e0 la g\u00e9opolitique et aux march\u00e9s financiers, ainsi que les exigences croissantes des membres et des b\u00e9n\u00e9ficiaires en mati\u00e8re de responsabilit\u00e9, ont plac\u00e9 la gouvernance rigoureuse en t\u00eate des priorit\u00e9s des administrateurs et des conseils d&#8217;administration des r\u00e9gimes de retraite.<\/p>\n<p>Une bonne gouvernance est un cadre multiforme qui relie les complexit\u00e9s d&#8217;une administration efficace et responsable, les obligations fiduciaires et la prestation rapide et rentable des prestations aux participants au r\u00e9gime et \u00e0 leurs b\u00e9n\u00e9ficiaires.<\/p>\n<p>Chez Eckler, nos experts excellent dans l&#8217;art de simplifier les choses complexes. R\u00e9actifs, participatifs et ax\u00e9s sur la responsabilit\u00e9 et la transparence, nos experts peuvent vous aider \u00e0 orienter et \u00e0 renforcer vos pratiques de gouvernance, notamment dans les domaines suivants :[\/vc_column_text][vc_column_text css=&#8221;&#8221;]<\/p>\n<ul>\n<li>Formation des conseils d&#8217;administration<\/li>\n<li>Planification strat\u00e9gique<\/li>\n<li>Gestion des risques<\/li>\n<li>Communication avec les parties prenantes<\/li>\n<li>Engagement des membres<\/li>\n<li>Documentation<\/li>\n<\/ul>\n<p>[\/vc_column_text][vc_empty_space height=&#8221;100px&#8221;][\/basic_container]<div class=\"decorative-illustration align-right \">\n\t<span class=\"decoration two-flags-primary\"><\/span>\n<\/div>\n[\/vc_column][\/vc_row][vc_row][vc_column]<div class=\"templatera_shortcode\"><div class=\"vc_row wpb_row vc_row-fluid\"><div class=\"wpb_column vc_column_container vc_col-sm-12\"><div class=\"vc_column-inner\"><div class=\"wpb_wrapper\">\t<div class=\"row\">\n\t\t<div class=\"general-cta background-image-loading    image \"  data-src=\"<149:https:\/\/www.eckler.ca\/app\/uploads\/2019\/03\/bg-1-450x150.jpg,<319:https:\/\/www.eckler.ca\/app\/uploads\/2019\/03\/bg-1-960x320.jpg,<479:https:\/\/www.eckler.ca\/app\/uploads\/2019\/03\/bg-1-1440x480.jpg,<767:https:\/\/www.eckler.ca\/app\/uploads\/2019\/03\/bg-1-2200x733.jpg,<991:https:\/\/www.eckler.ca\/app\/uploads\/2019\/03\/bg-1-2200x733.jpg,<1199:https:\/\/www.eckler.ca\/app\/uploads\/2019\/03\/bg-1-2200x733.jpg,<1399:https:\/\/www.eckler.ca\/app\/uploads\/2019\/03\/bg-1-2200x733.jpg,<1599:https:\/\/www.eckler.ca\/app\/uploads\/2019\/03\/bg-1-2880x959.jpg,>1600:https:\/\/www.eckler.ca\/app\/uploads\/2019\/03\/bg-1-2880x959.jpg\">\n\t\t\t\t\t\t<div class=\"general-cta-overlay none\"><\/div>\n\t\t\t<div class=\"container\">\n\t\t\t\t<div class=\"row\">\n\t\t\t\t\t<div class=\"general-cta-box\">\n\t\t\t\t\t\t\t\t\t\t\t\t\t\t\t\t\t\t\t<div class=\"general-cta-content\">\n\t\t\t\t\t\t\t\t<h2 class=\"p1\" style=\"text-align: center;\"><span style=\"color: #ffffff;\">Enclenchons le dialogue<\/span><\/h2>\n<h3 class=\"p2\" style=\"text-align: center;\"><span style=\"color: #ffffff;\">Comment Pouvons Nous Aider<\/span><\/h3>\n\t\t\t\t\t\t\t<\/div>\n\t\t\t\t\t\t\t\t\t\t\t\t\t\t\t\t\t\t\t<div class=\"general-cta-button\">\n\t\t\t\t\t\t\t\t<a href=\"https:\/\/www.eckler.ca\/lets-talk\/\" target=\"\" class=\"btn btn-primary btn-solid\" title=\"Let\u2019s Talk\">\n\t\t\t\t\t\t\t\t\tParlons-en<span class=\"icon icon-chevron-right\"><\/span> \t\t\t\t\t\t\t\t<\/a>\n\t\t\t\t\t\t\t<\/div>\n\t\t\t\t\t    \t\t\t\t\t<\/div>\n\t\t\t\t<\/div>\n\t\t\t<\/div>\n\t\t<\/div>\n\t<\/div>\n<\/div><\/div><\/div><\/div><\/div>[\/vc_column][\/vc_row]<\/p>\n<\/div>","protected":false},"excerpt":{"rendered":"Pr\u00e9visibilit\u00e9 \u00e0 court terme. Durabilit\u00e9 \u00e0 long terme. La gouvernance n'est plus simplement une \u00ab pratique exemplaire \u00bb.\u00a0 C'est une n\u00e9cessit\u00e9. L'\u00e9volution de la l\u00e9gislation, les risques li\u00e9s \u00e0 la [...]","protected":false},"author":2,"featured_media":0,"parent":729,"menu_order":0,"comment_status":"closed","ping_status":"closed","template":"","meta":{"_acf_changed":false,"footnotes":""},"class_list":["post-736","page","type-page","status-publish","hentry"],"acf":[],"yoast_head":"<!-- This site is optimized with the Yoast SEO Premium plugin v26.8 (Yoast SEO v26.8) - https:\/\/yoast.com\/product\/yoast-seo-premium-wordpress\/ -->\n<title>Gouvernance | Eckler<\/title>\n<meta name=\"description\" content=\"Nous sommes fiers de notre capacit\u00e9 de simplifier les notions complexes, ce qui s\u2019applique particuli\u00e8rement aux efforts d\u00e9ploy\u00e9s pour vous aider \u00e0 accomplir vos t\u00e2ches de gouvernance conform\u00e9ment \u00e0 la l\u00e9gislation applicable, aux ententes de fiducies et aux pratiques optimales.\" \/>\n<meta name=\"robots\" content=\"index, follow, max-snippet:-1, max-image-preview:large, max-video-preview:-1\" \/>\n<link rel=\"canonical\" href=\"https:\/\/www.eckler.ca\/fr\/services\/pensions-and-benefits-consulting\/governance\/\" \/>\n<meta property=\"og:locale\" content=\"fr_FR\" \/>\n<meta property=\"og:type\" content=\"article\" \/>\n<meta property=\"og:title\" content=\"Gouvernance\" \/>\n<meta property=\"og:description\" content=\"Nous sommes fiers de notre capacit\u00e9 de simplifier les notions complexes, ce qui s\u2019applique particuli\u00e8rement aux efforts d\u00e9ploy\u00e9s pour vous aider \u00e0 accomplir vos t\u00e2ches de gouvernance conform\u00e9ment \u00e0 la l\u00e9gislation applicable, aux ententes de fiducies et aux pratiques optimales.\" \/>\n<meta property=\"og:url\" content=\"https:\/\/www.eckler.ca\/fr\/services\/pensions-and-benefits-consulting\/governance\/\" \/>\n<meta property=\"og:site_name\" content=\"Eckler\" \/>\n<meta property=\"article:modified_time\" content=\"2025-09-05T12:57:05+00:00\" \/>\n<meta property=\"og:image\" content=\"https:\/\/www.eckler.ca\/app\/uploads\/2019\/03\/eckler-social.jpg\" \/>\n\t<meta property=\"og:image:width\" content=\"200\" \/>\n\t<meta property=\"og:image:height\" content=\"200\" \/>\n\t<meta property=\"og:image:type\" content=\"image\/jpeg\" \/>\n<meta name=\"twitter:card\" content=\"summary_large_image\" \/>\n<meta name=\"twitter:label1\" content=\"Est. reading time\" \/>\n\t<meta name=\"twitter:data1\" content=\"1 minute\" \/>\n<script type=\"application\/ld+json\" class=\"yoast-schema-graph\">{\"@context\":\"https:\/\/schema.org\",\"@graph\":[{\"@type\":\"WebPage\",\"@id\":\"https:\/\/www.eckler.ca\/fr\/services\/pensions-and-benefits-consulting\/governance\/\",\"url\":\"https:\/\/www.eckler.ca\/fr\/services\/pensions-and-benefits-consulting\/governance\/\",\"name\":\"Gouvernance | Eckler\",\"isPartOf\":{\"@id\":\"https:\/\/www.eckler.ca\/#website\"},\"datePublished\":\"2019-03-20T13:52:27+00:00\",\"dateModified\":\"2025-09-05T12:57:05+00:00\",\"description\":\"Nous sommes fiers de notre capacit\u00e9 de simplifier les notions complexes, ce qui s\u2019applique particuli\u00e8rement aux efforts d\u00e9ploy\u00e9s pour vous aider \u00e0 accomplir vos t\u00e2ches de gouvernance conform\u00e9ment \u00e0 la l\u00e9gislation applicable, aux ententes de fiducies et aux pratiques optimales.\",\"breadcrumb\":{\"@id\":\"https:\/\/www.eckler.ca\/fr\/services\/pensions-and-benefits-consulting\/governance\/#breadcrumb\"},\"inLanguage\":\"fr-FR\",\"potentialAction\":[{\"@type\":\"ReadAction\",\"target\":[\"https:\/\/www.eckler.ca\/fr\/services\/pensions-and-benefits-consulting\/governance\/\"]}]},{\"@type\":\"BreadcrumbList\",\"@id\":\"https:\/\/www.eckler.ca\/fr\/services\/pensions-and-benefits-consulting\/governance\/#breadcrumb\",\"itemListElement\":[{\"@type\":\"ListItem\",\"position\":1,\"name\":\"Accueil\",\"item\":\"https:\/\/www.eckler.ca\/fr\/\"},{\"@type\":\"ListItem\",\"position\":2,\"name\":\"Services\",\"item\":\"https:\/\/www.eckler.ca\/fr\/services\/\"},{\"@type\":\"ListItem\",\"position\":3,\"name\":\"Consultation en r\u00e9gimes de retraite et en avantages sociaux\"}]},{\"@type\":\"WebSite\",\"@id\":\"https:\/\/www.eckler.ca\/#website\",\"url\":\"https:\/\/www.eckler.ca\/\",\"name\":\"Eckler\",\"description\":\"People-Powered Insights\",\"potentialAction\":[{\"@type\":\"SearchAction\",\"target\":{\"@type\":\"EntryPoint\",\"urlTemplate\":\"https:\/\/www.eckler.ca\/?s={search_term_string}\"},\"query-input\":{\"@type\":\"PropertyValueSpecification\",\"valueRequired\":true,\"valueName\":\"search_term_string\"}}],\"inLanguage\":\"fr-FR\"}]}<\/script>\n<!-- \/ Yoast SEO Premium plugin. -->","yoast_head_json":{"title":"Gouvernance | Eckler","description":"Nous sommes fiers de notre capacit\u00e9 de simplifier les notions complexes, ce qui s\u2019applique particuli\u00e8rement aux efforts d\u00e9ploy\u00e9s pour vous aider \u00e0 accomplir vos t\u00e2ches de gouvernance conform\u00e9ment \u00e0 la l\u00e9gislation applicable, aux ententes de fiducies et aux pratiques optimales.","robots":{"index":"index","follow":"follow","max-snippet":"max-snippet:-1","max-image-preview":"max-image-preview:large","max-video-preview":"max-video-preview:-1"},"canonical":"https:\/\/www.eckler.ca\/fr\/services\/pensions-and-benefits-consulting\/governance\/","og_locale":"fr_FR","og_type":"article","og_title":"Gouvernance","og_description":"Nous sommes fiers de notre capacit\u00e9 de simplifier les notions complexes, ce qui s\u2019applique particuli\u00e8rement aux efforts d\u00e9ploy\u00e9s pour vous aider \u00e0 accomplir vos t\u00e2ches de gouvernance conform\u00e9ment \u00e0 la l\u00e9gislation applicable, aux ententes de fiducies et aux pratiques optimales.","og_url":"https:\/\/www.eckler.ca\/fr\/services\/pensions-and-benefits-consulting\/governance\/","og_site_name":"Eckler","article_modified_time":"2025-09-05T12:57:05+00:00","og_image":[{"width":200,"height":200,"url":"https:\/\/www.eckler.ca\/app\/uploads\/2019\/03\/eckler-social.jpg","type":"image\/jpeg"}],"twitter_card":"summary_large_image","twitter_misc":{"Est. reading time":"1 minute"},"schema":{"@context":"https:\/\/schema.org","@graph":[{"@type":"WebPage","@id":"https:\/\/www.eckler.ca\/fr\/services\/pensions-and-benefits-consulting\/governance\/","url":"https:\/\/www.eckler.ca\/fr\/services\/pensions-and-benefits-consulting\/governance\/","name":"Gouvernance | Eckler","isPartOf":{"@id":"https:\/\/www.eckler.ca\/#website"},"datePublished":"2019-03-20T13:52:27+00:00","dateModified":"2025-09-05T12:57:05+00:00","description":"Nous sommes fiers de notre capacit\u00e9 de simplifier les notions complexes, ce qui s\u2019applique particuli\u00e8rement aux efforts d\u00e9ploy\u00e9s pour vous aider \u00e0 accomplir vos t\u00e2ches de gouvernance conform\u00e9ment \u00e0 la l\u00e9gislation applicable, aux ententes de fiducies et aux pratiques optimales.","breadcrumb":{"@id":"https:\/\/www.eckler.ca\/fr\/services\/pensions-and-benefits-consulting\/governance\/#breadcrumb"},"inLanguage":"fr-FR","potentialAction":[{"@type":"ReadAction","target":["https:\/\/www.eckler.ca\/fr\/services\/pensions-and-benefits-consulting\/governance\/"]}]},{"@type":"BreadcrumbList","@id":"https:\/\/www.eckler.ca\/fr\/services\/pensions-and-benefits-consulting\/governance\/#breadcrumb","itemListElement":[{"@type":"ListItem","position":1,"name":"Accueil","item":"https:\/\/www.eckler.ca\/fr\/"},{"@type":"ListItem","position":2,"name":"Services","item":"https:\/\/www.eckler.ca\/fr\/services\/"},{"@type":"ListItem","position":3,"name":"Consultation en r\u00e9gimes de retraite et en avantages sociaux"}]},{"@type":"WebSite","@id":"https:\/\/www.eckler.ca\/#website","url":"https:\/\/www.eckler.ca\/","name":"Eckler","description":"People-Powered Insights","potentialAction":[{"@type":"SearchAction","target":{"@type":"EntryPoint","urlTemplate":"https:\/\/www.eckler.ca\/?s={search_term_string}"},"query-input":{"@type":"PropertyValueSpecification","valueRequired":true,"valueName":"search_term_string"}}],"inLanguage":"fr-FR"}]}},"_links":{"self":[{"href":"https:\/\/www.eckler.ca\/fr\/wp-json\/wp\/v2\/pages\/736","targetHints":{"allow":["GET"]}}],"collection":[{"href":"https:\/\/www.eckler.ca\/fr\/wp-json\/wp\/v2\/pages"}],"about":[{"href":"https:\/\/www.eckler.ca\/fr\/wp-json\/wp\/v2\/types\/page"}],"author":[{"embeddable":true,"href":"https:\/\/www.eckler.ca\/fr\/wp-json\/wp\/v2\/users\/2"}],"replies":[{"embeddable":true,"href":"https:\/\/www.eckler.ca\/fr\/wp-json\/wp\/v2\/comments?post=736"}],"version-history":[{"count":6,"href":"https:\/\/www.eckler.ca\/fr\/wp-json\/wp\/v2\/pages\/736\/revisions"}],"predecessor-version":[{"id":17760,"href":"https:\/\/www.eckler.ca\/fr\/wp-json\/wp\/v2\/pages\/736\/revisions\/17760"}],"up":[{"embeddable":true,"href":"https:\/\/www.eckler.ca\/fr\/wp-json\/wp\/v2\/pages\/729"}],"wp:attachment":[{"href":"https:\/\/www.eckler.ca\/fr\/wp-json\/wp\/v2\/media?parent=736"}],"curies":[{"name":"wp","href":"https:\/\/api.w.org\/{rel}","templated":true}]}}