{"id":734,"date":"2019-03-20T13:46:22","date_gmt":"2019-03-20T13:46:22","guid":{"rendered":"https:\/\/www.eckler.ca\/pensions-and-benefits-consulting\/financial-modelling-alm\/"},"modified":"2020-06-04T12:07:55","modified_gmt":"2020-06-04T16:07:55","slug":"financial-modelling-alm","status":"publish","type":"page","link":"https:\/\/www.eckler.ca\/fr\/services\/pensions-and-benefits-consulting\/financial-modelling-alm\/","title":{"rendered":"Mod\u00e9lisation financi\u00e8re \/ Gestion actif-passif"},"content":{"rendered":"<div class=\"wpb-content-wrapper\"><p>[vc_row][vc_column][basic_container container_size=&#8221;container container-narrow&#8221;][vc_column_text]<\/p>\n<h2>Nous ne pouvons pas pr\u00e9dire l\u2019avenir, mais en mod\u00e9lisant les r\u00e9sultats possibles, nous pouvons aider les r\u00e9gimes de retraite et d\u2019avantages sociaux \u00e0 s\u2019y pr\u00e9parer.<\/h2>\n<p>Nous croyons que les gens prennent de meilleures d\u00e9cisions lorsqu\u2019ils sont bien inform\u00e9s, et lorsque les r\u00e9sultats de tous les sc\u00e9narios peuvent \u00eatre pr\u00e9vus et analys\u00e9s, surtout quand il s\u2019agit de comprendre les facteurs qui auront des repercussions sur la viabilit\u00e9 \u00e0 long terme d\u2019un r\u00e9gime de retraite.<\/p>\n<p>Chez Eckler, la mod\u00e9lisation financi\u00e8re et la gestion des risques sont r\u00e9alis\u00e9es par une \u00e9quipe sp\u00e9cialis\u00e9e de professionnels regroupant plus de 14 actuaires, titulaires de la d\u00e9signation de CFA, et experts dans les mod\u00e9lisations stochastiques et la gestion des risques qui, ensemble, poss\u00e8dent des comp\u00e9tences in\u00e9gal\u00e9es.<\/p>\n<p>Nos capacit\u00e9s en mati\u00e8re de mod\u00e9lisation n\u2019ont pas leur pareil au sein de l\u2019industrie et elles ont \u00e9volu\u00e9 au-del\u00e0 des outils informatiques traditionnels pour inclure des mod\u00e8les de pr\u00e9visions financi\u00e8res stochastiques en temps r\u00e9el, en mesure de simuler un large \u00e9ventail de structures et de sc\u00e9narios hypoth\u00e9tiques propres aux param\u00e8tres du r\u00e9gime en mati\u00e8re de structure, de placement et de capitalisation.[\/vc_column_text][vc_empty_space height=&#8221;100px&#8221;][\/basic_container]<div class=\"decorative-illustration align-right \">\n\t<span class=\"decoration two-flags-primary\"><\/span>\n<\/div>\n[\/vc_column][\/vc_row][vc_row][vc_column]<div class=\"templatera_shortcode\"><div class=\"vc_row wpb_row vc_row-fluid\"><div class=\"wpb_column vc_column_container vc_col-sm-12\"><div class=\"vc_column-inner\"><div class=\"wpb_wrapper\">\t<div class=\"row\">\n\t\t<div class=\"general-cta background-image-loading    image \"  data-src=\"<149:https:\/\/www.eckler.ca\/app\/uploads\/2019\/03\/bg-1-450x150.jpg,<319:https:\/\/www.eckler.ca\/app\/uploads\/2019\/03\/bg-1-960x320.jpg,<479:https:\/\/www.eckler.ca\/app\/uploads\/2019\/03\/bg-1-1440x480.jpg,<767:https:\/\/www.eckler.ca\/app\/uploads\/2019\/03\/bg-1-2200x733.jpg,<991:https:\/\/www.eckler.ca\/app\/uploads\/2019\/03\/bg-1-2200x733.jpg,<1199:https:\/\/www.eckler.ca\/app\/uploads\/2019\/03\/bg-1-2200x733.jpg,<1399:https:\/\/www.eckler.ca\/app\/uploads\/2019\/03\/bg-1-2200x733.jpg,<1599:https:\/\/www.eckler.ca\/app\/uploads\/2019\/03\/bg-1-2880x959.jpg,>1600:https:\/\/www.eckler.ca\/app\/uploads\/2019\/03\/bg-1-2880x959.jpg\">\n\t\t\t\t\t\t<div class=\"general-cta-overlay none\"><\/div>\n\t\t\t<div class=\"container\">\n\t\t\t\t<div class=\"row\">\n\t\t\t\t\t<div class=\"general-cta-box\">\n\t\t\t\t\t\t\t\t\t\t\t\t\t\t\t\t\t\t\t<div class=\"general-cta-content\">\n\t\t\t\t\t\t\t\t<h2 class=\"p1\" style=\"text-align: center;\"><span style=\"color: #ffffff;\">Enclenchons le dialogue<\/span><\/h2>\n<h3 class=\"p2\" style=\"text-align: center;\"><span style=\"color: #ffffff;\">Comment Pouvons Nous Aider<\/span><\/h3>\n\t\t\t\t\t\t\t<\/div>\n\t\t\t\t\t\t\t\t\t\t\t\t\t\t\t\t\t\t\t<div class=\"general-cta-button\">\n\t\t\t\t\t\t\t\t<a href=\"https:\/\/www.eckler.ca\/lets-talk\/\" target=\"\" class=\"btn btn-primary btn-solid\" title=\"Let\u2019s Talk\">\n\t\t\t\t\t\t\t\t\tParlons-en<span class=\"icon icon-chevron-right\"><\/span> \t\t\t\t\t\t\t\t<\/a>\n\t\t\t\t\t\t\t<\/div>\n\t\t\t\t\t    \t\t\t\t\t<\/div>\n\t\t\t\t<\/div>\n\t\t\t<\/div>\n\t\t<\/div>\n\t<\/div>\n<\/div><\/div><\/div><\/div><\/div>[\/vc_column][\/vc_row]<\/p>\n<\/div>","protected":false},"excerpt":{"rendered":"Nous ne pouvons pas pr\u00e9dire l\u2019avenir, mais en mod\u00e9lisant les r\u00e9sultats possibles, nous pouvons aider les r\u00e9gimes de retraite et d\u2019avantages sociaux \u00e0 s\u2019y pr\u00e9parer. Nous croyons que les gens [...]","protected":false},"author":2,"featured_media":0,"parent":729,"menu_order":0,"comment_status":"closed","ping_status":"closed","template":"","meta":{"_acf_changed":false,"footnotes":""},"class_list":["post-734","page","type-page","status-publish","hentry"],"acf":[],"yoast_head":"<!-- This site is optimized with the Yoast SEO Premium plugin v26.8 (Yoast SEO v26.8) - https:\/\/yoast.com\/product\/yoast-seo-premium-wordpress\/ -->\n<title>Mod\u00e9lisation Financi\u00e8re \/ Gestion Actif-Passif | Eckler<\/title>\n<meta name=\"description\" content=\"Nous ne pouvons pas pr\u00e9dire l\u2019avenir, mais en mod\u00e9lisant les r\u00e9sultats potentiels, nous pouvons aider les r\u00e9gimes de retraite et d\u2019avantages sociaux \u00e0 s\u2019y pr\u00e9parer.\" \/>\n<meta name=\"robots\" content=\"index, follow, max-snippet:-1, max-image-preview:large, max-video-preview:-1\" \/>\n<link rel=\"canonical\" href=\"https:\/\/www.eckler.ca\/fr\/services\/pensions-and-benefits-consulting\/financial-modelling-alm\/\" \/>\n<meta property=\"og:locale\" content=\"fr_FR\" \/>\n<meta property=\"og:type\" content=\"article\" \/>\n<meta property=\"og:title\" content=\"Mod\u00e9lisation financi\u00e8re \/ Gestion actif-passif\" \/>\n<meta property=\"og:description\" content=\"Nous ne pouvons pas pr\u00e9dire l\u2019avenir, mais en mod\u00e9lisant les r\u00e9sultats potentiels, nous pouvons aider les r\u00e9gimes de retraite et d\u2019avantages sociaux \u00e0 s\u2019y pr\u00e9parer.\" \/>\n<meta property=\"og:url\" content=\"https:\/\/www.eckler.ca\/fr\/services\/pensions-and-benefits-consulting\/financial-modelling-alm\/\" \/>\n<meta property=\"og:site_name\" content=\"Eckler\" \/>\n<meta property=\"article:modified_time\" content=\"2020-06-04T16:07:55+00:00\" \/>\n<meta property=\"og:image\" content=\"https:\/\/www.eckler.ca\/app\/uploads\/2019\/03\/eckler-social.jpg\" \/>\n\t<meta property=\"og:image:width\" content=\"200\" \/>\n\t<meta property=\"og:image:height\" content=\"200\" \/>\n\t<meta property=\"og:image:type\" content=\"image\/jpeg\" \/>\n<meta name=\"twitter:card\" content=\"summary_large_image\" \/>\n<meta name=\"twitter:label1\" content=\"Est. reading time\" \/>\n\t<meta name=\"twitter:data1\" content=\"1 minute\" \/>\n<script type=\"application\/ld+json\" class=\"yoast-schema-graph\">{\"@context\":\"https:\/\/schema.org\",\"@graph\":[{\"@type\":\"WebPage\",\"@id\":\"https:\/\/www.eckler.ca\/fr\/services\/pensions-and-benefits-consulting\/financial-modelling-alm\/\",\"url\":\"https:\/\/www.eckler.ca\/fr\/services\/pensions-and-benefits-consulting\/financial-modelling-alm\/\",\"name\":\"Mod\u00e9lisation Financi\u00e8re \/ Gestion Actif-Passif | Eckler\",\"isPartOf\":{\"@id\":\"https:\/\/www.eckler.ca\/#website\"},\"datePublished\":\"2019-03-20T13:46:22+00:00\",\"dateModified\":\"2020-06-04T16:07:55+00:00\",\"description\":\"Nous ne pouvons pas pr\u00e9dire l\u2019avenir, mais en mod\u00e9lisant les r\u00e9sultats potentiels, nous pouvons aider les r\u00e9gimes de retraite et d\u2019avantages sociaux \u00e0 s\u2019y pr\u00e9parer.\",\"breadcrumb\":{\"@id\":\"https:\/\/www.eckler.ca\/fr\/services\/pensions-and-benefits-consulting\/financial-modelling-alm\/#breadcrumb\"},\"inLanguage\":\"fr-FR\",\"potentialAction\":[{\"@type\":\"ReadAction\",\"target\":[\"https:\/\/www.eckler.ca\/fr\/services\/pensions-and-benefits-consulting\/financial-modelling-alm\/\"]}]},{\"@type\":\"BreadcrumbList\",\"@id\":\"https:\/\/www.eckler.ca\/fr\/services\/pensions-and-benefits-consulting\/financial-modelling-alm\/#breadcrumb\",\"itemListElement\":[{\"@type\":\"ListItem\",\"position\":1,\"name\":\"Accueil\",\"item\":\"https:\/\/www.eckler.ca\/fr\/\"},{\"@type\":\"ListItem\",\"position\":2,\"name\":\"Services\",\"item\":\"https:\/\/www.eckler.ca\/fr\/services\/\"},{\"@type\":\"ListItem\",\"position\":3,\"name\":\"Consultation en r\u00e9gimes de retraite et en avantages sociaux\"}]},{\"@type\":\"WebSite\",\"@id\":\"https:\/\/www.eckler.ca\/#website\",\"url\":\"https:\/\/www.eckler.ca\/\",\"name\":\"Eckler\",\"description\":\"People-Powered Insights\",\"potentialAction\":[{\"@type\":\"SearchAction\",\"target\":{\"@type\":\"EntryPoint\",\"urlTemplate\":\"https:\/\/www.eckler.ca\/?s={search_term_string}\"},\"query-input\":{\"@type\":\"PropertyValueSpecification\",\"valueRequired\":true,\"valueName\":\"search_term_string\"}}],\"inLanguage\":\"fr-FR\"}]}<\/script>\n<!-- \/ Yoast SEO Premium plugin. -->","yoast_head_json":{"title":"Mod\u00e9lisation Financi\u00e8re \/ Gestion Actif-Passif | Eckler","description":"Nous ne pouvons pas pr\u00e9dire l\u2019avenir, mais en mod\u00e9lisant les r\u00e9sultats potentiels, nous pouvons aider les r\u00e9gimes de retraite et d\u2019avantages sociaux \u00e0 s\u2019y pr\u00e9parer.","robots":{"index":"index","follow":"follow","max-snippet":"max-snippet:-1","max-image-preview":"max-image-preview:large","max-video-preview":"max-video-preview:-1"},"canonical":"https:\/\/www.eckler.ca\/fr\/services\/pensions-and-benefits-consulting\/financial-modelling-alm\/","og_locale":"fr_FR","og_type":"article","og_title":"Mod\u00e9lisation financi\u00e8re \/ Gestion actif-passif","og_description":"Nous ne pouvons pas pr\u00e9dire l\u2019avenir, mais en mod\u00e9lisant les r\u00e9sultats potentiels, nous pouvons aider les r\u00e9gimes de retraite et d\u2019avantages sociaux \u00e0 s\u2019y pr\u00e9parer.","og_url":"https:\/\/www.eckler.ca\/fr\/services\/pensions-and-benefits-consulting\/financial-modelling-alm\/","og_site_name":"Eckler","article_modified_time":"2020-06-04T16:07:55+00:00","og_image":[{"width":200,"height":200,"url":"https:\/\/www.eckler.ca\/app\/uploads\/2019\/03\/eckler-social.jpg","type":"image\/jpeg"}],"twitter_card":"summary_large_image","twitter_misc":{"Est. reading time":"1 minute"},"schema":{"@context":"https:\/\/schema.org","@graph":[{"@type":"WebPage","@id":"https:\/\/www.eckler.ca\/fr\/services\/pensions-and-benefits-consulting\/financial-modelling-alm\/","url":"https:\/\/www.eckler.ca\/fr\/services\/pensions-and-benefits-consulting\/financial-modelling-alm\/","name":"Mod\u00e9lisation Financi\u00e8re \/ Gestion Actif-Passif | Eckler","isPartOf":{"@id":"https:\/\/www.eckler.ca\/#website"},"datePublished":"2019-03-20T13:46:22+00:00","dateModified":"2020-06-04T16:07:55+00:00","description":"Nous ne pouvons pas pr\u00e9dire l\u2019avenir, mais en mod\u00e9lisant les r\u00e9sultats potentiels, nous pouvons aider les r\u00e9gimes de retraite et d\u2019avantages sociaux \u00e0 s\u2019y pr\u00e9parer.","breadcrumb":{"@id":"https:\/\/www.eckler.ca\/fr\/services\/pensions-and-benefits-consulting\/financial-modelling-alm\/#breadcrumb"},"inLanguage":"fr-FR","potentialAction":[{"@type":"ReadAction","target":["https:\/\/www.eckler.ca\/fr\/services\/pensions-and-benefits-consulting\/financial-modelling-alm\/"]}]},{"@type":"BreadcrumbList","@id":"https:\/\/www.eckler.ca\/fr\/services\/pensions-and-benefits-consulting\/financial-modelling-alm\/#breadcrumb","itemListElement":[{"@type":"ListItem","position":1,"name":"Accueil","item":"https:\/\/www.eckler.ca\/fr\/"},{"@type":"ListItem","position":2,"name":"Services","item":"https:\/\/www.eckler.ca\/fr\/services\/"},{"@type":"ListItem","position":3,"name":"Consultation en r\u00e9gimes de retraite et en avantages sociaux"}]},{"@type":"WebSite","@id":"https:\/\/www.eckler.ca\/#website","url":"https:\/\/www.eckler.ca\/","name":"Eckler","description":"People-Powered Insights","potentialAction":[{"@type":"SearchAction","target":{"@type":"EntryPoint","urlTemplate":"https:\/\/www.eckler.ca\/?s={search_term_string}"},"query-input":{"@type":"PropertyValueSpecification","valueRequired":true,"valueName":"search_term_string"}}],"inLanguage":"fr-FR"}]}},"_links":{"self":[{"href":"https:\/\/www.eckler.ca\/fr\/wp-json\/wp\/v2\/pages\/734","targetHints":{"allow":["GET"]}}],"collection":[{"href":"https:\/\/www.eckler.ca\/fr\/wp-json\/wp\/v2\/pages"}],"about":[{"href":"https:\/\/www.eckler.ca\/fr\/wp-json\/wp\/v2\/types\/page"}],"author":[{"embeddable":true,"href":"https:\/\/www.eckler.ca\/fr\/wp-json\/wp\/v2\/users\/2"}],"replies":[{"embeddable":true,"href":"https:\/\/www.eckler.ca\/fr\/wp-json\/wp\/v2\/comments?post=734"}],"version-history":[{"count":5,"href":"https:\/\/www.eckler.ca\/fr\/wp-json\/wp\/v2\/pages\/734\/revisions"}],"predecessor-version":[{"id":6270,"href":"https:\/\/www.eckler.ca\/fr\/wp-json\/wp\/v2\/pages\/734\/revisions\/6270"}],"up":[{"embeddable":true,"href":"https:\/\/www.eckler.ca\/fr\/wp-json\/wp\/v2\/pages\/729"}],"wp:attachment":[{"href":"https:\/\/www.eckler.ca\/fr\/wp-json\/wp\/v2\/media?parent=734"}],"curies":[{"name":"wp","href":"https:\/\/api.w.org\/{rel}","templated":true}]}}