{"id":732,"date":"2019-03-20T16:13:46","date_gmt":"2019-03-20T16:13:46","guid":{"rendered":"https:\/\/www.eckler.ca\/pensions-and-benefits-consulting\/defined-benefit-pension-consulting\/"},"modified":"2020-09-04T11:08:47","modified_gmt":"2020-09-04T15:08:47","slug":"defined-benefit-pension-consulting","status":"publish","type":"page","link":"https:\/\/www.eckler.ca\/fr\/services\/pensions-and-benefits-consulting\/defined-benefit-pension-consulting\/","title":{"rendered":"Consultation en r\u00e9gimes de retraite \u00e0 prestations d\u00e9termin\u00e9es"},"content":{"rendered":"<div class=\"wpb-content-wrapper\"><p>[vc_row][vc_column][basic_container container_size=&#8221;container container-narrow&#8221;][vc_column_text]<\/p>\n<h2>Personne ne conna\u00eet mieux que nous la situation des r\u00e9gimes \u00e0 prestations d\u00e9termin\u00e9es.<\/h2>\n<p>Depuis plus de 90 ans, nous nous engageons \u00e0 fournir \u00e0 nos clients des conseils in\u00e9gal\u00e9s en mati\u00e8re de retraite. Actuaires d\u2019abord et avant tout, nous sommes proactifs et pouvons facilement nous y retrouver dans l\u2019univers complexe de la l\u00e9gislation et de la r\u00e9glementation, de sorte que vous n\u2019ayez pas \u00e0 le faire.<\/p>\n<p>En nous appuyant sur le respect de nos promesses et sur une approche collaborative qui favorise la conception de solutions cr\u00e9atives et la prise de d\u00e9cisions \u00e9clair\u00e9es, nous vous aidons \u00e0 comprendre des notions complexes, comme la structure de votre r\u00e9gime, les meilleures pratiques \u00e0 adopter et les rudiments des \u00e9valuations actuarielles. Notre objectif consiste \u00e0 maximiser le rendement de votre investissement et \u00e0 minimiser les risques, tout en vous aidant \u00e0 expliquer \u00e0 vos participants les avantages de leur r\u00e9gime, et \u00e0 faire en sorte que ceux-ci s\u2019impliquent, peu importe le nombre d\u2019ann\u00e9es qui les s\u00e9pare de la retraite.[\/vc_column_text][\/basic_container][\/vc_column][\/vc_row][vc_row][vc_column][basic_container container_size=&#8221;container container-narrow&#8221;][vc_column_text]<\/p>\n<h3>Voici les services de consultation que nous offrons en mati\u00e8re d\u2019actuariat et de retraite\u00a0:<\/h3>\n<ul>\n<li>Planification strat\u00e9gique, conception et financement<\/li>\n<li>\u00c9valuations de capitalisation et rapports financiers<\/li>\n<li>\u00c9valuations comptables et production de rapports sur les r\u00e9gimes de retraite et les avantages sociaux post\u00e9rieurs \u00e0 l\u2019emploi<\/li>\n<li>Gestion des risques d\u2019un r\u00e9gime<\/li>\n<li>Gouvernance d\u2019un r\u00e9gime<\/li>\n<li>R\u00e9gimes de retraite exc\u00e9dentaires\/programmes sp\u00e9ciaux<\/li>\n<li>Services d\u2019administration des r\u00e9gimes de retraite<\/li>\n<li>Conseils en placements<\/li>\n<li>Fusions et acquisitions<\/li>\n<li>Communications \u00e0 l\u2019intention du promoteur de r\u00e9gime et des participants, et gestion du changement<\/li>\n<\/ul>\n<p>[\/vc_column_text][vc_empty_space height=&#8221;100px&#8221;][\/basic_container]<div class=\"decorative-illustration align-right \">\n\t<span class=\"decoration two-flags-primary\"><\/span>\n<\/div>\n[\/vc_column][\/vc_row][vc_row][vc_column]<div class=\"templatera_shortcode\"><div class=\"vc_row wpb_row vc_row-fluid\"><div class=\"wpb_column vc_column_container vc_col-sm-12\"><div class=\"vc_column-inner\"><div class=\"wpb_wrapper\">\t<div class=\"row\">\n\t\t<div class=\"general-cta background-image-loading    image \"  data-src=\"<149:https:\/\/www.eckler.ca\/app\/uploads\/2019\/03\/bg-1-450x150.jpg,<319:https:\/\/www.eckler.ca\/app\/uploads\/2019\/03\/bg-1-960x320.jpg,<479:https:\/\/www.eckler.ca\/app\/uploads\/2019\/03\/bg-1-1440x480.jpg,<767:https:\/\/www.eckler.ca\/app\/uploads\/2019\/03\/bg-1-2200x733.jpg,<991:https:\/\/www.eckler.ca\/app\/uploads\/2019\/03\/bg-1-2200x733.jpg,<1199:https:\/\/www.eckler.ca\/app\/uploads\/2019\/03\/bg-1-2200x733.jpg,<1399:https:\/\/www.eckler.ca\/app\/uploads\/2019\/03\/bg-1-2200x733.jpg,<1599:https:\/\/www.eckler.ca\/app\/uploads\/2019\/03\/bg-1-2880x959.jpg,>1600:https:\/\/www.eckler.ca\/app\/uploads\/2019\/03\/bg-1-2880x959.jpg\">\n\t\t\t\t\t\t<div class=\"general-cta-overlay none\"><\/div>\n\t\t\t<div class=\"container\">\n\t\t\t\t<div class=\"row\">\n\t\t\t\t\t<div class=\"general-cta-box\">\n\t\t\t\t\t\t\t\t\t\t\t\t\t\t\t\t\t\t\t<div class=\"general-cta-content\">\n\t\t\t\t\t\t\t\t<h2 class=\"p1\" style=\"text-align: center;\"><span style=\"color: #ffffff;\">Enclenchons le dialogue<\/span><\/h2>\n<h3 class=\"p2\" style=\"text-align: center;\"><span style=\"color: #ffffff;\">Comment Pouvons Nous Aider<\/span><\/h3>\n\t\t\t\t\t\t\t<\/div>\n\t\t\t\t\t\t\t\t\t\t\t\t\t\t\t\t\t\t\t<div class=\"general-cta-button\">\n\t\t\t\t\t\t\t\t<a href=\"https:\/\/www.eckler.ca\/lets-talk\/\" target=\"\" class=\"btn btn-primary btn-solid\" title=\"Let\u2019s Talk\">\n\t\t\t\t\t\t\t\t\tParlons-en<span class=\"icon icon-chevron-right\"><\/span> \t\t\t\t\t\t\t\t<\/a>\n\t\t\t\t\t\t\t<\/div>\n\t\t\t\t\t    \t\t\t\t\t<\/div>\n\t\t\t\t<\/div>\n\t\t\t<\/div>\n\t\t<\/div>\n\t<\/div>\n<\/div><\/div><\/div><\/div><\/div>[\/vc_column][\/vc_row]<\/p>\n<\/div>","protected":false},"excerpt":{"rendered":"Personne ne conna\u00eet mieux que nous la situation des r\u00e9gimes \u00e0 prestations d\u00e9termin\u00e9es. Depuis plus de 90 ans, nous nous engageons \u00e0 fournir \u00e0 nos clients des conseils in\u00e9gal\u00e9s en [...]","protected":false},"author":2,"featured_media":0,"parent":729,"menu_order":0,"comment_status":"closed","ping_status":"closed","template":"","meta":{"_acf_changed":false,"footnotes":""},"class_list":["post-732","page","type-page","status-publish","hentry"],"acf":[],"yoast_head":"<!-- This site is optimized with the Yoast SEO Premium plugin v26.8 (Yoast SEO v26.8) - https:\/\/yoast.com\/product\/yoast-seo-premium-wordpress\/ -->\n<title>Consultation Sur Les R\u00e9gimes \u00e0 Prestations D\u00e9termin\u00e9es | Eckler<\/title>\n<meta name=\"description\" content=\"Depuis plus de 90 ans, nous nous engageons \u00e0 fournir \u00e0 nos clients des conseils in\u00e9gal\u00e9s en mati\u00e8re de retraite. Contactez-nous.\" \/>\n<meta name=\"robots\" content=\"index, follow, max-snippet:-1, max-image-preview:large, max-video-preview:-1\" \/>\n<link rel=\"canonical\" href=\"https:\/\/www.eckler.ca\/fr\/services\/pensions-and-benefits-consulting\/defined-benefit-pension-consulting\/\" \/>\n<meta property=\"og:locale\" content=\"fr_FR\" \/>\n<meta property=\"og:type\" content=\"article\" \/>\n<meta property=\"og:title\" content=\"Consultation en r\u00e9gimes de retraite \u00e0 prestations d\u00e9termin\u00e9es\" \/>\n<meta property=\"og:description\" content=\"Depuis plus de 90 ans, nous nous engageons \u00e0 fournir \u00e0 nos clients des conseils in\u00e9gal\u00e9s en mati\u00e8re de retraite. Contactez-nous.\" \/>\n<meta property=\"og:url\" content=\"https:\/\/www.eckler.ca\/fr\/services\/pensions-and-benefits-consulting\/defined-benefit-pension-consulting\/\" \/>\n<meta property=\"og:site_name\" content=\"Eckler\" \/>\n<meta property=\"article:modified_time\" content=\"2020-09-04T15:08:47+00:00\" \/>\n<meta property=\"og:image\" content=\"https:\/\/www.eckler.ca\/app\/uploads\/2019\/03\/eckler-social.jpg\" \/>\n\t<meta property=\"og:image:width\" content=\"200\" \/>\n\t<meta property=\"og:image:height\" content=\"200\" \/>\n\t<meta property=\"og:image:type\" content=\"image\/jpeg\" \/>\n<meta name=\"twitter:card\" content=\"summary_large_image\" \/>\n<meta name=\"twitter:label1\" content=\"Est. reading time\" \/>\n\t<meta name=\"twitter:data1\" content=\"2 minutes\" \/>\n<script type=\"application\/ld+json\" class=\"yoast-schema-graph\">{\"@context\":\"https:\/\/schema.org\",\"@graph\":[{\"@type\":\"WebPage\",\"@id\":\"https:\/\/www.eckler.ca\/fr\/services\/pensions-and-benefits-consulting\/defined-benefit-pension-consulting\/\",\"url\":\"https:\/\/www.eckler.ca\/fr\/services\/pensions-and-benefits-consulting\/defined-benefit-pension-consulting\/\",\"name\":\"Consultation Sur Les R\u00e9gimes \u00e0 Prestations D\u00e9termin\u00e9es | Eckler\",\"isPartOf\":{\"@id\":\"https:\/\/www.eckler.ca\/#website\"},\"datePublished\":\"2019-03-20T16:13:46+00:00\",\"dateModified\":\"2020-09-04T15:08:47+00:00\",\"description\":\"Depuis plus de 90 ans, nous nous engageons \u00e0 fournir \u00e0 nos clients des conseils in\u00e9gal\u00e9s en mati\u00e8re de retraite. Contactez-nous.\",\"breadcrumb\":{\"@id\":\"https:\/\/www.eckler.ca\/fr\/services\/pensions-and-benefits-consulting\/defined-benefit-pension-consulting\/#breadcrumb\"},\"inLanguage\":\"fr-FR\",\"potentialAction\":[{\"@type\":\"ReadAction\",\"target\":[\"https:\/\/www.eckler.ca\/fr\/services\/pensions-and-benefits-consulting\/defined-benefit-pension-consulting\/\"]}]},{\"@type\":\"BreadcrumbList\",\"@id\":\"https:\/\/www.eckler.ca\/fr\/services\/pensions-and-benefits-consulting\/defined-benefit-pension-consulting\/#breadcrumb\",\"itemListElement\":[{\"@type\":\"ListItem\",\"position\":1,\"name\":\"Accueil\",\"item\":\"https:\/\/www.eckler.ca\/fr\/\"},{\"@type\":\"ListItem\",\"position\":2,\"name\":\"Services\",\"item\":\"https:\/\/www.eckler.ca\/fr\/services\/\"},{\"@type\":\"ListItem\",\"position\":3,\"name\":\"Consultation en r\u00e9gimes de retraite et en avantages sociaux\"}]},{\"@type\":\"WebSite\",\"@id\":\"https:\/\/www.eckler.ca\/#website\",\"url\":\"https:\/\/www.eckler.ca\/\",\"name\":\"Eckler\",\"description\":\"People-Powered Insights\",\"potentialAction\":[{\"@type\":\"SearchAction\",\"target\":{\"@type\":\"EntryPoint\",\"urlTemplate\":\"https:\/\/www.eckler.ca\/?s={search_term_string}\"},\"query-input\":{\"@type\":\"PropertyValueSpecification\",\"valueRequired\":true,\"valueName\":\"search_term_string\"}}],\"inLanguage\":\"fr-FR\"}]}<\/script>\n<!-- \/ Yoast SEO Premium plugin. -->","yoast_head_json":{"title":"Consultation Sur Les R\u00e9gimes \u00e0 Prestations D\u00e9termin\u00e9es | Eckler","description":"Depuis plus de 90 ans, nous nous engageons \u00e0 fournir \u00e0 nos clients des conseils in\u00e9gal\u00e9s en mati\u00e8re de retraite. Contactez-nous.","robots":{"index":"index","follow":"follow","max-snippet":"max-snippet:-1","max-image-preview":"max-image-preview:large","max-video-preview":"max-video-preview:-1"},"canonical":"https:\/\/www.eckler.ca\/fr\/services\/pensions-and-benefits-consulting\/defined-benefit-pension-consulting\/","og_locale":"fr_FR","og_type":"article","og_title":"Consultation en r\u00e9gimes de retraite \u00e0 prestations d\u00e9termin\u00e9es","og_description":"Depuis plus de 90 ans, nous nous engageons \u00e0 fournir \u00e0 nos clients des conseils in\u00e9gal\u00e9s en mati\u00e8re de retraite. Contactez-nous.","og_url":"https:\/\/www.eckler.ca\/fr\/services\/pensions-and-benefits-consulting\/defined-benefit-pension-consulting\/","og_site_name":"Eckler","article_modified_time":"2020-09-04T15:08:47+00:00","og_image":[{"width":200,"height":200,"url":"https:\/\/www.eckler.ca\/app\/uploads\/2019\/03\/eckler-social.jpg","type":"image\/jpeg"}],"twitter_card":"summary_large_image","twitter_misc":{"Est. reading time":"2 minutes"},"schema":{"@context":"https:\/\/schema.org","@graph":[{"@type":"WebPage","@id":"https:\/\/www.eckler.ca\/fr\/services\/pensions-and-benefits-consulting\/defined-benefit-pension-consulting\/","url":"https:\/\/www.eckler.ca\/fr\/services\/pensions-and-benefits-consulting\/defined-benefit-pension-consulting\/","name":"Consultation Sur Les R\u00e9gimes \u00e0 Prestations D\u00e9termin\u00e9es | Eckler","isPartOf":{"@id":"https:\/\/www.eckler.ca\/#website"},"datePublished":"2019-03-20T16:13:46+00:00","dateModified":"2020-09-04T15:08:47+00:00","description":"Depuis plus de 90 ans, nous nous engageons \u00e0 fournir \u00e0 nos clients des conseils in\u00e9gal\u00e9s en mati\u00e8re de retraite. Contactez-nous.","breadcrumb":{"@id":"https:\/\/www.eckler.ca\/fr\/services\/pensions-and-benefits-consulting\/defined-benefit-pension-consulting\/#breadcrumb"},"inLanguage":"fr-FR","potentialAction":[{"@type":"ReadAction","target":["https:\/\/www.eckler.ca\/fr\/services\/pensions-and-benefits-consulting\/defined-benefit-pension-consulting\/"]}]},{"@type":"BreadcrumbList","@id":"https:\/\/www.eckler.ca\/fr\/services\/pensions-and-benefits-consulting\/defined-benefit-pension-consulting\/#breadcrumb","itemListElement":[{"@type":"ListItem","position":1,"name":"Accueil","item":"https:\/\/www.eckler.ca\/fr\/"},{"@type":"ListItem","position":2,"name":"Services","item":"https:\/\/www.eckler.ca\/fr\/services\/"},{"@type":"ListItem","position":3,"name":"Consultation en r\u00e9gimes de retraite et en avantages sociaux"}]},{"@type":"WebSite","@id":"https:\/\/www.eckler.ca\/#website","url":"https:\/\/www.eckler.ca\/","name":"Eckler","description":"People-Powered Insights","potentialAction":[{"@type":"SearchAction","target":{"@type":"EntryPoint","urlTemplate":"https:\/\/www.eckler.ca\/?s={search_term_string}"},"query-input":{"@type":"PropertyValueSpecification","valueRequired":true,"valueName":"search_term_string"}}],"inLanguage":"fr-FR"}]}},"_links":{"self":[{"href":"https:\/\/www.eckler.ca\/fr\/wp-json\/wp\/v2\/pages\/732","targetHints":{"allow":["GET"]}}],"collection":[{"href":"https:\/\/www.eckler.ca\/fr\/wp-json\/wp\/v2\/pages"}],"about":[{"href":"https:\/\/www.eckler.ca\/fr\/wp-json\/wp\/v2\/types\/page"}],"author":[{"embeddable":true,"href":"https:\/\/www.eckler.ca\/fr\/wp-json\/wp\/v2\/users\/2"}],"replies":[{"embeddable":true,"href":"https:\/\/www.eckler.ca\/fr\/wp-json\/wp\/v2\/comments?post=732"}],"version-history":[{"count":9,"href":"https:\/\/www.eckler.ca\/fr\/wp-json\/wp\/v2\/pages\/732\/revisions"}],"predecessor-version":[{"id":6984,"href":"https:\/\/www.eckler.ca\/fr\/wp-json\/wp\/v2\/pages\/732\/revisions\/6984"}],"up":[{"embeddable":true,"href":"https:\/\/www.eckler.ca\/fr\/wp-json\/wp\/v2\/pages\/729"}],"wp:attachment":[{"href":"https:\/\/www.eckler.ca\/fr\/wp-json\/wp\/v2\/media?parent=732"}],"curies":[{"name":"wp","href":"https:\/\/api.w.org\/{rel}","templated":true}]}}