{"id":730,"date":"2019-03-20T14:44:55","date_gmt":"2019-03-20T14:44:55","guid":{"rendered":"https:\/\/www.eckler.ca\/pensions-and-benefits-consulting\/benefits-consulting\/"},"modified":"2024-05-01T11:13:25","modified_gmt":"2024-05-01T15:13:25","slug":"benefits-consulting","status":"publish","type":"page","link":"https:\/\/www.eckler.ca\/fr\/services\/pensions-and-benefits-consulting\/benefits-consulting\/","title":{"rendered":"Consultation en avantages sociaux"},"content":{"rendered":"<div class=\"wpb-content-wrapper\"><p>[vc_row][vc_column][basic_container container_size=&#8221;container container-narrow&#8221;][vc_column_text]<\/p>\n<h2><strong>Il n\u2019est pas toujours facile de faire correspondre les r\u00e9gimes d\u2019avantages sociaux aux besoins de votre organisation tout en tenant compte de l\u2019\u00e9volution constante de la main d\u2019\u0153uvre et de la l\u00e9gislation.<\/strong><\/h2>\n<p>Nous nous en occupons. Forte de l\u2019expertise de plus de 25\u00a0conseillers et analystes, notre \u00e9quipe est en mesure de concevoir des r\u00e9gimes d\u2019avantages sociaux adapt\u00e9s aux besoins des promoteurs de r\u00e9gime et des travailleurs de tous les secteurs d\u2019activit\u00e9 \u00e0 l\u2019\u00e9chelle du pays. Nous offrons aux entreprises, au secteur public, au secteur parapublic et aux clients fiduciaires des programmes de 50\u00a0participants ou plus, ainsi qu\u2019un large \u00e9ventail de r\u00e9gimes adapt\u00e9s \u00e0 la diversit\u00e9 des effectifs.<\/p>\n<p>Notre objectif? Vous aider \u00e0 optimiser votre investissement dans votre r\u00e9gime d\u2019avantages sociaux afin de g\u00e9rer le risque financier et de tirer le meilleur parti possible de votre r\u00e9gime, tout en veillant \u00e0 ce que les membres du personnel reconnaissent cet investissement comme une composante \u00e0 valeur ajout\u00e9e de leur programme de r\u00e9mun\u00e9ration globale.<\/p>\n<p>De la conception au financement et \u00e0 l\u2019administration des r\u00e9gimes d\u2019avantages sociaux pour employeurs uniques ou multi-employeurs, nous prenons en compte les attentes et les besoins particuliers de chaque organisation pour offrir des solutions personnalis\u00e9es.<\/p>\n<h3>Ce que nous faisons :<\/h3>\n<h5><strong>Services-conseils<\/strong><\/h5>\n<ul>\n<li>Conseils strat\u00e9giques sur la conception des r\u00e9gimes d\u2019avantages sociaux et sur les modalit\u00e9s de financement<\/li>\n<\/ul>\n<h5><strong>Gestion des fournisseurs<\/strong><\/h5>\n<ul>\n<li>Soutien continu ou coordination des services des assureurs et des administrateurs de r\u00e9gimes d\u2019avantages sociaux<\/li>\n<\/ul>\n<h5><strong>Analyse<\/strong><\/h5>\n<ul>\n<li>V\u00e9rification, analyse ou estimation des co\u00fbts futurs du r\u00e9gime au renouvellement, tarification en fonction des r\u00e9sultats, mod\u00e9lisation de l\u2019exc\u00e9dent de pertes, n\u00e9gociation collective ou restructuration du r\u00e9gime<\/li>\n<\/ul>\n<h5><strong>Gouvernance du r\u00e9gime d\u2019avantages sociaux et att\u00e9nuation des risques<\/strong><\/h5>\n<ul>\n<li>Meilleures pratiques \u00e9tablies et connaissance des lois pour une gestion de r\u00e9gime optimale<\/li>\n<\/ul>\n<h5><strong>Gestion de r\u00e9gime<\/strong><\/h5>\n<ul>\n<li>Pr\u00e9paration, tenue et mise \u00e0 jour de tous les documents du r\u00e9gime, y compris les contrats, les politiques, les livrets et les sommaires<\/li>\n<\/ul>\n<h5><strong>\u00c9valuations actuarielles des r\u00e9gimes d\u2019avantages sociaux<\/strong><\/h5>\n<ul>\n<li>\u00c9valuations \u00e0 des fins comptables, conform\u00e9ment aux normes comptables canadiennes, am\u00e9ricaines ou internationales<\/li>\n<li>\u00c9valuations \u00e0 des fins de financement, analyse de la situation financi\u00e8re ou analyse des provisions<\/li>\n<\/ul>\n<p>[\/vc_column_text][vc_empty_space height=&#8221;100px&#8221;][\/basic_container]<div class=\"decorative-illustration align-right \">\n\t<span class=\"decoration two-flags-primary\"><\/span>\n<\/div>\n[\/vc_column][\/vc_row][vc_row][vc_column]<div class=\"templatera_shortcode\"><div class=\"vc_row wpb_row vc_row-fluid\"><div class=\"wpb_column vc_column_container vc_col-sm-12\"><div class=\"vc_column-inner\"><div class=\"wpb_wrapper\">\t<div class=\"row\">\n\t\t<div class=\"general-cta background-image-loading    image \"  data-src=\"<149:https:\/\/www.eckler.ca\/app\/uploads\/2019\/03\/bg-1-450x150.jpg,<319:https:\/\/www.eckler.ca\/app\/uploads\/2019\/03\/bg-1-960x320.jpg,<479:https:\/\/www.eckler.ca\/app\/uploads\/2019\/03\/bg-1-1440x480.jpg,<767:https:\/\/www.eckler.ca\/app\/uploads\/2019\/03\/bg-1-2200x733.jpg,<991:https:\/\/www.eckler.ca\/app\/uploads\/2019\/03\/bg-1-2200x733.jpg,<1199:https:\/\/www.eckler.ca\/app\/uploads\/2019\/03\/bg-1-2200x733.jpg,<1399:https:\/\/www.eckler.ca\/app\/uploads\/2019\/03\/bg-1-2200x733.jpg,<1599:https:\/\/www.eckler.ca\/app\/uploads\/2019\/03\/bg-1-2880x959.jpg,>1600:https:\/\/www.eckler.ca\/app\/uploads\/2019\/03\/bg-1-2880x959.jpg\">\n\t\t\t\t\t\t<div class=\"general-cta-overlay none\"><\/div>\n\t\t\t<div class=\"container\">\n\t\t\t\t<div class=\"row\">\n\t\t\t\t\t<div class=\"general-cta-box\">\n\t\t\t\t\t\t\t\t\t\t\t\t\t\t\t\t\t\t\t<div class=\"general-cta-content\">\n\t\t\t\t\t\t\t\t<h2 class=\"p1\" style=\"text-align: center;\"><span style=\"color: #ffffff;\">Enclenchons le dialogue<\/span><\/h2>\n<h3 class=\"p2\" style=\"text-align: center;\"><span style=\"color: #ffffff;\">Comment Pouvons Nous Aider<\/span><\/h3>\n\t\t\t\t\t\t\t<\/div>\n\t\t\t\t\t\t\t\t\t\t\t\t\t\t\t\t\t\t\t<div class=\"general-cta-button\">\n\t\t\t\t\t\t\t\t<a href=\"https:\/\/www.eckler.ca\/lets-talk\/\" target=\"\" class=\"btn btn-primary btn-solid\" title=\"Let\u2019s Talk\">\n\t\t\t\t\t\t\t\t\tParlons-en<span class=\"icon icon-chevron-right\"><\/span> \t\t\t\t\t\t\t\t<\/a>\n\t\t\t\t\t\t\t<\/div>\n\t\t\t\t\t    \t\t\t\t\t<\/div>\n\t\t\t\t<\/div>\n\t\t\t<\/div>\n\t\t<\/div>\n\t<\/div>\n<\/div><\/div><\/div><\/div><\/div>[\/vc_column][\/vc_row]<\/p>\n<div id=\"gtx-trans\" style=\"position: absolute; left: 0px; top: 987.312px;\">\n<div class=\"gtx-trans-icon\"><\/div>\n<\/div>\n<\/div>","protected":false},"excerpt":{"rendered":"Il n\u2019est pas toujours facile de faire correspondre les r\u00e9gimes d\u2019avantages sociaux aux besoins de votre organisation tout en tenant compte de l\u2019\u00e9volution constante de la main d\u2019\u0153uvre et de [...]","protected":false},"author":2,"featured_media":0,"parent":729,"menu_order":0,"comment_status":"closed","ping_status":"closed","template":"","meta":{"_acf_changed":false,"footnotes":""},"class_list":["post-730","page","type-page","status-publish","hentry"],"acf":[],"yoast_head":"<!-- This site is optimized with the Yoast SEO Premium plugin v26.8 (Yoast SEO v26.8) - https:\/\/yoast.com\/product\/yoast-seo-premium-wordpress\/ -->\n<title>Consultation Sur Les avantages Sociaux | Eckler<\/title>\n<meta name=\"description\" content=\"Notre objectif? Vous aider \u00e0 optimiser l\u2019investissement que vous effectuez dans vos avantages sociaux pour vous permettre d\u2019en tirer le maximum, tout en veillant \u00e0 ce que vos employ\u00e9s consid\u00e8rent cet investissement comme un aspect tr\u00e8s important de leur r\u00e9mun\u00e9ration globale.\" \/>\n<meta name=\"robots\" content=\"index, follow, max-snippet:-1, max-image-preview:large, max-video-preview:-1\" \/>\n<link rel=\"canonical\" href=\"https:\/\/www.eckler.ca\/services\/pensions-and-benefits-consulting\/benefits-consulting\/\" \/>\n<meta property=\"og:locale\" content=\"fr_FR\" \/>\n<meta property=\"og:type\" content=\"article\" \/>\n<meta property=\"og:title\" content=\"Consultation en avantages sociaux\" \/>\n<meta property=\"og:description\" content=\"Notre objectif? Vous aider \u00e0 optimiser l\u2019investissement que vous effectuez dans vos avantages sociaux pour vous permettre d\u2019en tirer le maximum, tout en veillant \u00e0 ce que vos employ\u00e9s consid\u00e8rent cet investissement comme un aspect tr\u00e8s important de leur r\u00e9mun\u00e9ration globale.\" \/>\n<meta property=\"og:url\" content=\"https:\/\/www.eckler.ca\/services\/pensions-and-benefits-consulting\/benefits-consulting\/\" \/>\n<meta property=\"og:site_name\" content=\"Eckler\" \/>\n<meta property=\"article:modified_time\" content=\"2024-05-01T15:13:25+00:00\" \/>\n<meta property=\"og:image\" content=\"https:\/\/www.eckler.ca\/app\/uploads\/2019\/03\/eckler-social.jpg\" \/>\n\t<meta property=\"og:image:width\" content=\"200\" \/>\n\t<meta property=\"og:image:height\" content=\"200\" \/>\n\t<meta property=\"og:image:type\" content=\"image\/jpeg\" \/>\n<meta name=\"twitter:card\" content=\"summary_large_image\" \/>\n<meta name=\"twitter:label1\" content=\"Est. reading time\" \/>\n\t<meta name=\"twitter:data1\" content=\"2 minutes\" \/>\n<script type=\"application\/ld+json\" class=\"yoast-schema-graph\">{\"@context\":\"https:\/\/schema.org\",\"@graph\":[{\"@type\":\"WebPage\",\"@id\":\"https:\/\/www.eckler.ca\/services\/pensions-and-benefits-consulting\/benefits-consulting\/\",\"url\":\"https:\/\/www.eckler.ca\/services\/pensions-and-benefits-consulting\/benefits-consulting\/\",\"name\":\"Consultation Sur Les avantages Sociaux | Eckler\",\"isPartOf\":{\"@id\":\"https:\/\/www.eckler.ca\/#website\"},\"datePublished\":\"2019-03-20T14:44:55+00:00\",\"dateModified\":\"2024-05-01T15:13:25+00:00\",\"description\":\"Notre objectif? Vous aider \u00e0 optimiser l\u2019investissement que vous effectuez dans vos avantages sociaux pour vous permettre d\u2019en tirer le maximum, tout en veillant \u00e0 ce que vos employ\u00e9s consid\u00e8rent cet investissement comme un aspect tr\u00e8s important de leur r\u00e9mun\u00e9ration globale.\",\"breadcrumb\":{\"@id\":\"https:\/\/www.eckler.ca\/services\/pensions-and-benefits-consulting\/benefits-consulting\/#breadcrumb\"},\"inLanguage\":\"fr-FR\",\"potentialAction\":[{\"@type\":\"ReadAction\",\"target\":[\"https:\/\/www.eckler.ca\/services\/pensions-and-benefits-consulting\/benefits-consulting\/\"]}]},{\"@type\":\"BreadcrumbList\",\"@id\":\"https:\/\/www.eckler.ca\/services\/pensions-and-benefits-consulting\/benefits-consulting\/#breadcrumb\",\"itemListElement\":[{\"@type\":\"ListItem\",\"position\":1,\"name\":\"Accueil\",\"item\":\"https:\/\/www.eckler.ca\/fr\/\"},{\"@type\":\"ListItem\",\"position\":2,\"name\":\"Services\",\"item\":\"https:\/\/www.eckler.ca\/fr\/services\/\"},{\"@type\":\"ListItem\",\"position\":3,\"name\":\"Consultation en r\u00e9gimes de retraite et en avantages sociaux\"}]},{\"@type\":\"WebSite\",\"@id\":\"https:\/\/www.eckler.ca\/#website\",\"url\":\"https:\/\/www.eckler.ca\/\",\"name\":\"Eckler\",\"description\":\"People-Powered Insights\",\"potentialAction\":[{\"@type\":\"SearchAction\",\"target\":{\"@type\":\"EntryPoint\",\"urlTemplate\":\"https:\/\/www.eckler.ca\/?s={search_term_string}\"},\"query-input\":{\"@type\":\"PropertyValueSpecification\",\"valueRequired\":true,\"valueName\":\"search_term_string\"}}],\"inLanguage\":\"fr-FR\"}]}<\/script>\n<!-- \/ Yoast SEO Premium plugin. -->","yoast_head_json":{"title":"Consultation Sur Les avantages Sociaux | Eckler","description":"Notre objectif? Vous aider \u00e0 optimiser l\u2019investissement que vous effectuez dans vos avantages sociaux pour vous permettre d\u2019en tirer le maximum, tout en veillant \u00e0 ce que vos employ\u00e9s consid\u00e8rent cet investissement comme un aspect tr\u00e8s important de leur r\u00e9mun\u00e9ration globale.","robots":{"index":"index","follow":"follow","max-snippet":"max-snippet:-1","max-image-preview":"max-image-preview:large","max-video-preview":"max-video-preview:-1"},"canonical":"https:\/\/www.eckler.ca\/services\/pensions-and-benefits-consulting\/benefits-consulting\/","og_locale":"fr_FR","og_type":"article","og_title":"Consultation en avantages sociaux","og_description":"Notre objectif? Vous aider \u00e0 optimiser l\u2019investissement que vous effectuez dans vos avantages sociaux pour vous permettre d\u2019en tirer le maximum, tout en veillant \u00e0 ce que vos employ\u00e9s consid\u00e8rent cet investissement comme un aspect tr\u00e8s important de leur r\u00e9mun\u00e9ration globale.","og_url":"https:\/\/www.eckler.ca\/services\/pensions-and-benefits-consulting\/benefits-consulting\/","og_site_name":"Eckler","article_modified_time":"2024-05-01T15:13:25+00:00","og_image":[{"width":200,"height":200,"url":"https:\/\/www.eckler.ca\/app\/uploads\/2019\/03\/eckler-social.jpg","type":"image\/jpeg"}],"twitter_card":"summary_large_image","twitter_misc":{"Est. reading time":"2 minutes"},"schema":{"@context":"https:\/\/schema.org","@graph":[{"@type":"WebPage","@id":"https:\/\/www.eckler.ca\/services\/pensions-and-benefits-consulting\/benefits-consulting\/","url":"https:\/\/www.eckler.ca\/services\/pensions-and-benefits-consulting\/benefits-consulting\/","name":"Consultation Sur Les avantages Sociaux | Eckler","isPartOf":{"@id":"https:\/\/www.eckler.ca\/#website"},"datePublished":"2019-03-20T14:44:55+00:00","dateModified":"2024-05-01T15:13:25+00:00","description":"Notre objectif? Vous aider \u00e0 optimiser l\u2019investissement que vous effectuez dans vos avantages sociaux pour vous permettre d\u2019en tirer le maximum, tout en veillant \u00e0 ce que vos employ\u00e9s consid\u00e8rent cet investissement comme un aspect tr\u00e8s important de leur r\u00e9mun\u00e9ration globale.","breadcrumb":{"@id":"https:\/\/www.eckler.ca\/services\/pensions-and-benefits-consulting\/benefits-consulting\/#breadcrumb"},"inLanguage":"fr-FR","potentialAction":[{"@type":"ReadAction","target":["https:\/\/www.eckler.ca\/services\/pensions-and-benefits-consulting\/benefits-consulting\/"]}]},{"@type":"BreadcrumbList","@id":"https:\/\/www.eckler.ca\/services\/pensions-and-benefits-consulting\/benefits-consulting\/#breadcrumb","itemListElement":[{"@type":"ListItem","position":1,"name":"Accueil","item":"https:\/\/www.eckler.ca\/fr\/"},{"@type":"ListItem","position":2,"name":"Services","item":"https:\/\/www.eckler.ca\/fr\/services\/"},{"@type":"ListItem","position":3,"name":"Consultation en r\u00e9gimes de retraite et en avantages sociaux"}]},{"@type":"WebSite","@id":"https:\/\/www.eckler.ca\/#website","url":"https:\/\/www.eckler.ca\/","name":"Eckler","description":"People-Powered Insights","potentialAction":[{"@type":"SearchAction","target":{"@type":"EntryPoint","urlTemplate":"https:\/\/www.eckler.ca\/?s={search_term_string}"},"query-input":{"@type":"PropertyValueSpecification","valueRequired":true,"valueName":"search_term_string"}}],"inLanguage":"fr-FR"}]}},"_links":{"self":[{"href":"https:\/\/www.eckler.ca\/fr\/wp-json\/wp\/v2\/pages\/730","targetHints":{"allow":["GET"]}}],"collection":[{"href":"https:\/\/www.eckler.ca\/fr\/wp-json\/wp\/v2\/pages"}],"about":[{"href":"https:\/\/www.eckler.ca\/fr\/wp-json\/wp\/v2\/types\/page"}],"author":[{"embeddable":true,"href":"https:\/\/www.eckler.ca\/fr\/wp-json\/wp\/v2\/users\/2"}],"replies":[{"embeddable":true,"href":"https:\/\/www.eckler.ca\/fr\/wp-json\/wp\/v2\/comments?post=730"}],"version-history":[{"count":11,"href":"https:\/\/www.eckler.ca\/fr\/wp-json\/wp\/v2\/pages\/730\/revisions"}],"predecessor-version":[{"id":14909,"href":"https:\/\/www.eckler.ca\/fr\/wp-json\/wp\/v2\/pages\/730\/revisions\/14909"}],"up":[{"embeddable":true,"href":"https:\/\/www.eckler.ca\/fr\/wp-json\/wp\/v2\/pages\/729"}],"wp:attachment":[{"href":"https:\/\/www.eckler.ca\/fr\/wp-json\/wp\/v2\/media?parent=730"}],"curies":[{"name":"wp","href":"https:\/\/api.w.org\/{rel}","templated":true}]}}