{"id":729,"date":"2019-03-15T13:18:34","date_gmt":"2019-03-15T13:18:34","guid":{"rendered":"https:\/\/www.eckler.ca\/pensions-and-benefits-consulting\/"},"modified":"2022-05-05T14:52:24","modified_gmt":"2022-05-05T18:52:24","slug":"pensions-and-benefits-consulting","status":"publish","type":"page","link":"https:\/\/www.eckler.ca\/fr\/services\/pensions-and-benefits-consulting\/","title":{"rendered":"Consultation en r\u00e9gimes de retraite et en avantages sociaux"},"content":{"rendered":"<div class=\"wpb-content-wrapper\"><p>[vc_row][vc_column][basic_container]<div class=\"templatera_shortcode\"><section class=\"services-container\">\n\t\t<div class=\"services-container-items\">\n\t\t<div class=\"services-item\">\n\t\t\t<a class=\"services-item-inner\" href=\"https:\/\/www.eckler.ca\/fr\/services\/pensions-and-benefits-consulting\/defined-benefit-pension-consulting\/\" rel=\"\" target=\"\" title=\"Consultation sur les r\u00e9gimes \u00e0 prestations d\u00e9termin\u00e9es\">\n\t\t\t\t\t\t\t\t\t\t\t<h4 class=\"h3 services-item-title\">Consultation sur les r\u00e9gimes \u00e0 prestations d\u00e9termin\u00e9es<\/h4>\n\t\t\t\t\t\t\t\t\t\t<p class=\"services-item-description\">Depuis plus de 90 ans, nous nous engageons \u00e0 fournir \u00e0 nos clients des conseils in\u00e9gal\u00e9s en mati\u00e8re de retraite.<\/p>\n\t\t\t\t\t\t\t\t\t\t<span class=\"btn btn-link services-item-button\">\n\t\t\t\t\tEn savoir plus<i class=\"icon-chevron-right\"><\/i> \t\t\t\t<\/span>\n\t\t\t\t\t\t<\/a>\n\t<\/div>\n<div class=\"services-item\">\n\t\t\t<a class=\"services-item-inner\" href=\"https:\/\/www.eckler.ca\/fr\/services\/pensions-and-benefits-consulting\/benefits-consulting\/\" rel=\"\" target=\"\" title=\"Consultation sur les avantages sociaux\">\n\t\t\t\t\t\t\t\t\t\t\t<h4 class=\"h3 services-item-title\">Consultation sur les avantages sociaux<\/h4>\n\t\t\t\t\t\t\t\t\t\t<p class=\"services-item-description\">Ce n\u2019est pas toujours facile d\u2019aligner les r\u00e9gimes d\u2019avantages sociaux et les politiques de votre organisation sur ses besoins et de concilier le tout avec une main-d\u2019\u0153uvre en \u00e9volution constante, qui, selon sa g\u00e9n\u00e9ration, accorde une importance diff\u00e9rente aux programmes d\u2019emploi.<\/p>\n\t\t\t\t\t\t\t\t\t\t<span class=\"btn btn-link services-item-button\">\n\t\t\t\t\tEn savoir plus<i class=\"icon-chevron-right\"><\/i> \t\t\t\t<\/span>\n\t\t\t\t\t\t<\/a>\n\t<\/div>\n<div class=\"services-item\">\n\t\t\t<a class=\"services-item-inner\" href=\"https:\/\/www.eckler.ca\/fr\/services\/pensions-and-benefits-consulting\/services-conseils-en-matiere-de-remuneration\/\" rel=\"\" target=\"\" title=\"Services-conseils en mati\u00e8re de r\u00e9mun\u00e9ration\">\n\t\t\t\t\t\t\t\t\t\t\t<h4 class=\"h3 services-item-title\">Services-conseils en mati\u00e8re de r\u00e9mun\u00e9ration<\/h4>\n\t\t\t\t\t\t\t\t\t\t<p class=\"services-item-description\">\u00c9laborer des solutions de r\u00e9compense pour s\u00e9curiser votre plus grand atout.<\/p>\n\t\t\t\t\t\t\t\t\t\t<span class=\"btn btn-link services-item-button\">\n\t\t\t\t\tEn savoir plus<i class=\"icon-chevron-right\"><\/i> \t\t\t\t<\/span>\n\t\t\t\t\t\t<\/a>\n\t<\/div>\n<div class=\"services-item\">\n\t\t\t<a class=\"services-item-inner\" href=\"https:\/\/www.eckler.ca\/fr\/services\/pensions-and-benefits-consulting\/https:\/\/www.eckler.ca\/fr\/services\/pensions-and-benefits-consulting\/services-conseils-en-matiere-de-remuneration\/\" rel=\"\" target=\"\" title=\"Consultation sur les avantages sociaux\">\n\t\t\t\t\t\t\t\t\t\t\t<h4 class=\"h3 services-item-title\">Consultation en r\u00e9gimes de retraite et en avantages sociaux<\/h4>\n\t\t\t\t\t\t\t\t\t\t<p class=\"services-item-description\">Strat\u00e9giser des solutions de r\u00e9compense pour s\u00e9curiser votre plus grand atout<\/p>\n\t\t\t\t\t\t\t\t\t\t<span class=\"btn btn-link services-item-button\">\n\t\t\t\t\tEn savoir plus<i class=\"icon-chevron-right\"><\/i> \t\t\t\t<\/span>\n\t\t\t\t\t\t<\/a>\n\t<\/div>\n<div class=\"services-item\">\n\t\t\t<a class=\"services-item-inner\" href=\"https:\/\/www.eckler.ca\/fr\/services\/pensions-and-benefits-consulting\/defined-contribution-dc-and-capital-accumulation-plans-cap-consulting\/\" rel=\"\" target=\"\" title=\"Consultation sur les r\u00e9gimes \u00e0 cotisations d\u00e9termin\u00e9es (CD) et les r\u00e9gimes de capitalisation\">\n\t\t\t\t\t\t\t\t\t\t\t<h4 class=\"h3 services-item-title\">Consultation sur les r\u00e9gimes CD et les r\u00e9gimes de capitalisation<\/h4>\n\t\t\t\t\t\t\t\t\t\t<p class=\"services-item-description\">Pouvez-vous \u00eatre s\u00fbr que les participants de votre r\u00e9gime \u00e9pargnent suffisamment en vue de la retraite? Nous croyons que oui.<\/p>\n\t\t\t\t\t\t\t\t\t\t<span class=\"btn btn-link services-item-button\">\n\t\t\t\t\tEn savoir plus<i class=\"icon-chevron-right\"><\/i> \t\t\t\t<\/span>\n\t\t\t\t\t\t<\/a>\n\t<\/div>\n<div class=\"services-item\">\n\t\t\t<a class=\"services-item-inner\" href=\"https:\/\/www.eckler.ca\/fr\/services\/pensions-and-benefits-consulting\/consultation-en-regimes-de-retraite-a-prestations-determinees-dorganismes-municipaux\/\" rel=\"\" target=\"\" title=\"Consultation sur les r\u00e9gimes \u00e0 cotisations d\u00e9termin\u00e9es (CD) et les r\u00e9gimes de capitalisation\">\n\t\t\t\t\t\t\t\t\t\t\t<h4 class=\"h3 services-item-title\">Consultation en r\u00e9gimes de retraite \u00e0 prestations d\u00e9termin\u00e9es d\u2019organismes municipaux<\/h4>\n\t\t\t\t\t\t\t\t\t\t<p class=\"services-item-description\">Les administrateurs de r\u00e9gimes de retraite parrain\u00e9s par des organismes municipaux font face \u00e0 de multiples d\u00e9fis.<\/p>\n\t\t\t\t\t\t\t\t\t\t<span class=\"btn btn-link services-item-button\">\n\t\t\t\t\tEn savoir plus<i class=\"icon-chevron-right\"><\/i> \t\t\t\t<\/span>\n\t\t\t\t\t\t<\/a>\n\t<\/div>\n<div class=\"services-item\">\n\t\t\t<a class=\"services-item-inner\" href=\"https:\/\/www.eckler.ca\/fr\/services\/pensions-and-benefits-consulting\/guided-outcomesmc-solutions-de-bien-etre-financier\/\" rel=\"\" target=\"\" title=\"Guided Outcomes\">\n\t\t\t\t\t\t\t\t\t\t\t<h4 class=\"h3 services-item-title\">Guided Outcomes<sup>MC<\/sup> : Solutions de bien-\u00eatre financier<\/h4>\n\t\t\t\t\t\t\t\t\t\t<p class=\"services-item-description\">Guided Outcomes\u2122 (GO) est une solution novatrice de gestion des r\u00e9gimes \u00e0 cotisations d\u00e9termin\u00e9es, vous offrant des outils pour aider vos employ\u00e9s \u00e0 \u00e9tablir \u2013 et \u00e0 atteindre \u2013 un objectif r\u00e9aliste en mati\u00e8re de revenu de retraite dans le but de concr\u00e9tiser leurs propres r\u00eaves de retraite, plut\u00f4t que d\u2019adh\u00e9rer \u00e0 un ratio de remplacement arbitrairement fix\u00e9 (bien que ce type de ratio soit commun\u00e9ment accept\u00e9).<\/p>\n\t\t\t\t\t\t\t\t\t\t<span class=\"btn btn-link services-item-button\">\n\t\t\t\t\tEn savoir plus<i class=\"icon-chevron-right\"><\/i> \t\t\t\t<\/span>\n\t\t\t\t\t\t<\/a>\n\t<\/div>\n<div class=\"services-item\">\n\t\t\t<a class=\"services-item-inner\" href=\"https:\/\/www.eckler.ca\/fr\/services\/pensions-and-benefits-consulting\/pension-administration\/\" rel=\"\" target=\"\" title=\"Administration des r\u00e9gimes de retraite\">\n\t\t\t\t\t\t\t\t\t\t\t<h4 class=\"h3 services-item-title\">Administration des r\u00e9gimes de retraite<\/h4>\n\t\t\t\t\t\t\t\t\t\t<p class=\"services-item-description\">C\u2019est pourquoi nos solutions administratives sont con\u00e7ues pour r\u00e9pondre aux besoins particuliers de chaque client.<\/p>\n\t\t\t\t\t\t\t\t\t\t<span class=\"btn btn-link services-item-button\">\n\t\t\t\t\tEn savoir plus<i class=\"icon-chevron-right\"><\/i> \t\t\t\t<\/span>\n\t\t\t\t\t\t<\/a>\n\t<\/div>\n<div class=\"services-item\">\n\t\t\t<a class=\"services-item-inner\" href=\"https:\/\/www.eckler.ca\/fr\/services\/pensions-and-benefits-consulting\/financial-modelling-alm\/\" rel=\"\" target=\"\" title=\"Mod\u00e9lisation financi\u00e8re \/ Gestion actif-passif\">\n\t\t\t\t\t\t\t\t\t\t\t<h4 class=\"h3 services-item-title\">Mod\u00e9lisation financi\u00e8re \/ Gestion actif-passif<\/h4>\n\t\t\t\t\t\t\t\t\t\t<p class=\"services-item-description\">Nous ne pouvons pas pr\u00e9dire l\u2019avenir, mais en mod\u00e9lisant les r\u00e9sultats potentiels, nous pouvons aider les r\u00e9gimes de retraite et d\u2019avantages sociaux \u00e0 s\u2019y pr\u00e9parer.<\/p>\n\t\t\t\t\t\t\t\t\t\t<span class=\"btn btn-link services-item-button\">\n\t\t\t\t\tEn savoir plus<i class=\"icon-chevron-right\"><\/i> \t\t\t\t<\/span>\n\t\t\t\t\t\t<\/a>\n\t<\/div>\n<div class=\"services-item\">\n\t\t\t<a class=\"services-item-inner\" href=\"https:\/\/www.eckler.ca\/fr\/services\/pensions-and-benefits-consulting\/risk-management\/\" rel=\"\" target=\"\" title=\"Gestion des risques\">\n\t\t\t\t\t\t\t\t\t\t\t<h4 class=\"h3 services-item-title\">Gestion des risques<\/h4>\n\t\t\t\t\t\t\t\t\t\t<p class=\"services-item-description\">Peu importe o\u00f9 vous vous situez sur le parcours de la r\u00e9duction des risques \u2013 \u00e9ducation, enqu\u00eate ou mise en \u0153uvre \u2013 notre \u00e9quipe s\u2019attache \u00e0 vous offrir des r\u00e9flexions, des connaissances et des ressources essentielles pour vous aider \u00e0 atteindre vos objectifs en mati\u00e8re de gestion des risques.<\/p>\n\t\t\t\t\t\t\t\t\t\t<span class=\"btn btn-link services-item-button\">\n\t\t\t\t\tEn savoir plus<i class=\"icon-chevron-right\"><\/i> \t\t\t\t<\/span>\n\t\t\t\t\t\t<\/a>\n\t<\/div>\n<div class=\"services-item\">\n\t\t\t<a class=\"services-item-inner\" href=\"https:\/\/www.eckler.ca\/fr\/services\/pensions-and-benefits-consulting\/communications\/\" rel=\"\" target=\"\" title=\"Communications\">\n\t\t\t\t\t\t\t\t\t\t\t<h4 class=\"h3 services-item-title\">Communications<\/h4>\n\t\t\t\t\t\t\t\t\t\t<p class=\"services-item-description\">Leaders prim\u00e9s dans le domaine des communications strat\u00e9giques, nous vous aidons \u00e0 mobiliser vos employ\u00e9s \u00e0 l\u2019\u00e9gard de vos programmes de r\u00e9mun\u00e9ration.<\/p>\n\t\t\t\t\t\t\t\t\t\t<span class=\"btn btn-link services-item-button\">\n\t\t\t\t\tEn savoir plus<i class=\"icon-chevron-right\"><\/i> \t\t\t\t<\/span>\n\t\t\t\t\t\t<\/a>\n\t<\/div>\n<div class=\"services-item\">\n\t\t\t<a class=\"services-item-inner\" href=\"https:\/\/www.eckler.ca\/fr\/services\/pensions-and-benefits-consulting\/governance\/\" rel=\"\" target=\"\" title=\"Gouvernance\">\n\t\t\t\t\t\t\t\t\t\t\t<h4 class=\"h3 services-item-title\">Gouvernance<\/h4>\n\t\t\t\t\t\t\t\t\t\t<p class=\"services-item-description\">Nous sommes fiers de notre capacit\u00e9 de simplifier les notions complexes, ce qui s\u2019applique particuli\u00e8rement aux efforts d\u00e9ploy\u00e9s pour vous aider \u00e0 accomplir vos t\u00e2ches de gouvernance conform\u00e9ment \u00e0 la l\u00e9gislation applicable, aux ententes de fiducies et aux pratiques optimales.<\/p>\n\t\t\t\t\t\t\t\t\t\t<span class=\"btn btn-link services-item-button\">\n\t\t\t\t\tEn savoir plus<i class=\"icon-chevron-right\"><\/i> \t\t\t\t<\/span>\n\t\t\t\t\t\t<\/a>\n\t<\/div>\n\n\t<\/div>\n<\/section>\n<\/div>[vc_empty_space height=&#8221;100px&#8221;][\/basic_container][\/vc_column][\/vc_row][vc_row][vc_column]<div class=\"templatera_shortcode\"><div class=\"vc_row wpb_row vc_row-fluid\"><div class=\"wpb_column vc_column_container vc_col-sm-12\"><div class=\"vc_column-inner\"><div class=\"wpb_wrapper\">\t<div class=\"row\">\n\t\t<div class=\"general-cta background-image-loading    image \"  data-src=\"<149:https:\/\/www.eckler.ca\/app\/uploads\/2019\/03\/bg-1-450x150.jpg,<319:https:\/\/www.eckler.ca\/app\/uploads\/2019\/03\/bg-1-960x320.jpg,<479:https:\/\/www.eckler.ca\/app\/uploads\/2019\/03\/bg-1-1440x480.jpg,<767:https:\/\/www.eckler.ca\/app\/uploads\/2019\/03\/bg-1-2200x733.jpg,<991:https:\/\/www.eckler.ca\/app\/uploads\/2019\/03\/bg-1-2200x733.jpg,<1199:https:\/\/www.eckler.ca\/app\/uploads\/2019\/03\/bg-1-2200x733.jpg,<1399:https:\/\/www.eckler.ca\/app\/uploads\/2019\/03\/bg-1-2200x733.jpg,<1599:https:\/\/www.eckler.ca\/app\/uploads\/2019\/03\/bg-1-2880x959.jpg,>1600:https:\/\/www.eckler.ca\/app\/uploads\/2019\/03\/bg-1-2880x959.jpg\">\n\t\t\t\t\t\t<div class=\"general-cta-overlay none\"><\/div>\n\t\t\t<div class=\"container\">\n\t\t\t\t<div class=\"row\">\n\t\t\t\t\t<div class=\"general-cta-box\">\n\t\t\t\t\t\t\t\t\t\t\t\t\t\t\t\t\t\t\t<div class=\"general-cta-content\">\n\t\t\t\t\t\t\t\t<h2 class=\"p1\" style=\"text-align: center;\"><span style=\"color: #ffffff;\">Enclenchons le dialogue<\/span><\/h2>\n<h3 class=\"p2\" style=\"text-align: center;\"><span style=\"color: #ffffff;\">Comment Pouvons Nous Aider<\/span><\/h3>\n\t\t\t\t\t\t\t<\/div>\n\t\t\t\t\t\t\t\t\t\t\t\t\t\t\t\t\t\t\t<div class=\"general-cta-button\">\n\t\t\t\t\t\t\t\t<a href=\"https:\/\/www.eckler.ca\/lets-talk\/\" target=\"\" class=\"btn btn-primary btn-solid\" title=\"Let\u2019s Talk\">\n\t\t\t\t\t\t\t\t\tParlons-en<span class=\"icon icon-chevron-right\"><\/span> \t\t\t\t\t\t\t\t<\/a>\n\t\t\t\t\t\t\t<\/div>\n\t\t\t\t\t    \t\t\t\t\t<\/div>\n\t\t\t\t<\/div>\n\t\t\t<\/div>\n\t\t<\/div>\n\t<\/div>\n<\/div><\/div><\/div><\/div><\/div>[\/vc_column][\/vc_row]<\/p>\n<\/div>","protected":false},"excerpt":{"rendered":"Consultation sur les r\u00e9gimes \u00e0 prestations d\u00e9termin\u00e9es Depuis plus de 90 ans, nous nous engageons \u00e0 fournir \u00e0 nos clients des conseils in\u00e9gal\u00e9s en mati\u00e8re de retraite. En savoir plus [...]","protected":false},"author":2,"featured_media":0,"parent":1120,"menu_order":0,"comment_status":"closed","ping_status":"closed","template":"","meta":{"_acf_changed":false,"footnotes":""},"class_list":["post-729","page","type-page","status-publish","hentry"],"acf":[],"yoast_head":"<!-- This site is optimized with the Yoast SEO Premium plugin v26.8 (Yoast SEO v26.8) - https:\/\/yoast.com\/product\/yoast-seo-premium-wordpress\/ -->\n<title>Consultation Sur les R\u00e9gimes de Retraite et les Avantages Sociaux | Eckler<\/title>\n<meta name=\"description\" content=\"Nous aidons \u00e0 optimiser les r\u00e9gimes de retraite et d\u2019avantages sociaux pour g\u00e9rer efficacement les opportunit\u00e9s d\u2019affaires, tout en maximisant le rendement de votre investissement et la valeur per\u00e7ue de vos r\u00e9gimes.\" \/>\n<meta name=\"robots\" content=\"index, follow, max-snippet:-1, max-image-preview:large, max-video-preview:-1\" \/>\n<link rel=\"canonical\" href=\"https:\/\/www.eckler.ca\/fr\/services\/pensions-and-benefits-consulting\/\" \/>\n<meta property=\"og:locale\" content=\"fr_FR\" \/>\n<meta property=\"og:type\" content=\"article\" \/>\n<meta property=\"og:title\" content=\"Consultation en r\u00e9gimes de retraite et en avantages sociaux\" \/>\n<meta property=\"og:description\" content=\"Nous aidons \u00e0 optimiser les r\u00e9gimes de retraite et d\u2019avantages sociaux pour g\u00e9rer efficacement les opportunit\u00e9s d\u2019affaires, tout en maximisant le rendement de votre investissement et la valeur per\u00e7ue de vos r\u00e9gimes.\" \/>\n<meta property=\"og:url\" content=\"https:\/\/www.eckler.ca\/fr\/services\/pensions-and-benefits-consulting\/\" \/>\n<meta property=\"og:site_name\" content=\"Eckler\" \/>\n<meta property=\"article:modified_time\" content=\"2022-05-05T18:52:24+00:00\" \/>\n<meta property=\"og:image\" content=\"https:\/\/www.eckler.ca\/app\/uploads\/2019\/03\/eckler-social.jpg\" \/>\n\t<meta property=\"og:image:width\" content=\"200\" \/>\n\t<meta property=\"og:image:height\" content=\"200\" \/>\n\t<meta property=\"og:image:type\" content=\"image\/jpeg\" \/>\n<meta name=\"twitter:card\" content=\"summary_large_image\" \/>\n<script type=\"application\/ld+json\" class=\"yoast-schema-graph\">{\"@context\":\"https:\/\/schema.org\",\"@graph\":[{\"@type\":\"WebPage\",\"@id\":\"https:\/\/www.eckler.ca\/fr\/services\/pensions-and-benefits-consulting\/\",\"url\":\"https:\/\/www.eckler.ca\/fr\/services\/pensions-and-benefits-consulting\/\",\"name\":\"Consultation Sur les R\u00e9gimes de Retraite et les Avantages Sociaux | Eckler\",\"isPartOf\":{\"@id\":\"https:\/\/www.eckler.ca\/#website\"},\"datePublished\":\"2019-03-15T13:18:34+00:00\",\"dateModified\":\"2022-05-05T18:52:24+00:00\",\"description\":\"Nous aidons \u00e0 optimiser les r\u00e9gimes de retraite et d\u2019avantages sociaux pour g\u00e9rer efficacement les opportunit\u00e9s d\u2019affaires, tout en maximisant le rendement de votre investissement et la valeur per\u00e7ue de vos r\u00e9gimes.\",\"breadcrumb\":{\"@id\":\"https:\/\/www.eckler.ca\/fr\/services\/pensions-and-benefits-consulting\/#breadcrumb\"},\"inLanguage\":\"fr-FR\",\"potentialAction\":[{\"@type\":\"ReadAction\",\"target\":[\"https:\/\/www.eckler.ca\/fr\/services\/pensions-and-benefits-consulting\/\"]}]},{\"@type\":\"BreadcrumbList\",\"@id\":\"https:\/\/www.eckler.ca\/fr\/services\/pensions-and-benefits-consulting\/#breadcrumb\",\"itemListElement\":[{\"@type\":\"ListItem\",\"position\":1,\"name\":\"Accueil\",\"item\":\"https:\/\/www.eckler.ca\/fr\/\"},{\"@type\":\"ListItem\",\"position\":2,\"name\":\"Services\"}]},{\"@type\":\"WebSite\",\"@id\":\"https:\/\/www.eckler.ca\/#website\",\"url\":\"https:\/\/www.eckler.ca\/\",\"name\":\"Eckler\",\"description\":\"People-Powered Insights\",\"potentialAction\":[{\"@type\":\"SearchAction\",\"target\":{\"@type\":\"EntryPoint\",\"urlTemplate\":\"https:\/\/www.eckler.ca\/?s={search_term_string}\"},\"query-input\":{\"@type\":\"PropertyValueSpecification\",\"valueRequired\":true,\"valueName\":\"search_term_string\"}}],\"inLanguage\":\"fr-FR\"}]}<\/script>\n<!-- \/ Yoast SEO Premium plugin. -->","yoast_head_json":{"title":"Consultation Sur les R\u00e9gimes de Retraite et les Avantages Sociaux | Eckler","description":"Nous aidons \u00e0 optimiser les r\u00e9gimes de retraite et d\u2019avantages sociaux pour g\u00e9rer efficacement les opportunit\u00e9s d\u2019affaires, tout en maximisant le rendement de votre investissement et la valeur per\u00e7ue de vos r\u00e9gimes.","robots":{"index":"index","follow":"follow","max-snippet":"max-snippet:-1","max-image-preview":"max-image-preview:large","max-video-preview":"max-video-preview:-1"},"canonical":"https:\/\/www.eckler.ca\/fr\/services\/pensions-and-benefits-consulting\/","og_locale":"fr_FR","og_type":"article","og_title":"Consultation en r\u00e9gimes de retraite et en avantages sociaux","og_description":"Nous aidons \u00e0 optimiser les r\u00e9gimes de retraite et d\u2019avantages sociaux pour g\u00e9rer efficacement les opportunit\u00e9s d\u2019affaires, tout en maximisant le rendement de votre investissement et la valeur per\u00e7ue de vos r\u00e9gimes.","og_url":"https:\/\/www.eckler.ca\/fr\/services\/pensions-and-benefits-consulting\/","og_site_name":"Eckler","article_modified_time":"2022-05-05T18:52:24+00:00","og_image":[{"width":200,"height":200,"url":"https:\/\/www.eckler.ca\/app\/uploads\/2019\/03\/eckler-social.jpg","type":"image\/jpeg"}],"twitter_card":"summary_large_image","schema":{"@context":"https:\/\/schema.org","@graph":[{"@type":"WebPage","@id":"https:\/\/www.eckler.ca\/fr\/services\/pensions-and-benefits-consulting\/","url":"https:\/\/www.eckler.ca\/fr\/services\/pensions-and-benefits-consulting\/","name":"Consultation Sur les R\u00e9gimes de Retraite et les Avantages Sociaux | Eckler","isPartOf":{"@id":"https:\/\/www.eckler.ca\/#website"},"datePublished":"2019-03-15T13:18:34+00:00","dateModified":"2022-05-05T18:52:24+00:00","description":"Nous aidons \u00e0 optimiser les r\u00e9gimes de retraite et d\u2019avantages sociaux pour g\u00e9rer efficacement les opportunit\u00e9s d\u2019affaires, tout en maximisant le rendement de votre investissement et la valeur per\u00e7ue de vos r\u00e9gimes.","breadcrumb":{"@id":"https:\/\/www.eckler.ca\/fr\/services\/pensions-and-benefits-consulting\/#breadcrumb"},"inLanguage":"fr-FR","potentialAction":[{"@type":"ReadAction","target":["https:\/\/www.eckler.ca\/fr\/services\/pensions-and-benefits-consulting\/"]}]},{"@type":"BreadcrumbList","@id":"https:\/\/www.eckler.ca\/fr\/services\/pensions-and-benefits-consulting\/#breadcrumb","itemListElement":[{"@type":"ListItem","position":1,"name":"Accueil","item":"https:\/\/www.eckler.ca\/fr\/"},{"@type":"ListItem","position":2,"name":"Services"}]},{"@type":"WebSite","@id":"https:\/\/www.eckler.ca\/#website","url":"https:\/\/www.eckler.ca\/","name":"Eckler","description":"People-Powered Insights","potentialAction":[{"@type":"SearchAction","target":{"@type":"EntryPoint","urlTemplate":"https:\/\/www.eckler.ca\/?s={search_term_string}"},"query-input":{"@type":"PropertyValueSpecification","valueRequired":true,"valueName":"search_term_string"}}],"inLanguage":"fr-FR"}]}},"_links":{"self":[{"href":"https:\/\/www.eckler.ca\/fr\/wp-json\/wp\/v2\/pages\/729","targetHints":{"allow":["GET"]}}],"collection":[{"href":"https:\/\/www.eckler.ca\/fr\/wp-json\/wp\/v2\/pages"}],"about":[{"href":"https:\/\/www.eckler.ca\/fr\/wp-json\/wp\/v2\/types\/page"}],"author":[{"embeddable":true,"href":"https:\/\/www.eckler.ca\/fr\/wp-json\/wp\/v2\/users\/2"}],"replies":[{"embeddable":true,"href":"https:\/\/www.eckler.ca\/fr\/wp-json\/wp\/v2\/comments?post=729"}],"version-history":[{"count":12,"href":"https:\/\/www.eckler.ca\/fr\/wp-json\/wp\/v2\/pages\/729\/revisions"}],"predecessor-version":[{"id":10186,"href":"https:\/\/www.eckler.ca\/fr\/wp-json\/wp\/v2\/pages\/729\/revisions\/10186"}],"up":[{"embeddable":true,"href":"https:\/\/www.eckler.ca\/fr\/wp-json\/wp\/v2\/pages\/1120"}],"wp:attachment":[{"href":"https:\/\/www.eckler.ca\/fr\/wp-json\/wp\/v2\/media?parent=729"}],"curies":[{"name":"wp","href":"https:\/\/api.w.org\/{rel}","templated":true}]}}