{"id":728,"date":"2019-03-20T16:20:14","date_gmt":"2019-03-20T16:20:14","guid":{"rendered":"https:\/\/www.eckler.ca\/investment-consulting\/"},"modified":"2024-12-18T13:25:22","modified_gmt":"2024-12-18T18:25:22","slug":"gestion-des-actifs","status":"publish","type":"page","link":"https:\/\/www.eckler.ca\/fr\/services\/gestion-des-actifs\/","title":{"rendered":"Consultation en gestion d&#8217;actifs"},"content":{"rendered":"<div class=\"wpb-content-wrapper\"><p>[vc_row][vc_column][basic_container container_size=&#8221;container container-narrow&#8221;][vc_column_text]<\/p>\n<h2>Des conseils ind\u00e9pendants et impartiaux.<\/h2>\n<p>Pourquoi devriez-vous y accorder de l\u2019importance? Parce que notre ind\u00e9pendance en mati\u00e8re de placements nous permet de vous fournir des conseils, sans g\u00e9rer les actifs. De cette fa\u00e7on, nos conseils \u00e0 l\u2019\u00e9gard de vos solutions de placements ne sont grev\u00e9s d\u2019aucun conflit d\u2019int\u00e9r\u00eats.<\/p>\n<p>En tant que fiduciaire, vous pouvez utiliser ces conseils pour concevoir un programme de placements et le g\u00e9rer prudemment.[\/vc_column_text][\/basic_container][\/vc_column][\/vc_row][vc_row][vc_column][basic_container container_size=&#8221;container container-narrow&#8221;][vc_column_text]<\/p>\n<h2>Gestion des risques?<\/h2>\n<p>Nous nous en occupons en d\u00e9terminant des objectifs de placement raisonnables et appropri\u00e9s, en \u00e9tablissant des strat\u00e9gies de r\u00e9partition de l\u2019actif \u00e0 long terme, en \u00e9laborant des politiques et des proc\u00e9dures de placement, en d\u00e9finissant et cr\u00e9ant des plans de mise en \u0153uvre, en s\u00e9lectionnant les gestionnaires des placements et les fonds, en \u00e9valuant le rendement du portefeuille et en surveillant son \u00e9volution, pour ne nommer que quelques mesures.<\/p>\n<p>Nous r\u00e9alisons aussi des \u00e9tudes actif-passif et des analyses de portefeuilles, \u00e0 l\u2019aide de m\u00e9thodes et de technologies de pointe.[\/vc_column_text][\/basic_container][\/vc_column][\/vc_row][vc_row][vc_column][basic_container container_size=&#8221;container container-narrow&#8221;][vc_column_text]<\/p>\n<h2>Voici un aper\u00e7u de nos services de consultation en gestion d&#8217;actifs :<\/h2>\n<ul>\n<li>Gouvernance et \u00e9ducation des fiduciaires<\/li>\n<li>\u00c9laboration de politiques de placement<\/li>\n<li>Mod\u00e9lisation actif-passif, y compris des conseils en placements guid\u00e9s par le passif<\/li>\n<li>\u00c9valuation, recherche et s\u00e9lection des gestionnaires<\/li>\n<li><a href=\"https:\/\/www.eckler.ca\/fr\/structure-de-gestion-deleguee-des-placements\/\">Structure de gestion d\u00e9l\u00e9gu\u00e9e des placements<\/a><\/li>\n<li>Analyse de portefeuilles<\/li>\n<li>\u00c9valuation du rendement<\/li>\n<li>Consultation en r\u00e9gimes d\u2019accumulation de capital<\/li>\n<li>Recherche et v\u00e9rification diligente<\/li>\n<li>Services de mise en \u0153uvre<\/li>\n<li>Renseignements et outils pour les participants<\/li>\n<\/ul>\n<p>[\/vc_column_text][vc_empty_space height=&#8221;100px&#8221;][\/basic_container]<div class=\"decorative-illustration align-left \">\n\t<span class=\"decoration five-flags\"><\/span>\n<\/div>\n[\/vc_column][\/vc_row][vc_row][vc_column]<div class=\"templatera_shortcode\"><div class=\"vc_row wpb_row vc_row-fluid\"><div class=\"wpb_column vc_column_container vc_col-sm-12\"><div class=\"vc_column-inner\"><div class=\"wpb_wrapper\">\t<div class=\"row\">\n\t\t<div class=\"general-cta background-image-loading    image \"  data-src=\"<149:https:\/\/www.eckler.ca\/app\/uploads\/2019\/03\/bg-1-450x150.jpg,<319:https:\/\/www.eckler.ca\/app\/uploads\/2019\/03\/bg-1-960x320.jpg,<479:https:\/\/www.eckler.ca\/app\/uploads\/2019\/03\/bg-1-1440x480.jpg,<767:https:\/\/www.eckler.ca\/app\/uploads\/2019\/03\/bg-1-2200x733.jpg,<991:https:\/\/www.eckler.ca\/app\/uploads\/2019\/03\/bg-1-2200x733.jpg,<1199:https:\/\/www.eckler.ca\/app\/uploads\/2019\/03\/bg-1-2200x733.jpg,<1399:https:\/\/www.eckler.ca\/app\/uploads\/2019\/03\/bg-1-2200x733.jpg,<1599:https:\/\/www.eckler.ca\/app\/uploads\/2019\/03\/bg-1-2880x959.jpg,>1600:https:\/\/www.eckler.ca\/app\/uploads\/2019\/03\/bg-1-2880x959.jpg\">\n\t\t\t\t\t\t<div class=\"general-cta-overlay none\"><\/div>\n\t\t\t<div class=\"container\">\n\t\t\t\t<div class=\"row\">\n\t\t\t\t\t<div class=\"general-cta-box\">\n\t\t\t\t\t\t\t\t\t\t\t\t\t\t\t\t\t\t\t<div class=\"general-cta-content\">\n\t\t\t\t\t\t\t\t<h2 class=\"p1\" style=\"text-align: center;\"><span style=\"color: #ffffff;\">Enclenchons le dialogue<\/span><\/h2>\n<h3 class=\"p2\" style=\"text-align: center;\"><span style=\"color: #ffffff;\">Comment Pouvons Nous Aider<\/span><\/h3>\n\t\t\t\t\t\t\t<\/div>\n\t\t\t\t\t\t\t\t\t\t\t\t\t\t\t\t\t\t\t<div class=\"general-cta-button\">\n\t\t\t\t\t\t\t\t<a href=\"https:\/\/www.eckler.ca\/lets-talk\/\" target=\"\" class=\"btn btn-primary btn-solid\" title=\"Let\u2019s Talk\">\n\t\t\t\t\t\t\t\t\tParlons-en<span class=\"icon icon-chevron-right\"><\/span> \t\t\t\t\t\t\t\t<\/a>\n\t\t\t\t\t\t\t<\/div>\n\t\t\t\t\t    \t\t\t\t\t<\/div>\n\t\t\t\t<\/div>\n\t\t\t<\/div>\n\t\t<\/div>\n\t<\/div>\n<\/div><\/div><\/div><\/div><\/div>[\/vc_column][\/vc_row]<\/p>\n<\/div>","protected":false},"excerpt":{"rendered":"Des conseils ind\u00e9pendants et impartiaux. Pourquoi devriez-vous y accorder de l\u2019importance? Parce que notre ind\u00e9pendance en mati\u00e8re de placements nous permet de vous fournir des conseils, sans g\u00e9rer les actifs. [...]","protected":false},"author":2,"featured_media":0,"parent":1120,"menu_order":0,"comment_status":"closed","ping_status":"closed","template":"","meta":{"_acf_changed":false,"footnotes":""},"class_list":["post-728","page","type-page","status-publish","hentry"],"acf":[],"yoast_head":"<!-- This site is optimized with the Yoast SEO Premium plugin v26.8 (Yoast SEO v26.8) - https:\/\/yoast.com\/product\/yoast-seo-premium-wordpress\/ -->\n<title>Consultation en gestion d&#039;actifs | Eckler<\/title>\n<meta name=\"description\" content=\"Des conseils ind\u00e9pendants et impartiaux. En tant que fiduciaires, vous pouvez utiliser ces conseils pour concevoir un programme d\u2019investissements et le g\u00e9rer prudemment.\" \/>\n<meta name=\"robots\" content=\"index, follow, max-snippet:-1, max-image-preview:large, max-video-preview:-1\" \/>\n<link rel=\"canonical\" href=\"https:\/\/www.eckler.ca\/fr\/services\/gestion-des-actifs\/\" \/>\n<meta property=\"og:locale\" content=\"fr_FR\" \/>\n<meta property=\"og:type\" content=\"article\" \/>\n<meta property=\"og:title\" content=\"Consultation en gestion d&#039;actifs\" \/>\n<meta property=\"og:description\" content=\"Des conseils ind\u00e9pendants et impartiaux. En tant que fiduciaires, vous pouvez utiliser ces conseils pour concevoir un programme d\u2019investissements et le g\u00e9rer prudemment.\" \/>\n<meta property=\"og:url\" content=\"https:\/\/www.eckler.ca\/fr\/services\/gestion-des-actifs\/\" \/>\n<meta property=\"og:site_name\" content=\"Eckler\" \/>\n<meta property=\"article:modified_time\" content=\"2024-12-18T18:25:22+00:00\" \/>\n<meta property=\"og:image\" content=\"https:\/\/www.eckler.ca\/app\/uploads\/2019\/03\/eckler-social.jpg\" \/>\n\t<meta property=\"og:image:width\" content=\"200\" \/>\n\t<meta property=\"og:image:height\" content=\"200\" \/>\n\t<meta property=\"og:image:type\" content=\"image\/jpeg\" \/>\n<meta name=\"twitter:card\" content=\"summary_large_image\" \/>\n<meta name=\"twitter:label1\" content=\"Est. reading time\" \/>\n\t<meta name=\"twitter:data1\" content=\"2 minutes\" \/>\n<script type=\"application\/ld+json\" class=\"yoast-schema-graph\">{\"@context\":\"https:\/\/schema.org\",\"@graph\":[{\"@type\":\"WebPage\",\"@id\":\"https:\/\/www.eckler.ca\/fr\/services\/gestion-des-actifs\/\",\"url\":\"https:\/\/www.eckler.ca\/fr\/services\/gestion-des-actifs\/\",\"name\":\"Consultation en gestion d'actifs | Eckler\",\"isPartOf\":{\"@id\":\"https:\/\/www.eckler.ca\/#website\"},\"datePublished\":\"2019-03-20T16:20:14+00:00\",\"dateModified\":\"2024-12-18T18:25:22+00:00\",\"description\":\"Des conseils ind\u00e9pendants et impartiaux. En tant que fiduciaires, vous pouvez utiliser ces conseils pour concevoir un programme d\u2019investissements et le g\u00e9rer prudemment.\",\"breadcrumb\":{\"@id\":\"https:\/\/www.eckler.ca\/fr\/services\/gestion-des-actifs\/#breadcrumb\"},\"inLanguage\":\"fr-FR\",\"potentialAction\":[{\"@type\":\"ReadAction\",\"target\":[\"https:\/\/www.eckler.ca\/fr\/services\/gestion-des-actifs\/\"]}]},{\"@type\":\"BreadcrumbList\",\"@id\":\"https:\/\/www.eckler.ca\/fr\/services\/gestion-des-actifs\/#breadcrumb\",\"itemListElement\":[{\"@type\":\"ListItem\",\"position\":1,\"name\":\"Accueil\",\"item\":\"https:\/\/www.eckler.ca\/fr\/\"},{\"@type\":\"ListItem\",\"position\":2,\"name\":\"Services\"}]},{\"@type\":\"WebSite\",\"@id\":\"https:\/\/www.eckler.ca\/#website\",\"url\":\"https:\/\/www.eckler.ca\/\",\"name\":\"Eckler\",\"description\":\"People-Powered Insights\",\"potentialAction\":[{\"@type\":\"SearchAction\",\"target\":{\"@type\":\"EntryPoint\",\"urlTemplate\":\"https:\/\/www.eckler.ca\/?s={search_term_string}\"},\"query-input\":{\"@type\":\"PropertyValueSpecification\",\"valueRequired\":true,\"valueName\":\"search_term_string\"}}],\"inLanguage\":\"fr-FR\"}]}<\/script>\n<!-- \/ Yoast SEO Premium plugin. -->","yoast_head_json":{"title":"Consultation en gestion d'actifs | Eckler","description":"Des conseils ind\u00e9pendants et impartiaux. En tant que fiduciaires, vous pouvez utiliser ces conseils pour concevoir un programme d\u2019investissements et le g\u00e9rer prudemment.","robots":{"index":"index","follow":"follow","max-snippet":"max-snippet:-1","max-image-preview":"max-image-preview:large","max-video-preview":"max-video-preview:-1"},"canonical":"https:\/\/www.eckler.ca\/fr\/services\/gestion-des-actifs\/","og_locale":"fr_FR","og_type":"article","og_title":"Consultation en gestion d'actifs","og_description":"Des conseils ind\u00e9pendants et impartiaux. En tant que fiduciaires, vous pouvez utiliser ces conseils pour concevoir un programme d\u2019investissements et le g\u00e9rer prudemment.","og_url":"https:\/\/www.eckler.ca\/fr\/services\/gestion-des-actifs\/","og_site_name":"Eckler","article_modified_time":"2024-12-18T18:25:22+00:00","og_image":[{"width":200,"height":200,"url":"https:\/\/www.eckler.ca\/app\/uploads\/2019\/03\/eckler-social.jpg","type":"image\/jpeg"}],"twitter_card":"summary_large_image","twitter_misc":{"Est. reading time":"2 minutes"},"schema":{"@context":"https:\/\/schema.org","@graph":[{"@type":"WebPage","@id":"https:\/\/www.eckler.ca\/fr\/services\/gestion-des-actifs\/","url":"https:\/\/www.eckler.ca\/fr\/services\/gestion-des-actifs\/","name":"Consultation en gestion d'actifs | Eckler","isPartOf":{"@id":"https:\/\/www.eckler.ca\/#website"},"datePublished":"2019-03-20T16:20:14+00:00","dateModified":"2024-12-18T18:25:22+00:00","description":"Des conseils ind\u00e9pendants et impartiaux. En tant que fiduciaires, vous pouvez utiliser ces conseils pour concevoir un programme d\u2019investissements et le g\u00e9rer prudemment.","breadcrumb":{"@id":"https:\/\/www.eckler.ca\/fr\/services\/gestion-des-actifs\/#breadcrumb"},"inLanguage":"fr-FR","potentialAction":[{"@type":"ReadAction","target":["https:\/\/www.eckler.ca\/fr\/services\/gestion-des-actifs\/"]}]},{"@type":"BreadcrumbList","@id":"https:\/\/www.eckler.ca\/fr\/services\/gestion-des-actifs\/#breadcrumb","itemListElement":[{"@type":"ListItem","position":1,"name":"Accueil","item":"https:\/\/www.eckler.ca\/fr\/"},{"@type":"ListItem","position":2,"name":"Services"}]},{"@type":"WebSite","@id":"https:\/\/www.eckler.ca\/#website","url":"https:\/\/www.eckler.ca\/","name":"Eckler","description":"People-Powered Insights","potentialAction":[{"@type":"SearchAction","target":{"@type":"EntryPoint","urlTemplate":"https:\/\/www.eckler.ca\/?s={search_term_string}"},"query-input":{"@type":"PropertyValueSpecification","valueRequired":true,"valueName":"search_term_string"}}],"inLanguage":"fr-FR"}]}},"_links":{"self":[{"href":"https:\/\/www.eckler.ca\/fr\/wp-json\/wp\/v2\/pages\/728","targetHints":{"allow":["GET"]}}],"collection":[{"href":"https:\/\/www.eckler.ca\/fr\/wp-json\/wp\/v2\/pages"}],"about":[{"href":"https:\/\/www.eckler.ca\/fr\/wp-json\/wp\/v2\/types\/page"}],"author":[{"embeddable":true,"href":"https:\/\/www.eckler.ca\/fr\/wp-json\/wp\/v2\/users\/2"}],"replies":[{"embeddable":true,"href":"https:\/\/www.eckler.ca\/fr\/wp-json\/wp\/v2\/comments?post=728"}],"version-history":[{"count":19,"href":"https:\/\/www.eckler.ca\/fr\/wp-json\/wp\/v2\/pages\/728\/revisions"}],"predecessor-version":[{"id":16252,"href":"https:\/\/www.eckler.ca\/fr\/wp-json\/wp\/v2\/pages\/728\/revisions\/16252"}],"up":[{"embeddable":true,"href":"https:\/\/www.eckler.ca\/fr\/wp-json\/wp\/v2\/pages\/1120"}],"wp:attachment":[{"href":"https:\/\/www.eckler.ca\/fr\/wp-json\/wp\/v2\/media?parent=728"}],"curies":[{"name":"wp","href":"https:\/\/api.w.org\/{rel}","templated":true}]}}