{"id":727,"date":"2019-03-20T16:43:21","date_gmt":"2019-03-20T16:43:21","guid":{"rendered":"https:\/\/www.eckler.ca\/insurance-consulting\/property-and-casualty-insurance\/"},"modified":"2020-06-02T09:32:14","modified_gmt":"2020-06-02T13:32:14","slug":"property-and-casualty-insurance","status":"publish","type":"page","link":"https:\/\/www.eckler.ca\/fr\/services\/insurance-consulting\/property-and-casualty-insurance\/","title":{"rendered":"Assurance dommages"},"content":{"rendered":"<div class=\"wpb-content-wrapper\"><p>[vc_row][vc_column][basic_container container_size=&#8221;container container-narrow&#8221;][vc_column_text]<\/p>\n<h2>La solidit\u00e9 et la capacit\u00e9 de notre \u00e9quipe de conseillers en assurance dommages sont in\u00e9gal\u00e9es au Canada et dans les Cara\u00efbes.<\/h2>\n<p>Regroupant plus de 24 actuaires conseillers, dont la moiti\u00e9 sont des Fellows de l\u2019Institut canadien des actuaires (ou l\u2019\u00e9quivalent au Royaume-Uni), notre \u00e9quipe d\u00e9tient les comp\u00e9tences et les connaissances n\u00e9cessaires pour r\u00e9pondre \u00e0 tous les probl\u00e8mes d\u2019assurance, m\u00eame les plus complexes. Et nous pouvons le faire en anglais, en fran\u00e7ais et en espagnol.<\/p>\n<p>Dot\u00e9e d\u2019ant\u00e9c\u00e9dents vari\u00e9s et d\u2019une vaste exp\u00e9rience en assurance, les membres de notre \u00e9quipe sont des experts dans les domaines des rapports financiers, de la simulation de crise et de la mod\u00e9lisation, de la tarification, de la mod\u00e9lisation pr\u00e9dictive, de l\u2019\u00e9tablissement de taux \u00e0 plusieurs variables et de la constitution de r\u00e9serves.<\/p>\n<p>Nous sommes des experts de dans tous les secteurs d\u2019activit\u00e9 ainsi que dans les r\u00e9gimes priv\u00e9s et publics.<\/p>\n<p>Parmi nos clients figurent des companies d\u2019assurance dommages, des r\u00e9assureurs et des compagnies d\u2019assurance captives, des associations professionnelles et commerciales, des banques et des soci\u00e9t\u00e9s de fiducie, des organismes de r\u00e9glementation, des v\u00e9rificateurs ainsi que des institutions publiques.<\/p>\n<p>Nous sommes fiers d\u2019agir comme cabinet d\u2019actuaires attitr\u00e9 aupr\u00e8s de plus de 40 compagnies d\u2019assurance canadiennes.[\/vc_column_text][\/basic_container][\/vc_column][\/vc_row][vc_row][vc_column][basic_container container_size=&#8221;container container-narrow&#8221;][vc_column_text]<\/p>\n<h2>Nous offrons les services suivants dans le domaine de l&#8217;assurance dommages :<\/h2>\n<ul>\n<li>Actuariat attitr\u00e9<\/li>\n<li>Gestion du capital<\/li>\n<li>D\u00e9mutualisation<\/li>\n<li>Examen dynamique de suffisance du capital<\/li>\n<li>Mod\u00e9lisation du capital \u00e9conomique<\/li>\n<li>Rapports financiers et autres \/ IFRS<\/li>\n<li>\u00c9valuations ind\u00e9pendantes par des pairs<\/li>\n<li>Fusions et acquisitions<\/li>\n<li>D\u00e9p\u00f4ts r\u00e9glementaires relativfs \u00e0 l\u2019assurance automobile et d\u00e9fense<\/li>\n<li>\u00c9valuation interne du risque et de la solvabilit\u00e9<\/li>\n<li>Gestion de la liquidation de sinistres<\/li>\n<li>Analyses pr\u00e9dictives \u00e0 l\u2019appui d\u2019initiatives de marketing, de souscription et de tarification<\/li>\n<li>D\u00e9veloppement et tarification de produits \/analyse de la tarification de la concurrence<\/li>\n<\/ul>\n<p>[\/vc_column_text][vc_empty_space height=&#8221;100px&#8221;][\/basic_container][\/vc_column][\/vc_row][vc_row][vc_column]<div class=\"templatera_shortcode\"><div class=\"vc_row wpb_row vc_row-fluid\"><div class=\"wpb_column vc_column_container vc_col-sm-12\"><div class=\"vc_column-inner\"><div class=\"wpb_wrapper\">\t<div class=\"row\">\n\t\t<div class=\"general-cta background-image-loading    image \"  data-src=\"<149:https:\/\/www.eckler.ca\/app\/uploads\/2019\/03\/bg-1-450x150.jpg,<319:https:\/\/www.eckler.ca\/app\/uploads\/2019\/03\/bg-1-960x320.jpg,<479:https:\/\/www.eckler.ca\/app\/uploads\/2019\/03\/bg-1-1440x480.jpg,<767:https:\/\/www.eckler.ca\/app\/uploads\/2019\/03\/bg-1-2200x733.jpg,<991:https:\/\/www.eckler.ca\/app\/uploads\/2019\/03\/bg-1-2200x733.jpg,<1199:https:\/\/www.eckler.ca\/app\/uploads\/2019\/03\/bg-1-2200x733.jpg,<1399:https:\/\/www.eckler.ca\/app\/uploads\/2019\/03\/bg-1-2200x733.jpg,<1599:https:\/\/www.eckler.ca\/app\/uploads\/2019\/03\/bg-1-2880x959.jpg,>1600:https:\/\/www.eckler.ca\/app\/uploads\/2019\/03\/bg-1-2880x959.jpg\">\n\t\t\t\t\t\t<div class=\"general-cta-overlay none\"><\/div>\n\t\t\t<div class=\"container\">\n\t\t\t\t<div class=\"row\">\n\t\t\t\t\t<div class=\"general-cta-box\">\n\t\t\t\t\t\t\t\t\t\t\t\t\t\t\t\t\t\t\t<div class=\"general-cta-content\">\n\t\t\t\t\t\t\t\t<h2 style=\"text-align: center;\"><span style=\"color: #ffffff;\">Let's Start a Conversation<\/span><\/h2>\n<h3 style=\"text-align: center;\"><span style=\"color: #ffffff;\">How Can We Help?<\/span><\/h3>\n\t\t\t\t\t\t\t<\/div>\n\t\t\t\t\t\t\t\t\t\t\t\t\t\t\t\t\t\t\t<div class=\"general-cta-button\">\n\t\t\t\t\t\t\t\t<a href=\"https:\/\/www.eckler.ca\/lets-talk\/\" target=\"\" class=\"btn btn-primary btn-solid\" title=\"Let\u2019s Talk\">\n\t\t\t\t\t\t\t\t\tLet's Talk<span class=\"icon icon-chevron-right\"><\/span> \t\t\t\t\t\t\t\t<\/a>\n\t\t\t\t\t\t\t<\/div>\n\t\t\t\t\t    \t\t\t\t\t<\/div>\n\t\t\t\t<\/div>\n\t\t\t<\/div>\n\t\t<\/div>\n\t<\/div>\n<\/div><\/div><\/div><\/div><\/div>[\/vc_column][\/vc_row]<\/p>\n<\/div>","protected":false},"excerpt":{"rendered":"La solidit\u00e9 et la capacit\u00e9 de notre \u00e9quipe de conseillers en assurance dommages sont in\u00e9gal\u00e9es au Canada et dans les Cara\u00efbes. Regroupant plus de 24 actuaires conseillers, dont la moiti\u00e9 [...]","protected":false},"author":2,"featured_media":0,"parent":699,"menu_order":0,"comment_status":"closed","ping_status":"closed","template":"","meta":{"_acf_changed":false,"footnotes":""},"class_list":["post-727","page","type-page","status-publish","hentry"],"acf":[],"yoast_head":"<!-- This site is optimized with the Yoast SEO Premium plugin v26.8 (Yoast SEO v26.8) - https:\/\/yoast.com\/product\/yoast-seo-premium-wordpress\/ -->\n<title>Assurances de Dommages | Eckler<\/title>\n<meta name=\"description\" content=\"La solidit\u00e9 et la capacit\u00e9 de notre \u00e9quipe de conseillers en assurances de dommages sont in\u00e9gal\u00e9es au Canada et dans les Cara\u00efbes.\" \/>\n<meta name=\"robots\" content=\"index, follow, max-snippet:-1, max-image-preview:large, max-video-preview:-1\" \/>\n<link rel=\"canonical\" href=\"https:\/\/www.eckler.ca\/fr\/services\/insurance-consulting\/property-and-casualty-insurance\/\" \/>\n<meta property=\"og:locale\" content=\"fr_FR\" \/>\n<meta property=\"og:type\" content=\"article\" \/>\n<meta property=\"og:title\" content=\"Assurance dommages\" \/>\n<meta property=\"og:description\" content=\"La solidit\u00e9 et la capacit\u00e9 de notre \u00e9quipe de conseillers en assurances de dommages sont in\u00e9gal\u00e9es au Canada et dans les Cara\u00efbes.\" \/>\n<meta property=\"og:url\" content=\"https:\/\/www.eckler.ca\/fr\/services\/insurance-consulting\/property-and-casualty-insurance\/\" \/>\n<meta property=\"og:site_name\" content=\"Eckler\" \/>\n<meta property=\"article:modified_time\" content=\"2020-06-02T13:32:14+00:00\" \/>\n<meta property=\"og:image\" content=\"https:\/\/www.eckler.ca\/app\/uploads\/2019\/03\/eckler-social.jpg\" \/>\n\t<meta property=\"og:image:width\" content=\"200\" \/>\n\t<meta property=\"og:image:height\" content=\"200\" \/>\n\t<meta property=\"og:image:type\" content=\"image\/jpeg\" \/>\n<meta name=\"twitter:card\" content=\"summary_large_image\" \/>\n<meta name=\"twitter:label1\" content=\"Est. reading time\" \/>\n\t<meta name=\"twitter:data1\" content=\"2 minutes\" \/>\n<script type=\"application\/ld+json\" class=\"yoast-schema-graph\">{\"@context\":\"https:\/\/schema.org\",\"@graph\":[{\"@type\":\"WebPage\",\"@id\":\"https:\/\/www.eckler.ca\/fr\/services\/insurance-consulting\/property-and-casualty-insurance\/\",\"url\":\"https:\/\/www.eckler.ca\/fr\/services\/insurance-consulting\/property-and-casualty-insurance\/\",\"name\":\"Assurances de Dommages | Eckler\",\"isPartOf\":{\"@id\":\"https:\/\/www.eckler.ca\/#website\"},\"datePublished\":\"2019-03-20T16:43:21+00:00\",\"dateModified\":\"2020-06-02T13:32:14+00:00\",\"description\":\"La solidit\u00e9 et la capacit\u00e9 de notre \u00e9quipe de conseillers en assurances de dommages sont in\u00e9gal\u00e9es au Canada et dans les Cara\u00efbes.\",\"breadcrumb\":{\"@id\":\"https:\/\/www.eckler.ca\/fr\/services\/insurance-consulting\/property-and-casualty-insurance\/#breadcrumb\"},\"inLanguage\":\"fr-FR\",\"potentialAction\":[{\"@type\":\"ReadAction\",\"target\":[\"https:\/\/www.eckler.ca\/fr\/services\/insurance-consulting\/property-and-casualty-insurance\/\"]}]},{\"@type\":\"BreadcrumbList\",\"@id\":\"https:\/\/www.eckler.ca\/fr\/services\/insurance-consulting\/property-and-casualty-insurance\/#breadcrumb\",\"itemListElement\":[{\"@type\":\"ListItem\",\"position\":1,\"name\":\"Accueil\",\"item\":\"https:\/\/www.eckler.ca\/fr\/\"},{\"@type\":\"ListItem\",\"position\":2,\"name\":\"Services\",\"item\":\"https:\/\/www.eckler.ca\/fr\/services\/\"},{\"@type\":\"ListItem\",\"position\":3,\"name\":\"Consultation en assurances\"}]},{\"@type\":\"WebSite\",\"@id\":\"https:\/\/www.eckler.ca\/#website\",\"url\":\"https:\/\/www.eckler.ca\/\",\"name\":\"Eckler\",\"description\":\"People-Powered Insights\",\"potentialAction\":[{\"@type\":\"SearchAction\",\"target\":{\"@type\":\"EntryPoint\",\"urlTemplate\":\"https:\/\/www.eckler.ca\/?s={search_term_string}\"},\"query-input\":{\"@type\":\"PropertyValueSpecification\",\"valueRequired\":true,\"valueName\":\"search_term_string\"}}],\"inLanguage\":\"fr-FR\"}]}<\/script>\n<!-- \/ Yoast SEO Premium plugin. -->","yoast_head_json":{"title":"Assurances de Dommages | Eckler","description":"La solidit\u00e9 et la capacit\u00e9 de notre \u00e9quipe de conseillers en assurances de dommages sont in\u00e9gal\u00e9es au Canada et dans les Cara\u00efbes.","robots":{"index":"index","follow":"follow","max-snippet":"max-snippet:-1","max-image-preview":"max-image-preview:large","max-video-preview":"max-video-preview:-1"},"canonical":"https:\/\/www.eckler.ca\/fr\/services\/insurance-consulting\/property-and-casualty-insurance\/","og_locale":"fr_FR","og_type":"article","og_title":"Assurance dommages","og_description":"La solidit\u00e9 et la capacit\u00e9 de notre \u00e9quipe de conseillers en assurances de dommages sont in\u00e9gal\u00e9es au Canada et dans les Cara\u00efbes.","og_url":"https:\/\/www.eckler.ca\/fr\/services\/insurance-consulting\/property-and-casualty-insurance\/","og_site_name":"Eckler","article_modified_time":"2020-06-02T13:32:14+00:00","og_image":[{"width":200,"height":200,"url":"https:\/\/www.eckler.ca\/app\/uploads\/2019\/03\/eckler-social.jpg","type":"image\/jpeg"}],"twitter_card":"summary_large_image","twitter_misc":{"Est. reading time":"2 minutes"},"schema":{"@context":"https:\/\/schema.org","@graph":[{"@type":"WebPage","@id":"https:\/\/www.eckler.ca\/fr\/services\/insurance-consulting\/property-and-casualty-insurance\/","url":"https:\/\/www.eckler.ca\/fr\/services\/insurance-consulting\/property-and-casualty-insurance\/","name":"Assurances de Dommages | Eckler","isPartOf":{"@id":"https:\/\/www.eckler.ca\/#website"},"datePublished":"2019-03-20T16:43:21+00:00","dateModified":"2020-06-02T13:32:14+00:00","description":"La solidit\u00e9 et la capacit\u00e9 de notre \u00e9quipe de conseillers en assurances de dommages sont in\u00e9gal\u00e9es au Canada et dans les Cara\u00efbes.","breadcrumb":{"@id":"https:\/\/www.eckler.ca\/fr\/services\/insurance-consulting\/property-and-casualty-insurance\/#breadcrumb"},"inLanguage":"fr-FR","potentialAction":[{"@type":"ReadAction","target":["https:\/\/www.eckler.ca\/fr\/services\/insurance-consulting\/property-and-casualty-insurance\/"]}]},{"@type":"BreadcrumbList","@id":"https:\/\/www.eckler.ca\/fr\/services\/insurance-consulting\/property-and-casualty-insurance\/#breadcrumb","itemListElement":[{"@type":"ListItem","position":1,"name":"Accueil","item":"https:\/\/www.eckler.ca\/fr\/"},{"@type":"ListItem","position":2,"name":"Services","item":"https:\/\/www.eckler.ca\/fr\/services\/"},{"@type":"ListItem","position":3,"name":"Consultation en assurances"}]},{"@type":"WebSite","@id":"https:\/\/www.eckler.ca\/#website","url":"https:\/\/www.eckler.ca\/","name":"Eckler","description":"People-Powered Insights","potentialAction":[{"@type":"SearchAction","target":{"@type":"EntryPoint","urlTemplate":"https:\/\/www.eckler.ca\/?s={search_term_string}"},"query-input":{"@type":"PropertyValueSpecification","valueRequired":true,"valueName":"search_term_string"}}],"inLanguage":"fr-FR"}]}},"_links":{"self":[{"href":"https:\/\/www.eckler.ca\/fr\/wp-json\/wp\/v2\/pages\/727","targetHints":{"allow":["GET"]}}],"collection":[{"href":"https:\/\/www.eckler.ca\/fr\/wp-json\/wp\/v2\/pages"}],"about":[{"href":"https:\/\/www.eckler.ca\/fr\/wp-json\/wp\/v2\/types\/page"}],"author":[{"embeddable":true,"href":"https:\/\/www.eckler.ca\/fr\/wp-json\/wp\/v2\/users\/2"}],"replies":[{"embeddable":true,"href":"https:\/\/www.eckler.ca\/fr\/wp-json\/wp\/v2\/comments?post=727"}],"version-history":[{"count":11,"href":"https:\/\/www.eckler.ca\/fr\/wp-json\/wp\/v2\/pages\/727\/revisions"}],"predecessor-version":[{"id":6231,"href":"https:\/\/www.eckler.ca\/fr\/wp-json\/wp\/v2\/pages\/727\/revisions\/6231"}],"up":[{"embeddable":true,"href":"https:\/\/www.eckler.ca\/fr\/wp-json\/wp\/v2\/pages\/699"}],"wp:attachment":[{"href":"https:\/\/www.eckler.ca\/fr\/wp-json\/wp\/v2\/media?parent=727"}],"curies":[{"name":"wp","href":"https:\/\/api.w.org\/{rel}","templated":true}]}}