{"id":726,"date":"2019-03-20T16:39:55","date_gmt":"2019-03-20T16:39:55","guid":{"rendered":"https:\/\/www.eckler.ca\/insurance-consulting\/life-insurance\/"},"modified":"2020-06-02T09:21:44","modified_gmt":"2020-06-02T13:21:44","slug":"life-insurance","status":"publish","type":"page","link":"https:\/\/www.eckler.ca\/fr\/services\/insurance-consulting\/life-insurance\/","title":{"rendered":"Assurance-vie"},"content":{"rendered":"<div class=\"wpb-content-wrapper\"><p>[vc_row][vc_column][basic_container container_size=&#8221;container container-narrow&#8221;][vc_column_text]<\/p>\n<h2>Comptant sur une \u00e9quipe de plus de 30 professionnels, notre pratique dynamique d\u2019assurance-vie exerce ses activit\u00e9s au Canada et dans les Cara\u00efbes.<\/h2>\n<p>Forte d\u2019une \u00e9quipe de plus de 30 professionnels, notre pratique dynamique d\u2019assurance-vie exerce ses activit\u00e9s au Canada et dans les Cara\u00efbes.<\/p>\n<p>Nos clients regroupent les principales compagnies d\u2019assurance du Canada et des Cara\u00efbes, des r\u00e9assureurs ainsi que d\u2019autres institutions financi\u00e8res telles que des banques, des soci\u00e9t\u00e9s de fiducie et des caisses populaires. Nous apportons aussi notre appui \u00e0 des gouvernements, des organismes gouvernementaux, des organismes de r\u00e9glementation en assurance, des v\u00e9rificateurs et d\u2019autres organismes supranationaux ax\u00e9s sur les services bancaires et sur les politiques publiques.<\/p>\n<p>Nos bureaux situ\u00e9s \u00e0 la Barbade et en Jama\u00efque servent tant des compagnies d\u2019assurance-vie captives \u00a0que locales, ainsi que des soci\u00e9t\u00e9s financi\u00e8res internationales.[\/vc_column_text][\/basic_container][\/vc_column][\/vc_row][vc_row][vc_column][basic_container container_size=&#8221;container container-narrow&#8221;][vc_column_text]Que le travail consiste \u00e0 examiner la tarification de vos produits et ses r\u00e9percussions sur la rentabilit\u00e9 de votre entreprise, ou \u00e0 se pencher sur des solutions plus complexes, comme la gestion de l\u2019actif et du passif, les sc\u00e9narios stochastiques ou les instruments d\u00e9riv\u00e9s, nous avons l\u2019exp\u00e9rience et l\u2019expertise n\u00e9cessaires pour r\u00e9pondre \u00e0 vos besoins.<\/p>\n<p>Eckler est fi\u00e8re d\u2019\u00eatre la soci\u00e9t\u00e9 d\u2019actuariat attitr\u00e9e de 30\u00a0entreprises canadiennes \u2500 plus que tout autre cabinet d\u2019actuariat \u2500 et des entreprises de premier plan des Cara\u00efbes.[\/vc_column_text][\/basic_container][\/vc_column][\/vc_row][vc_row][vc_column][basic_container container_size=&#8221;container container-narrow&#8221;][vc_column_text]<\/p>\n<h2>Nous offrons les services suivants :<\/h2>\n<ul>\n<li>Actuariat  attitr\u00e9<\/li>\n<li>Gestion actif-passif<\/li>\n<li>Gestion du capital<\/li>\n<li>Analyse financi\u00e8re<\/li>\n<li>D\u00e9mutualisation<\/li>\n<li>Rapports financiers et autres \/ IFRS<\/li>\n<li>Consultation en assurance maladie<\/li>\n<li>Consultation en assurance pour les particuliers bien nantis<\/li>\n<li>\u00c9valuations ind\u00e9pendantes par des pairs<\/li>\n<li>Centres financiers internationaux<\/li>\n<li>Gestion des placements<\/li>\n<li>D\u00e9veloppement et tarification de produits<\/li>\n<li>Fusions et acquisitions<\/li>\n<li>Gestion des risques<\/li>\n<li>R\u00e9assurance<\/li>\n<\/ul>\n<p>[\/vc_column_text][vc_empty_space height=&#8221;100px&#8221;][\/basic_container]<div class=\"decorative-illustration align-right \">\n\t<span class=\"decoration two-flags-primary\"><\/span>\n<\/div>\n[\/vc_column][\/vc_row][vc_row][vc_column]<div class=\"templatera_shortcode\"><div class=\"vc_row wpb_row vc_row-fluid\"><div class=\"wpb_column vc_column_container vc_col-sm-12\"><div class=\"vc_column-inner\"><div class=\"wpb_wrapper\">\t<div class=\"row\">\n\t\t<div class=\"general-cta background-image-loading    image \"  data-src=\"<149:https:\/\/www.eckler.ca\/app\/uploads\/2019\/03\/bg-1-450x150.jpg,<319:https:\/\/www.eckler.ca\/app\/uploads\/2019\/03\/bg-1-960x320.jpg,<479:https:\/\/www.eckler.ca\/app\/uploads\/2019\/03\/bg-1-1440x480.jpg,<767:https:\/\/www.eckler.ca\/app\/uploads\/2019\/03\/bg-1-2200x733.jpg,<991:https:\/\/www.eckler.ca\/app\/uploads\/2019\/03\/bg-1-2200x733.jpg,<1199:https:\/\/www.eckler.ca\/app\/uploads\/2019\/03\/bg-1-2200x733.jpg,<1399:https:\/\/www.eckler.ca\/app\/uploads\/2019\/03\/bg-1-2200x733.jpg,<1599:https:\/\/www.eckler.ca\/app\/uploads\/2019\/03\/bg-1-2880x959.jpg,>1600:https:\/\/www.eckler.ca\/app\/uploads\/2019\/03\/bg-1-2880x959.jpg\">\n\t\t\t\t\t\t<div class=\"general-cta-overlay none\"><\/div>\n\t\t\t<div class=\"container\">\n\t\t\t\t<div class=\"row\">\n\t\t\t\t\t<div class=\"general-cta-box\">\n\t\t\t\t\t\t\t\t\t\t\t\t\t\t\t\t\t\t\t<div class=\"general-cta-content\">\n\t\t\t\t\t\t\t\t<h2 class=\"p1\" style=\"text-align: center;\"><span style=\"color: #ffffff;\">Enclenchons le dialogue<\/span><\/h2>\n<h3 class=\"p2\" style=\"text-align: center;\"><span style=\"color: #ffffff;\">Comment Pouvons Nous Aider<\/span><\/h3>\n\t\t\t\t\t\t\t<\/div>\n\t\t\t\t\t\t\t\t\t\t\t\t\t\t\t\t\t\t\t<div class=\"general-cta-button\">\n\t\t\t\t\t\t\t\t<a href=\"https:\/\/www.eckler.ca\/lets-talk\/\" target=\"\" class=\"btn btn-primary btn-solid\" title=\"Let\u2019s Talk\">\n\t\t\t\t\t\t\t\t\tParlons-en<span class=\"icon icon-chevron-right\"><\/span> \t\t\t\t\t\t\t\t<\/a>\n\t\t\t\t\t\t\t<\/div>\n\t\t\t\t\t    \t\t\t\t\t<\/div>\n\t\t\t\t<\/div>\n\t\t\t<\/div>\n\t\t<\/div>\n\t<\/div>\n<\/div><\/div><\/div><\/div><\/div>[\/vc_column][\/vc_row]<\/p>\n<\/div>","protected":false},"excerpt":{"rendered":"Comptant sur une \u00e9quipe de plus de 30 professionnels, notre pratique dynamique d\u2019assurance-vie exerce ses activit\u00e9s au Canada et dans les Cara\u00efbes. Forte d\u2019une \u00e9quipe de plus de 30 professionnels, [...]","protected":false},"author":2,"featured_media":0,"parent":699,"menu_order":0,"comment_status":"closed","ping_status":"closed","template":"","meta":{"_acf_changed":false,"footnotes":""},"class_list":["post-726","page","type-page","status-publish","hentry"],"acf":[],"yoast_head":"<!-- This site is optimized with the Yoast SEO Premium plugin v26.8 (Yoast SEO v26.8) - https:\/\/yoast.com\/product\/yoast-seo-premium-wordpress\/ -->\n<title>Assurance-Vie | Eckler<\/title>\n<meta name=\"description\" content=\"Comptant sur une \u00e9quipe de plus de 30 sp\u00e9cialistes, notre pratique dynamique d\u2019assurance-vie exerce ses activit\u00e9s au Canada et dans les Cara\u00efbes.\" \/>\n<meta name=\"robots\" content=\"index, follow, max-snippet:-1, max-image-preview:large, max-video-preview:-1\" \/>\n<link rel=\"canonical\" href=\"https:\/\/www.eckler.ca\/fr\/services\/insurance-consulting\/life-insurance\/\" \/>\n<meta property=\"og:locale\" content=\"fr_FR\" \/>\n<meta property=\"og:type\" content=\"article\" \/>\n<meta property=\"og:title\" content=\"Assurance-vie\" \/>\n<meta property=\"og:description\" content=\"Comptant sur une \u00e9quipe de plus de 30 sp\u00e9cialistes, notre pratique dynamique d\u2019assurance-vie exerce ses activit\u00e9s au Canada et dans les Cara\u00efbes.\" \/>\n<meta property=\"og:url\" content=\"https:\/\/www.eckler.ca\/fr\/services\/insurance-consulting\/life-insurance\/\" \/>\n<meta property=\"og:site_name\" content=\"Eckler\" \/>\n<meta property=\"article:modified_time\" content=\"2020-06-02T13:21:44+00:00\" \/>\n<meta property=\"og:image\" content=\"https:\/\/www.eckler.ca\/app\/uploads\/2019\/03\/eckler-social.jpg\" \/>\n\t<meta property=\"og:image:width\" content=\"200\" \/>\n\t<meta property=\"og:image:height\" content=\"200\" \/>\n\t<meta property=\"og:image:type\" content=\"image\/jpeg\" \/>\n<meta name=\"twitter:card\" content=\"summary_large_image\" \/>\n<meta name=\"twitter:label1\" content=\"Est. reading time\" \/>\n\t<meta name=\"twitter:data1\" content=\"2 minutes\" \/>\n<script type=\"application\/ld+json\" class=\"yoast-schema-graph\">{\"@context\":\"https:\/\/schema.org\",\"@graph\":[{\"@type\":\"WebPage\",\"@id\":\"https:\/\/www.eckler.ca\/fr\/services\/insurance-consulting\/life-insurance\/\",\"url\":\"https:\/\/www.eckler.ca\/fr\/services\/insurance-consulting\/life-insurance\/\",\"name\":\"Assurance-Vie | Eckler\",\"isPartOf\":{\"@id\":\"https:\/\/www.eckler.ca\/#website\"},\"datePublished\":\"2019-03-20T16:39:55+00:00\",\"dateModified\":\"2020-06-02T13:21:44+00:00\",\"description\":\"Comptant sur une \u00e9quipe de plus de 30 sp\u00e9cialistes, notre pratique dynamique d\u2019assurance-vie exerce ses activit\u00e9s au Canada et dans les Cara\u00efbes.\",\"breadcrumb\":{\"@id\":\"https:\/\/www.eckler.ca\/fr\/services\/insurance-consulting\/life-insurance\/#breadcrumb\"},\"inLanguage\":\"fr-FR\",\"potentialAction\":[{\"@type\":\"ReadAction\",\"target\":[\"https:\/\/www.eckler.ca\/fr\/services\/insurance-consulting\/life-insurance\/\"]}]},{\"@type\":\"BreadcrumbList\",\"@id\":\"https:\/\/www.eckler.ca\/fr\/services\/insurance-consulting\/life-insurance\/#breadcrumb\",\"itemListElement\":[{\"@type\":\"ListItem\",\"position\":1,\"name\":\"Accueil\",\"item\":\"https:\/\/www.eckler.ca\/fr\/\"},{\"@type\":\"ListItem\",\"position\":2,\"name\":\"Services\",\"item\":\"https:\/\/www.eckler.ca\/fr\/services\/\"},{\"@type\":\"ListItem\",\"position\":3,\"name\":\"Consultation en assurances\"}]},{\"@type\":\"WebSite\",\"@id\":\"https:\/\/www.eckler.ca\/#website\",\"url\":\"https:\/\/www.eckler.ca\/\",\"name\":\"Eckler\",\"description\":\"People-Powered Insights\",\"potentialAction\":[{\"@type\":\"SearchAction\",\"target\":{\"@type\":\"EntryPoint\",\"urlTemplate\":\"https:\/\/www.eckler.ca\/?s={search_term_string}\"},\"query-input\":{\"@type\":\"PropertyValueSpecification\",\"valueRequired\":true,\"valueName\":\"search_term_string\"}}],\"inLanguage\":\"fr-FR\"}]}<\/script>\n<!-- \/ Yoast SEO Premium plugin. -->","yoast_head_json":{"title":"Assurance-Vie | Eckler","description":"Comptant sur une \u00e9quipe de plus de 30 sp\u00e9cialistes, notre pratique dynamique d\u2019assurance-vie exerce ses activit\u00e9s au Canada et dans les Cara\u00efbes.","robots":{"index":"index","follow":"follow","max-snippet":"max-snippet:-1","max-image-preview":"max-image-preview:large","max-video-preview":"max-video-preview:-1"},"canonical":"https:\/\/www.eckler.ca\/fr\/services\/insurance-consulting\/life-insurance\/","og_locale":"fr_FR","og_type":"article","og_title":"Assurance-vie","og_description":"Comptant sur une \u00e9quipe de plus de 30 sp\u00e9cialistes, notre pratique dynamique d\u2019assurance-vie exerce ses activit\u00e9s au Canada et dans les Cara\u00efbes.","og_url":"https:\/\/www.eckler.ca\/fr\/services\/insurance-consulting\/life-insurance\/","og_site_name":"Eckler","article_modified_time":"2020-06-02T13:21:44+00:00","og_image":[{"width":200,"height":200,"url":"https:\/\/www.eckler.ca\/app\/uploads\/2019\/03\/eckler-social.jpg","type":"image\/jpeg"}],"twitter_card":"summary_large_image","twitter_misc":{"Est. reading time":"2 minutes"},"schema":{"@context":"https:\/\/schema.org","@graph":[{"@type":"WebPage","@id":"https:\/\/www.eckler.ca\/fr\/services\/insurance-consulting\/life-insurance\/","url":"https:\/\/www.eckler.ca\/fr\/services\/insurance-consulting\/life-insurance\/","name":"Assurance-Vie | Eckler","isPartOf":{"@id":"https:\/\/www.eckler.ca\/#website"},"datePublished":"2019-03-20T16:39:55+00:00","dateModified":"2020-06-02T13:21:44+00:00","description":"Comptant sur une \u00e9quipe de plus de 30 sp\u00e9cialistes, notre pratique dynamique d\u2019assurance-vie exerce ses activit\u00e9s au Canada et dans les Cara\u00efbes.","breadcrumb":{"@id":"https:\/\/www.eckler.ca\/fr\/services\/insurance-consulting\/life-insurance\/#breadcrumb"},"inLanguage":"fr-FR","potentialAction":[{"@type":"ReadAction","target":["https:\/\/www.eckler.ca\/fr\/services\/insurance-consulting\/life-insurance\/"]}]},{"@type":"BreadcrumbList","@id":"https:\/\/www.eckler.ca\/fr\/services\/insurance-consulting\/life-insurance\/#breadcrumb","itemListElement":[{"@type":"ListItem","position":1,"name":"Accueil","item":"https:\/\/www.eckler.ca\/fr\/"},{"@type":"ListItem","position":2,"name":"Services","item":"https:\/\/www.eckler.ca\/fr\/services\/"},{"@type":"ListItem","position":3,"name":"Consultation en assurances"}]},{"@type":"WebSite","@id":"https:\/\/www.eckler.ca\/#website","url":"https:\/\/www.eckler.ca\/","name":"Eckler","description":"People-Powered Insights","potentialAction":[{"@type":"SearchAction","target":{"@type":"EntryPoint","urlTemplate":"https:\/\/www.eckler.ca\/?s={search_term_string}"},"query-input":{"@type":"PropertyValueSpecification","valueRequired":true,"valueName":"search_term_string"}}],"inLanguage":"fr-FR"}]}},"_links":{"self":[{"href":"https:\/\/www.eckler.ca\/fr\/wp-json\/wp\/v2\/pages\/726","targetHints":{"allow":["GET"]}}],"collection":[{"href":"https:\/\/www.eckler.ca\/fr\/wp-json\/wp\/v2\/pages"}],"about":[{"href":"https:\/\/www.eckler.ca\/fr\/wp-json\/wp\/v2\/types\/page"}],"author":[{"embeddable":true,"href":"https:\/\/www.eckler.ca\/fr\/wp-json\/wp\/v2\/users\/2"}],"replies":[{"embeddable":true,"href":"https:\/\/www.eckler.ca\/fr\/wp-json\/wp\/v2\/comments?post=726"}],"version-history":[{"count":13,"href":"https:\/\/www.eckler.ca\/fr\/wp-json\/wp\/v2\/pages\/726\/revisions"}],"predecessor-version":[{"id":6225,"href":"https:\/\/www.eckler.ca\/fr\/wp-json\/wp\/v2\/pages\/726\/revisions\/6225"}],"up":[{"embeddable":true,"href":"https:\/\/www.eckler.ca\/fr\/wp-json\/wp\/v2\/pages\/699"}],"wp:attachment":[{"href":"https:\/\/www.eckler.ca\/fr\/wp-json\/wp\/v2\/media?parent=726"}],"curies":[{"name":"wp","href":"https:\/\/api.w.org\/{rel}","templated":true}]}}