{"id":699,"date":"2019-03-20T16:13:32","date_gmt":"2019-03-20T16:13:32","guid":{"rendered":"https:\/\/www.eckler.ca\/insurance-consulting\/"},"modified":"2022-05-05T14:51:34","modified_gmt":"2022-05-05T18:51:34","slug":"insurance-consulting","status":"publish","type":"page","link":"https:\/\/www.eckler.ca\/fr\/services\/insurance-consulting\/","title":{"rendered":"Consultation en assurances"},"content":{"rendered":"<div class=\"wpb-content-wrapper\"><p>[vc_row][vc_column][basic_container container_size=&#8221;container container-narrow&#8221;][vc_column_text]<\/p>\n<h2>Nous sommes des experts dans la r\u00e9solution des probl\u00e8mes actuariels les plus complexes pour nos clients du secteur des services financiers.<\/h2>\n<p>Conform\u00e9ment \u00e0 la tradition de leadership d\u2019Eckler au sein de la profession actuarielle, nos conseillers participent activement aux travaux des comit\u00e9s de l\u2019Institut canadien des actuaires, de l\u2019<em>Association Actuarielle Internationale<\/em>, et de la <em>Caribbean Actuarial Association<\/em>. Nous croyons que les renseignements sp\u00e9cialis\u00e9s que nous obtenons pendant ces activit\u00e9s nous aident \u00e0 fournir des conseils d\u2019experts inform\u00e9s, impartiaux, ind\u00e9pendants et ponctuels.[\/vc_column_text][\/basic_container][\/vc_column][\/vc_row][vc_row][vc_column][basic_container container_size=&#8221;container container-narrow&#8221;][vc_column_text]C\u2019est de cette fa\u00e7on que nous vous aidons \u00e0 rep\u00e9rer des occasions d\u2019affaires dans le march\u00e9 et \u00e0 \u00e9laborer des strat\u00e9gies pour faire face aux d\u00e9fis, tout en vous prot\u00e9geant en tout temps contre les risques financiers. Nous vous \u00e9quipons des outils n\u00e9cessaires pour prendre des d\u00e9cisions d\u2019affaires claires qui cr\u00e9ent un avantage concurrentiel visant \u00e0 vous permettre d\u2019accro\u00eetre vos revenus.[\/vc_column_text][\/basic_container][\/vc_column][\/vc_row][vc_row][vc_column][basic_container container_size=&#8221;container container-narrow&#8221;][vc_column_text]<\/p>\n<h2>Les fronti\u00e8res s\u2019estompent quand nous travaillons.<\/h2>\n<p>Nous favorisons une approche collaborative, et nous nous effor\u00e7ons de mettre en place les meilleures \u00e9quipes client pour satisfaire vos besoins, peu importe votre emplacement g\u00e9ographique. Nous sommes la plus grande firme d&#8217;actuaires ind\u00e9pendante au Canada et dans les Cara\u00efbes. Nous sommes en mesure de desservir\u00a0toutes les entreprises canadiennes et carib\u00e9ennes, ainsi qu\u2019\u00e0 l&#8217;internationale.[\/vc_column_text][\/basic_container][\/vc_column][\/vc_row][vc_row][vc_column]<div class=\"templatera_shortcode\"><section class=\"services-container\">\n\t\t\t<div class=\"services-container-intro\">\n\t\t\t\t\t\t\t\t\t\t<h2 class=\"services-container-title\">Our Services<\/h2>\n\t\t\t\t\t\t\t\t<\/div>\n\t\t<div class=\"services-container-items\">\n\t\t<div class=\"services-item\">\n\t\t\t<a class=\"services-item-inner\" href=\"https:\/\/www.eckler.ca\/fr\/services\/insurance-consulting\/life-insurance\/\" rel=\"\" target=\"\" title=\"Assurance-vie\">\n\t\t\t\t\t\t\t\t\t\t\t<h4 class=\"h3 services-item-title\">Assurance-vie<\/h4>\n\t\t\t\t\t\t\t\t\t\t<p class=\"services-item-description\">Comptant sur une \u00e9quipe de plus de 30 sp\u00e9cialistes, notre pratique dynamique d\u2019assurance-vie exerce ses activit\u00e9s au Canada et dans les Cara\u00efbes.<\/p>\n\t\t\t\t\t\t\t\t\t\t<span class=\"btn btn-link services-item-button\">\n\t\t\t\t\tEn savoir plus<i class=\"icon-chevron-right\"><\/i> \t\t\t\t<\/span>\n\t\t\t\t\t\t<\/a>\n\t<\/div>\n<div class=\"services-item\">\n\t\t\t<a class=\"services-item-inner\" href=\"https:\/\/www.eckler.ca\/fr\/services\/insurance-consulting\/property-and-casualty-insurance\/\" rel=\"\" target=\"\" title=\"Assurances de dommages\">\n\t\t\t\t\t\t\t\t\t\t\t<h4 class=\"h3 services-item-title\">Assurances de dommages<\/h4>\n\t\t\t\t\t\t\t\t\t\t<p class=\"services-item-description\">La solidit\u00e9 et la capacit\u00e9 de notre \u00e9quipe de conseillers en assurances de dommages sont in\u00e9gal\u00e9es au Canada et dans les Cara\u00efbes.<\/p>\n\t\t\t\t\t\t\t\t\t\t<span class=\"btn btn-link services-item-button\">\n\t\t\t\t\tEn savoir plus<i class=\"icon-chevron-right\"><\/i> \t\t\t\t<\/span>\n\t\t\t\t\t\t<\/a>\n\t<\/div>\n\n\t<\/div>\n<\/section>\n<\/div>[vc_empty_space height=&#8221;100px&#8221;][\/vc_column][\/vc_row][vc_row][vc_column]<div class=\"templatera_shortcode\"><div class=\"vc_row wpb_row vc_row-fluid\"><div class=\"wpb_column vc_column_container vc_col-sm-12\"><div class=\"vc_column-inner\"><div class=\"wpb_wrapper\">\t<div class=\"row\">\n\t\t<div class=\"general-cta background-image-loading    image \"  data-src=\"<149:https:\/\/www.eckler.ca\/app\/uploads\/2019\/03\/bg-1-450x150.jpg,<319:https:\/\/www.eckler.ca\/app\/uploads\/2019\/03\/bg-1-960x320.jpg,<479:https:\/\/www.eckler.ca\/app\/uploads\/2019\/03\/bg-1-1440x480.jpg,<767:https:\/\/www.eckler.ca\/app\/uploads\/2019\/03\/bg-1-2200x733.jpg,<991:https:\/\/www.eckler.ca\/app\/uploads\/2019\/03\/bg-1-2200x733.jpg,<1199:https:\/\/www.eckler.ca\/app\/uploads\/2019\/03\/bg-1-2200x733.jpg,<1399:https:\/\/www.eckler.ca\/app\/uploads\/2019\/03\/bg-1-2200x733.jpg,<1599:https:\/\/www.eckler.ca\/app\/uploads\/2019\/03\/bg-1-2880x959.jpg,>1600:https:\/\/www.eckler.ca\/app\/uploads\/2019\/03\/bg-1-2880x959.jpg\">\n\t\t\t\t\t\t<div class=\"general-cta-overlay none\"><\/div>\n\t\t\t<div class=\"container\">\n\t\t\t\t<div class=\"row\">\n\t\t\t\t\t<div class=\"general-cta-box\">\n\t\t\t\t\t\t\t\t\t\t\t\t\t\t\t\t\t\t\t<div class=\"general-cta-content\">\n\t\t\t\t\t\t\t\t<h2 class=\"p1\" style=\"text-align: center;\"><span style=\"color: #ffffff;\">Enclenchons le dialogue<\/span><\/h2>\n<h3 class=\"p2\" style=\"text-align: center;\"><span style=\"color: #ffffff;\">Comment Pouvons Nous Aider<\/span><\/h3>\n\t\t\t\t\t\t\t<\/div>\n\t\t\t\t\t\t\t\t\t\t\t\t\t\t\t\t\t\t\t<div class=\"general-cta-button\">\n\t\t\t\t\t\t\t\t<a href=\"https:\/\/www.eckler.ca\/lets-talk\/\" target=\"\" class=\"btn btn-primary btn-solid\" title=\"Let\u2019s Talk\">\n\t\t\t\t\t\t\t\t\tParlons-en<span class=\"icon icon-chevron-right\"><\/span> \t\t\t\t\t\t\t\t<\/a>\n\t\t\t\t\t\t\t<\/div>\n\t\t\t\t\t    \t\t\t\t\t<\/div>\n\t\t\t\t<\/div>\n\t\t\t<\/div>\n\t\t<\/div>\n\t<\/div>\n<\/div><\/div><\/div><\/div><\/div>[\/vc_column][\/vc_row]<\/p>\n<\/div>","protected":false},"excerpt":{"rendered":"Nous sommes des experts dans la r\u00e9solution des probl\u00e8mes actuariels les plus complexes pour nos clients du secteur des services financiers. Conform\u00e9ment \u00e0 la tradition de leadership d\u2019Eckler au sein [...]","protected":false},"author":2,"featured_media":0,"parent":1120,"menu_order":0,"comment_status":"closed","ping_status":"closed","template":"","meta":{"_acf_changed":false,"footnotes":""},"class_list":["post-699","page","type-page","status-publish","hentry"],"acf":[],"yoast_head":"<!-- This site is optimized with the Yoast SEO Premium plugin v26.8 (Yoast SEO v26.8) - https:\/\/yoast.com\/product\/yoast-seo-premium-wordpress\/ -->\n<title>Consultation Sur Les Assurances | Eckler<\/title>\n<meta name=\"description\" content=\"Nous sommes des experts dans la r\u00e9solution des probl\u00e8mes actuariels les plus complexes pour nos clients du secteur des services financiers.\" \/>\n<meta name=\"robots\" content=\"index, follow, max-snippet:-1, max-image-preview:large, max-video-preview:-1\" \/>\n<link rel=\"canonical\" href=\"https:\/\/www.eckler.ca\/fr\/services\/insurance-consulting\/\" \/>\n<meta property=\"og:locale\" content=\"fr_FR\" \/>\n<meta property=\"og:type\" content=\"article\" \/>\n<meta property=\"og:title\" content=\"Consultation en assurances\" \/>\n<meta property=\"og:description\" content=\"Nous sommes des experts dans la r\u00e9solution des probl\u00e8mes actuariels les plus complexes pour nos clients du secteur des services financiers.\" \/>\n<meta property=\"og:url\" content=\"https:\/\/www.eckler.ca\/fr\/services\/insurance-consulting\/\" \/>\n<meta property=\"og:site_name\" content=\"Eckler\" \/>\n<meta property=\"article:modified_time\" content=\"2022-05-05T18:51:34+00:00\" \/>\n<meta property=\"og:image\" content=\"https:\/\/www.eckler.ca\/app\/uploads\/2019\/03\/eckler-social.jpg\" \/>\n\t<meta property=\"og:image:width\" content=\"200\" \/>\n\t<meta property=\"og:image:height\" content=\"200\" \/>\n\t<meta property=\"og:image:type\" content=\"image\/jpeg\" \/>\n<meta name=\"twitter:card\" content=\"summary_large_image\" \/>\n<meta name=\"twitter:label1\" content=\"Est. reading time\" \/>\n\t<meta name=\"twitter:data1\" content=\"2 minutes\" \/>\n<script type=\"application\/ld+json\" class=\"yoast-schema-graph\">{\"@context\":\"https:\/\/schema.org\",\"@graph\":[{\"@type\":\"WebPage\",\"@id\":\"https:\/\/www.eckler.ca\/fr\/services\/insurance-consulting\/\",\"url\":\"https:\/\/www.eckler.ca\/fr\/services\/insurance-consulting\/\",\"name\":\"Consultation Sur Les Assurances | Eckler\",\"isPartOf\":{\"@id\":\"https:\/\/www.eckler.ca\/#website\"},\"datePublished\":\"2019-03-20T16:13:32+00:00\",\"dateModified\":\"2022-05-05T18:51:34+00:00\",\"description\":\"Nous sommes des experts dans la r\u00e9solution des probl\u00e8mes actuariels les plus complexes pour nos clients du secteur des services financiers.\",\"breadcrumb\":{\"@id\":\"https:\/\/www.eckler.ca\/fr\/services\/insurance-consulting\/#breadcrumb\"},\"inLanguage\":\"fr-FR\",\"potentialAction\":[{\"@type\":\"ReadAction\",\"target\":[\"https:\/\/www.eckler.ca\/fr\/services\/insurance-consulting\/\"]}]},{\"@type\":\"BreadcrumbList\",\"@id\":\"https:\/\/www.eckler.ca\/fr\/services\/insurance-consulting\/#breadcrumb\",\"itemListElement\":[{\"@type\":\"ListItem\",\"position\":1,\"name\":\"Accueil\",\"item\":\"https:\/\/www.eckler.ca\/fr\/\"},{\"@type\":\"ListItem\",\"position\":2,\"name\":\"Services\"}]},{\"@type\":\"WebSite\",\"@id\":\"https:\/\/www.eckler.ca\/#website\",\"url\":\"https:\/\/www.eckler.ca\/\",\"name\":\"Eckler\",\"description\":\"People-Powered Insights\",\"potentialAction\":[{\"@type\":\"SearchAction\",\"target\":{\"@type\":\"EntryPoint\",\"urlTemplate\":\"https:\/\/www.eckler.ca\/?s={search_term_string}\"},\"query-input\":{\"@type\":\"PropertyValueSpecification\",\"valueRequired\":true,\"valueName\":\"search_term_string\"}}],\"inLanguage\":\"fr-FR\"}]}<\/script>\n<!-- \/ Yoast SEO Premium plugin. -->","yoast_head_json":{"title":"Consultation Sur Les Assurances | Eckler","description":"Nous sommes des experts dans la r\u00e9solution des probl\u00e8mes actuariels les plus complexes pour nos clients du secteur des services financiers.","robots":{"index":"index","follow":"follow","max-snippet":"max-snippet:-1","max-image-preview":"max-image-preview:large","max-video-preview":"max-video-preview:-1"},"canonical":"https:\/\/www.eckler.ca\/fr\/services\/insurance-consulting\/","og_locale":"fr_FR","og_type":"article","og_title":"Consultation en assurances","og_description":"Nous sommes des experts dans la r\u00e9solution des probl\u00e8mes actuariels les plus complexes pour nos clients du secteur des services financiers.","og_url":"https:\/\/www.eckler.ca\/fr\/services\/insurance-consulting\/","og_site_name":"Eckler","article_modified_time":"2022-05-05T18:51:34+00:00","og_image":[{"width":200,"height":200,"url":"https:\/\/www.eckler.ca\/app\/uploads\/2019\/03\/eckler-social.jpg","type":"image\/jpeg"}],"twitter_card":"summary_large_image","twitter_misc":{"Est. reading time":"2 minutes"},"schema":{"@context":"https:\/\/schema.org","@graph":[{"@type":"WebPage","@id":"https:\/\/www.eckler.ca\/fr\/services\/insurance-consulting\/","url":"https:\/\/www.eckler.ca\/fr\/services\/insurance-consulting\/","name":"Consultation Sur Les Assurances | Eckler","isPartOf":{"@id":"https:\/\/www.eckler.ca\/#website"},"datePublished":"2019-03-20T16:13:32+00:00","dateModified":"2022-05-05T18:51:34+00:00","description":"Nous sommes des experts dans la r\u00e9solution des probl\u00e8mes actuariels les plus complexes pour nos clients du secteur des services financiers.","breadcrumb":{"@id":"https:\/\/www.eckler.ca\/fr\/services\/insurance-consulting\/#breadcrumb"},"inLanguage":"fr-FR","potentialAction":[{"@type":"ReadAction","target":["https:\/\/www.eckler.ca\/fr\/services\/insurance-consulting\/"]}]},{"@type":"BreadcrumbList","@id":"https:\/\/www.eckler.ca\/fr\/services\/insurance-consulting\/#breadcrumb","itemListElement":[{"@type":"ListItem","position":1,"name":"Accueil","item":"https:\/\/www.eckler.ca\/fr\/"},{"@type":"ListItem","position":2,"name":"Services"}]},{"@type":"WebSite","@id":"https:\/\/www.eckler.ca\/#website","url":"https:\/\/www.eckler.ca\/","name":"Eckler","description":"People-Powered Insights","potentialAction":[{"@type":"SearchAction","target":{"@type":"EntryPoint","urlTemplate":"https:\/\/www.eckler.ca\/?s={search_term_string}"},"query-input":{"@type":"PropertyValueSpecification","valueRequired":true,"valueName":"search_term_string"}}],"inLanguage":"fr-FR"}]}},"_links":{"self":[{"href":"https:\/\/www.eckler.ca\/fr\/wp-json\/wp\/v2\/pages\/699","targetHints":{"allow":["GET"]}}],"collection":[{"href":"https:\/\/www.eckler.ca\/fr\/wp-json\/wp\/v2\/pages"}],"about":[{"href":"https:\/\/www.eckler.ca\/fr\/wp-json\/wp\/v2\/types\/page"}],"author":[{"embeddable":true,"href":"https:\/\/www.eckler.ca\/fr\/wp-json\/wp\/v2\/users\/2"}],"replies":[{"embeddable":true,"href":"https:\/\/www.eckler.ca\/fr\/wp-json\/wp\/v2\/comments?post=699"}],"version-history":[{"count":15,"href":"https:\/\/www.eckler.ca\/fr\/wp-json\/wp\/v2\/pages\/699\/revisions"}],"predecessor-version":[{"id":10185,"href":"https:\/\/www.eckler.ca\/fr\/wp-json\/wp\/v2\/pages\/699\/revisions\/10185"}],"up":[{"embeddable":true,"href":"https:\/\/www.eckler.ca\/fr\/wp-json\/wp\/v2\/pages\/1120"}],"wp:attachment":[{"href":"https:\/\/www.eckler.ca\/fr\/wp-json\/wp\/v2\/media?parent=699"}],"curies":[{"name":"wp","href":"https:\/\/api.w.org\/{rel}","templated":true}]}}