{"id":692,"date":"2019-03-20T18:45:35","date_gmt":"2019-03-20T18:45:35","guid":{"rendered":"https:\/\/www.eckler.ca\/lets-talk\/"},"modified":"2020-06-08T14:15:15","modified_gmt":"2020-06-08T18:15:15","slug":"lets-talk","status":"publish","type":"page","link":"https:\/\/www.eckler.ca\/fr\/lets-talk\/","title":{"rendered":"Parlons-en"},"content":{"rendered":"<div class=\"wpb-content-wrapper\"><p>[vc_row][vc_column][basic_container container_size=&#8221;container container-narrow&#8221;][vc_empty_space height=&#8221;60px&#8221;][vc_column_text]<\/p>\n<h2>Merci de l\u2019int\u00e9r\u00eat que vous manifestez \u00e0 l\u2019\u00e9tablissement d\u2019un partenariat avec Eckler!<\/h2>\n<h3>Notre responsabilit\u00e9 consiste \u00e0 vous appuyer dans l\u2019\u00e9valuation de vos possibilit\u00e9s et \u00e0 vous proposer des solutions et des r\u00e9flexions qui vous aideront \u00e0 progresser. Dites-nous comment nous pouvons vous aider.<\/h3>\n<p>[\/vc_column_text]\t<li class=\"icons-list-item\">\n\t\t<i class=\"icon-calendar icons-list-item-icon\"><\/i> R\u00e9ponses en un jour ouvrable\t<\/li>\n\t<li class=\"icons-list-item\">\n\t\t<i class=\"icon-shield icons-list-item-icon\"><\/i> Communications confidentielles et s\u00e9curis\u00e9es\t<\/li>\n\t<li class=\"icons-list-item\">\n\t\t<i class=\"icon-maple-leaf icons-list-item-icon\"><\/i> La plus importante entreprise ind\u00e9pendante de services d\u2019actuariat et de consultation au Canada\t<\/li>\n\t<li class=\"icons-list-item\">\n\t\t<i class=\"icon-circled-checkmark icons-list-item-icon\"><\/i> Des conseils impartiaux et objectifs - toujours\t<\/li>\n\t<li class=\"icons-list-item\">\n\t\t<i class=\"icon-scatter-plot-graph icons-list-item-icon\"><\/i> Plus de 90 ans consacr\u00e9s aux calculs\t<\/li>\n[\/basic_container][\/vc_column][\/vc_row][vc_row][vc_column][basic_container]\t<div class=\"testimonial\">\n\t\t<div class=\"container\">\n\t\t\t<div class=\"testimonial-container \">\n\t\t\t\t\t\t\t\t<div class=\"testimonial-content\">\n\t\t\t\t\t\t\t\t\t\t\t<div class=\"testimonial-content-quote\">\n\t\t\t\t\t\t\t<p>Eckler comprend les \u00e9ducateurs de notre industrie et les fiducies de soins de sant\u00e9 au b\u00e9n\u00e9fice d\u2019employ\u00e9s, et elle est en mesure de me parler, ainsi qu\u2019\u00e0 mes fiduciaires : elle a compris le client. C\u2019est ce qui fait pencher la balance en faveur d\u2019Eckler.<\/p>\n\t\t\t\t\t\t<\/div>\n\t\t\t\t\t\t\t\t\t\t\t\t\t\t\t<p class=\"testimonial-content-author-name\">\n\t\t\t\t\t\t\t\t\t\t\t\t\t\t\t\t\t<\/p>\n\t\t\t\t<\/div>\n\t\t\t<\/div>\n\t\t<\/div>\n\t<\/div>\n[\/basic_container][\/vc_column][\/vc_row]<\/p>\n<\/div>","protected":false},"excerpt":{"rendered":"<p>[vc_row][vc_column][basic_container container_size=&#8221;container container-narrow&#8221;][vc_empty_space height=&#8221;60px&#8221;][vc_column_text]<\/p>\n<p> Merci de l\u2019int\u00e9r\u00eat que vous manifestez \u00e0 l\u2019\u00e9tablissement d\u2019un partenariat avec Eckler! Notre responsabilit\u00e9 consiste \u00e0 vous appuyer dans l\u2019\u00e9valuation de vos possibilit\u00e9s et \u00e0 vous &hellip; [&#8230;]<\/p>\n","protected":false},"author":2,"featured_media":0,"parent":0,"menu_order":0,"comment_status":"closed","ping_status":"closed","template":"page-cta-form.php","meta":{"_acf_changed":false,"footnotes":""},"class_list":["post-692","page","type-page","status-publish","hentry"],"acf":[],"yoast_head":"<!-- This site is optimized with the Yoast SEO Premium plugin v26.8 (Yoast SEO v26.8) - https:\/\/yoast.com\/product\/yoast-seo-premium-wordpress\/ -->\n<title>Parlons-En | Eckler<\/title>\n<meta name=\"description\" content=\"Notre responsabilit\u00e9 consiste \u00e0 vous appuyer dans l\u2019\u00e9valuation de vos occasions et \u00e0 vous proposer des solutions et des r\u00e9flexions pour vous aider \u00e0 progresser.\" \/>\n<meta name=\"robots\" content=\"index, follow, max-snippet:-1, max-image-preview:large, max-video-preview:-1\" \/>\n<link rel=\"canonical\" href=\"https:\/\/www.eckler.ca\/fr\/lets-talk\/\" \/>\n<meta property=\"og:locale\" content=\"fr_FR\" \/>\n<meta property=\"og:type\" content=\"article\" \/>\n<meta property=\"og:title\" content=\"Parlons-en\" \/>\n<meta property=\"og:description\" content=\"Notre responsabilit\u00e9 consiste \u00e0 vous appuyer dans l\u2019\u00e9valuation de vos occasions et \u00e0 vous proposer des solutions et des r\u00e9flexions pour vous aider \u00e0 progresser.\" \/>\n<meta property=\"og:url\" content=\"https:\/\/www.eckler.ca\/fr\/lets-talk\/\" \/>\n<meta property=\"og:site_name\" content=\"Eckler\" \/>\n<meta property=\"article:modified_time\" content=\"2020-06-08T18:15:15+00:00\" \/>\n<meta property=\"og:image\" content=\"https:\/\/www.eckler.ca\/app\/uploads\/2019\/03\/eckler-social.jpg\" \/>\n\t<meta property=\"og:image:width\" content=\"200\" \/>\n\t<meta property=\"og:image:height\" content=\"200\" \/>\n\t<meta property=\"og:image:type\" content=\"image\/jpeg\" \/>\n<meta name=\"twitter:card\" content=\"summary_large_image\" \/>\n<meta name=\"twitter:label1\" content=\"Est. reading time\" \/>\n\t<meta name=\"twitter:data1\" content=\"1 minute\" \/>\n<script type=\"application\/ld+json\" class=\"yoast-schema-graph\">{\"@context\":\"https:\/\/schema.org\",\"@graph\":[{\"@type\":\"WebPage\",\"@id\":\"https:\/\/www.eckler.ca\/fr\/lets-talk\/\",\"url\":\"https:\/\/www.eckler.ca\/fr\/lets-talk\/\",\"name\":\"Parlons-En | Eckler\",\"isPartOf\":{\"@id\":\"https:\/\/www.eckler.ca\/#website\"},\"datePublished\":\"2019-03-20T18:45:35+00:00\",\"dateModified\":\"2020-06-08T18:15:15+00:00\",\"description\":\"Notre responsabilit\u00e9 consiste \u00e0 vous appuyer dans l\u2019\u00e9valuation de vos occasions et \u00e0 vous proposer des solutions et des r\u00e9flexions pour vous aider \u00e0 progresser.\",\"inLanguage\":\"fr-FR\",\"potentialAction\":[{\"@type\":\"ReadAction\",\"target\":[\"https:\/\/www.eckler.ca\/fr\/lets-talk\/\"]}]},{\"@type\":\"WebSite\",\"@id\":\"https:\/\/www.eckler.ca\/#website\",\"url\":\"https:\/\/www.eckler.ca\/\",\"name\":\"Eckler\",\"description\":\"People-Powered Insights\",\"potentialAction\":[{\"@type\":\"SearchAction\",\"target\":{\"@type\":\"EntryPoint\",\"urlTemplate\":\"https:\/\/www.eckler.ca\/?s={search_term_string}\"},\"query-input\":{\"@type\":\"PropertyValueSpecification\",\"valueRequired\":true,\"valueName\":\"search_term_string\"}}],\"inLanguage\":\"fr-FR\"}]}<\/script>\n<!-- \/ Yoast SEO Premium plugin. -->","yoast_head_json":{"title":"Parlons-En | Eckler","description":"Notre responsabilit\u00e9 consiste \u00e0 vous appuyer dans l\u2019\u00e9valuation de vos occasions et \u00e0 vous proposer des solutions et des r\u00e9flexions pour vous aider \u00e0 progresser.","robots":{"index":"index","follow":"follow","max-snippet":"max-snippet:-1","max-image-preview":"max-image-preview:large","max-video-preview":"max-video-preview:-1"},"canonical":"https:\/\/www.eckler.ca\/fr\/lets-talk\/","og_locale":"fr_FR","og_type":"article","og_title":"Parlons-en","og_description":"Notre responsabilit\u00e9 consiste \u00e0 vous appuyer dans l\u2019\u00e9valuation de vos occasions et \u00e0 vous proposer des solutions et des r\u00e9flexions pour vous aider \u00e0 progresser.","og_url":"https:\/\/www.eckler.ca\/fr\/lets-talk\/","og_site_name":"Eckler","article_modified_time":"2020-06-08T18:15:15+00:00","og_image":[{"width":200,"height":200,"url":"https:\/\/www.eckler.ca\/app\/uploads\/2019\/03\/eckler-social.jpg","type":"image\/jpeg"}],"twitter_card":"summary_large_image","twitter_misc":{"Est. reading time":"1 minute"},"schema":{"@context":"https:\/\/schema.org","@graph":[{"@type":"WebPage","@id":"https:\/\/www.eckler.ca\/fr\/lets-talk\/","url":"https:\/\/www.eckler.ca\/fr\/lets-talk\/","name":"Parlons-En | Eckler","isPartOf":{"@id":"https:\/\/www.eckler.ca\/#website"},"datePublished":"2019-03-20T18:45:35+00:00","dateModified":"2020-06-08T18:15:15+00:00","description":"Notre responsabilit\u00e9 consiste \u00e0 vous appuyer dans l\u2019\u00e9valuation de vos occasions et \u00e0 vous proposer des solutions et des r\u00e9flexions pour vous aider \u00e0 progresser.","inLanguage":"fr-FR","potentialAction":[{"@type":"ReadAction","target":["https:\/\/www.eckler.ca\/fr\/lets-talk\/"]}]},{"@type":"WebSite","@id":"https:\/\/www.eckler.ca\/#website","url":"https:\/\/www.eckler.ca\/","name":"Eckler","description":"People-Powered Insights","potentialAction":[{"@type":"SearchAction","target":{"@type":"EntryPoint","urlTemplate":"https:\/\/www.eckler.ca\/?s={search_term_string}"},"query-input":{"@type":"PropertyValueSpecification","valueRequired":true,"valueName":"search_term_string"}}],"inLanguage":"fr-FR"}]}},"_links":{"self":[{"href":"https:\/\/www.eckler.ca\/fr\/wp-json\/wp\/v2\/pages\/692","targetHints":{"allow":["GET"]}}],"collection":[{"href":"https:\/\/www.eckler.ca\/fr\/wp-json\/wp\/v2\/pages"}],"about":[{"href":"https:\/\/www.eckler.ca\/fr\/wp-json\/wp\/v2\/types\/page"}],"author":[{"embeddable":true,"href":"https:\/\/www.eckler.ca\/fr\/wp-json\/wp\/v2\/users\/2"}],"replies":[{"embeddable":true,"href":"https:\/\/www.eckler.ca\/fr\/wp-json\/wp\/v2\/comments?post=692"}],"version-history":[{"count":10,"href":"https:\/\/www.eckler.ca\/fr\/wp-json\/wp\/v2\/pages\/692\/revisions"}],"predecessor-version":[{"id":6346,"href":"https:\/\/www.eckler.ca\/fr\/wp-json\/wp\/v2\/pages\/692\/revisions\/6346"}],"wp:attachment":[{"href":"https:\/\/www.eckler.ca\/fr\/wp-json\/wp\/v2\/media?parent=692"}],"curies":[{"name":"wp","href":"https:\/\/api.w.org\/{rel}","templated":true}]}}