{"id":6363,"date":"2020-06-17T14:57:24","date_gmt":"2020-06-17T18:57:24","guid":{"rendered":"https:\/\/www.eckler.ca\/?page_id=6363"},"modified":"2025-01-21T08:16:45","modified_gmt":"2025-01-21T13:16:45","slug":"notre-raison-detre-et-nos-valeurs","status":"publish","type":"page","link":"https:\/\/www.eckler.ca\/fr\/about\/notre-raison-detre-et-nos-valeurs\/","title":{"rendered":"Notre raison d\u2019\u00eatre et nos valeurs"},"content":{"rendered":"<div class=\"wpb-content-wrapper\"><p>[vc_row][vc_column][basic_container container_size=&#8221;container container-narrow&#8221;][vc_column_text]<\/p>\n<h2>Tous les jours, notre raison d\u2019\u00eatre nous motive \u00e0 <i>\u00a0<em>faire preuve de bonne volont\u00e9 et \u00e0 agir dans l\u2019int\u00e9r\u00eat des gens de sorte \u00e0 cr\u00e9er, ensemble, un avenir radieux et plus s\u00fbr<\/em>.\u00a0<\/i><\/h2>\n<p>Cette raison d\u2019\u00eatre va de pair avec <strong><span style=\"color: #00425a;\">notre mission, celle de fournir de fa\u00e7on syst\u00e9matique des conseils d\u2019experts impartiaux, selon les plus hauts standards d\u2019\u00e9thique et en temps opportun.<\/span><\/strong><\/p>\n<p>Nous \u00e9tablissons des relations solides, durables et fond\u00e9es sur la confiance, car chacune de nos interactions et chacun des projets que nous entreprenons reposent sur nos <strong><span style=\"color: #00425a;\">valeurs fondamentales<\/span><\/strong> :[\/vc_column_text][\/basic_container][basic_container container_size=&#8221;container container-narrow&#8221;][vc_column_text][\/vc_column_text][vc_column_text]<img loading=\"lazy\" decoding=\"async\" class=\"alignleft wp-image-6410 size-thumbnail\" src=\"https:\/\/www.eckler.ca\/app\/uploads\/2020\/06\/Eckler-Purpose-Icon-COLOURS-TRUST-150x150.png\" alt=\"\" width=\"150\" height=\"150\" srcset=\"https:\/\/www.eckler.ca\/app\/uploads\/2020\/06\/Eckler-Purpose-Icon-COLOURS-TRUST-150x150.png 150w, https:\/\/www.eckler.ca\/app\/uploads\/2020\/06\/Eckler-Purpose-Icon-COLOURS-TRUST-300x300.png 300w, https:\/\/www.eckler.ca\/app\/uploads\/2020\/06\/Eckler-Purpose-Icon-COLOURS-TRUST.png 500w\" sizes=\"auto, (max-width: 150px) 100vw, 150px\" \/><\/p>\n<p><span style=\"color: #00425a;\"><strong><br \/>\n<\/strong><\/span><span style=\"color: #00425a;\"><strong>Confiance mutuelle, courtoisie et respect<\/strong>.<\/span> Nous tenons beaucoup aux relations que nous entretenons. Nous nous comportons avec int\u00e9grit\u00e9. Nous accordons une grande importance \u00e0 l\u2019inclusion, car nous savons que la diversit\u00e9 d\u2019opinions et d\u2019origines m\u00e8ne \u00e0 de meilleures id\u00e9es et solutions.[\/vc_column_text][vc_column_text css=&#8221;.vc_custom_1592420332664{padding-top: 0px !important;}&#8221;]<span style=\"color: #00425a;\"><strong><img loading=\"lazy\" decoding=\"async\" class=\"alignright wp-image-6402 size-thumbnail\" src=\"https:\/\/www.eckler.ca\/app\/uploads\/2020\/06\/Eckler-Purpose-Icon-COLOURS-ETHICS-150x150.png\" alt=\"\" width=\"150\" height=\"150\" srcset=\"https:\/\/www.eckler.ca\/app\/uploads\/2020\/06\/Eckler-Purpose-Icon-COLOURS-ETHICS-150x150.png 150w, https:\/\/www.eckler.ca\/app\/uploads\/2020\/06\/Eckler-Purpose-Icon-COLOURS-ETHICS-300x300.png 300w, https:\/\/www.eckler.ca\/app\/uploads\/2020\/06\/Eckler-Purpose-Icon-COLOURS-ETHICS.png 500w\" sizes=\"auto, (max-width: 150px) 100vw, 150px\" \/><\/strong><\/span><\/p>\n<p><span style=\"color: #00425a;\"><strong><br \/>\n<\/strong><strong>Honn\u00eatet\u00e9, sens de l\u2019\u00e9thique et professionnalisme extr\u00eames<\/strong>.<\/span> Nous nous attendons et adh\u00e9rons aux normes les plus strictes. Nous cherchons \u00e0 fournir des conseils et des solutions fiables, en veillant \u00e0 prendre les bonnes d\u00e9cisions m\u00eame si ce n&#8217;est pas facile \u00e0 faire ou que cela ne repr\u00e9sente aucun avantage imm\u00e9diat pour nous.[\/vc_column_text][vc_column_text css=&#8221;.vc_custom_1592420343169{padding-top: 0px !important;}&#8221;]<span style=\"color: #00425a;\"><strong><img loading=\"lazy\" decoding=\"async\" class=\"alignleft wp-image-6404 size-thumbnail\" src=\"https:\/\/www.eckler.ca\/app\/uploads\/2020\/06\/Eckler-Purpose-Icon-COLOURS-FOCUS-150x150.png\" alt=\"\" width=\"150\" height=\"150\" srcset=\"https:\/\/www.eckler.ca\/app\/uploads\/2020\/06\/Eckler-Purpose-Icon-COLOURS-FOCUS-150x150.png 150w, https:\/\/www.eckler.ca\/app\/uploads\/2020\/06\/Eckler-Purpose-Icon-COLOURS-FOCUS-300x300.png 300w, https:\/\/www.eckler.ca\/app\/uploads\/2020\/06\/Eckler-Purpose-Icon-COLOURS-FOCUS.png 500w\" sizes=\"auto, (max-width: 150px) 100vw, 150px\" \/><\/strong><\/span><\/p>\n<p><span style=\"color: #00425a;\"><strong><br \/>\n<\/strong><\/span><span style=\"color: #00425a;\"><strong>Int\u00e9r\u00eat marqu\u00e9 pour nos clients et service de qualit\u00e9<\/strong>.<\/span> Nous consid\u00e9rons nos relations avec nos clients comme de v\u00e9ritables partenariats. Nous mettons tout en \u0153uvre pour mieux comprendre leurs besoins et tenir nos promesses. Nous d\u00e9mystifions les concepts techniques afin que nos clients puissent contribuer \u00e0 la solution en faisant part de perspectives et de connaissances qui leur sont propres. Nous partageons notre savoir et travaillons ensemble en vue d\u2019obtenir les meilleurs r\u00e9sultats possibles.[\/vc_column_text][vc_column_text css=&#8221;.vc_custom_1592420363611{padding-top: 0px !important;}&#8221;]<span style=\"color: #00425a;\"><strong><img loading=\"lazy\" decoding=\"async\" class=\"wp-image-6395 size-thumbnail alignright\" src=\"https:\/\/www.eckler.ca\/app\/uploads\/2020\/06\/Eckler-Purpose-Icon-COLOURS-ENTREPRENEUR-150x150.png\" alt=\"\" width=\"150\" height=\"150\" srcset=\"https:\/\/www.eckler.ca\/app\/uploads\/2020\/06\/Eckler-Purpose-Icon-COLOURS-ENTREPRENEUR-150x150.png 150w, https:\/\/www.eckler.ca\/app\/uploads\/2020\/06\/Eckler-Purpose-Icon-COLOURS-ENTREPRENEUR-300x300.png 300w, https:\/\/www.eckler.ca\/app\/uploads\/2020\/06\/Eckler-Purpose-Icon-COLOURS-ENTREPRENEUR.png 500w\" sizes=\"auto, (max-width: 150px) 100vw, 150px\" \/><\/strong><\/span><\/p>\n<p><span style=\"color: #00425a;\"><strong><br \/>\n<\/strong><strong>Entrepreneuriat<\/strong>.<\/span> Nous nous faisons mutuellement confiance pour relever les d\u00e9fis qui se pr\u00e9sentent, avec expertise, cr\u00e9ativit\u00e9 et passion. Nous encourageons nos employ\u00e9s \u00e0 exprimer leurs meilleures id\u00e9es. Nous cherchons \u00e0 \u00e9largir nos horizons, en privil\u00e9giant des approches novatrices et avant-gardistes pour fa\u00e7onner un avenir meilleur.[\/vc_column_text][vc_column_text css=&#8221;.vc_custom_1592420373772{padding-top: 0px !important;}&#8221;]<span style=\"color: #00425a;\"><strong><img loading=\"lazy\" decoding=\"async\" class=\"alignleft wp-image-6406 size-thumbnail\" src=\"https:\/\/www.eckler.ca\/app\/uploads\/2020\/06\/Eckler-Purpose-Icon-COLOURS-SELF-150x150.png\" alt=\"\" width=\"150\" height=\"150\" srcset=\"https:\/\/www.eckler.ca\/app\/uploads\/2020\/06\/Eckler-Purpose-Icon-COLOURS-SELF-150x150.png 150w, https:\/\/www.eckler.ca\/app\/uploads\/2020\/06\/Eckler-Purpose-Icon-COLOURS-SELF-300x300.png 300w, https:\/\/www.eckler.ca\/app\/uploads\/2020\/06\/Eckler-Purpose-Icon-COLOURS-SELF.png 500w\" sizes=\"auto, (max-width: 150px) 100vw, 150px\" \/><\/strong><\/span><\/p>\n<p><span style=\"color: #00425a;\"><strong>Am\u00e9lioration continue<\/strong>.<\/span> Nous croyons que l\u2019apprentissage continu joue un r\u00f4le fondamental dans la sant\u00e9 et le bien-\u00eatre de nos employ\u00e9s et de notre entreprise. Nous favorisons un milieu qui contribue au perfectionnement professionnel et \u00e0 l&#8217;\u00e9panouissement personnel. Nous nous soutenons les uns les autres et c\u00e9l\u00e9brons nos r\u00e9ussites.[\/vc_column_text][vc_column_text css=&#8221;.vc_custom_1592420383606{padding-top: 0px !important;}&#8221;]<span style=\"color: #00425a;\"><strong><img loading=\"lazy\" decoding=\"async\" class=\"alignright wp-image-6408 size-thumbnail\" src=\"https:\/\/www.eckler.ca\/app\/uploads\/2020\/06\/Eckler-Purpose-Icon-COLOURS-SUPPORT-150x150.png\" alt=\"\" width=\"150\" height=\"150\" srcset=\"https:\/\/www.eckler.ca\/app\/uploads\/2020\/06\/Eckler-Purpose-Icon-COLOURS-SUPPORT-150x150.png 150w, https:\/\/www.eckler.ca\/app\/uploads\/2020\/06\/Eckler-Purpose-Icon-COLOURS-SUPPORT-300x300.png 300w, https:\/\/www.eckler.ca\/app\/uploads\/2020\/06\/Eckler-Purpose-Icon-COLOURS-SUPPORT.png 500w\" sizes=\"auto, (max-width: 150px) 100vw, 150px\" \/><\/strong><\/span><\/p>\n<p><span style=\"color: #00425a;\"><strong><br \/>\n<\/strong><\/span><span style=\"color: #00425a;\"><strong>Soutien \u00e0 nos professions et aux collectivit\u00e9s<\/strong>.<\/span> Nous sommes anim\u00e9s d&#8217;un vif sentiment d\u2019appartenance et de gratitude. Nous faisons du b\u00e9n\u00e9volat pour redonner aux collectivit\u00e9s. Nous contribuons \u00e0 faire en sorte que nos professions et nos collectivit\u00e9s puissent continuer \u00e0 prosp\u00e9rer pour les g\u00e9n\u00e9rations \u00e0 venir.[\/vc_column_text]<hr class=\"global-margin-y\" \/>[\/basic_container]<div class=\"decorative-illustration align-right \">\n\t<span class=\"decoration five-flags\"><\/span>\n<\/div>\n[basic_container container_size=&#8221;container container-narrow&#8221;][\/basic_container][vc_column_text][vc_row][vc_column width=&#8221;1\/1&#8243;][vc_column_text]<\/p>\n<p>[\/vc_column_text][\/vc_column][\/vc_row]<\/p>\n<\/div>","protected":false},"excerpt":{"rendered":"<p>[vc_row][vc_column][basic_container container_size=&#8221;container container-narrow&#8221;][vc_column_text]<\/p>\n<p> Tous les jours, notre raison d\u2019\u00eatre nous motive \u00e0 \u00a0faire preuve de bonne volont\u00e9 et \u00e0 agir dans l\u2019int\u00e9r\u00eat des gens de sorte \u00e0 cr\u00e9er, ensemble, un &hellip; [&#8230;]<\/p>\n","protected":false},"author":3,"featured_media":0,"parent":630,"menu_order":1,"comment_status":"closed","ping_status":"closed","template":"","meta":{"_acf_changed":false,"footnotes":""},"class_list":["post-6363","page","type-page","status-publish","hentry"],"acf":[],"yoast_head":"<!-- This site is optimized with the Yoast SEO Premium plugin v26.8 (Yoast SEO v26.8) - https:\/\/yoast.com\/product\/yoast-seo-premium-wordpress\/ -->\n<title>Notre raison d\u2019\u00eatre et nos valeurs - Eckler<\/title>\n<meta name=\"robots\" content=\"index, follow, max-snippet:-1, max-image-preview:large, max-video-preview:-1\" \/>\n<link rel=\"canonical\" href=\"https:\/\/www.eckler.ca\/fr\/about\/notre-raison-detre-et-nos-valeurs\/\" \/>\n<meta property=\"og:locale\" content=\"fr_FR\" \/>\n<meta property=\"og:type\" content=\"article\" \/>\n<meta property=\"og:title\" content=\"Notre raison d\u2019\u00eatre et nos valeurs\" \/>\n<meta property=\"og:description\" content=\"[vc_row][vc_column][basic_container container_size=&#8221;container container-narrow&#8221;][vc_column_text] Tous les jours, notre raison d\u2019\u00eatre nous motive \u00e0 \u00a0faire preuve de bonne volont\u00e9 et \u00e0 agir dans l\u2019int\u00e9r\u00eat des gens de sorte \u00e0 cr\u00e9er, ensemble, un &hellip; [...]\" \/>\n<meta property=\"og:url\" content=\"https:\/\/www.eckler.ca\/fr\/about\/notre-raison-detre-et-nos-valeurs\/\" \/>\n<meta property=\"og:site_name\" content=\"Eckler\" \/>\n<meta property=\"article:modified_time\" content=\"2025-01-21T13:16:45+00:00\" \/>\n<meta property=\"og:image\" content=\"https:\/\/www.eckler.ca\/app\/uploads\/2020\/06\/Eckler-Purpose-Icon-COLOURS-TRUST-150x150.png\" \/>\n<meta name=\"twitter:card\" content=\"summary_large_image\" \/>\n<meta name=\"twitter:label1\" content=\"Est. reading time\" \/>\n\t<meta name=\"twitter:data1\" content=\"4 minutes\" \/>\n<script type=\"application\/ld+json\" class=\"yoast-schema-graph\">{\"@context\":\"https:\/\/schema.org\",\"@graph\":[{\"@type\":\"WebPage\",\"@id\":\"https:\/\/www.eckler.ca\/fr\/about\/notre-raison-detre-et-nos-valeurs\/\",\"url\":\"https:\/\/www.eckler.ca\/fr\/about\/notre-raison-detre-et-nos-valeurs\/\",\"name\":\"Notre raison d\u2019\u00eatre et nos valeurs - Eckler\",\"isPartOf\":{\"@id\":\"https:\/\/www.eckler.ca\/#website\"},\"primaryImageOfPage\":{\"@id\":\"https:\/\/www.eckler.ca\/fr\/about\/notre-raison-detre-et-nos-valeurs\/#primaryimage\"},\"image\":{\"@id\":\"https:\/\/www.eckler.ca\/fr\/about\/notre-raison-detre-et-nos-valeurs\/#primaryimage\"},\"thumbnailUrl\":\"https:\/\/www.eckler.ca\/app\/uploads\/2020\/06\/Eckler-Purpose-Icon-COLOURS-TRUST-150x150.png\",\"datePublished\":\"2020-06-17T18:57:24+00:00\",\"dateModified\":\"2025-01-21T13:16:45+00:00\",\"breadcrumb\":{\"@id\":\"https:\/\/www.eckler.ca\/fr\/about\/notre-raison-detre-et-nos-valeurs\/#breadcrumb\"},\"inLanguage\":\"fr-FR\",\"potentialAction\":[{\"@type\":\"ReadAction\",\"target\":[\"https:\/\/www.eckler.ca\/fr\/about\/notre-raison-detre-et-nos-valeurs\/\"]}]},{\"@type\":\"ImageObject\",\"inLanguage\":\"fr-FR\",\"@id\":\"https:\/\/www.eckler.ca\/fr\/about\/notre-raison-detre-et-nos-valeurs\/#primaryimage\",\"url\":\"https:\/\/www.eckler.ca\/app\/uploads\/2020\/06\/Eckler-Purpose-Icon-COLOURS-TRUST-150x150.png\",\"contentUrl\":\"https:\/\/www.eckler.ca\/app\/uploads\/2020\/06\/Eckler-Purpose-Icon-COLOURS-TRUST-150x150.png\"},{\"@type\":\"BreadcrumbList\",\"@id\":\"https:\/\/www.eckler.ca\/fr\/about\/notre-raison-detre-et-nos-valeurs\/#breadcrumb\",\"itemListElement\":[{\"@type\":\"ListItem\",\"position\":1,\"name\":\"Accueil\",\"item\":\"https:\/\/www.eckler.ca\/fr\/\"},{\"@type\":\"ListItem\",\"position\":2,\"name\":\"\u00c0 propos de\"}]},{\"@type\":\"WebSite\",\"@id\":\"https:\/\/www.eckler.ca\/#website\",\"url\":\"https:\/\/www.eckler.ca\/\",\"name\":\"Eckler\",\"description\":\"People-Powered Insights\",\"potentialAction\":[{\"@type\":\"SearchAction\",\"target\":{\"@type\":\"EntryPoint\",\"urlTemplate\":\"https:\/\/www.eckler.ca\/?s={search_term_string}\"},\"query-input\":{\"@type\":\"PropertyValueSpecification\",\"valueRequired\":true,\"valueName\":\"search_term_string\"}}],\"inLanguage\":\"fr-FR\"}]}<\/script>\n<!-- \/ Yoast SEO Premium plugin. -->","yoast_head_json":{"title":"Notre raison d\u2019\u00eatre et nos valeurs - Eckler","robots":{"index":"index","follow":"follow","max-snippet":"max-snippet:-1","max-image-preview":"max-image-preview:large","max-video-preview":"max-video-preview:-1"},"canonical":"https:\/\/www.eckler.ca\/fr\/about\/notre-raison-detre-et-nos-valeurs\/","og_locale":"fr_FR","og_type":"article","og_title":"Notre raison d\u2019\u00eatre et nos valeurs","og_description":"[vc_row][vc_column][basic_container container_size=&#8221;container container-narrow&#8221;][vc_column_text] Tous les jours, notre raison d\u2019\u00eatre nous motive \u00e0 \u00a0faire preuve de bonne volont\u00e9 et \u00e0 agir dans l\u2019int\u00e9r\u00eat des gens de sorte \u00e0 cr\u00e9er, ensemble, un &hellip; [...]","og_url":"https:\/\/www.eckler.ca\/fr\/about\/notre-raison-detre-et-nos-valeurs\/","og_site_name":"Eckler","article_modified_time":"2025-01-21T13:16:45+00:00","og_image":[{"url":"https:\/\/www.eckler.ca\/app\/uploads\/2020\/06\/Eckler-Purpose-Icon-COLOURS-TRUST-150x150.png","type":"","width":"","height":""}],"twitter_card":"summary_large_image","twitter_misc":{"Est. reading time":"4 minutes"},"schema":{"@context":"https:\/\/schema.org","@graph":[{"@type":"WebPage","@id":"https:\/\/www.eckler.ca\/fr\/about\/notre-raison-detre-et-nos-valeurs\/","url":"https:\/\/www.eckler.ca\/fr\/about\/notre-raison-detre-et-nos-valeurs\/","name":"Notre raison d\u2019\u00eatre et nos valeurs - Eckler","isPartOf":{"@id":"https:\/\/www.eckler.ca\/#website"},"primaryImageOfPage":{"@id":"https:\/\/www.eckler.ca\/fr\/about\/notre-raison-detre-et-nos-valeurs\/#primaryimage"},"image":{"@id":"https:\/\/www.eckler.ca\/fr\/about\/notre-raison-detre-et-nos-valeurs\/#primaryimage"},"thumbnailUrl":"https:\/\/www.eckler.ca\/app\/uploads\/2020\/06\/Eckler-Purpose-Icon-COLOURS-TRUST-150x150.png","datePublished":"2020-06-17T18:57:24+00:00","dateModified":"2025-01-21T13:16:45+00:00","breadcrumb":{"@id":"https:\/\/www.eckler.ca\/fr\/about\/notre-raison-detre-et-nos-valeurs\/#breadcrumb"},"inLanguage":"fr-FR","potentialAction":[{"@type":"ReadAction","target":["https:\/\/www.eckler.ca\/fr\/about\/notre-raison-detre-et-nos-valeurs\/"]}]},{"@type":"ImageObject","inLanguage":"fr-FR","@id":"https:\/\/www.eckler.ca\/fr\/about\/notre-raison-detre-et-nos-valeurs\/#primaryimage","url":"https:\/\/www.eckler.ca\/app\/uploads\/2020\/06\/Eckler-Purpose-Icon-COLOURS-TRUST-150x150.png","contentUrl":"https:\/\/www.eckler.ca\/app\/uploads\/2020\/06\/Eckler-Purpose-Icon-COLOURS-TRUST-150x150.png"},{"@type":"BreadcrumbList","@id":"https:\/\/www.eckler.ca\/fr\/about\/notre-raison-detre-et-nos-valeurs\/#breadcrumb","itemListElement":[{"@type":"ListItem","position":1,"name":"Accueil","item":"https:\/\/www.eckler.ca\/fr\/"},{"@type":"ListItem","position":2,"name":"\u00c0 propos de"}]},{"@type":"WebSite","@id":"https:\/\/www.eckler.ca\/#website","url":"https:\/\/www.eckler.ca\/","name":"Eckler","description":"People-Powered Insights","potentialAction":[{"@type":"SearchAction","target":{"@type":"EntryPoint","urlTemplate":"https:\/\/www.eckler.ca\/?s={search_term_string}"},"query-input":{"@type":"PropertyValueSpecification","valueRequired":true,"valueName":"search_term_string"}}],"inLanguage":"fr-FR"}]}},"_links":{"self":[{"href":"https:\/\/www.eckler.ca\/fr\/wp-json\/wp\/v2\/pages\/6363","targetHints":{"allow":["GET"]}}],"collection":[{"href":"https:\/\/www.eckler.ca\/fr\/wp-json\/wp\/v2\/pages"}],"about":[{"href":"https:\/\/www.eckler.ca\/fr\/wp-json\/wp\/v2\/types\/page"}],"author":[{"embeddable":true,"href":"https:\/\/www.eckler.ca\/fr\/wp-json\/wp\/v2\/users\/3"}],"replies":[{"embeddable":true,"href":"https:\/\/www.eckler.ca\/fr\/wp-json\/wp\/v2\/comments?post=6363"}],"version-history":[{"count":31,"href":"https:\/\/www.eckler.ca\/fr\/wp-json\/wp\/v2\/pages\/6363\/revisions"}],"predecessor-version":[{"id":16500,"href":"https:\/\/www.eckler.ca\/fr\/wp-json\/wp\/v2\/pages\/6363\/revisions\/16500"}],"up":[{"embeddable":true,"href":"https:\/\/www.eckler.ca\/fr\/wp-json\/wp\/v2\/pages\/630"}],"wp:attachment":[{"href":"https:\/\/www.eckler.ca\/fr\/wp-json\/wp\/v2\/media?parent=6363"}],"curies":[{"name":"wp","href":"https:\/\/api.w.org\/{rel}","templated":true}]}}