{"id":630,"date":"2019-03-15T14:44:04","date_gmt":"2019-03-15T14:44:04","guid":{"rendered":"https:\/\/www.eckler.ca\/about\/"},"modified":"2020-08-26T08:58:26","modified_gmt":"2020-08-26T12:58:26","slug":"about","status":"publish","type":"page","link":"https:\/\/www.eckler.ca\/fr\/about\/","title":{"rendered":"\u00c0 propos de"},"content":{"rendered":"<div class=\"wpb-content-wrapper\"><p>[vc_row][vc_column][basic_container container_size=&#8221;container container-narrow&#8221;][vc_column_text]<\/p>\n<h2>Parce que tout le monde m\u00e9rite un avenir meilleur.<\/h2>\n<p>C\u2019est l\u00e0 qu\u2019entre en jeu Eckler \u2013 la plus importante entreprise ind\u00e9pendante de services d\u2019actuariat et de consultation au Canada. Exploitant des bureaux au Canada et dans les Cara\u00efbes, nous formons une \u00e9quipe \u2013 une famille \u00a0\u2013 de collaborateurs, de scientifiques, d\u2019universitaires et de penseurs ind\u00e9pendants et cr\u00e9atifs. Nous avons une responsabilit\u00e9 unique\u00a0: vous appuyer dans l\u2019\u00e9valuation de vos opportunit\u00e9s d\u2019affaires et vous proposer des solutions pour vous aider \u00e0 progresser.<\/p>\n<p>Nous sommes pass\u00e9s ma\u00eetres dans l\u2019art de d\u00e9mystifier des notions complexes.\u00a0 Pla\u00e7ant la confiance mutuelle, la civilit\u00e9, l\u2019entrepreneuriat et le respect au c\u0153ur de toutes nos activit\u00e9s, nous travaillerons en collaboration avec votre organisation afin de vous assurer, ainsi qu\u2019\u00e0 vos employ\u00e9s, d\u2019un avenir meilleur.<\/p>\n<p>Apr\u00e8s plus de 90 ann\u00e9es consacr\u00e9es \u00e0 parfaire notre expertise, nous savons comment vous faire \u00e9voluer, sans contraintes, pour que vous puissiez atteindre l\u2019excellence.[\/vc_column_text][\/basic_container]<div class=\"decorative-illustration align-right \">\n\t<span class=\"decoration five-flags\"><\/span>\n<\/div>\n[basic_container container_size=&#8221;container container-narrow&#8221;][vc_column_text][\/vc_column_text][vc_column_text]<\/p>\n<h2>Le nom d\u2019Eckler est embl\u00e9matique.<\/h2>\n<p>Remontant \u00e0 1927, Eckler lt\u00e9e est la premi\u00e8re entreprise actuarielle du Canada. Aujourd\u2019hui, apr\u00e8s toutes ces ann\u00e9es, notre nom est toujours repr\u00e9sentatif de notre image de marque, \u00e9tant reconnue et respect\u00e9e partout o\u00f9 nous exer\u00e7ons nos activit\u00e9s. Le drapeau qui flotte au-dessus de notre nom vient d\u2019y \u00eatre ajout\u00e9. Sa signification est puissante.[\/vc_column_text][vc_column_text]<\/p>\n<h2>La signification de notre logo.<\/h2>\n<p>Unifiant. Lib\u00e9rateur. Un drapeau est symbole d\u2019appartenance, de s\u00e9curit\u00e9. C\u2019est un \u00e9l\u00e9ment empreint d\u2019une importante signification pour ceux qui s\u2019y identifient. Chez Eckler, nous formons une communaut\u00e9 de professionnels unis par les m\u00eames valeurs et visant le m\u00eame niveau d\u2019excellence. Comme notre entreprise s\u2019\u00e9tend du Canada jusqu\u2019aux Cara\u00efbes, un drapeau qui repr\u00e9sente notre union nous aide \u00e0 nous sentir en famille, peu importe notre lieu de r\u00e9sidence.[\/vc_column_text][vc_column_text]<\/p>\n<h2>Souci du d\u00e9tail.<\/h2>\n<p>Un drapeau est utilis\u00e9 pour retenir l\u2019attention. Il sert parfois de signal ou de rep\u00e8re, indiquant un vent de \u00a0changement. De notre optique d\u2019ind\u00e9pendance, nous pratiquons la transparence totale et signalons les occasions d\u2019affaires potentielles \u00e0 nos clients \u2013 que ce soit pour les aider \u00e0 tirer profit d\u2019une situation ou \u00e0 \u00e9viter un pi\u00e8ge.<\/p>\n<p>Tout cela, \u00e0 l\u2019aide d\u2019un seul accent sur le logo, parce que chez Eckler, <strong>nous croyons que <em>tous <\/em>les d\u00e9tails comptent.<\/strong>[\/vc_column_text][\/basic_container]<div class=\"decorative-illustration align-left \">\n\t<span class=\"decoration two-flags-primary\"><\/span>\n<\/div>\n[basic_container][services_container heading=&#8221;Commencez \u00e0 travailler avec Eckler d\u00e8s aujourd\u2019hui et faites l\u2019exp\u00e9rience d\u2019un service r\u00e9ellement avantageux.&#8221;]<div class=\"services-item\">\n\t\t\t<a class=\"services-item-inner\" href=\"https:\/\/www.eckler.ca\/fr\/about\/why-choose-eckler\/\" rel=\"\" target=\"\" title=\"Pourquoi faire affaire avec Eckler?\">\n\t\t\t\t\t\t\t\t<i class=\"icon-question-circle services-item-icon\"><\/i>\n\t\t\t\t\t\t\t\t\t\t<h4 class=\"h3 services-item-title\">Pourquoi faire affaire avec Eckler?<\/h4>\n\t\t\t\t\t\t\t\t\t\t<p class=\"services-item-description\">Parce qu\u2019autant les gens que les entreprises m\u00e9ritent de s\u2019assurer et de prot\u00e9ger un avenir meilleur.<\/p>\n\t\t\t\t\t\t\t\t\t\t<span class=\"btn btn-link services-item-button\">\n\t\t\t\t\tEn savoir plus\t\t\t\t<\/span>\n\t\t\t\t\t\t<\/a>\n\t<\/div>\n<div class=\"services-item\">\n\t\t\t<a class=\"services-item-inner\" href=\"https:\/\/www.eckler.ca\/fr\/about\/our-culture\/\" rel=\"\" target=\"\" title=\"Notre Culture\">\n\t\t\t\t\t\t\t\t<i class=\"icon-user-group services-item-icon\"><\/i>\n\t\t\t\t\t\t\t\t\t\t<h4 class=\"h3 services-item-title\">Notre culture<\/h4>\n\t\t\t\t\t\t\t\t\t\t<p class=\"services-item-description\">Chez Eckler, notre culture d\u2019entreprise est au c\u0153ur de chacune de nos d\u00e9cisions.<\/p>\n\t\t\t\t\t\t\t\t\t\t<span class=\"btn btn-link services-item-button\">\n\t\t\t\t\tEn savoir plus\t\t\t\t<\/span>\n\t\t\t\t\t\t<\/a>\n\t<\/div>\n<div class=\"services-item\">\n\t\t\t<a class=\"services-item-inner\" href=\"https:\/\/www.eckler.ca\/fr\/about\/our-legacy\/\" rel=\"\" target=\"\" title=\"Notre h\u00e9ritage\">\n\t\t\t\t\t\t\t\t<i class=\"icon-heart services-item-icon\"><\/i>\n\t\t\t\t\t\t\t\t\t\t<h4 class=\"h3 services-item-title\">Notre h\u00e9ritage<\/h4>\n\t\t\t\t\t\t\t\t\t\t<p class=\"services-item-description\">Eckler, c\u2019est l\u2019histoire d\u2019une entreprise \u00e0 la fois remarquable et discr\u00e8te, qui s\u2019est \u00e9panouie en raison de son engagement inconditionnel envers la mission et les valeurs \u00e9tablies par Sam Eckler il y a maintes ann\u00e9es.<\/p>\n\t\t\t\t\t\t\t\t\t\t<span class=\"btn btn-link services-item-button\">\n\t\t\t\t\tEn savoir plus\t\t\t\t<\/span>\n\t\t\t\t\t\t<\/a>\n\t<\/div>\n<div class=\"services-item\">\n\t\t\t<a class=\"services-item-inner\" href=\"https:\/\/www.eckler.ca\/fr\/about\/our-offices\/\" rel=\"\" target=\"\" title=\"Nos Bureaux\">\n\t\t\t\t\t\t\t\t<i class=\"icon-globe services-item-icon\"><\/i>\n\t\t\t\t\t\t\t\t\t\t<h4 class=\"h3 services-item-title\">Nos bureaux<\/h4>\n\t\t\t\t\t\t\t\t\t\t<p class=\"services-item-description\">Bien qu\u2019Eckler exploite des bureaux au Canada et dans les Cara\u00efbes, notre expertise transcende les fronti\u00e8res.<\/p>\n\t\t\t\t\t\t\t\t\t\t<span class=\"btn btn-link services-item-button\">\n\t\t\t\t\tEn savoir plus\t\t\t\t<\/span>\n\t\t\t\t\t\t<\/a>\n\t<\/div>\n[\/services_container][\/basic_container][\/vc_column][\/vc_row][vc_row][vc_column]<div class=\"templatera_shortcode\"><div class=\"vc_row wpb_row vc_row-fluid\"><div class=\"wpb_column vc_column_container vc_col-sm-12\"><div class=\"vc_column-inner\"><div class=\"wpb_wrapper\">\t<div class=\"row\">\n\t\t<div class=\"general-cta background-image-loading    image \"  data-src=\"<149:https:\/\/www.eckler.ca\/app\/uploads\/2019\/03\/bg-1-450x150.jpg,<319:https:\/\/www.eckler.ca\/app\/uploads\/2019\/03\/bg-1-960x320.jpg,<479:https:\/\/www.eckler.ca\/app\/uploads\/2019\/03\/bg-1-1440x480.jpg,<767:https:\/\/www.eckler.ca\/app\/uploads\/2019\/03\/bg-1-2200x733.jpg,<991:https:\/\/www.eckler.ca\/app\/uploads\/2019\/03\/bg-1-2200x733.jpg,<1199:https:\/\/www.eckler.ca\/app\/uploads\/2019\/03\/bg-1-2200x733.jpg,<1399:https:\/\/www.eckler.ca\/app\/uploads\/2019\/03\/bg-1-2200x733.jpg,<1599:https:\/\/www.eckler.ca\/app\/uploads\/2019\/03\/bg-1-2880x959.jpg,>1600:https:\/\/www.eckler.ca\/app\/uploads\/2019\/03\/bg-1-2880x959.jpg\">\n\t\t\t\t\t\t<div class=\"general-cta-overlay none\"><\/div>\n\t\t\t<div class=\"container\">\n\t\t\t\t<div class=\"row\">\n\t\t\t\t\t<div class=\"general-cta-box\">\n\t\t\t\t\t\t\t\t\t\t\t\t\t\t\t\t\t\t\t<div class=\"general-cta-content\">\n\t\t\t\t\t\t\t\t<h2 class=\"p1\" style=\"text-align: center;\"><span style=\"color: #ffffff;\">Enclenchons le dialogue<\/span><\/h2>\n<h3 class=\"p2\" style=\"text-align: center;\"><span style=\"color: #ffffff;\">Comment Pouvons Nous Aider<\/span><\/h3>\n\t\t\t\t\t\t\t<\/div>\n\t\t\t\t\t\t\t\t\t\t\t\t\t\t\t\t\t\t\t<div class=\"general-cta-button\">\n\t\t\t\t\t\t\t\t<a href=\"https:\/\/www.eckler.ca\/lets-talk\/\" target=\"\" class=\"btn btn-primary btn-solid\" title=\"Let\u2019s Talk\">\n\t\t\t\t\t\t\t\t\tParlons-en<span class=\"icon icon-chevron-right\"><\/span> \t\t\t\t\t\t\t\t<\/a>\n\t\t\t\t\t\t\t<\/div>\n\t\t\t\t\t    \t\t\t\t\t<\/div>\n\t\t\t\t<\/div>\n\t\t\t<\/div>\n\t\t<\/div>\n\t<\/div>\n<\/div><\/div><\/div><\/div><\/div>[\/vc_column][\/vc_row]<\/p>\n<\/div>","protected":false},"excerpt":{"rendered":"Parce que tout le monde m\u00e9rite un avenir meilleur. C\u2019est l\u00e0 qu\u2019entre en jeu Eckler \u2013 la plus importante entreprise ind\u00e9pendante de services d\u2019actuariat et de consultation au Canada. Exploitant [...]","protected":false},"author":2,"featured_media":0,"parent":0,"menu_order":0,"comment_status":"closed","ping_status":"closed","template":"","meta":{"_acf_changed":false,"footnotes":""},"class_list":["post-630","page","type-page","status-publish","hentry"],"acf":[],"yoast_head":"<!-- This site is optimized with the Yoast SEO Premium plugin v26.8 (Yoast SEO v26.8) - https:\/\/yoast.com\/product\/yoast-seo-premium-wordpress\/ -->\n<title>\u00c0 propos de - Eckler<\/title>\n<meta name=\"robots\" content=\"index, follow, max-snippet:-1, max-image-preview:large, max-video-preview:-1\" \/>\n<link rel=\"canonical\" href=\"https:\/\/www.eckler.ca\/fr\/about\/\" \/>\n<meta property=\"og:locale\" content=\"fr_FR\" \/>\n<meta property=\"og:type\" content=\"article\" \/>\n<meta property=\"og:title\" content=\"\u00c0 propos de\" \/>\n<meta property=\"og:url\" content=\"https:\/\/www.eckler.ca\/fr\/about\/\" \/>\n<meta property=\"og:site_name\" content=\"Eckler\" \/>\n<meta property=\"article:modified_time\" content=\"2020-08-26T12:58:26+00:00\" \/>\n<meta property=\"og:image\" content=\"https:\/\/www.eckler.ca\/app\/uploads\/2019\/03\/eckler-social.jpg\" \/>\n\t<meta property=\"og:image:width\" content=\"200\" \/>\n\t<meta property=\"og:image:height\" content=\"200\" \/>\n\t<meta property=\"og:image:type\" content=\"image\/jpeg\" \/>\n<meta name=\"twitter:card\" content=\"summary_large_image\" \/>\n<meta name=\"twitter:label1\" content=\"Est. reading time\" \/>\n\t<meta name=\"twitter:data1\" content=\"4 minutes\" \/>\n<script type=\"application\/ld+json\" class=\"yoast-schema-graph\">{\"@context\":\"https:\/\/schema.org\",\"@graph\":[{\"@type\":\"WebPage\",\"@id\":\"https:\/\/www.eckler.ca\/fr\/about\/\",\"url\":\"https:\/\/www.eckler.ca\/fr\/about\/\",\"name\":\"\u00c0 propos de - Eckler\",\"isPartOf\":{\"@id\":\"https:\/\/www.eckler.ca\/#website\"},\"datePublished\":\"2019-03-15T14:44:04+00:00\",\"dateModified\":\"2020-08-26T12:58:26+00:00\",\"inLanguage\":\"fr-FR\",\"potentialAction\":[{\"@type\":\"ReadAction\",\"target\":[\"https:\/\/www.eckler.ca\/fr\/about\/\"]}]},{\"@type\":\"WebSite\",\"@id\":\"https:\/\/www.eckler.ca\/#website\",\"url\":\"https:\/\/www.eckler.ca\/\",\"name\":\"Eckler\",\"description\":\"People-Powered Insights\",\"potentialAction\":[{\"@type\":\"SearchAction\",\"target\":{\"@type\":\"EntryPoint\",\"urlTemplate\":\"https:\/\/www.eckler.ca\/?s={search_term_string}\"},\"query-input\":{\"@type\":\"PropertyValueSpecification\",\"valueRequired\":true,\"valueName\":\"search_term_string\"}}],\"inLanguage\":\"fr-FR\"}]}<\/script>\n<!-- \/ Yoast SEO Premium plugin. -->","yoast_head_json":{"title":"\u00c0 propos de - Eckler","robots":{"index":"index","follow":"follow","max-snippet":"max-snippet:-1","max-image-preview":"max-image-preview:large","max-video-preview":"max-video-preview:-1"},"canonical":"https:\/\/www.eckler.ca\/fr\/about\/","og_locale":"fr_FR","og_type":"article","og_title":"\u00c0 propos de","og_url":"https:\/\/www.eckler.ca\/fr\/about\/","og_site_name":"Eckler","article_modified_time":"2020-08-26T12:58:26+00:00","og_image":[{"width":200,"height":200,"url":"https:\/\/www.eckler.ca\/app\/uploads\/2019\/03\/eckler-social.jpg","type":"image\/jpeg"}],"twitter_card":"summary_large_image","twitter_misc":{"Est. reading time":"4 minutes"},"schema":{"@context":"https:\/\/schema.org","@graph":[{"@type":"WebPage","@id":"https:\/\/www.eckler.ca\/fr\/about\/","url":"https:\/\/www.eckler.ca\/fr\/about\/","name":"\u00c0 propos de - Eckler","isPartOf":{"@id":"https:\/\/www.eckler.ca\/#website"},"datePublished":"2019-03-15T14:44:04+00:00","dateModified":"2020-08-26T12:58:26+00:00","inLanguage":"fr-FR","potentialAction":[{"@type":"ReadAction","target":["https:\/\/www.eckler.ca\/fr\/about\/"]}]},{"@type":"WebSite","@id":"https:\/\/www.eckler.ca\/#website","url":"https:\/\/www.eckler.ca\/","name":"Eckler","description":"People-Powered Insights","potentialAction":[{"@type":"SearchAction","target":{"@type":"EntryPoint","urlTemplate":"https:\/\/www.eckler.ca\/?s={search_term_string}"},"query-input":{"@type":"PropertyValueSpecification","valueRequired":true,"valueName":"search_term_string"}}],"inLanguage":"fr-FR"}]}},"_links":{"self":[{"href":"https:\/\/www.eckler.ca\/fr\/wp-json\/wp\/v2\/pages\/630","targetHints":{"allow":["GET"]}}],"collection":[{"href":"https:\/\/www.eckler.ca\/fr\/wp-json\/wp\/v2\/pages"}],"about":[{"href":"https:\/\/www.eckler.ca\/fr\/wp-json\/wp\/v2\/types\/page"}],"author":[{"embeddable":true,"href":"https:\/\/www.eckler.ca\/fr\/wp-json\/wp\/v2\/users\/2"}],"replies":[{"embeddable":true,"href":"https:\/\/www.eckler.ca\/fr\/wp-json\/wp\/v2\/comments?post=630"}],"version-history":[{"count":22,"href":"https:\/\/www.eckler.ca\/fr\/wp-json\/wp\/v2\/pages\/630\/revisions"}],"predecessor-version":[{"id":6961,"href":"https:\/\/www.eckler.ca\/fr\/wp-json\/wp\/v2\/pages\/630\/revisions\/6961"}],"wp:attachment":[{"href":"https:\/\/www.eckler.ca\/fr\/wp-json\/wp\/v2\/media?parent=630"}],"curies":[{"name":"wp","href":"https:\/\/api.w.org\/{rel}","templated":true}]}}