{"id":625,"date":"2019-03-20T16:32:29","date_gmt":"2019-03-20T16:32:29","guid":{"rendered":"https:\/\/www.eckler.ca\/why-choose-eckler\/"},"modified":"2026-04-09T14:58:38","modified_gmt":"2026-04-09T18:58:38","slug":"why-choose-eckler","status":"publish","type":"page","link":"https:\/\/www.eckler.ca\/fr\/about\/why-choose-eckler\/","title":{"rendered":"Pourquoi choisir Eckler?"},"content":{"rendered":"<div class=\"wpb-content-wrapper\"><p>[vc_row][vc_column][basic_container container_size=&#8221;container container-narrow&#8221;][vc_column_text]<\/p>\n<h2>Pourquoi choisir Eckler?<\/h2>\n<p>Parce qu\u2019autant les gens que les entreprises m\u00e9ritent d\u2019assurer et de prot\u00e9ger leur avenir.<\/p>\n<p>Nous pouvons jouer un r\u00f4le d\u00e9terminant en vous accompagnant dans ce parcours. Vous verrez\u00a0: ce n\u2019est pas seulement \u00e0 propos de ce que nous faisons, mais plut\u00f4t \u00e0 propos de qui nous sommes et de la fa\u00e7on dont nous travaillons <em>avec\u00a0<\/em>nos clients, pas seulement\u00a0<em>pour\u00a0<\/em>eux.<\/p>\n<p>En tant que cabinet d\u2019actuaires \u00e0 la base, nous avons \u00e9volu\u00e9 naturellement et volontairement. Nous formons une \u00ab famille \u00bb florissante de professionnels engag\u00e9s et hautement qualifi\u00e9s dans les domaines des rentes, de la retraite, de la s\u00e9curit\u00e9 financi\u00e8re, des placements, des r\u00e9gimes d\u2019avantages sociaux collectifs, de la gestion du changement et des communications, ainsi que de la consultation en assurance et en technologie.<\/p>\n<p>Nous pr\u00eachons par l\u2019exemple. L\u2019exp\u00e9rience de nos clients s\u2019appuie sur le respect syst\u00e9matique de nos promesses et sur une approche collaborative menant au d\u00e9veloppement de solutions cr\u00e9atives et de prises de d\u00e9cisions plus \u00e9clair\u00e9es. D\u00e9mystifier les notions complexes rel\u00e8ve parfois de l\u2019exploit \u2500 et c\u2019est une aptitude qui fait partie int\u00e9grante de tous les aspects de chacun de nos engagements.[\/vc_column_text][\/basic_container]<div class=\"decorative-illustration align-right \">\n\t<span class=\"decoration five-flags\"><\/span>\n<\/div>\n[\/vc_column][\/vc_row][vc_row][vc_column][basic_container container_size=&#8221;container container-narrow&#8221;][vc_column_text css=&#8221;&#8221;]<\/p>\n<h2>Leadership<\/h2>\n<p>Forts d\u2019une pr\u00e9sence croissante d\u2019un bout \u00e0 l\u2019autre du Canada et dans les Cara\u00efbes, nous disposons d\u2019une structure qui nous permet de rester souples et agiles. L\u2019implication des membres de la direction du cabinet dans tous les aspects de nos services offre des perspectives uniques sur l\u2019industrie et un investissement bien r\u00e9el dans nos clients.[\/vc_column_text][vc_empty_space height=&#8221;50px&#8221;][vc_tta_accordion active_section=&#8221;100000&#8243; no_fill=&#8221;true&#8221; collapsible_all=&#8221;true&#8221; title=&#8221;Questions fr\u00e9quentes&#8221;][vc_tta_section title=&#8221;Depuis combien de temps Eckler existe-t-elle?&#8221; tab_id=&#8221;1740436447598-7358529e-5cba&#8221;][vc_column_text css=&#8221;&#8221;]Eckler est fi\u00e8re de servir ses clients depuis pr\u00e8s de 100\u00a0ans. Fond\u00e9e en 1927, notre entreprise s&#8217;est d\u00e9velopp\u00e9e pour devenir l&#8217;un des cabinets de conseil ind\u00e9pendants les plus respect\u00e9s au Canada, r\u00e9put\u00e9 pour son expertise approfondie, ses relations de longue date avec ses clients et son engagement envers l&#8217;excellence.[\/vc_column_text][\/vc_tta_section][vc_tta_section title=&#8221;Dans quels pays \u00eates-vous pr\u00e9sents?&#8221; tab_id=&#8221;1740436447603-6101031a-24b8&#8243;][vc_column_text css=&#8221;&#8221;]Eckler est un cabinet bas\u00e9 au Canada. Bien que nous travaillions principalement avec des clients au Canada et dans les Cara\u00efbes, notre champ d&#8217;action s&#8217;\u00e9tend \u00e0 l&#8217;\u00e9chelle internationale. Gr\u00e2ce \u00e0 nos alliances mondiales, nous accompagnons \u00e9galement des organisations pr\u00e9sentes aux \u00c9tats-Unis et \u00e0 l&#8217;international. Lorsque cela s&#8217;av\u00e8re n\u00e9cessaire, nous collaborons avec des partenaires internationaux de confiance afin de garantir \u00e0 nos clients des conseils avis\u00e9s et adapt\u00e9s au contexte local, quel que soit le lieu o\u00f9 ils exercent leurs activit\u00e9s.[\/vc_column_text][\/vc_tta_section][vc_tta_section title=&#8221;O\u00f9 se trouvent vos bureaux?&#8221; tab_id=&#8221;1740436560284-7e828a32-e3d3&#8243;][vc_column_text css=&#8221;&#8221;]Notre si\u00e8ge social est situ\u00e9 \u00e0 Toronto, et nous disposons de bureaux dans les principaux centres urbains du Canada, notamment \u00e0 Vancouver, Winnipeg, Montr\u00e9al, Qu\u00e9bec, Fredericton et Halifax. Nous avons \u00e9galement des bureaux satellites \u00e0 Saskatoon et \u00e0 Calgary afin d\u2019accompagner nos consultants travaillant \u00e0 distance dans ces r\u00e9gions. Dans les Cara\u00efbes, nos bureaux se trouvent \u00e0 Bridgetown, \u00e0 la Barbade, et \u00e0 Kingston, en Jama\u00efque. Nos \u00e9quipes travaillent en \u00e9troite collaboration entre les diff\u00e9rents sites et coop\u00e8rent \u00e0 distance, ce qui nous permet de combiner les connaissances locales et l&#8217;expertise de l&#8217;ensemble du cabinet pour servir efficacement nos clients, quelle que soit leur situation g\u00e9ographique.[\/vc_column_text][\/vc_tta_section][vc_tta_section title=&#8221;Quels sont les services propos\u00e9s par Eckler?&#8221; tab_id=&#8221;1740436587204-5d8c6620-05b8&#8243;][vc_column_text css=&#8221;&#8221;]Eckler propose des services de conseil ind\u00e9pendants dans les domaines des avantages sociaux, des placements, des services actuariels et des solutions technologiques. Nos activit\u00e9s couvrent les r\u00e9gimes de retraites, les avantages sociaux collectifs et la r\u00e9mun\u00e9ration; les placements pour les fonds communs d&#8217;actifs alimentant les r\u00e9gimes d&#8217;avantages sociaux et d&#8217;autres investisseurs institutionnels; les services actuariels destin\u00e9s aux compagnies d&#8217;assurance et aux programmes d&#8217;indemnisation des accidents du travail; ainsi que les solutions technologiques et de communication qui soutiennent ces services. Nous accompagnons les organisations dans les domaines de la strat\u00e9gie, de la gouvernance, de la gestion des risques, de l\u2019information financi\u00e8re, des transactions et de la mise en \u0153uvre, en leur offrant des conseils pratiques et centr\u00e9s sur l&#8217;humain, fond\u00e9s sur une expertise technique approfondie.[\/vc_column_text][\/vc_tta_section][vc_tta_section title=&#8221;Combien facturez-vous pour vos services?&#8221; tab_id=&#8221;1740436612695-dba60ef0-1fb9&#8243;][vc_column_text css=&#8221;&#8221;]Chez Eckler, chaque mission est unique. Nos honoraires sont fix\u00e9s en fonction de l&#8217;ampleur, de la complexit\u00e9 et de la dur\u00e9e de chaque projet, et nous adaptons notre approche pour r\u00e9pondre \u00e0 vos besoins sp\u00e9cifiques. Une fois que nous avons cern\u00e9 vos objectifs, nous constituons une \u00e9quipe d&#8217;experts et vous soumettons une proposition d\u00e9taill\u00e9e d\u00e9crivant le travail \u00e0 r\u00e9aliser et les co\u00fbts associ\u00e9s. Nous nous engageons \u00e0 vous offrir un excellent rapport qualit\u00e9-prix et une transparence totale, et nous serons ravis de discuter des tarifs lors d&#8217;un premier entretien.[\/vc_column_text][\/vc_tta_section][vc_tta_section title=&#8221;Quelles sont les qualifications de vos consultants?&#8221; tab_id=&#8221;1740436656143-7ae8e3db-973a&#8221;][vc_column_text css=&#8221;&#8221;]Les consultants d\u2019Eckler poss\u00e8dent un ensemble vari\u00e9 et approfondi de titres professionnels et de formations universitaires qui refl\u00e8tent l\u2019\u00e9tendue de nos activit\u00e9s dans les domaines des r\u00e9gimes de retraite, des avantages sociaux, des placements, de l\u2019assurance, de la gestion des risques, de la r\u00e9mun\u00e9ration et de la gouvernance.<\/p>\n<p>Notre \u00e9quipe compte des actuaires titulaires de titres canadiens, am\u00e9ricains et internationaux, notamment des membres de l\u2019Institut canadien des actuaires, de la Society of Actuaries et de la Casualty Actuarial Society. Nous comptons \u00e9galement parmi nos rangs des professionnels titulaires de titres en investissement et en gestion des risques, tels que des CFA, des CAIA et des Financial Risk Managers, ainsi que des CERTIFIED FINANCIAL PLANNERS.<\/p>\n<p>De plus, le personnel d\u2019Eckler poss\u00e8de des qualifications en comptabilit\u00e9, en droit, en ressources humaines, en gouvernance, en gestion de projet et en r\u00e9mun\u00e9ration, notamment des titres de CPA, des dipl\u00f4mes en droit, des titres professionnels en RH, la certification ICD.D et d\u2019autres certifications connexes. Cette expertise multidisciplinaire nous permet d\u2019offrir des conseils pratiques et complets, alliant rigueur technique et application concr\u00e8te.<\/p>\n<p>Nous nous engageons \u00e0 suivre une formation continue et \u00e0 nous perfectionner sur le plan professionnel afin de garantir \u00e0 nos clients des conseils \u00e0 jour, cr\u00e9dibles et conformes aux meilleures pratiques au Canada et \u00e0 l\u2019\u00e9chelle internationale.[\/vc_column_text][\/vc_tta_section][vc_tta_section title=&#8221;Avec combien de clients travaille Eckler?&#8221; tab_id=&#8221;1740436675486-72712bd0-b8ba&#8221;][vc_column_text css=&#8221;&#8221;]Eckler est fier de compter plus de 500\u00a0clients au sein d\u2019un portefeuille vaste et diversifi\u00e9. Celui-ci comprend des organismes du secteur public, des entreprises priv\u00e9es, des syndicats, des organismes \u00e0 but non lucratif, des promoteurs de r\u00e9gimes de retraite, des compagnies d\u2019assurance et des groupes multipartites. Certaines de nos relations clients remontent \u00e0 l&#8217;\u00e9poque de notre fondateur, Sam\u00a0Eckler. Bien que nous ne divulguions pas publiquement le nombre exact de nos clients, nos relations de longue date et notre expertise approfondie t\u00e9moignent de la confiance que nous accordent de nombreuses organisations de premier plan. Notre travail couvre un large \u00e9ventail d&#8217;industries et de secteurs, soulignant notre engagement \u00e0 fournir des solutions sur mesure et \u00e0 fort impact.[\/vc_column_text][\/vc_tta_section][\/vc_tta_accordion][\/basic_container][\/vc_column][\/vc_row][vc_row][vc_column el_class=&#8221;tree-rings&#8221;][vc_empty_space height=&#8221;100px&#8221;][\/vc_column][\/vc_row][vc_column el_class=&#8221;off-white&#8221;][\/vc_column][basic_container][\/basic_container][vc_column el_class=&#8221;off-white&#8221;][\/vc_column][basic_container][\/basic_container][vc_column el_class=&#8221;off-white&#8221;][\/vc_column][basic_container][\/basic_container][vc_column el_class=&#8221;off-white&#8221;][\/vc_column][basic_container][\/basic_container]<\/p>\n<\/div>","protected":false},"excerpt":{"rendered":"<p>[vc_row][vc_column][basic_container container_size=&#8221;container container-narrow&#8221;][vc_column_text]<\/p>\n<p> Pourquoi choisir Eckler? <\/p>\n<p>Parce qu\u2019autant les gens que les entreprises m\u00e9ritent d\u2019assurer et de prot\u00e9ger leur avenir.<\/p>\n<p>Nous pouvons jouer un r\u00f4le d\u00e9terminant en vous accompagnant dans &hellip; [&#8230;]<\/p>\n","protected":false},"author":2,"featured_media":0,"parent":630,"menu_order":0,"comment_status":"closed","ping_status":"closed","template":"","meta":{"_acf_changed":false,"footnotes":""},"class_list":["post-625","page","type-page","status-publish","hentry"],"acf":[],"yoast_head":"<!-- This site is optimized with the Yoast SEO Premium plugin v26.8 (Yoast SEO v26.8) - https:\/\/yoast.com\/product\/yoast-seo-premium-wordpress\/ -->\n<title>Pourquoi faire affaire avec Eckler? | Eckler Ltd.<\/title>\n<meta name=\"description\" content=\"Pourquoi faire affaire avec Eckler? Parce qu\u2019autant les gens que les entreprises m\u00e9ritent d\u2019assurer et de prot\u00e9ger leur avenir.\" \/>\n<meta name=\"robots\" content=\"index, follow, max-snippet:-1, max-image-preview:large, max-video-preview:-1\" \/>\n<link rel=\"canonical\" href=\"https:\/\/www.eckler.ca\/about\/why-choose-eckler\/\" \/>\n<meta property=\"og:locale\" content=\"fr_FR\" \/>\n<meta property=\"og:type\" content=\"article\" \/>\n<meta property=\"og:title\" content=\"Pourquoi choisir Eckler?\" \/>\n<meta property=\"og:description\" content=\"Pourquoi faire affaire avec Eckler? Parce qu\u2019autant les gens que les entreprises m\u00e9ritent d\u2019assurer et de prot\u00e9ger leur avenir.\" \/>\n<meta property=\"og:url\" content=\"https:\/\/www.eckler.ca\/about\/why-choose-eckler\/\" \/>\n<meta property=\"og:site_name\" content=\"Eckler\" \/>\n<meta property=\"article:modified_time\" content=\"2026-04-09T18:58:38+00:00\" \/>\n<meta property=\"og:image\" content=\"https:\/\/www.eckler.ca\/app\/uploads\/2019\/03\/eckler-social.jpg\" \/>\n\t<meta property=\"og:image:width\" content=\"200\" \/>\n\t<meta property=\"og:image:height\" content=\"200\" \/>\n\t<meta property=\"og:image:type\" content=\"image\/jpeg\" \/>\n<meta name=\"twitter:card\" content=\"summary_large_image\" \/>\n<meta name=\"twitter:label1\" content=\"Est. reading time\" \/>\n\t<meta name=\"twitter:data1\" content=\"6 minutes\" \/>\n<script type=\"application\/ld+json\" class=\"yoast-schema-graph\">{\"@context\":\"https:\/\/schema.org\",\"@graph\":[{\"@type\":\"WebPage\",\"@id\":\"https:\/\/www.eckler.ca\/about\/why-choose-eckler\/\",\"url\":\"https:\/\/www.eckler.ca\/about\/why-choose-eckler\/\",\"name\":\"Pourquoi faire affaire avec Eckler? | Eckler Ltd.\",\"isPartOf\":{\"@id\":\"https:\/\/www.eckler.ca\/#website\"},\"datePublished\":\"2019-03-20T16:32:29+00:00\",\"dateModified\":\"2026-04-09T18:58:38+00:00\",\"description\":\"Pourquoi faire affaire avec Eckler? Parce qu\u2019autant les gens que les entreprises m\u00e9ritent d\u2019assurer et de prot\u00e9ger leur avenir.\",\"breadcrumb\":{\"@id\":\"https:\/\/www.eckler.ca\/about\/why-choose-eckler\/#breadcrumb\"},\"inLanguage\":\"fr-FR\",\"potentialAction\":[{\"@type\":\"ReadAction\",\"target\":[\"https:\/\/www.eckler.ca\/about\/why-choose-eckler\/\"]}]},{\"@type\":\"BreadcrumbList\",\"@id\":\"https:\/\/www.eckler.ca\/about\/why-choose-eckler\/#breadcrumb\",\"itemListElement\":[{\"@type\":\"ListItem\",\"position\":1,\"name\":\"Accueil\",\"item\":\"https:\/\/www.eckler.ca\/fr\/\"},{\"@type\":\"ListItem\",\"position\":2,\"name\":\"\u00c0 propos de\"}]},{\"@type\":\"WebSite\",\"@id\":\"https:\/\/www.eckler.ca\/#website\",\"url\":\"https:\/\/www.eckler.ca\/\",\"name\":\"Eckler\",\"description\":\"People-Powered Insights\",\"potentialAction\":[{\"@type\":\"SearchAction\",\"target\":{\"@type\":\"EntryPoint\",\"urlTemplate\":\"https:\/\/www.eckler.ca\/?s={search_term_string}\"},\"query-input\":{\"@type\":\"PropertyValueSpecification\",\"valueRequired\":true,\"valueName\":\"search_term_string\"}}],\"inLanguage\":\"fr-FR\"}]}<\/script>\n<!-- \/ Yoast SEO Premium plugin. -->","yoast_head_json":{"title":"Pourquoi faire affaire avec Eckler? | Eckler Ltd.","description":"Pourquoi faire affaire avec Eckler? Parce qu\u2019autant les gens que les entreprises m\u00e9ritent d\u2019assurer et de prot\u00e9ger leur avenir.","robots":{"index":"index","follow":"follow","max-snippet":"max-snippet:-1","max-image-preview":"max-image-preview:large","max-video-preview":"max-video-preview:-1"},"canonical":"https:\/\/www.eckler.ca\/about\/why-choose-eckler\/","og_locale":"fr_FR","og_type":"article","og_title":"Pourquoi choisir Eckler?","og_description":"Pourquoi faire affaire avec Eckler? Parce qu\u2019autant les gens que les entreprises m\u00e9ritent d\u2019assurer et de prot\u00e9ger leur avenir.","og_url":"https:\/\/www.eckler.ca\/about\/why-choose-eckler\/","og_site_name":"Eckler","article_modified_time":"2026-04-09T18:58:38+00:00","og_image":[{"width":200,"height":200,"url":"https:\/\/www.eckler.ca\/app\/uploads\/2019\/03\/eckler-social.jpg","type":"image\/jpeg"}],"twitter_card":"summary_large_image","twitter_misc":{"Est. reading time":"6 minutes"},"schema":{"@context":"https:\/\/schema.org","@graph":[{"@type":"WebPage","@id":"https:\/\/www.eckler.ca\/about\/why-choose-eckler\/","url":"https:\/\/www.eckler.ca\/about\/why-choose-eckler\/","name":"Pourquoi faire affaire avec Eckler? | Eckler Ltd.","isPartOf":{"@id":"https:\/\/www.eckler.ca\/#website"},"datePublished":"2019-03-20T16:32:29+00:00","dateModified":"2026-04-09T18:58:38+00:00","description":"Pourquoi faire affaire avec Eckler? Parce qu\u2019autant les gens que les entreprises m\u00e9ritent d\u2019assurer et de prot\u00e9ger leur avenir.","breadcrumb":{"@id":"https:\/\/www.eckler.ca\/about\/why-choose-eckler\/#breadcrumb"},"inLanguage":"fr-FR","potentialAction":[{"@type":"ReadAction","target":["https:\/\/www.eckler.ca\/about\/why-choose-eckler\/"]}]},{"@type":"BreadcrumbList","@id":"https:\/\/www.eckler.ca\/about\/why-choose-eckler\/#breadcrumb","itemListElement":[{"@type":"ListItem","position":1,"name":"Accueil","item":"https:\/\/www.eckler.ca\/fr\/"},{"@type":"ListItem","position":2,"name":"\u00c0 propos de"}]},{"@type":"WebSite","@id":"https:\/\/www.eckler.ca\/#website","url":"https:\/\/www.eckler.ca\/","name":"Eckler","description":"People-Powered Insights","potentialAction":[{"@type":"SearchAction","target":{"@type":"EntryPoint","urlTemplate":"https:\/\/www.eckler.ca\/?s={search_term_string}"},"query-input":{"@type":"PropertyValueSpecification","valueRequired":true,"valueName":"search_term_string"}}],"inLanguage":"fr-FR"}]}},"_links":{"self":[{"href":"https:\/\/www.eckler.ca\/fr\/wp-json\/wp\/v2\/pages\/625","targetHints":{"allow":["GET"]}}],"collection":[{"href":"https:\/\/www.eckler.ca\/fr\/wp-json\/wp\/v2\/pages"}],"about":[{"href":"https:\/\/www.eckler.ca\/fr\/wp-json\/wp\/v2\/types\/page"}],"author":[{"embeddable":true,"href":"https:\/\/www.eckler.ca\/fr\/wp-json\/wp\/v2\/users\/2"}],"replies":[{"embeddable":true,"href":"https:\/\/www.eckler.ca\/fr\/wp-json\/wp\/v2\/comments?post=625"}],"version-history":[{"count":25,"href":"https:\/\/www.eckler.ca\/fr\/wp-json\/wp\/v2\/pages\/625\/revisions"}],"predecessor-version":[{"id":19342,"href":"https:\/\/www.eckler.ca\/fr\/wp-json\/wp\/v2\/pages\/625\/revisions\/19342"}],"up":[{"embeddable":true,"href":"https:\/\/www.eckler.ca\/fr\/wp-json\/wp\/v2\/pages\/630"}],"wp:attachment":[{"href":"https:\/\/www.eckler.ca\/fr\/wp-json\/wp\/v2\/media?parent=625"}],"curies":[{"name":"wp","href":"https:\/\/api.w.org\/{rel}","templated":true}]}}