{"id":16161,"date":"2024-12-04T08:25:58","date_gmt":"2024-12-04T13:25:58","guid":{"rendered":"https:\/\/www.eckler.ca\/?page_id=16161"},"modified":"2025-03-10T10:33:52","modified_gmt":"2025-03-10T14:33:52","slug":"structure-de-gestion-deleguee-des-placements","status":"publish","type":"page","link":"https:\/\/www.eckler.ca\/fr\/services\/gestion-des-actifs\/structure-de-gestion-deleguee-des-placements\/","title":{"rendered":"Structure de gestion d\u00e9l\u00e9gu\u00e9e des placements"},"content":{"rendered":"<div class=\"wpb-content-wrapper\"><p>[vc_row][vc_column]<div class=\"service-hero-wrapper default bg-light\">\n\t\t\t\t<div class=\"service-hero-icon-container\">\n\t\t\t<i class=\"service-hero-icon icon icon-investments\"><\/i>\n\t\t<div class=\"service-hero-content-container container container-narrow\">\n\t\t<div class=\"service-hero-content-inner  mobile-none\">\n\t\t\t\t\t\t\t\t\t\t<h2 class=\"service-hero-banner-sub-heading\">Consultation en gestion d&#8217;actifs&nbsp;\/<\/h2>\n\t\t\t\t\t\t\t\t\t\t<h1 class=\"service-hero-banner-main-heading\">Structure de gestion d\u00e9l\u00e9gu\u00e9e des placements<\/h1>\n\t\t\t\n\t\t\t\t\t<\/div>\n\t<\/div>\n\t\t\t<\/div>\n\t<\/div>\n[\/vc_column][\/vc_row][vc_row][vc_column][basic_container][vc_row_inner gap=&#8221;30&#8243;][vc_column_inner width=&#8221;2\/3&#8243;][vc_column_text]<\/p>\n<h2><strong>Conseils en mati\u00e8re de recherche et surveillance du rendement<\/strong><\/h2>\n<p>[\/vc_column_text][vc_empty_space][vc_column_text]Chez Eckler, nous croyons qu&#8217;un conseiller en placement ind\u00e9pendant est important pour aider nos clients \u00e0 prendre des d\u00e9cisions plus \u00e9clair\u00e9es.<\/p>\n<p>Depuis plus d&#8217;une d\u00e9cennie, nous conseillons nos clients sur leurs relations avec les fournisseurs de structure de gestion d\u00e9l\u00e9gu\u00e9e des placements (connues \u00e9galement sous le nom d\u2019Outsourced Chief Investment Officer (OCIO)), qu&#8217;elles soient nouvelles ou d\u00e9j\u00e0 existantes. Nous avons ainsi acquis une connaissance approfondie de ces fournisseurs au Canada et \u00e9galement d\u00e9velopp\u00e9 une base de donn\u00e9es robuste sur ceux-ci.<\/p>\n<p>Alors que bon nombre de nos concurrents directs dans le domaine de la consultation traditionnelle en investissement se sont lanc\u00e9s dans la gestion d\u00e9l\u00e9gu\u00e9e des placements, Eckler a pris la d\u00e9cision d\u00e9lib\u00e9r\u00e9e de ne pas offrir de ces services d\u00e9l\u00e9gu\u00e9s. Cette ind\u00e9pendance nous permet d&#8217;\u00e9valuer objectivement les fournisseurs OCIO afin d&#8217;aider nos clients \u00e0 prendre les d\u00e9cisions les plus \u00e9clair\u00e9es.<\/p>\n<p>De la d\u00e9termination de la strat\u00e9gie de gestion d\u00e9l\u00e9gu\u00e9e des placements \u00e0 la mise en \u0153uvre, la gouvernance et au suivi, nous travaillons r\u00e9guli\u00e8rement avec des organisations afin de les aider \u00e0 mieux comprendre et g\u00e9rer un mod\u00e8le OCIO qui fonctionne pour leurs objectifs organisationnels uniques.[\/vc_column_text][vc_empty_space][vc_column_text]<\/p>\n<blockquote>\n<h3>Des abonnements \u00e0 la base de donn\u00e9es sont disponibles pour les clients pour lesquels nous effectuons un suivi de leur fournisseur OCIO ainsi que pour les fournisseurs OCIO eux-m\u00eames.<\/h3>\n<\/blockquote>\n<p>[\/vc_column_text][vc_empty_space][vc_column_text]<\/p>\n<h3>Contactez-nous \u00e0 l&#8217;adresse <a href=\"mailto:EMR_OCIO@eckler.ca\">EMR_OCIO@eckler.ca<\/a> pour en savoir plus.<\/h3>\n<p>[\/vc_column_text][vc_empty_space][\/vc_column_inner][vc_column_inner width=&#8221;1\/3&#8243;][vc_column_text]<\/p>\n<h3>Nos services comprennent\u00a0:<\/h3>\n<h5><strong>Consultation pour la recherche de fournisseurs offrant la gestion d\u00e9l\u00e9gu\u00e9e des placements\u00a0<\/strong><\/h5>\n<ul>\n<li>Pr\u00e9paration d&#8217;une liste longue de fournisseurs potentiels, r\u00e9daction et distribution d&#8217;un appel d&#8217;offres sur mesure<\/li>\n<li>Rapport d\u2019analyse des fournisseurs et recommandations<\/li>\n<li>Coordination des rencontres avec les finalistes et participation \u00e0 ces rencontres<\/li>\n<\/ul>\n<h5><strong>Suivi des performances de fournisseurs OCIO\u00a0<\/strong><\/h5>\n<ul>\n<li>Revue de la performance totale du portefeuille par rapport \u00e0 l&#8217;indice de r\u00e9f\u00e9rence, ainsi que des strat\u00e9gies individuelles par rapport \u00e0 l&#8217;indice de r\u00e9f\u00e9rence et \u00e0 leurs pairs<\/li>\n<\/ul>\n<p>[\/vc_column_text][vc_column_text]<\/p>\n<h5><strong>Services de base de donn\u00e9es de fournisseurs OCIO <\/strong><\/h5>\n<ul>\n<li>Cr\u00e9ation d\u2019un univers de fonds comparables dans toutes les cat\u00e9gories d&#8217;actifs. Les groupes comparables sont anonymis\u00e9s afin de garantir que les composants individuels ne sont pas identifiables.<\/li>\n<\/ul>\n<p>[\/vc_column_text]<div class=\"clearfix global-margin-y\"><\/div>[\/vc_column_inner][\/vc_row_inner][\/basic_container][\/vc_column][\/vc_row]<\/p>\n<\/div>","protected":false},"excerpt":{"rendered":"<p>[vc_row][vc_column][\/vc_column][\/vc_row][vc_row][vc_column][basic_container][vc_row_inner gap=&#8221;30&#8243;][vc_column_inner width=&#8221;2\/3&#8243;][vc_column_text]<\/p>\n<p> Conseils en mati\u00e8re de recherche et surveillance du rendement <\/p>\n<p>[\/vc_column_text][vc_empty_space][vc_column_text]Chez Eckler, nous croyons qu&#8217;un conseiller en placement ind\u00e9pendant est important pour aider nos clients \u00e0 prendre des &hellip; [&#8230;]<\/p>\n","protected":false},"author":3,"featured_media":0,"parent":728,"menu_order":0,"comment_status":"closed","ping_status":"closed","template":"","meta":{"_acf_changed":false,"footnotes":""},"class_list":["post-16161","page","type-page","status-publish","hentry"],"acf":[],"yoast_head":"<!-- This site is optimized with the Yoast SEO Premium plugin v26.8 (Yoast SEO v26.8) - https:\/\/yoast.com\/product\/yoast-seo-premium-wordpress\/ -->\n<title>Services-conseils pour les structures de gestion d\u00e9l\u00e9gu\u00e9e des placements | Eckler<\/title>\n<meta name=\"description\" content=\"De la d\u00e9termination de la strat\u00e9gie de gestion d\u00e9l\u00e9gu\u00e9e des placements \u00e0 la mise en \u0153uvre, la gouvernance et au suivi, nous travaillons r\u00e9guli\u00e8rement avec des organisations afin de les aider \u00e0 mieux comprendre et g\u00e9rer un mod\u00e8le OCIO qui fonctionne pour leurs objectifs organisationnels uniques.\" \/>\n<meta name=\"robots\" content=\"index, follow, max-snippet:-1, max-image-preview:large, max-video-preview:-1\" \/>\n<link rel=\"canonical\" href=\"https:\/\/www.eckler.ca\/fr\/services\/gestion-des-actifs\/structure-de-gestion-deleguee-des-placements\/\" \/>\n<meta property=\"og:locale\" content=\"fr_FR\" \/>\n<meta property=\"og:type\" content=\"article\" \/>\n<meta property=\"og:title\" content=\"Structure de gestion d\u00e9l\u00e9gu\u00e9e des placements\" \/>\n<meta property=\"og:description\" content=\"De la d\u00e9termination de la strat\u00e9gie de gestion d\u00e9l\u00e9gu\u00e9e des placements \u00e0 la mise en \u0153uvre, la gouvernance et au suivi, nous travaillons r\u00e9guli\u00e8rement avec des organisations afin de les aider \u00e0 mieux comprendre et g\u00e9rer un mod\u00e8le OCIO qui fonctionne pour leurs objectifs organisationnels uniques.\" \/>\n<meta property=\"og:url\" content=\"https:\/\/www.eckler.ca\/fr\/services\/gestion-des-actifs\/structure-de-gestion-deleguee-des-placements\/\" \/>\n<meta property=\"og:site_name\" content=\"Eckler\" \/>\n<meta property=\"article:modified_time\" content=\"2025-03-10T14:33:52+00:00\" \/>\n<meta property=\"og:image\" content=\"https:\/\/www.eckler.ca\/app\/uploads\/2019\/03\/eckler-social.jpg\" \/>\n\t<meta property=\"og:image:width\" content=\"200\" \/>\n\t<meta property=\"og:image:height\" content=\"200\" \/>\n\t<meta property=\"og:image:type\" content=\"image\/jpeg\" \/>\n<meta name=\"twitter:card\" content=\"summary_large_image\" \/>\n<meta name=\"twitter:label1\" content=\"Est. reading time\" \/>\n\t<meta name=\"twitter:data1\" content=\"2 minutes\" \/>\n<script type=\"application\/ld+json\" class=\"yoast-schema-graph\">{\"@context\":\"https:\/\/schema.org\",\"@graph\":[{\"@type\":\"WebPage\",\"@id\":\"https:\/\/www.eckler.ca\/fr\/services\/gestion-des-actifs\/structure-de-gestion-deleguee-des-placements\/\",\"url\":\"https:\/\/www.eckler.ca\/fr\/services\/gestion-des-actifs\/structure-de-gestion-deleguee-des-placements\/\",\"name\":\"Services-conseils pour les structures de gestion d\u00e9l\u00e9gu\u00e9e des placements | Eckler\",\"isPartOf\":{\"@id\":\"https:\/\/www.eckler.ca\/#website\"},\"datePublished\":\"2024-12-04T13:25:58+00:00\",\"dateModified\":\"2025-03-10T14:33:52+00:00\",\"description\":\"De la d\u00e9termination de la strat\u00e9gie de gestion d\u00e9l\u00e9gu\u00e9e des placements \u00e0 la mise en \u0153uvre, la gouvernance et au suivi, nous travaillons r\u00e9guli\u00e8rement avec des organisations afin de les aider \u00e0 mieux comprendre et g\u00e9rer un mod\u00e8le OCIO qui fonctionne pour leurs objectifs organisationnels uniques.\",\"breadcrumb\":{\"@id\":\"https:\/\/www.eckler.ca\/fr\/services\/gestion-des-actifs\/structure-de-gestion-deleguee-des-placements\/#breadcrumb\"},\"inLanguage\":\"fr-FR\",\"potentialAction\":[{\"@type\":\"ReadAction\",\"target\":[\"https:\/\/www.eckler.ca\/fr\/services\/gestion-des-actifs\/structure-de-gestion-deleguee-des-placements\/\"]}]},{\"@type\":\"BreadcrumbList\",\"@id\":\"https:\/\/www.eckler.ca\/fr\/services\/gestion-des-actifs\/structure-de-gestion-deleguee-des-placements\/#breadcrumb\",\"itemListElement\":[{\"@type\":\"ListItem\",\"position\":1,\"name\":\"Accueil\",\"item\":\"https:\/\/www.eckler.ca\/fr\/\"},{\"@type\":\"ListItem\",\"position\":2,\"name\":\"Services\",\"item\":\"https:\/\/www.eckler.ca\/fr\/services\/\"},{\"@type\":\"ListItem\",\"position\":3,\"name\":\"Consultation en gestion d&#8217;actifs\"}]},{\"@type\":\"WebSite\",\"@id\":\"https:\/\/www.eckler.ca\/#website\",\"url\":\"https:\/\/www.eckler.ca\/\",\"name\":\"Eckler\",\"description\":\"People-Powered Insights\",\"potentialAction\":[{\"@type\":\"SearchAction\",\"target\":{\"@type\":\"EntryPoint\",\"urlTemplate\":\"https:\/\/www.eckler.ca\/?s={search_term_string}\"},\"query-input\":{\"@type\":\"PropertyValueSpecification\",\"valueRequired\":true,\"valueName\":\"search_term_string\"}}],\"inLanguage\":\"fr-FR\"}]}<\/script>\n<!-- \/ Yoast SEO Premium plugin. -->","yoast_head_json":{"title":"Services-conseils pour les structures de gestion d\u00e9l\u00e9gu\u00e9e des placements | Eckler","description":"De la d\u00e9termination de la strat\u00e9gie de gestion d\u00e9l\u00e9gu\u00e9e des placements \u00e0 la mise en \u0153uvre, la gouvernance et au suivi, nous travaillons r\u00e9guli\u00e8rement avec des organisations afin de les aider \u00e0 mieux comprendre et g\u00e9rer un mod\u00e8le OCIO qui fonctionne pour leurs objectifs organisationnels uniques.","robots":{"index":"index","follow":"follow","max-snippet":"max-snippet:-1","max-image-preview":"max-image-preview:large","max-video-preview":"max-video-preview:-1"},"canonical":"https:\/\/www.eckler.ca\/fr\/services\/gestion-des-actifs\/structure-de-gestion-deleguee-des-placements\/","og_locale":"fr_FR","og_type":"article","og_title":"Structure de gestion d\u00e9l\u00e9gu\u00e9e des placements","og_description":"De la d\u00e9termination de la strat\u00e9gie de gestion d\u00e9l\u00e9gu\u00e9e des placements \u00e0 la mise en \u0153uvre, la gouvernance et au suivi, nous travaillons r\u00e9guli\u00e8rement avec des organisations afin de les aider \u00e0 mieux comprendre et g\u00e9rer un mod\u00e8le OCIO qui fonctionne pour leurs objectifs organisationnels uniques.","og_url":"https:\/\/www.eckler.ca\/fr\/services\/gestion-des-actifs\/structure-de-gestion-deleguee-des-placements\/","og_site_name":"Eckler","article_modified_time":"2025-03-10T14:33:52+00:00","og_image":[{"width":200,"height":200,"url":"https:\/\/www.eckler.ca\/app\/uploads\/2019\/03\/eckler-social.jpg","type":"image\/jpeg"}],"twitter_card":"summary_large_image","twitter_misc":{"Est. reading time":"2 minutes"},"schema":{"@context":"https:\/\/schema.org","@graph":[{"@type":"WebPage","@id":"https:\/\/www.eckler.ca\/fr\/services\/gestion-des-actifs\/structure-de-gestion-deleguee-des-placements\/","url":"https:\/\/www.eckler.ca\/fr\/services\/gestion-des-actifs\/structure-de-gestion-deleguee-des-placements\/","name":"Services-conseils pour les structures de gestion d\u00e9l\u00e9gu\u00e9e des placements | Eckler","isPartOf":{"@id":"https:\/\/www.eckler.ca\/#website"},"datePublished":"2024-12-04T13:25:58+00:00","dateModified":"2025-03-10T14:33:52+00:00","description":"De la d\u00e9termination de la strat\u00e9gie de gestion d\u00e9l\u00e9gu\u00e9e des placements \u00e0 la mise en \u0153uvre, la gouvernance et au suivi, nous travaillons r\u00e9guli\u00e8rement avec des organisations afin de les aider \u00e0 mieux comprendre et g\u00e9rer un mod\u00e8le OCIO qui fonctionne pour leurs objectifs organisationnels uniques.","breadcrumb":{"@id":"https:\/\/www.eckler.ca\/fr\/services\/gestion-des-actifs\/structure-de-gestion-deleguee-des-placements\/#breadcrumb"},"inLanguage":"fr-FR","potentialAction":[{"@type":"ReadAction","target":["https:\/\/www.eckler.ca\/fr\/services\/gestion-des-actifs\/structure-de-gestion-deleguee-des-placements\/"]}]},{"@type":"BreadcrumbList","@id":"https:\/\/www.eckler.ca\/fr\/services\/gestion-des-actifs\/structure-de-gestion-deleguee-des-placements\/#breadcrumb","itemListElement":[{"@type":"ListItem","position":1,"name":"Accueil","item":"https:\/\/www.eckler.ca\/fr\/"},{"@type":"ListItem","position":2,"name":"Services","item":"https:\/\/www.eckler.ca\/fr\/services\/"},{"@type":"ListItem","position":3,"name":"Consultation en gestion d&#8217;actifs"}]},{"@type":"WebSite","@id":"https:\/\/www.eckler.ca\/#website","url":"https:\/\/www.eckler.ca\/","name":"Eckler","description":"People-Powered Insights","potentialAction":[{"@type":"SearchAction","target":{"@type":"EntryPoint","urlTemplate":"https:\/\/www.eckler.ca\/?s={search_term_string}"},"query-input":{"@type":"PropertyValueSpecification","valueRequired":true,"valueName":"search_term_string"}}],"inLanguage":"fr-FR"}]}},"_links":{"self":[{"href":"https:\/\/www.eckler.ca\/fr\/wp-json\/wp\/v2\/pages\/16161","targetHints":{"allow":["GET"]}}],"collection":[{"href":"https:\/\/www.eckler.ca\/fr\/wp-json\/wp\/v2\/pages"}],"about":[{"href":"https:\/\/www.eckler.ca\/fr\/wp-json\/wp\/v2\/types\/page"}],"author":[{"embeddable":true,"href":"https:\/\/www.eckler.ca\/fr\/wp-json\/wp\/v2\/users\/3"}],"replies":[{"embeddable":true,"href":"https:\/\/www.eckler.ca\/fr\/wp-json\/wp\/v2\/comments?post=16161"}],"version-history":[{"count":6,"href":"https:\/\/www.eckler.ca\/fr\/wp-json\/wp\/v2\/pages\/16161\/revisions"}],"predecessor-version":[{"id":16995,"href":"https:\/\/www.eckler.ca\/fr\/wp-json\/wp\/v2\/pages\/16161\/revisions\/16995"}],"up":[{"embeddable":true,"href":"https:\/\/www.eckler.ca\/fr\/wp-json\/wp\/v2\/pages\/728"}],"wp:attachment":[{"href":"https:\/\/www.eckler.ca\/fr\/wp-json\/wp\/v2\/media?parent=16161"}],"curies":[{"name":"wp","href":"https:\/\/api.w.org\/{rel}","templated":true}]}}