{"id":13993,"date":"2023-10-31T11:25:06","date_gmt":"2023-10-31T15:25:06","guid":{"rendered":"https:\/\/www.eckler.ca\/?page_id=13993"},"modified":"2025-12-17T09:13:07","modified_gmt":"2025-12-17T14:13:07","slug":"services-aux-peuples-autochtones","status":"publish","type":"page","link":"https:\/\/www.eckler.ca\/fr\/services\/services-aux-peuples-autochtones\/","title":{"rendered":"Services aux peuples autochtones"},"content":{"rendered":"<div class=\"wpb-content-wrapper\"><p>[vc_row][vc_column]<div class=\"service-hero-wrapper default bg-light\">\n\t\t\t\t<div class=\"service-hero-icon-container\">\n\t\t\t<i class=\"service-hero-icon icon icon-investments\"><\/i>\n\t\t<div class=\"service-hero-content-container container container-narrow\">\n\t\t<div class=\"service-hero-content-inner  mobile-none\">\n\t\t\t\t\t\t\t\t\t\t<h2 class=\"service-hero-banner-sub-heading\">Services&nbsp;\/<\/h2>\n\t\t\t\t\t\t\t\t\t\t<h1 class=\"service-hero-banner-main-heading\">Services aux peuples autochtones<\/h1>\n\t\t\t\n\t\t\t\t\t<\/div>\n\t<\/div>\n\t\t\t<\/div>\n\t<\/div>\n[\/vc_column][\/vc_row][vc_row][vc_column][basic_container container_size=&#8221;container container-narrow&#8221;][vc_column_text]<\/p>\n<h2><strong><em>\u00c9couter, mieux conna\u00eetre et soutenir les peuples autochtones et leurs communaut\u00e9s afin qu\u2019ils puissent trouver un \u00e9quilibre entre la prosp\u00e9rit\u00e9 et la stabilit\u00e9 op\u00e9rationnelles tout en pr\u00e9servant leurs valeurs, leur culture et leur mode de vie.<\/em><\/strong><\/h2>\n<p>[\/vc_column_text]<div class=\"clearfix global-margin-y\"><\/div>[\/basic_container][\/vc_column][\/vc_row][vc_row][vc_column][basic_container container_size=&#8221;container container-narrow&#8221;][vc_column_text]<img loading=\"lazy\" decoding=\"async\" class=\"wp-image-14154 size-medium alignright\" src=\"https:\/\/www.eckler.ca\/app\/uploads\/2023\/10\/CCAB_ProudMember_FRE-300x129.png\" alt=\"\" width=\"300\" height=\"129\" srcset=\"https:\/\/www.eckler.ca\/app\/uploads\/2023\/10\/CCAB_ProudMember_FRE-300x129.png 300w, https:\/\/www.eckler.ca\/app\/uploads\/2023\/10\/CCAB_ProudMember_FRE-1024x439.png 1024w, https:\/\/www.eckler.ca\/app\/uploads\/2023\/10\/CCAB_ProudMember_FRE-768x329.png 768w, https:\/\/www.eckler.ca\/app\/uploads\/2023\/10\/CCAB_ProudMember_FRE-1536x658.png 1536w, https:\/\/www.eckler.ca\/app\/uploads\/2023\/10\/CCAB_ProudMember_FRE-2048x877.png 2048w\" sizes=\"auto, (max-width: 300px) 100vw, 300px\" \/><\/p>\n<p>Eckler a \u00e0 c\u0153ur que son expertise et ses conseils refl\u00e8tent ses valeurs et celles de ses clients. Par l\u2019entremise de notre \u00e9quipe d\u00e9di\u00e9e \u00e0 l\u2019engagement envers \u00a0les peuples autochtones, nous avons consacr\u00e9 du temps et des ressources aux relations avec les peuples autochtones et \u00e0 la formation de nos employ\u00e9s, afin de nous assurer que notre \u00e9quipe de conseillers puissent fournir de mani\u00e8re comp\u00e9tente des services-conseils de premier ordre qui auront une incidence consid\u00e9rable et durable sur les communaut\u00e9s autochtones de l\u2019ensemble du Canada pour des ann\u00e9es \u00e0 venir.<\/p>\n<p>La collaboration d\u2019Eckler avec les communaut\u00e9s autochtones s\u2019\u00e9tale sur divers projets, allant de participation \u00e0 titre de \u00a0t\u00e9moin expert jusqu\u2019\u00e0 une gamme compl\u00e8te de services d\u2019investissement, de gouvernance et de gestion.[\/vc_column_text][vc_empty_space height=&#8221;45px&#8221;][vc_column_text]<\/p>\n<h3>Nos services incluent\u00a0:<\/h3>\n<ul>\n<li>T\u00e9moignages d\u2019experts dans le cadre de recours collectifs<\/li>\n<li>Strat\u00e9gie d\u2019investissement, mise en \u0153uvre et gouvernance des fonds en fiducie pour les communaut\u00e9s autochtones<\/li>\n<li>Recherche de gestionnaires d\u2019investissement et suivi du rendement<\/li>\n<li>Soutien actuariel dans un contexte o\u00f9 les fonds peuvent \u00eatre vers\u00e9s sur une longue p\u00e9riode<\/li>\n<li>Services-conseils en mati\u00e8re de r\u00e9mun\u00e9ration<\/li>\n<li>Conception et mise en \u0153uvre de r\u00e9gimes d\u2019avantages sociaux<\/li>\n<li>Formation en bien-\u00eatre financier<\/li>\n<\/ul>\n<p>[\/vc_column_text][vc_empty_space height=&#8221;45px&#8221;][vc_column_text]<\/p>\n<h3><strong>Notre engagement ne se limite pas qu\u2019au travail <\/strong><\/h3>\n<h2><strong>Soutien aux \u00e9tudiants autochtones d\u00e9sirant acc\u00e9der \u00e0 l\u2019enseignement sup\u00e9rieur \u00a0<\/strong><\/h2>\n<p>Conform\u00e9ment \u00e0 <a href=\"https:\/\/www.eckler.ca\/fr\/about\/notre-raison-detre-et-nos-valeurs\/\">notre objectif de faire preuve de bonne volont\u00e9<\/a> et d\u2019agir dans l\u2019int\u00e9r\u00eat des gens, nous sommes fiers de jour un r\u00f4le dans cette voie vers \u00a0la r\u00e9conciliation. En r\u00e9ponse \u00e0 l\u2019appel \u00e0 l\u2019action (\u00ab Call to Action #11 \u00bb), nous soutenons les \u00e9tudiants autochtones qui cherchent \u00e0 obtenir du financement pour acc\u00e9der \u00e0 l\u2019enseignement sup\u00e9rieur. Eckler est fi\u00e8re de parrainer la <em>\u00ab bourse comm\u00e9morative M. David R. Brown \u00bb<\/em> en actuariat \u00e0 l\u2019Universit\u00e9 du Manitoba, qui accorde la priorit\u00e9 aux candidats autochtones.<\/p>\n<p>Nous soutenons \u00e9galement le Fonds pour l\u2019\u00e9galit\u00e9 des opportunit\u00e9s (BEO) offert par la Fondation actuarielle du Canada (FAC) pour <em>\u00ab\u00a0promouvoir la diversit\u00e9 dans les professions de l\u2019actuariat, des math\u00e9matiques et des statistiques, de la gestion des donn\u00e9es et de l\u2019informatique.\u00a0\u00bb<\/em> Le Fonds BEO offre des bourses aux \u00e9tudiants canadiens noirs, autochtones et de couleur admissibles, qui se heurtent \u00e0 des obstacles financiers et soci\u00e9taux qui les emp\u00eachent de suivre le programme universitaire ou coll\u00e9gial de leur choix.<\/p>\n<p>Nous esp\u00e9rons que ces bourses permettront \u00e0 un plus grand nombre d\u2019\u00e9tudiants autochtones de poursuivre des \u00e9tudes en actuariat, voire de faire carri\u00e8re chez Eckler.[\/vc_column_text][\/basic_container][\/vc_column][\/vc_row][vc_row][vc_column]<div class=\"decorative-illustration align-left \">\n\t<span class=\"decoration five-flags\"><\/span>\n<\/div>\n[basic_container container_size=&#8221;container container-narrow&#8221;]<div class=\"clearfix global-margin-y\"><\/div>[vc_separator][vc_column_text]<\/p>\n<h4>Reconnaissance du territoire<\/h4>\n<p><em>Eckler est heureuse de reconna\u00eetre que son si\u00e8ge social se trouve sur les territoires traditionnels, ancestraux et non c\u00e9d\u00e9s de nombreuses nations, notamment la bande des Mississaugas de Credit, les Anishnabeg, les Chippewa, les Haudenosaunee et les Wendat. Notre si\u00e8ge social se trouve \u00e0 Toronto, o\u00f9 vivent aujourd\u2019hui plusieurs membres des Premi\u00e8res Nations, des Inuits et des M\u00e9tis, mais nous d\u00e9sirons \u00e9galement reconna\u00eetre que nos autres sites au Canada sont situ\u00e9s sur les territoires traditionnels de nombreux peuples des Premi\u00e8res Nations et M\u00e9tis. <\/em>[\/vc_column_text][vc_separator]<div class=\"clearfix global-margin-y\"><\/div>[\/basic_container][\/vc_column][\/vc_row][vc_row][vc_column]\t<div class=\"row\">\n\t\t<div class=\"general-cta background-image-loading    image \"  data-src=\"<149:https:\/\/www.eckler.ca\/app\/uploads\/2019\/03\/bg-1-450x150.jpg,<319:https:\/\/www.eckler.ca\/app\/uploads\/2019\/03\/bg-1-960x320.jpg,<479:https:\/\/www.eckler.ca\/app\/uploads\/2019\/03\/bg-1-1440x480.jpg,<767:https:\/\/www.eckler.ca\/app\/uploads\/2019\/03\/bg-1-2200x733.jpg,<991:https:\/\/www.eckler.ca\/app\/uploads\/2019\/03\/bg-1-2200x733.jpg,<1199:https:\/\/www.eckler.ca\/app\/uploads\/2019\/03\/bg-1-2200x733.jpg,<1399:https:\/\/www.eckler.ca\/app\/uploads\/2019\/03\/bg-1-2200x733.jpg,<1599:https:\/\/www.eckler.ca\/app\/uploads\/2019\/03\/bg-1-2880x959.jpg,>1600:https:\/\/www.eckler.ca\/app\/uploads\/2019\/03\/bg-1-2880x959.jpg\">\n\t\t\t\t\t\t<div class=\"general-cta-overlay none\"><\/div>\n\t\t\t<div class=\"container\">\n\t\t\t\t<div class=\"row\">\n\t\t\t\t\t<div class=\"general-cta-box\">\n\t\t\t\t\t\t\t\t\t\t\t\t\t\t\t\t\t\t\t<div class=\"general-cta-content\">\n\t\t\t\t\t\t\t\t<h3 style=\"text-align: center;\"><span style=\"color: #ffffff;\">Pour communiquer avec un membre de notre \u00e9quipe de consultation avec les peuples autochtones, veuillez cliquer sur le bouton ci-dessous.<\/span><\/h3>\n\t\t\t\t\t\t\t<\/div>\n\t\t\t\t\t\t\t\t\t\t\t\t\t\t\t\t\t\t\t<div class=\"general-cta-button\">\n\t\t\t\t\t\t\t\t<a href=\"https:\/\/www.eckler.ca\/fr\/lets-talk\/\" target=\"\" class=\"btn btn-primary \" title=\"Parlons-en\">\n\t\t\t\t\t\t\t\t\tParlons-en\t\t\t\t\t\t\t\t<\/a>\n\t\t\t\t\t\t\t<\/div>\n\t\t\t\t\t    \t\t\t\t\t<\/div>\n\t\t\t\t<\/div>\n\t\t\t<\/div>\n\t\t<\/div>\n\t<\/div>\n[\/vc_column][\/vc_row]<\/p>\n<\/div>","protected":false},"excerpt":{"rendered":"<p>[vc_row][vc_column][\/vc_column][\/vc_row][vc_row][vc_column][basic_container container_size=&#8221;container container-narrow&#8221;][vc_column_text]<\/p>\n<p> \u00c9couter, mieux conna\u00eetre et soutenir les peuples autochtones et leurs communaut\u00e9s afin qu\u2019ils puissent trouver un \u00e9quilibre entre la prosp\u00e9rit\u00e9 et la stabilit\u00e9 op\u00e9rationnelles tout en pr\u00e9servant &hellip; [&#8230;]<\/p>\n","protected":false},"author":3,"featured_media":0,"parent":1120,"menu_order":0,"comment_status":"closed","ping_status":"closed","template":"","meta":{"_acf_changed":false,"footnotes":""},"class_list":["post-13993","page","type-page","status-publish","hentry"],"acf":[],"yoast_head":"<!-- This site is optimized with the Yoast SEO Premium plugin v26.8 (Yoast SEO v26.8) - https:\/\/yoast.com\/product\/yoast-seo-premium-wordpress\/ -->\n<title>Services aux peuples autochtones | Eckler<\/title>\n<meta name=\"description\" content=\"Le travail d&#039;Eckler avec les communaut\u00e9s indig\u00e8nes va des projets d&#039;expertise aux services d&#039;investissement, de gouvernance et de gestion.\" \/>\n<meta name=\"robots\" content=\"index, follow, max-snippet:-1, max-image-preview:large, max-video-preview:-1\" \/>\n<link rel=\"canonical\" href=\"https:\/\/www.eckler.ca\/fr\/services\/services-aux-peuples-autochtones\/\" \/>\n<meta property=\"og:locale\" content=\"fr_FR\" \/>\n<meta property=\"og:type\" content=\"article\" \/>\n<meta property=\"og:title\" content=\"Services aux peuples autochtones\" \/>\n<meta property=\"og:description\" content=\"Le travail d&#039;Eckler avec les communaut\u00e9s indig\u00e8nes va des projets d&#039;expertise aux services d&#039;investissement, de gouvernance et de gestion.\" \/>\n<meta property=\"og:url\" content=\"https:\/\/www.eckler.ca\/fr\/services\/services-aux-peuples-autochtones\/\" \/>\n<meta property=\"og:site_name\" content=\"Eckler\" \/>\n<meta property=\"article:modified_time\" content=\"2025-12-17T14:13:07+00:00\" \/>\n<meta property=\"og:image\" content=\"https:\/\/www.eckler.ca\/app\/uploads\/2023\/10\/CCAB_ProudMember_FRE.png\" \/>\n\t<meta property=\"og:image:width\" content=\"2122\" \/>\n\t<meta property=\"og:image:height\" content=\"909\" \/>\n\t<meta property=\"og:image:type\" content=\"image\/png\" \/>\n<meta name=\"twitter:card\" content=\"summary_large_image\" \/>\n<meta name=\"twitter:label1\" content=\"Est. reading time\" \/>\n\t<meta name=\"twitter:data1\" content=\"4 minutes\" \/>\n<script type=\"application\/ld+json\" class=\"yoast-schema-graph\">{\"@context\":\"https:\/\/schema.org\",\"@graph\":[{\"@type\":\"WebPage\",\"@id\":\"https:\/\/www.eckler.ca\/fr\/services\/services-aux-peuples-autochtones\/\",\"url\":\"https:\/\/www.eckler.ca\/fr\/services\/services-aux-peuples-autochtones\/\",\"name\":\"Services aux peuples autochtones | Eckler\",\"isPartOf\":{\"@id\":\"https:\/\/www.eckler.ca\/#website\"},\"primaryImageOfPage\":{\"@id\":\"https:\/\/www.eckler.ca\/fr\/services\/services-aux-peuples-autochtones\/#primaryimage\"},\"image\":{\"@id\":\"https:\/\/www.eckler.ca\/fr\/services\/services-aux-peuples-autochtones\/#primaryimage\"},\"thumbnailUrl\":\"https:\/\/www.eckler.ca\/app\/uploads\/2023\/10\/CCAB_ProudMember_FRE-300x129.png\",\"datePublished\":\"2023-10-31T15:25:06+00:00\",\"dateModified\":\"2025-12-17T14:13:07+00:00\",\"description\":\"Le travail d'Eckler avec les communaut\u00e9s indig\u00e8nes va des projets d'expertise aux services d'investissement, de gouvernance et de gestion.\",\"breadcrumb\":{\"@id\":\"https:\/\/www.eckler.ca\/fr\/services\/services-aux-peuples-autochtones\/#breadcrumb\"},\"inLanguage\":\"fr-FR\",\"potentialAction\":[{\"@type\":\"ReadAction\",\"target\":[\"https:\/\/www.eckler.ca\/fr\/services\/services-aux-peuples-autochtones\/\"]}]},{\"@type\":\"ImageObject\",\"inLanguage\":\"fr-FR\",\"@id\":\"https:\/\/www.eckler.ca\/fr\/services\/services-aux-peuples-autochtones\/#primaryimage\",\"url\":\"https:\/\/www.eckler.ca\/app\/uploads\/2023\/10\/CCAB_ProudMember_FRE-300x129.png\",\"contentUrl\":\"https:\/\/www.eckler.ca\/app\/uploads\/2023\/10\/CCAB_ProudMember_FRE-300x129.png\"},{\"@type\":\"BreadcrumbList\",\"@id\":\"https:\/\/www.eckler.ca\/fr\/services\/services-aux-peuples-autochtones\/#breadcrumb\",\"itemListElement\":[{\"@type\":\"ListItem\",\"position\":1,\"name\":\"Accueil\",\"item\":\"https:\/\/www.eckler.ca\/fr\/\"},{\"@type\":\"ListItem\",\"position\":2,\"name\":\"Services\"}]},{\"@type\":\"WebSite\",\"@id\":\"https:\/\/www.eckler.ca\/#website\",\"url\":\"https:\/\/www.eckler.ca\/\",\"name\":\"Eckler\",\"description\":\"People-Powered Insights\",\"potentialAction\":[{\"@type\":\"SearchAction\",\"target\":{\"@type\":\"EntryPoint\",\"urlTemplate\":\"https:\/\/www.eckler.ca\/?s={search_term_string}\"},\"query-input\":{\"@type\":\"PropertyValueSpecification\",\"valueRequired\":true,\"valueName\":\"search_term_string\"}}],\"inLanguage\":\"fr-FR\"}]}<\/script>\n<!-- \/ Yoast SEO Premium plugin. -->","yoast_head_json":{"title":"Services aux peuples autochtones | Eckler","description":"Le travail d'Eckler avec les communaut\u00e9s indig\u00e8nes va des projets d'expertise aux services d'investissement, de gouvernance et de gestion.","robots":{"index":"index","follow":"follow","max-snippet":"max-snippet:-1","max-image-preview":"max-image-preview:large","max-video-preview":"max-video-preview:-1"},"canonical":"https:\/\/www.eckler.ca\/fr\/services\/services-aux-peuples-autochtones\/","og_locale":"fr_FR","og_type":"article","og_title":"Services aux peuples autochtones","og_description":"Le travail d'Eckler avec les communaut\u00e9s indig\u00e8nes va des projets d'expertise aux services d'investissement, de gouvernance et de gestion.","og_url":"https:\/\/www.eckler.ca\/fr\/services\/services-aux-peuples-autochtones\/","og_site_name":"Eckler","article_modified_time":"2025-12-17T14:13:07+00:00","og_image":[{"width":2122,"height":909,"url":"https:\/\/www.eckler.ca\/app\/uploads\/2023\/10\/CCAB_ProudMember_FRE.png","type":"image\/png"}],"twitter_card":"summary_large_image","twitter_misc":{"Est. reading time":"4 minutes"},"schema":{"@context":"https:\/\/schema.org","@graph":[{"@type":"WebPage","@id":"https:\/\/www.eckler.ca\/fr\/services\/services-aux-peuples-autochtones\/","url":"https:\/\/www.eckler.ca\/fr\/services\/services-aux-peuples-autochtones\/","name":"Services aux peuples autochtones | Eckler","isPartOf":{"@id":"https:\/\/www.eckler.ca\/#website"},"primaryImageOfPage":{"@id":"https:\/\/www.eckler.ca\/fr\/services\/services-aux-peuples-autochtones\/#primaryimage"},"image":{"@id":"https:\/\/www.eckler.ca\/fr\/services\/services-aux-peuples-autochtones\/#primaryimage"},"thumbnailUrl":"https:\/\/www.eckler.ca\/app\/uploads\/2023\/10\/CCAB_ProudMember_FRE-300x129.png","datePublished":"2023-10-31T15:25:06+00:00","dateModified":"2025-12-17T14:13:07+00:00","description":"Le travail d'Eckler avec les communaut\u00e9s indig\u00e8nes va des projets d'expertise aux services d'investissement, de gouvernance et de gestion.","breadcrumb":{"@id":"https:\/\/www.eckler.ca\/fr\/services\/services-aux-peuples-autochtones\/#breadcrumb"},"inLanguage":"fr-FR","potentialAction":[{"@type":"ReadAction","target":["https:\/\/www.eckler.ca\/fr\/services\/services-aux-peuples-autochtones\/"]}]},{"@type":"ImageObject","inLanguage":"fr-FR","@id":"https:\/\/www.eckler.ca\/fr\/services\/services-aux-peuples-autochtones\/#primaryimage","url":"https:\/\/www.eckler.ca\/app\/uploads\/2023\/10\/CCAB_ProudMember_FRE-300x129.png","contentUrl":"https:\/\/www.eckler.ca\/app\/uploads\/2023\/10\/CCAB_ProudMember_FRE-300x129.png"},{"@type":"BreadcrumbList","@id":"https:\/\/www.eckler.ca\/fr\/services\/services-aux-peuples-autochtones\/#breadcrumb","itemListElement":[{"@type":"ListItem","position":1,"name":"Accueil","item":"https:\/\/www.eckler.ca\/fr\/"},{"@type":"ListItem","position":2,"name":"Services"}]},{"@type":"WebSite","@id":"https:\/\/www.eckler.ca\/#website","url":"https:\/\/www.eckler.ca\/","name":"Eckler","description":"People-Powered Insights","potentialAction":[{"@type":"SearchAction","target":{"@type":"EntryPoint","urlTemplate":"https:\/\/www.eckler.ca\/?s={search_term_string}"},"query-input":{"@type":"PropertyValueSpecification","valueRequired":true,"valueName":"search_term_string"}}],"inLanguage":"fr-FR"}]}},"_links":{"self":[{"href":"https:\/\/www.eckler.ca\/fr\/wp-json\/wp\/v2\/pages\/13993","targetHints":{"allow":["GET"]}}],"collection":[{"href":"https:\/\/www.eckler.ca\/fr\/wp-json\/wp\/v2\/pages"}],"about":[{"href":"https:\/\/www.eckler.ca\/fr\/wp-json\/wp\/v2\/types\/page"}],"author":[{"embeddable":true,"href":"https:\/\/www.eckler.ca\/fr\/wp-json\/wp\/v2\/users\/3"}],"replies":[{"embeddable":true,"href":"https:\/\/www.eckler.ca\/fr\/wp-json\/wp\/v2\/comments?post=13993"}],"version-history":[{"count":6,"href":"https:\/\/www.eckler.ca\/fr\/wp-json\/wp\/v2\/pages\/13993\/revisions"}],"predecessor-version":[{"id":18396,"href":"https:\/\/www.eckler.ca\/fr\/wp-json\/wp\/v2\/pages\/13993\/revisions\/18396"}],"up":[{"embeddable":true,"href":"https:\/\/www.eckler.ca\/fr\/wp-json\/wp\/v2\/pages\/1120"}],"wp:attachment":[{"href":"https:\/\/www.eckler.ca\/fr\/wp-json\/wp\/v2\/media?parent=13993"}],"curies":[{"name":"wp","href":"https:\/\/api.w.org\/{rel}","templated":true}]}}