{"id":13722,"date":"2023-08-21T17:06:47","date_gmt":"2023-08-21T21:06:47","guid":{"rendered":"https:\/\/www.eckler.ca\/?page_id=13722"},"modified":"2023-09-16T19:28:11","modified_gmt":"2023-09-16T23:28:11","slug":"avis-sur-les-temoins","status":"publish","type":"page","link":"https:\/\/www.eckler.ca\/fr\/avis-sur-les-temoins\/","title":{"rendered":"Avis sur les t\u00e9moins"},"content":{"rendered":"<div class=\"wpb-content-wrapper\"><p>[vc_row][vc_column][basic_container container_size=&#8221;container container-narrow&#8221;][vc_column_text]<\/p>\n<h3>AVIS SUR LES T\u00c9MOINS<\/h3>\n<p>Derni\u00e8re mise \u00e0 jour : Septembre 2023<\/p>\n<p>Le pr\u00e9sent avis sur les t\u00e9moins d\u00e9crit l\u2019utilisation par Eckler lt\u00e9e des t\u00e9moins sur son site Web, les types de t\u00e9moins que nous utilisons, notamment l\u2019information que nous recueillons au moyen de ceux-ci, et la marche \u00e0 suivre pour communiquer avec nous pour toute question concernant le pr\u00e9sent avis.<\/p>\n<p>Lorsque des donn\u00e9es personnelles sont recueillies au moyen de t\u00e9moins, notre <a href=\"https:\/\/www.eckler.ca\/fr\/privacy-policy\/\">Politique de confidentialit\u00e9<\/a> s\u2019applique \u00e9galement, en compl\u00e9ment au pr\u00e9sent avis.<\/p>\n<h3>1. Que sont les t\u00e9moins?<\/h3>\n<p>Les t\u00e9moins sont de tr\u00e8s courts fichiers textes utilis\u00e9s pour stocker de petits \u00e9l\u00e9ments d\u2019information sur votre appareil lors du t\u00e9l\u00e9chargement d\u2019un site Web sur votre navigateur. Couramment utilis\u00e9s, les t\u00e9moins am\u00e9liorent le fonctionnement des sites Web, enrichissent l\u2019exp\u00e9rience des utilisateurs et fournissent des renseignements aux propri\u00e9taires de sites Web.<\/p>\n<h3>2. Quels t\u00e9moins utilisons-nous?<\/h3>\n<p>Nous utilisons des t\u00e9moins qui servent \u00e0 vous distinguer des autres utilisateurs, \u00e0 adapter le site Web en fonction de vos pr\u00e9f\u00e9rences (par exemple, votre langue pr\u00e9f\u00e9r\u00e9e), \u00e0 personnaliser votre exp\u00e9rience, \u00e0 analyser l\u2019utilisation du site, et \u00e0 le contr\u00f4ler et \u00e0 l\u2019am\u00e9liorer. Les t\u00e9moins nous aident \u00e0 maintenir notre site Web et \u00e0 en comprendre le fonctionnement, \u00e0 assurer une s\u00e9curit\u00e9 accrue et \u00e0 offrir une meilleure exp\u00e9rience \u00e0 l\u2019utilisateur.<\/p>\n<p>Voici les types de t\u00e9moins que nous pourrions utiliser :<\/p>\n<ul>\n<li><strong>T\u00e9moins strictement n\u00e9cessaires :<\/strong> Ces t\u00e9moins sont n\u00e9cessaires au bon fonctionnement du site Web. Ils vous permettent de naviguer sur le site Web et d\u2019utiliser ses fonctionnalit\u00e9s.\n<ul>\n<li>T\u00e9moin: __cf_bm\n<ul>\n<li>Type: T\u00e9moin de tierce partie<\/li>\n<li>Dur\u00e9e: 30 minutes<\/li>\n<li>Description: Ce t\u00e9moin est utilis\u00e9 pour faire la distinction entre les humains et les robots. Il permet d\u2019\u00e9tablir des<br \/>\nrapports valables sur l\u2019utilisation du site.<\/li>\n<\/ul>\n<\/li>\n<\/ul>\n<\/li>\n<li><strong>T\u00e9moin de performance :<\/strong> Ces t\u00e9moins collectent des renseignements sur votre utilisation de notre site Web (par exemple, les pages que vous consultez le plus souvent). Nous utilisons ces donn\u00e9es aux fins de performance et d\u2019optimisation du site.\n<ul>\n<li>T\u00e9moin: _gid\n<ul>\n<li>Type: T\u00e9moin de premi\u00e8re partie<\/li>\n<li>Dur\u00e9e: 30 jour<\/li>\n<li>Description: Ce t\u00e9moin est d\u00e9fini par Google Analytics. Il stocke et met \u00e0 jour une valeur unique pour chaque page visit\u00e9e et sert \u00e0 compter les pages vues et \u00e0 en faire le suivi.<\/li>\n<\/ul>\n<\/li>\n<li>T\u00e9moin: _gat_UA-37880603-1\n<ul>\n<li>Type: T\u00e9moin de premi\u00e8re partie<\/li>\n<li>Dur\u00e9e: 1 minute<\/li>\n<li>Description: Il s\u2019agit d\u2019un t\u00e9moin de mod\u00e8le d\u00e9fini par Google Analytics, dont le nom contient le num\u00e9ro d\u2019identification unique du compte ou du site Web auquel il se rapporte. Il s\u2019agit d\u2019une variante du t\u00e9moin \u00ab _gat \u00bb qui est utilis\u00e9 pour limiter la quantit\u00e9 de donn\u00e9es enregistr\u00e9es par Google sur les sites Web les plus visit\u00e9s.<\/li>\n<\/ul>\n<\/li>\n<li>T\u00e9moin: _ga_7J50K9W7BT\n<ul>\n<li>Type: T\u00e9moin de premi\u00e8re partie<\/li>\n<li>Dur\u00e9e: 2 ans<\/li>\n<li>Description: Ce t\u00e9moin est utilis\u00e9 par Google Analytics pour prolonger l\u2019\u00e9tat de la session.<\/li>\n<\/ul>\n<\/li>\n<li>T\u00e9moin: _ga\n<ul>\n<li>Type: T\u00e9moin de premi\u00e8re partie<\/li>\n<li>Dur\u00e9e: 2 ans<\/li>\n<li>Description: Ce nom de t\u00e9moin est associ\u00e9 \u00e0 Google Universal Analytics, une mise \u00e0 jour importante du service d\u2019analyse de Google le plus couramment utilis\u00e9. Ce t\u00e9moin est utilis\u00e9 pour distinguer les utilisateurs uniques en leur attribuant un num\u00e9ro g\u00e9n\u00e9r\u00e9 de mani\u00e8re al\u00e9atoire \u00e0 titre d\u2019identifiant de client. Inclus dans chaque requ\u00eate de page d\u2019un site, il est utilis\u00e9 pour calculer les donn\u00e9es relatives aux visiteurs, aux sessions et aux campagnes pour les inclure dans les rapports d\u2019analyse du site.<\/li>\n<\/ul>\n<\/li>\n<\/ul>\n<\/li>\n<li><strong>Autres t\u00e9moins :<\/strong> Ces t\u00e9moins permettent d\u2019enregistrer les choix que vous faites sur notre site Web et de fournir des fonctionnalit\u00e9s am\u00e9lior\u00e9es (par exemple, modification de la taille du texte, visionnage d\u2019une vid\u00e9o, choix de la langue).\n<ul>\n<li>T\u00e9moin: _icl_visitor_lang_js\n<ul>\n<li>Type: T\u00e9moin de premi\u00e8re partie<\/li>\n<li>Dur\u00e9e: 1 jour<\/li>\n<li>Description: Ce t\u00e9moin est utilis\u00e9 pour g\u00e9rer la nature multilingue de ce site Web.<\/li>\n<\/ul>\n<\/li>\n<li>T\u00e9moin: wpml_browser_redirect_test\n<ul>\n<li>Type: T\u00e9moin de premi\u00e8re partie<\/li>\n<li>Dur\u00e9e: Session<\/li>\n<li>Description: Ce t\u00e9moin est utilis\u00e9 pour v\u00e9rifier que les t\u00e9moins sont activ\u00e9s.<\/li>\n<\/ul>\n<\/li>\n<\/ul>\n<\/li>\n<\/ul>\n<p><strong>3. Comment puis-je g\u00e9rer mes pr\u00e9f\u00e9rences en mati\u00e8re de t\u00e9moins?<\/strong><\/p>\n<p>Vous pouvez g\u00e9rer vos pr\u00e9f\u00e9rences en mati\u00e8re de t\u00e9moins \u00e0 tout moment en cliquant sur <a id=\"manage_cookies_link\" href=\"#\">G\u00e9rer et supprimer les t\u00e9moins<\/a> et les donn\u00e9es du site pour accepter ou refuser l\u2019utilisation de certains t\u00e9moins. Notez qu\u2019il n\u2019est pas possible de refuser l\u2019utilisation des t\u00e9moins strictement n\u00e9cessaires. Toutefois, si vous d\u00e9sactivez les t\u00e9moins, certaines fonctionnalit\u00e9s du site Web risquent de ne pas fonctionner comme pr\u00e9vu. Consultez la section \u00ab Aide \u00bb de votre navigateur pour savoir comment g\u00e9rer vos param\u00e8tres en mati\u00e8re de t\u00e9moins.<\/p>\n<p><strong>4. Modification de l\u2019avis sur les t\u00e9moins<\/strong><\/p>\n<p>Nous pourrions, \u00e0 l\u2019occasion, modifier le pr\u00e9sent avis sur les t\u00e9moins. Nous vous encourageons \u00e0 le consulter de temps en temps pour rester inform\u00e9 sur notre utilisation des t\u00e9moins. La date de la derni\u00e8re mise \u00e0 jour de l\u2019avis sur les t\u00e9moins se trouve en haut de la page.<\/p>\n<p><strong>5.\u00a0 Nous joindre<\/strong><\/p>\n<p>Si vous avez des questions \u00e0 propos du pr\u00e9sent avis sur les t\u00e9moins, veuillez communiquer avec nous comme indiqu\u00e9 dans notre <a href=\"https:\/\/www.eckler.ca\/fr\/privacy-policy\/\">Politique de confidentialit\u00e9<\/a>.[\/vc_column_text][\/basic_container][\/vc_column][\/vc_row]<\/p>\n<\/div>","protected":false},"excerpt":{"rendered":"<p>[vc_row][vc_column][basic_container container_size=&#8221;container container-narrow&#8221;][vc_column_text]<\/p>\n<p> AVIS SUR LES T\u00c9MOINS <\/p>\n<p>Derni\u00e8re mise \u00e0 jour : Septembre 2023<\/p>\n<p>Le pr\u00e9sent avis sur les t\u00e9moins d\u00e9crit l\u2019utilisation par Eckler lt\u00e9e des t\u00e9moins sur son site &hellip; [&#8230;]<\/p>\n","protected":false},"author":1,"featured_media":0,"parent":0,"menu_order":0,"comment_status":"closed","ping_status":"closed","template":"","meta":{"_acf_changed":false,"footnotes":""},"class_list":["post-13722","page","type-page","status-publish","hentry"],"acf":[],"yoast_head":"<!-- This site is optimized with the Yoast SEO Premium plugin v26.8 (Yoast SEO v26.8) - https:\/\/yoast.com\/product\/yoast-seo-premium-wordpress\/ -->\n<title>Avis sur les t\u00e9moins - Eckler<\/title>\n<meta name=\"robots\" content=\"index, follow, max-snippet:-1, max-image-preview:large, max-video-preview:-1\" \/>\n<link rel=\"canonical\" href=\"https:\/\/www.eckler.ca\/fr\/avis-sur-les-temoins\/\" \/>\n<meta property=\"og:locale\" content=\"fr_FR\" \/>\n<meta property=\"og:type\" content=\"article\" \/>\n<meta property=\"og:title\" content=\"Avis sur les t\u00e9moins\" \/>\n<meta property=\"og:description\" content=\"[vc_row][vc_column][basic_container container_size=&#8221;container container-narrow&#8221;][vc_column_text] AVIS SUR LES T\u00c9MOINS Derni\u00e8re mise \u00e0 jour : Septembre 2023 Le pr\u00e9sent avis sur les t\u00e9moins d\u00e9crit l\u2019utilisation par Eckler lt\u00e9e des t\u00e9moins sur son site &hellip; [...]\" \/>\n<meta property=\"og:url\" content=\"https:\/\/www.eckler.ca\/fr\/avis-sur-les-temoins\/\" \/>\n<meta property=\"og:site_name\" content=\"Eckler\" \/>\n<meta property=\"article:modified_time\" content=\"2023-09-16T23:28:11+00:00\" \/>\n<meta property=\"og:image\" content=\"https:\/\/www.eckler.ca\/app\/uploads\/2019\/03\/eckler-social.jpg\" \/>\n\t<meta property=\"og:image:width\" content=\"200\" \/>\n\t<meta property=\"og:image:height\" content=\"200\" \/>\n\t<meta property=\"og:image:type\" content=\"image\/jpeg\" \/>\n<meta name=\"twitter:card\" content=\"summary_large_image\" \/>\n<meta name=\"twitter:label1\" content=\"Est. reading time\" \/>\n\t<meta name=\"twitter:data1\" content=\"4 minutes\" \/>\n<script type=\"application\/ld+json\" class=\"yoast-schema-graph\">{\"@context\":\"https:\/\/schema.org\",\"@graph\":[{\"@type\":\"WebPage\",\"@id\":\"https:\/\/www.eckler.ca\/fr\/avis-sur-les-temoins\/\",\"url\":\"https:\/\/www.eckler.ca\/fr\/avis-sur-les-temoins\/\",\"name\":\"Avis sur les t\u00e9moins - Eckler\",\"isPartOf\":{\"@id\":\"https:\/\/www.eckler.ca\/#website\"},\"datePublished\":\"2023-08-21T21:06:47+00:00\",\"dateModified\":\"2023-09-16T23:28:11+00:00\",\"inLanguage\":\"fr-FR\",\"potentialAction\":[{\"@type\":\"ReadAction\",\"target\":[\"https:\/\/www.eckler.ca\/fr\/avis-sur-les-temoins\/\"]}]},{\"@type\":\"WebSite\",\"@id\":\"https:\/\/www.eckler.ca\/#website\",\"url\":\"https:\/\/www.eckler.ca\/\",\"name\":\"Eckler\",\"description\":\"People-Powered Insights\",\"potentialAction\":[{\"@type\":\"SearchAction\",\"target\":{\"@type\":\"EntryPoint\",\"urlTemplate\":\"https:\/\/www.eckler.ca\/?s={search_term_string}\"},\"query-input\":{\"@type\":\"PropertyValueSpecification\",\"valueRequired\":true,\"valueName\":\"search_term_string\"}}],\"inLanguage\":\"fr-FR\"}]}<\/script>\n<!-- \/ Yoast SEO Premium plugin. -->","yoast_head_json":{"title":"Avis sur les t\u00e9moins - Eckler","robots":{"index":"index","follow":"follow","max-snippet":"max-snippet:-1","max-image-preview":"max-image-preview:large","max-video-preview":"max-video-preview:-1"},"canonical":"https:\/\/www.eckler.ca\/fr\/avis-sur-les-temoins\/","og_locale":"fr_FR","og_type":"article","og_title":"Avis sur les t\u00e9moins","og_description":"[vc_row][vc_column][basic_container container_size=&#8221;container container-narrow&#8221;][vc_column_text] AVIS SUR LES T\u00c9MOINS Derni\u00e8re mise \u00e0 jour : Septembre 2023 Le pr\u00e9sent avis sur les t\u00e9moins d\u00e9crit l\u2019utilisation par Eckler lt\u00e9e des t\u00e9moins sur son site &hellip; [...]","og_url":"https:\/\/www.eckler.ca\/fr\/avis-sur-les-temoins\/","og_site_name":"Eckler","article_modified_time":"2023-09-16T23:28:11+00:00","og_image":[{"width":200,"height":200,"url":"https:\/\/www.eckler.ca\/app\/uploads\/2019\/03\/eckler-social.jpg","type":"image\/jpeg"}],"twitter_card":"summary_large_image","twitter_misc":{"Est. reading time":"4 minutes"},"schema":{"@context":"https:\/\/schema.org","@graph":[{"@type":"WebPage","@id":"https:\/\/www.eckler.ca\/fr\/avis-sur-les-temoins\/","url":"https:\/\/www.eckler.ca\/fr\/avis-sur-les-temoins\/","name":"Avis sur les t\u00e9moins - Eckler","isPartOf":{"@id":"https:\/\/www.eckler.ca\/#website"},"datePublished":"2023-08-21T21:06:47+00:00","dateModified":"2023-09-16T23:28:11+00:00","inLanguage":"fr-FR","potentialAction":[{"@type":"ReadAction","target":["https:\/\/www.eckler.ca\/fr\/avis-sur-les-temoins\/"]}]},{"@type":"WebSite","@id":"https:\/\/www.eckler.ca\/#website","url":"https:\/\/www.eckler.ca\/","name":"Eckler","description":"People-Powered Insights","potentialAction":[{"@type":"SearchAction","target":{"@type":"EntryPoint","urlTemplate":"https:\/\/www.eckler.ca\/?s={search_term_string}"},"query-input":{"@type":"PropertyValueSpecification","valueRequired":true,"valueName":"search_term_string"}}],"inLanguage":"fr-FR"}]}},"_links":{"self":[{"href":"https:\/\/www.eckler.ca\/fr\/wp-json\/wp\/v2\/pages\/13722","targetHints":{"allow":["GET"]}}],"collection":[{"href":"https:\/\/www.eckler.ca\/fr\/wp-json\/wp\/v2\/pages"}],"about":[{"href":"https:\/\/www.eckler.ca\/fr\/wp-json\/wp\/v2\/types\/page"}],"author":[{"embeddable":true,"href":"https:\/\/www.eckler.ca\/fr\/wp-json\/wp\/v2\/users\/1"}],"replies":[{"embeddable":true,"href":"https:\/\/www.eckler.ca\/fr\/wp-json\/wp\/v2\/comments?post=13722"}],"version-history":[{"count":4,"href":"https:\/\/www.eckler.ca\/fr\/wp-json\/wp\/v2\/pages\/13722\/revisions"}],"predecessor-version":[{"id":13876,"href":"https:\/\/www.eckler.ca\/fr\/wp-json\/wp\/v2\/pages\/13722\/revisions\/13876"}],"wp:attachment":[{"href":"https:\/\/www.eckler.ca\/fr\/wp-json\/wp\/v2\/media?parent=13722"}],"curies":[{"name":"wp","href":"https:\/\/api.w.org\/{rel}","templated":true}]}}