{"id":13331,"date":"2023-08-17T14:02:11","date_gmt":"2023-08-17T18:02:11","guid":{"rendered":"https:\/\/www.eckler.ca\/?page_id=13331"},"modified":"2025-04-03T13:00:48","modified_gmt":"2025-04-03T17:00:48","slug":"nos-bureaux","status":"publish","type":"page","link":"https:\/\/www.eckler.ca\/fr\/about\/nos-bureaux\/","title":{"rendered":"Nos bureaux"},"content":{"rendered":"<div class=\"wpb-content-wrapper\"><p>[vc_row][vc_column][basic_container container_size=&#8221;container container-narrow&#8221;][vc_column_text]<\/p>\n<h2>Notre expertise transcende les fronti\u00e8res.<\/h2>\n<h3>Notre \u00e9quipe de services-conseils \u0153uvre sur tous les territoires de comp\u00e9tences pour vous fournir des solutions et des perspectives qui favorisent votre croissance. Les consultants d\u2019Eckler travaillent \u00e0 distance ou dans des bureaux aux quatre coins du Canada et des Cara\u00efbes a fin de fournir un service complet, o\u00f9 que vous soyez. Nos clients sont partout: au Canada, dans les Cara\u00efbes, au Royaume-Uni, dans certaines parties de l\u2019Europe et en Asie du Sud-Est. Nos relations commerciales s\u2019\u00e9tendent \u00e0 l\u2019Am\u00e9rique du Sud, \u00e0 l\u2019Afrique et au Moyen Orient, ainsi qu\u2019\u00e0 l\u2019Inde.<\/h3>\n<p>[\/vc_column_text]<div class=\"clearfix global-margin-y\"><\/div>[vc_column_text]<\/p>\n<h2>O\u00f9 nous trouver<\/h2>\n<p>[\/vc_column_text][\/basic_container][\/vc_column][\/vc_row][vc_row][vc_column offset=&#8221;vc_hidden-sm vc_hidden-xs&#8221;][basic_container][vc_raw_html]JTVCZHJhd2F0dGVudGlvbiU1RA==[\/vc_raw_html]<div class=\"clearfix global-margin-y\"><\/div>[\/basic_container][\/vc_column][\/vc_row][vc_row][vc_column][basic_container][vc_row_inner gap=&#8221;30&#8243;][vc_column_inner width=&#8221;1\/4&#8243;][vc_single_image image=&#8221;13436&#8243; img_size=&#8221;medium&#8221; alignment=&#8221;center&#8221; style=&#8221;vc_box_rounded&#8221; onclick=&#8221;custom_link&#8221; link=&#8221;https:\/\/www.eckler.ca\/fr\/locations\/vancouver\/&#8221;][vc_column_text]<\/p>\n<h4><a href=\"https:\/\/www.eckler.ca\/fr\/locations\/vancouver\/\">Vancouver<\/a><\/h4>\n<p>475, rue West Georgia<br \/>\nBureau 540<br \/>\nVancouver, Colombie-Britannique<br \/>\nV6B 4M9 Canada<\/p>\n<p>T\u00e9l\u00e9phone: <a href=\"tel:1 604-682-1381\">+1 604-682-1381<\/a>[\/vc_column_text][\/vc_column_inner][vc_column_inner width=&#8221;1\/4&#8243;][vc_single_image image=&#8221;13461&#8243; img_size=&#8221;medium&#8221; alignment=&#8221;center&#8221; style=&#8221;vc_box_rounded&#8221;][vc_column_text]<\/p>\n<h4>Alberta<\/h4>\n<p>N\u2019h\u00e9sitez pas \u00e0 communiquer<br \/>\navec notre consultant locaux:<\/p>\n<p><a href=\"https:\/\/www.eckler.ca\/team-members\/scott-thompson\/\">Scott Thompson<\/a>[\/vc_column_text][\/vc_column_inner][vc_column_inner width=&#8221;1\/4&#8243;][vc_single_image image=&#8221;13676&#8243; img_size=&#8221;medium&#8221; alignment=&#8221;center&#8221; style=&#8221;vc_box_rounded&#8221;][vc_column_text]<\/p>\n<h4>Saskatchewan<\/h4>\n<p>N\u2019h\u00e9sitez pas \u00e0 communiquer<br \/>\navec notre consultant locaux:<\/p>\n<p><a href=\"https:\/\/www.eckler.ca\/team-members\/johanan-schmuecker\/\">Johanan Schmuecker<\/a>[\/vc_column_text][\/vc_column_inner][vc_column_inner width=&#8221;1\/4&#8243;][vc_single_image image=&#8221;14270&#8243; img_size=&#8221;medium&#8221; alignment=&#8221;center&#8221; style=&#8221;vc_box_rounded&#8221; onclick=&#8221;custom_link&#8221; link=&#8221;https:\/\/www.eckler.ca\/fr\/locations\/winnipeg\/&#8221;][vc_column_text]<\/p>\n<h4><a href=\"https:\/\/www.eckler.ca\/fr\/locations\/winnipeg\/\">Winnipeg<\/a><\/h4>\n<p>1 Place Lombard<br \/>\nBureau 2475<br \/>\nWinnipeg, Manitoba<br \/>\nR3B 0X3 Canada<\/p>\n<p>T\u00e9l\u00e9phone: <a href=\"tel:1 204-988-1586\">+1 204-988-1586<\/a>[\/vc_column_text][\/vc_column_inner][\/vc_row_inner]<div class=\"clearfix global-margin-y\"><\/div>[vc_row_inner gap=&#8221;30&#8243;][vc_column_inner width=&#8221;1\/4&#8243;][vc_single_image image=&#8221;13444&#8243; img_size=&#8221;medium&#8221; alignment=&#8221;center&#8221; style=&#8221;vc_box_rounded&#8221; onclick=&#8221;custom_link&#8221; link=&#8221;https:\/\/www.eckler.ca\/fr\/locations\/toronto\/&#8221;][vc_column_text]<\/p>\n<h4><a href=\"https:\/\/www.eckler.ca\/fr\/locations\/toronto\/\">Toronto<\/a><\/h4>\n<p>5140,\u00a0 rue Yonge<br \/>\nBureau 1700<br \/>\nToronto, Ontario<br \/>\nM2N 6L7 Canada<\/p>\n<p>T\u00e9l\u00e9phone: <a href=\"tel:1 416-429-3330\">+1 416-429-3330<\/a>[\/vc_column_text][\/vc_column_inner][vc_column_inner width=&#8221;1\/4&#8243; el_id=&#8221;quebec&#8221;][vc_single_image image=&#8221;13447&#8243; img_size=&#8221;medium&#8221; alignment=&#8221;center&#8221; style=&#8221;vc_box_rounded&#8221; onclick=&#8221;custom_link&#8221; link=&#8221;https:\/\/www.eckler.ca\/fr\/locations\/montreal\/&#8221;][vc_column_text]<\/p>\n<h4><a href=\"https:\/\/www.eckler.ca\/fr\/locations\/montreal\/\">Montr\u00e9al<\/a><\/h4>\n<p>1801, avenue McGill College<br \/>\nBureau 1460<br \/>\nMontr\u00e9al, Qu\u00e9bec<br \/>\nH3A 2N4 Canada<\/p>\n<p>T\u00e9l\u00e9phone: <a href=\"tel:1 514-395-1188\">+1 514-395-1188<\/a>[\/vc_column_text][\/vc_column_inner][vc_column_inner width=&#8221;1\/4&#8243;][vc_single_image image=&#8221;14276&#8243; img_size=&#8221;medium&#8221; alignment=&#8221;center&#8221; style=&#8221;vc_box_rounded&#8221; onclick=&#8221;custom_link&#8221; link=&#8221;https:\/\/www.eckler.ca\/fr\/locations\/quebec-city\/&#8221;][vc_column_text]<\/p>\n<h4><a href=\"https:\/\/www.eckler.ca\/fr\/locations\/quebec-city\/\">Qu\u00e9bec<\/a><\/h4>\n<p>3107, des Hotels avenue<br \/>\nBureau 240<br \/>\nQu\u00e9bec, Qu\u00e9bec<br \/>\nG1W 4W5 Canada<\/p>\n<p>T\u00e9l\u00e9phone: <a href=\"tel:1 418-780-1366\">+1 418-780-1366<\/a>[\/vc_column_text][\/vc_column_inner][vc_column_inner width=&#8221;1\/4&#8243;][vc_single_image image=&#8221;13678&#8243; img_size=&#8221;medium&#8221; alignment=&#8221;center&#8221; style=&#8221;vc_box_rounded&#8221;][vc_column_text]<\/p>\n<h4><a href=\"https:\/\/www.eckler.ca\/fr\/locations\/fredericton-new-brunswick\/\">Fredericton<\/a><\/h4>\n<p>77, rue Westmorland<br \/>\nBureau 550, Case postale 145<br \/>\nFredericton, Nouveau-Brunswick<br \/>\nE3B 6Z3 Canada<\/p>\n<p>T\u00e9l\u00e9phone: <a href=\"tel:+1 506 406 8790\">+1 418-780-1366<\/a>[\/vc_column_text][\/vc_column_inner][\/vc_row_inner][vc_row_inner gap=&#8221;30&#8243;][vc_column_inner width=&#8221;1\/4&#8243;][vc_single_image image=&#8221;13455&#8243; img_size=&#8221;medium&#8221; alignment=&#8221;center&#8221; style=&#8221;vc_box_rounded&#8221; onclick=&#8221;custom_link&#8221; link=&#8221;https:\/\/www.eckler.ca\/fr\/locations\/halifax\/&#8221;][vc_column_text]<\/p>\n<h4><a href=\"https:\/\/www.eckler.ca\/fr\/locations\/halifax\/\">Halifax<\/a><\/h4>\n<p>1969, rue Upper Water<br \/>\nBureau 503<br \/>\nHalifax, Nouvelle-\u00c9cosse<br \/>\nCanada B3J 3R7<\/p>\n<p>T\u00e9l\u00e9phone: <a href=\"tel:1-902-492-2822\">+1 902-492-2822<\/a>[\/vc_column_text][\/vc_column_inner][vc_column_inner width=&#8221;1\/4&#8243;][vc_single_image image=&#8221;14831&#8243; img_size=&#8221;medium&#8221; alignment=&#8221;center&#8221; style=&#8221;vc_box_rounded&#8221;][vc_column_text]<\/p>\n<h4>Newfoundland<\/h4>\n<p>N\u2019h\u00e9sitez pas \u00e0 communiquer<br \/>\navec notre consultant locaux:<\/p>\n<p><a href=\"https:\/\/www.eckler.ca\/team-members\/sean-simmons\/\">Sean Simmons<\/a>[\/vc_column_text][\/vc_column_inner][vc_column_inner width=&#8221;1\/4&#8243;][vc_single_image image=&#8221;13449&#8243; img_size=&#8221;medium&#8221; alignment=&#8221;center&#8221; style=&#8221;vc_box_rounded&#8221; onclick=&#8221;custom_link&#8221; link=&#8221;https:\/\/www.eckler.ca\/fr\/locations\/barbados\/&#8221;][vc_column_text]<\/p>\n<h4><a href=\"https:\/\/www.eckler.ca\/fr\/locations\/barbados\/\">Barbade<\/a><\/h4>\n<p>Hastings House, Balmoral Gap, Hastings<br \/>\nChrist Church, Barbade<br \/>\nBB14034 Antilles<\/p>\n<p>T\u00e9l\u00e9phone: <a href=\"tel:+1 246 228-0865\">+1 246 228-0865<\/a>[\/vc_column_text][\/vc_column_inner][vc_column_inner width=&#8221;1\/4&#8243;][vc_single_image image=&#8221;13451&#8243; img_size=&#8221;medium&#8221; alignment=&#8221;center&#8221; style=&#8221;vc_box_rounded&#8221; onclick=&#8221;custom_link&#8221; link=&#8221;https:\/\/www.eckler.ca\/fr\/locations\/jamaica\/&#8221;][vc_column_text]<\/p>\n<h4><a href=\"https:\/\/www.eckler.ca\/fr\/locations\/jamaica\/\">Jama\u00efque<\/a><\/h4>\n<p>B\u00e2timent ICAJ<br \/>\n8 Ruthven Road<br \/>\nKingston 10, Jama\u00efque<br \/>\nAntilles<\/p>\n<p>T\u00e9l\u00e9phone: <a href=\"tel:+1 876 908-1203\">+1 876 908-1203<\/a>[\/vc_column_text][\/vc_column_inner][\/vc_row_inner]<div class=\"clearfix global-margin-y\"><\/div>[\/basic_container][\/vc_column][\/vc_row]<\/p>\n<\/div>","protected":false},"excerpt":{"rendered":"<p>[vc_row][vc_column][basic_container container_size=&#8221;container container-narrow&#8221;][vc_column_text]<\/p>\n<p> Notre expertise transcende les fronti\u00e8res. Notre \u00e9quipe de services-conseils \u0153uvre sur tous les territoires de comp\u00e9tences pour vous fournir des solutions et des perspectives qui favorisent votre &hellip; [&#8230;]<\/p>\n","protected":false},"author":1,"featured_media":0,"parent":630,"menu_order":5,"comment_status":"closed","ping_status":"closed","template":"","meta":{"_acf_changed":false,"footnotes":""},"class_list":["post-13331","page","type-page","status-publish","hentry"],"acf":[],"yoast_head":"<!-- This site is optimized with the Yoast SEO Premium plugin v26.8 (Yoast SEO v26.8) - https:\/\/yoast.com\/product\/yoast-seo-premium-wordpress\/ -->\n<title>Nos bureaux - Eckler<\/title>\n<meta name=\"robots\" content=\"index, follow, max-snippet:-1, max-image-preview:large, max-video-preview:-1\" \/>\n<link rel=\"canonical\" href=\"https:\/\/www.eckler.ca\/fr\/about\/nos-bureaux\/\" \/>\n<meta property=\"og:locale\" content=\"fr_FR\" \/>\n<meta property=\"og:type\" content=\"article\" \/>\n<meta property=\"og:title\" content=\"Nos bureaux\" \/>\n<meta property=\"og:description\" content=\"[vc_row][vc_column][basic_container container_size=&#8221;container container-narrow&#8221;][vc_column_text] Notre expertise transcende les fronti\u00e8res. Notre \u00e9quipe de services-conseils \u0153uvre sur tous les territoires de comp\u00e9tences pour vous fournir des solutions et des perspectives qui favorisent votre &hellip; [...]\" \/>\n<meta property=\"og:url\" content=\"https:\/\/www.eckler.ca\/fr\/about\/nos-bureaux\/\" \/>\n<meta property=\"og:site_name\" content=\"Eckler\" \/>\n<meta property=\"article:modified_time\" content=\"2025-04-03T17:00:48+00:00\" \/>\n<meta property=\"og:image\" content=\"https:\/\/www.eckler.ca\/app\/uploads\/2019\/03\/eckler-social.jpg\" \/>\n\t<meta property=\"og:image:width\" content=\"200\" \/>\n\t<meta property=\"og:image:height\" content=\"200\" \/>\n\t<meta property=\"og:image:type\" content=\"image\/jpeg\" \/>\n<meta name=\"twitter:card\" content=\"summary_large_image\" \/>\n<meta name=\"twitter:label1\" content=\"Est. reading time\" \/>\n\t<meta name=\"twitter:data1\" content=\"2 minutes\" \/>\n<script type=\"application\/ld+json\" class=\"yoast-schema-graph\">{\"@context\":\"https:\/\/schema.org\",\"@graph\":[{\"@type\":\"WebPage\",\"@id\":\"https:\/\/www.eckler.ca\/fr\/about\/nos-bureaux\/\",\"url\":\"https:\/\/www.eckler.ca\/fr\/about\/nos-bureaux\/\",\"name\":\"Nos bureaux - Eckler\",\"isPartOf\":{\"@id\":\"https:\/\/www.eckler.ca\/#website\"},\"datePublished\":\"2023-08-17T18:02:11+00:00\",\"dateModified\":\"2025-04-03T17:00:48+00:00\",\"breadcrumb\":{\"@id\":\"https:\/\/www.eckler.ca\/fr\/about\/nos-bureaux\/#breadcrumb\"},\"inLanguage\":\"fr-FR\",\"potentialAction\":[{\"@type\":\"ReadAction\",\"target\":[\"https:\/\/www.eckler.ca\/fr\/about\/nos-bureaux\/\"]}]},{\"@type\":\"BreadcrumbList\",\"@id\":\"https:\/\/www.eckler.ca\/fr\/about\/nos-bureaux\/#breadcrumb\",\"itemListElement\":[{\"@type\":\"ListItem\",\"position\":1,\"name\":\"Accueil\",\"item\":\"https:\/\/www.eckler.ca\/fr\/\"},{\"@type\":\"ListItem\",\"position\":2,\"name\":\"\u00c0 propos de\"}]},{\"@type\":\"WebSite\",\"@id\":\"https:\/\/www.eckler.ca\/#website\",\"url\":\"https:\/\/www.eckler.ca\/\",\"name\":\"Eckler\",\"description\":\"People-Powered Insights\",\"potentialAction\":[{\"@type\":\"SearchAction\",\"target\":{\"@type\":\"EntryPoint\",\"urlTemplate\":\"https:\/\/www.eckler.ca\/?s={search_term_string}\"},\"query-input\":{\"@type\":\"PropertyValueSpecification\",\"valueRequired\":true,\"valueName\":\"search_term_string\"}}],\"inLanguage\":\"fr-FR\"}]}<\/script>\n<!-- \/ Yoast SEO Premium plugin. -->","yoast_head_json":{"title":"Nos bureaux - Eckler","robots":{"index":"index","follow":"follow","max-snippet":"max-snippet:-1","max-image-preview":"max-image-preview:large","max-video-preview":"max-video-preview:-1"},"canonical":"https:\/\/www.eckler.ca\/fr\/about\/nos-bureaux\/","og_locale":"fr_FR","og_type":"article","og_title":"Nos bureaux","og_description":"[vc_row][vc_column][basic_container container_size=&#8221;container container-narrow&#8221;][vc_column_text] Notre expertise transcende les fronti\u00e8res. Notre \u00e9quipe de services-conseils \u0153uvre sur tous les territoires de comp\u00e9tences pour vous fournir des solutions et des perspectives qui favorisent votre &hellip; [...]","og_url":"https:\/\/www.eckler.ca\/fr\/about\/nos-bureaux\/","og_site_name":"Eckler","article_modified_time":"2025-04-03T17:00:48+00:00","og_image":[{"width":200,"height":200,"url":"https:\/\/www.eckler.ca\/app\/uploads\/2019\/03\/eckler-social.jpg","type":"image\/jpeg"}],"twitter_card":"summary_large_image","twitter_misc":{"Est. reading time":"2 minutes"},"schema":{"@context":"https:\/\/schema.org","@graph":[{"@type":"WebPage","@id":"https:\/\/www.eckler.ca\/fr\/about\/nos-bureaux\/","url":"https:\/\/www.eckler.ca\/fr\/about\/nos-bureaux\/","name":"Nos bureaux - Eckler","isPartOf":{"@id":"https:\/\/www.eckler.ca\/#website"},"datePublished":"2023-08-17T18:02:11+00:00","dateModified":"2025-04-03T17:00:48+00:00","breadcrumb":{"@id":"https:\/\/www.eckler.ca\/fr\/about\/nos-bureaux\/#breadcrumb"},"inLanguage":"fr-FR","potentialAction":[{"@type":"ReadAction","target":["https:\/\/www.eckler.ca\/fr\/about\/nos-bureaux\/"]}]},{"@type":"BreadcrumbList","@id":"https:\/\/www.eckler.ca\/fr\/about\/nos-bureaux\/#breadcrumb","itemListElement":[{"@type":"ListItem","position":1,"name":"Accueil","item":"https:\/\/www.eckler.ca\/fr\/"},{"@type":"ListItem","position":2,"name":"\u00c0 propos de"}]},{"@type":"WebSite","@id":"https:\/\/www.eckler.ca\/#website","url":"https:\/\/www.eckler.ca\/","name":"Eckler","description":"People-Powered Insights","potentialAction":[{"@type":"SearchAction","target":{"@type":"EntryPoint","urlTemplate":"https:\/\/www.eckler.ca\/?s={search_term_string}"},"query-input":{"@type":"PropertyValueSpecification","valueRequired":true,"valueName":"search_term_string"}}],"inLanguage":"fr-FR"}]}},"_links":{"self":[{"href":"https:\/\/www.eckler.ca\/fr\/wp-json\/wp\/v2\/pages\/13331","targetHints":{"allow":["GET"]}}],"collection":[{"href":"https:\/\/www.eckler.ca\/fr\/wp-json\/wp\/v2\/pages"}],"about":[{"href":"https:\/\/www.eckler.ca\/fr\/wp-json\/wp\/v2\/types\/page"}],"author":[{"embeddable":true,"href":"https:\/\/www.eckler.ca\/fr\/wp-json\/wp\/v2\/users\/1"}],"replies":[{"embeddable":true,"href":"https:\/\/www.eckler.ca\/fr\/wp-json\/wp\/v2\/comments?post=13331"}],"version-history":[{"count":41,"href":"https:\/\/www.eckler.ca\/fr\/wp-json\/wp\/v2\/pages\/13331\/revisions"}],"predecessor-version":[{"id":17182,"href":"https:\/\/www.eckler.ca\/fr\/wp-json\/wp\/v2\/pages\/13331\/revisions\/17182"}],"up":[{"embeddable":true,"href":"https:\/\/www.eckler.ca\/fr\/wp-json\/wp\/v2\/pages\/630"}],"wp:attachment":[{"href":"https:\/\/www.eckler.ca\/fr\/wp-json\/wp\/v2\/media?parent=13331"}],"curies":[{"name":"wp","href":"https:\/\/api.w.org\/{rel}","templated":true}]}}