{"id":1120,"date":"2019-03-15T13:18:05","date_gmt":"2019-03-15T13:18:05","guid":{"rendered":"https:\/\/www.eckler.ca\/services\/"},"modified":"2022-05-05T14:54:03","modified_gmt":"2022-05-05T18:54:03","slug":"services","status":"publish","type":"page","link":"https:\/\/www.eckler.ca\/fr\/services\/","title":{"rendered":"Services"},"content":{"rendered":"<div class=\"wpb-content-wrapper\"><p>[vc_row][vc_column][basic_container]<div class=\"templatera_shortcode\"><div class=\"vc_row wpb_row vc_row-fluid\"><div class=\"wpb_column vc_column_container vc_col-sm-12\"><div class=\"vc_column-inner\"><div class=\"wpb_wrapper\"><section class=\"services-container\">\n\t\t<div class=\"services-container-items\">\n\t\t<div class=\"services-item\">\n\t\t\t<a class=\"services-item-inner\" href=\"https:\/\/www.eckler.ca\/fr\/services\/pensions-and-benefits-consulting\/\" rel=\"\" target=\"\" title=\"Consultation sur les r\u00e9gimes de retraite et les avantages sociaux\">\n\t\t\t\t\t\t\t\t<i class=\"icon-pensions services-item-icon\"><\/i>\n\t\t\t\t\t\t\t\t\t\t<h4 class=\"h3 services-item-title\">Consultation sur les r\u00e9gimes de retraite et d'avantages sociaux<\/h4>\n\t\t\t\t\t\t\t\t\t\t<p class=\"services-item-description\">Nous aidons \u00e0 optimiser les r\u00e9gimes de retraite et d\u2019avantages sociaux pour g\u00e9rer efficacement les opportunit\u00e9s d\u2019affaires, tout en maximisant le rendement de votre investissement et la valeur per\u00e7ue de vos r\u00e9gimes.<\/p>\n\t\t\t\t\t\t\t\t\t\t<span class=\"btn btn-link services-item-button\">\n\t\t\t\t\tEn savoir plus<i class=\"icon-chevron-right\"><\/i> \t\t\t\t<\/span>\n\t\t\t\t\t\t<\/a>\n\t<\/div>\n<div class=\"services-item\">\n\t\t\t<a class=\"services-item-inner\" href=\"https:\/\/www.eckler.ca\/fr\/services\/pensions-and-benefits-consulting\/guided-outcomesmc-solutions-de-bien-etre-financier\/\" rel=\"\" target=\"\" title=\"Consultation sur les r\u00e9gimes de retraite et les avantages sociaux\">\n\t\t\t\t\t\t\t\t<i class=\"icon-pensions services-item-icon\"><\/i>\n\t\t\t\t\t\t\t\t\t\t<h4 class=\"h3 services-item-title\">Conseil en r\u00e9mun\u00e9ration<\/h4>\n\t\t\t\t\t\t\t\t\t\t<p class=\"services-item-description\">Transformer la performance organisationnelle gr\u00e2ce \u00e0 des strat\u00e9gies de r\u00e9mun\u00e9ration globale qui attirent et fid\u00e9lisent les talents.\r\n<\/p>\n\t\t\t\t\t\t\t\t\t\t<span class=\"btn btn-link services-item-button\">\n\t\t\t\t\tEn savoir plus<i class=\"icon-chevron-right\"><\/i> \t\t\t\t<\/span>\n\t\t\t\t\t\t<\/a>\n\t<\/div>\n<div class=\"services-item\">\n\t\t\t<a class=\"services-item-inner\" href=\"https:\/\/www.eckler.ca\/fr\/services\/pensions-and-benefits-consulting\/guided-outcomesmc-solutions-de-bien-etre-financier\/\" rel=\"\" target=\"\" title=\"Consultation sur les r\u00e9gimes de retraite et les avantages sociaux\">\n\t\t\t\t\t\t\t\t<i class=\"icon-pensions services-item-icon\"><\/i>\n\t\t\t\t\t\t\t\t\t\t<h4 class=\"h3 services-item-title\">Services de bien-\u00eatre financier<\/h4>\n\t\t\t\t\t\t\t\t\t\t<p class=\"services-item-description\">Nous aidons les canadiens \u00e0 atteindre leurs objectifs financiers.<\/p>\n\t\t\t\t\t\t\t\t\t\t<span class=\"btn btn-link services-item-button\">\n\t\t\t\t\tEn savoir plus<i class=\"icon-chevron-right\"><\/i> \t\t\t\t<\/span>\n\t\t\t\t\t\t<\/a>\n\t<\/div>\n<div class=\"services-item\">\n\t\t\t<a class=\"services-item-inner\" href=\"https:\/\/www.eckler.ca\/fr\/services\/investment-consulting\/\" rel=\"\" target=\"\" title=\"Consultation sur les investissements\">\n\t\t\t\t\t\t\t\t<i class=\"icon-investments services-item-icon\"><\/i>\n\t\t\t\t\t\t\t\t\t\t<h4 class=\"h3 services-item-title\">Consultation sur les investissements<\/h4>\n\t\t\t\t\t\t\t\t\t\t<p class=\"services-item-description\">Nous offrons des conseils et solutions de placement ind\u00e9pendants, impartiaux et libres de conflits d\u2019int\u00e9r\u00eats.<\/p>\n\t\t\t\t\t\t\t\t\t\t<span class=\"btn btn-link services-item-button\">\n\t\t\t\t\tEn savoir plus<i class=\"icon-chevron-right\"><\/i> \t\t\t\t<\/span>\n\t\t\t\t\t\t<\/a>\n\t<\/div>\n<div class=\"services-item\">\n\t\t\t<a class=\"services-item-inner\" href=\"https:\/\/www.eckler.ca\/fr\/services\/insurance-consulting\/\" rel=\"\" target=\"\" title=\"Consultation en assurances\">\n\t\t\t\t\t\t\t\t<i class=\"icon-insurance services-item-icon\"><\/i>\n\t\t\t\t\t\t\t\t\t\t<h4 class=\"h3 services-item-title\">Consultation en assurance<\/h4>\n\t\t\t\t\t\t\t\t\t\t<p class=\"services-item-description\">Nous aidons \u00e0 r\u00e9soudre les d\u00e9fis actuariels complexes auxquels sont confront\u00e9es les organisations du secteur des services financiers.<\/p>\n\t\t\t\t\t\t\t\t\t\t<span class=\"btn btn-link services-item-button\">\n\t\t\t\t\tEn savoir plus<i class=\"icon-chevron-right\"><\/i> \t\t\t\t<\/span>\n\t\t\t\t\t\t<\/a>\n\t<\/div>\n<div class=\"services-item\">\n\t\t\t<a class=\"services-item-inner\" href=\"https:\/\/www.eckler.ca\/fr\/technology-solutions\/\" rel=\"\" target=\"\" title=\"Solutions technologiques\">\n\t\t\t\t\t\t\t\t<i class=\"icon-technology services-item-icon\"><\/i>\n\t\t\t\t\t\t\t\t\t\t<h4 class=\"h3 services-item-title\">Solutions technologiques<\/h4>\n\t\t\t\t\t\t\t\t\t\t<p class=\"services-item-description\">De l\u2019administration des r\u00e9gimes \u00e0 la ludification, nos outils technologiques appuient tant les promoteurs de r\u00e9gimes que les participants.<\/p>\n\t\t\t\t\t\t\t\t\t\t<span class=\"btn btn-link services-item-button\">\n\t\t\t\t\tEn savoir plus<i class=\"icon-chevron-right\"><\/i> \t\t\t\t<\/span>\n\t\t\t\t\t\t<\/a>\n\t<\/div>\n\n\t<\/div>\n<\/section>\n<\/div><\/div><\/div><\/div><\/div>[\/basic_container][vc_empty_space height=&#8221;100px&#8221;][\/vc_column][\/vc_row][vc_row][vc_column]<div class=\"templatera_shortcode\"><div class=\"vc_row wpb_row vc_row-fluid\"><div class=\"wpb_column vc_column_container vc_col-sm-12\"><div class=\"vc_column-inner\"><div class=\"wpb_wrapper\">\t<div class=\"row\">\n\t\t<div class=\"general-cta background-image-loading    image \"  data-src=\"<149:https:\/\/www.eckler.ca\/app\/uploads\/2019\/03\/bg-1-450x150.jpg,<319:https:\/\/www.eckler.ca\/app\/uploads\/2019\/03\/bg-1-960x320.jpg,<479:https:\/\/www.eckler.ca\/app\/uploads\/2019\/03\/bg-1-1440x480.jpg,<767:https:\/\/www.eckler.ca\/app\/uploads\/2019\/03\/bg-1-2200x733.jpg,<991:https:\/\/www.eckler.ca\/app\/uploads\/2019\/03\/bg-1-2200x733.jpg,<1199:https:\/\/www.eckler.ca\/app\/uploads\/2019\/03\/bg-1-2200x733.jpg,<1399:https:\/\/www.eckler.ca\/app\/uploads\/2019\/03\/bg-1-2200x733.jpg,<1599:https:\/\/www.eckler.ca\/app\/uploads\/2019\/03\/bg-1-2880x959.jpg,>1600:https:\/\/www.eckler.ca\/app\/uploads\/2019\/03\/bg-1-2880x959.jpg\">\n\t\t\t\t\t\t<div class=\"general-cta-overlay none\"><\/div>\n\t\t\t<div class=\"container\">\n\t\t\t\t<div class=\"row\">\n\t\t\t\t\t<div class=\"general-cta-box\">\n\t\t\t\t\t\t\t\t\t\t\t\t\t\t\t\t\t\t\t<div class=\"general-cta-content\">\n\t\t\t\t\t\t\t\t<h2 class=\"p1\" style=\"text-align: center;\"><span style=\"color: #ffffff;\">Enclenchons le dialogue<\/span><\/h2>\n<h3 class=\"p2\" style=\"text-align: center;\"><span style=\"color: #ffffff;\">Comment Pouvons Nous Aider<\/span><\/h3>\n\t\t\t\t\t\t\t<\/div>\n\t\t\t\t\t\t\t\t\t\t\t\t\t\t\t\t\t\t\t<div class=\"general-cta-button\">\n\t\t\t\t\t\t\t\t<a href=\"https:\/\/www.eckler.ca\/lets-talk\/\" target=\"\" class=\"btn btn-primary btn-solid\" title=\"Let\u2019s Talk\">\n\t\t\t\t\t\t\t\t\tParlons-en<span class=\"icon icon-chevron-right\"><\/span> \t\t\t\t\t\t\t\t<\/a>\n\t\t\t\t\t\t\t<\/div>\n\t\t\t\t\t    \t\t\t\t\t<\/div>\n\t\t\t\t<\/div>\n\t\t\t<\/div>\n\t\t<\/div>\n\t<\/div>\n<\/div><\/div><\/div><\/div><\/div>[\/vc_column][\/vc_row]<\/p>\n<\/div>","protected":false},"excerpt":{"rendered":"Consultation sur les r\u00e9gimes de retraite et d'avantages sociaux Nous aidons \u00e0 optimiser les r\u00e9gimes de retraite et d\u2019avantages sociaux pour g\u00e9rer efficacement les opportunit\u00e9s d\u2019affaires, tout en maximisant le [...]","protected":false},"author":2,"featured_media":0,"parent":0,"menu_order":0,"comment_status":"closed","ping_status":"closed","template":"","meta":{"_acf_changed":false,"footnotes":""},"class_list":["post-1120","page","type-page","status-publish","hentry"],"acf":[],"yoast_head":"<!-- This site is optimized with the Yoast SEO Premium plugin v26.8 (Yoast SEO v26.8) - https:\/\/yoast.com\/product\/yoast-seo-premium-wordpress\/ -->\n<title>Services - Eckler<\/title>\n<meta name=\"robots\" content=\"index, follow, max-snippet:-1, max-image-preview:large, max-video-preview:-1\" \/>\n<link rel=\"canonical\" href=\"https:\/\/www.eckler.ca\/fr\/services\/\" \/>\n<meta property=\"og:locale\" content=\"fr_FR\" \/>\n<meta property=\"og:type\" content=\"article\" \/>\n<meta property=\"og:title\" content=\"Services\" \/>\n<meta property=\"og:url\" content=\"https:\/\/www.eckler.ca\/fr\/services\/\" \/>\n<meta property=\"og:site_name\" content=\"Eckler\" \/>\n<meta property=\"article:modified_time\" content=\"2022-05-05T18:54:03+00:00\" \/>\n<meta property=\"og:image\" content=\"https:\/\/www.eckler.ca\/app\/uploads\/2019\/03\/eckler-social.jpg\" \/>\n\t<meta property=\"og:image:width\" content=\"200\" \/>\n\t<meta property=\"og:image:height\" content=\"200\" \/>\n\t<meta property=\"og:image:type\" content=\"image\/jpeg\" \/>\n<meta name=\"twitter:card\" content=\"summary_large_image\" \/>\n<script type=\"application\/ld+json\" class=\"yoast-schema-graph\">{\"@context\":\"https:\/\/schema.org\",\"@graph\":[{\"@type\":\"WebPage\",\"@id\":\"https:\/\/www.eckler.ca\/fr\/services\/\",\"url\":\"https:\/\/www.eckler.ca\/fr\/services\/\",\"name\":\"Services - Eckler\",\"isPartOf\":{\"@id\":\"https:\/\/www.eckler.ca\/#website\"},\"datePublished\":\"2019-03-15T13:18:05+00:00\",\"dateModified\":\"2022-05-05T18:54:03+00:00\",\"inLanguage\":\"fr-FR\",\"potentialAction\":[{\"@type\":\"ReadAction\",\"target\":[\"https:\/\/www.eckler.ca\/fr\/services\/\"]}]},{\"@type\":\"WebSite\",\"@id\":\"https:\/\/www.eckler.ca\/#website\",\"url\":\"https:\/\/www.eckler.ca\/\",\"name\":\"Eckler\",\"description\":\"People-Powered Insights\",\"potentialAction\":[{\"@type\":\"SearchAction\",\"target\":{\"@type\":\"EntryPoint\",\"urlTemplate\":\"https:\/\/www.eckler.ca\/?s={search_term_string}\"},\"query-input\":{\"@type\":\"PropertyValueSpecification\",\"valueRequired\":true,\"valueName\":\"search_term_string\"}}],\"inLanguage\":\"fr-FR\"}]}<\/script>\n<!-- \/ Yoast SEO Premium plugin. -->","yoast_head_json":{"title":"Services - Eckler","robots":{"index":"index","follow":"follow","max-snippet":"max-snippet:-1","max-image-preview":"max-image-preview:large","max-video-preview":"max-video-preview:-1"},"canonical":"https:\/\/www.eckler.ca\/fr\/services\/","og_locale":"fr_FR","og_type":"article","og_title":"Services","og_url":"https:\/\/www.eckler.ca\/fr\/services\/","og_site_name":"Eckler","article_modified_time":"2022-05-05T18:54:03+00:00","og_image":[{"width":200,"height":200,"url":"https:\/\/www.eckler.ca\/app\/uploads\/2019\/03\/eckler-social.jpg","type":"image\/jpeg"}],"twitter_card":"summary_large_image","schema":{"@context":"https:\/\/schema.org","@graph":[{"@type":"WebPage","@id":"https:\/\/www.eckler.ca\/fr\/services\/","url":"https:\/\/www.eckler.ca\/fr\/services\/","name":"Services - Eckler","isPartOf":{"@id":"https:\/\/www.eckler.ca\/#website"},"datePublished":"2019-03-15T13:18:05+00:00","dateModified":"2022-05-05T18:54:03+00:00","inLanguage":"fr-FR","potentialAction":[{"@type":"ReadAction","target":["https:\/\/www.eckler.ca\/fr\/services\/"]}]},{"@type":"WebSite","@id":"https:\/\/www.eckler.ca\/#website","url":"https:\/\/www.eckler.ca\/","name":"Eckler","description":"People-Powered Insights","potentialAction":[{"@type":"SearchAction","target":{"@type":"EntryPoint","urlTemplate":"https:\/\/www.eckler.ca\/?s={search_term_string}"},"query-input":{"@type":"PropertyValueSpecification","valueRequired":true,"valueName":"search_term_string"}}],"inLanguage":"fr-FR"}]}},"_links":{"self":[{"href":"https:\/\/www.eckler.ca\/fr\/wp-json\/wp\/v2\/pages\/1120","targetHints":{"allow":["GET"]}}],"collection":[{"href":"https:\/\/www.eckler.ca\/fr\/wp-json\/wp\/v2\/pages"}],"about":[{"href":"https:\/\/www.eckler.ca\/fr\/wp-json\/wp\/v2\/types\/page"}],"author":[{"embeddable":true,"href":"https:\/\/www.eckler.ca\/fr\/wp-json\/wp\/v2\/users\/2"}],"replies":[{"embeddable":true,"href":"https:\/\/www.eckler.ca\/fr\/wp-json\/wp\/v2\/comments?post=1120"}],"version-history":[{"count":6,"href":"https:\/\/www.eckler.ca\/fr\/wp-json\/wp\/v2\/pages\/1120\/revisions"}],"predecessor-version":[{"id":10187,"href":"https:\/\/www.eckler.ca\/fr\/wp-json\/wp\/v2\/pages\/1120\/revisions\/10187"}],"wp:attachment":[{"href":"https:\/\/www.eckler.ca\/fr\/wp-json\/wp\/v2\/media?parent=1120"}],"curies":[{"name":"wp","href":"https:\/\/api.w.org\/{rel}","templated":true}]}}