{"id":1043,"date":"2019-03-15T14:44:58","date_gmt":"2019-03-15T14:44:58","guid":{"rendered":"https:\/\/www.eckler.ca\/find-us\/"},"modified":"2020-08-26T09:01:09","modified_gmt":"2020-08-26T13:01:09","slug":"find-us","status":"publish","type":"page","link":"https:\/\/www.eckler.ca\/fr\/find-us\/","title":{"rendered":"Nous trouver"},"content":{"rendered":"<div class=\"wpb-content-wrapper\"><p>[vc_row][vc_column][services_container]<div class=\"services-item\">\n\t\t\t<a class=\"services-item-inner\" href=\"https:\/\/www.eckler.ca\/fr\/find-us\/contact-us\/\" rel=\"\" target=\"\" title=\"Contactez-nous\">\n\t\t\t\t\t\t\t\t<i class=\"icon-email2 services-item-icon\"><\/i>\n\t\t\t\t\t\t\t\t\t\t<h4 class=\"h3 services-item-title\">Contactez-nous<\/h4>\n\t\t\t\t\t\t\t\t\t\t<p class=\"services-item-description\">Nous sommes heureux de vous compter parmi nous. Comment pouvons-nous vous aider?<\/p>\n\t\t\t\t\t\t\t\t\t\t<span class=\"btn btn-link services-item-button\">\n\t\t\t\t\tContactez-nous\t\t\t\t<\/span>\n\t\t\t\t\t\t<\/a>\n\t<\/div>\n<div class=\"services-item\">\n\t\t\t<a class=\"services-item-inner\" href=\"https:\/\/www.eckler.ca\/fr\/find-us\/rfp-requests\/\" rel=\"\" target=\"\" title=\"Envoi d\u2019une demande de propositions\">\n\t\t\t\t\t\t\t\t<i class=\"icon-info-circle-hallow services-item-icon\"><\/i>\n\t\t\t\t\t\t\t\t\t\t<h4 class=\"h3 services-item-title\">Envoi d\u2019une demande de propositions<\/h4>\n\t\t\t\t\t\t\t\t\t\t<p class=\"services-item-description\">Notre responsabilit\u00e9 consiste \u00e0 vous appuyer dans l\u2019\u00e9valuation de vos occasions et \u00e0 vous proposer des solutions et des r\u00e9flexions pour vous aider \u00e0 progresser.<\/p>\n\t\t\t\t\t\t\t\t\t\t<span class=\"btn btn-link services-item-button\">\n\t\t\t\t\tContactez-nous\t\t\t\t<\/span>\n\t\t\t\t\t\t<\/a>\n\t<\/div>\n<div class=\"services-item\">\n\t\t\t<a class=\"services-item-inner\" href=\"https:\/\/www.eckler.ca\/fr\/about\/our-offices\/\" rel=\"\" target=\"\" title=\"Solutions technologiques\">\n\t\t\t\t\t\t\t\t<i class=\"icon-globe services-item-icon\"><\/i>\n\t\t\t\t\t\t\t\t\t\t<h4 class=\"h3 services-item-title\">Nos Bureaux<\/h4>\n\t\t\t\t\t\t\t\t\t\t<p class=\"services-item-description\">Bien qu\u2019Eckler exploite des bureaux au Canada et dans les Cara\u00efbes, notre expertise transcende les fronti\u00e8res.<\/p>\n\t\t\t\t\t\t\t\t\t\t<span class=\"btn btn-link services-item-button\">\n\t\t\t\t\tEn savoir plus\t\t\t\t<\/span>\n\t\t\t\t\t\t<\/a>\n\t<\/div>\n[\/services_container][\/vc_column][\/vc_row][vc_column][\/vc_column]<\/p>\n<\/div>","protected":false},"excerpt":{"rendered":"<p>[vc_row][vc_column][services_container][\/services_container][\/vc_column][\/vc_row][vc_column][\/vc_column]<\/p>\n","protected":false},"author":2,"featured_media":0,"parent":0,"menu_order":0,"comment_status":"closed","ping_status":"closed","template":"","meta":{"_acf_changed":false,"footnotes":""},"class_list":["post-1043","page","type-page","status-publish","hentry"],"acf":[],"yoast_head":"<!-- This site is optimized with the Yoast SEO Premium plugin v26.8 (Yoast SEO v26.8) - https:\/\/yoast.com\/product\/yoast-seo-premium-wordpress\/ -->\n<title>Nous trouver - Eckler<\/title>\n<meta name=\"robots\" content=\"index, follow, max-snippet:-1, max-image-preview:large, max-video-preview:-1\" \/>\n<link rel=\"canonical\" href=\"https:\/\/www.eckler.ca\/fr\/find-us\/\" \/>\n<meta property=\"og:locale\" content=\"fr_FR\" \/>\n<meta property=\"og:type\" content=\"article\" \/>\n<meta property=\"og:title\" content=\"Nous trouver\" \/>\n<meta property=\"og:description\" content=\"[vc_row][vc_column][services_container][\/services_container][\/vc_column][\/vc_row][vc_column][\/vc_column]\" \/>\n<meta property=\"og:url\" content=\"https:\/\/www.eckler.ca\/fr\/find-us\/\" \/>\n<meta property=\"og:site_name\" content=\"Eckler\" \/>\n<meta property=\"article:modified_time\" content=\"2020-08-26T13:01:09+00:00\" \/>\n<meta property=\"og:image\" content=\"https:\/\/www.eckler.ca\/app\/uploads\/2019\/03\/eckler-social.jpg\" \/>\n\t<meta property=\"og:image:width\" content=\"200\" \/>\n\t<meta property=\"og:image:height\" content=\"200\" \/>\n\t<meta property=\"og:image:type\" content=\"image\/jpeg\" \/>\n<meta name=\"twitter:card\" content=\"summary_large_image\" \/>\n<meta name=\"twitter:label1\" content=\"Est. reading time\" \/>\n\t<meta name=\"twitter:data1\" content=\"1 minute\" \/>\n<script type=\"application\/ld+json\" class=\"yoast-schema-graph\">{\"@context\":\"https:\/\/schema.org\",\"@graph\":[{\"@type\":\"WebPage\",\"@id\":\"https:\/\/www.eckler.ca\/fr\/find-us\/\",\"url\":\"https:\/\/www.eckler.ca\/fr\/find-us\/\",\"name\":\"Nous trouver - Eckler\",\"isPartOf\":{\"@id\":\"https:\/\/www.eckler.ca\/#website\"},\"datePublished\":\"2019-03-15T14:44:58+00:00\",\"dateModified\":\"2020-08-26T13:01:09+00:00\",\"inLanguage\":\"fr-FR\",\"potentialAction\":[{\"@type\":\"ReadAction\",\"target\":[\"https:\/\/www.eckler.ca\/fr\/find-us\/\"]}]},{\"@type\":\"WebSite\",\"@id\":\"https:\/\/www.eckler.ca\/#website\",\"url\":\"https:\/\/www.eckler.ca\/\",\"name\":\"Eckler\",\"description\":\"People-Powered Insights\",\"potentialAction\":[{\"@type\":\"SearchAction\",\"target\":{\"@type\":\"EntryPoint\",\"urlTemplate\":\"https:\/\/www.eckler.ca\/?s={search_term_string}\"},\"query-input\":{\"@type\":\"PropertyValueSpecification\",\"valueRequired\":true,\"valueName\":\"search_term_string\"}}],\"inLanguage\":\"fr-FR\"}]}<\/script>\n<!-- \/ Yoast SEO Premium plugin. -->","yoast_head_json":{"title":"Nous trouver - Eckler","robots":{"index":"index","follow":"follow","max-snippet":"max-snippet:-1","max-image-preview":"max-image-preview:large","max-video-preview":"max-video-preview:-1"},"canonical":"https:\/\/www.eckler.ca\/fr\/find-us\/","og_locale":"fr_FR","og_type":"article","og_title":"Nous trouver","og_description":"[vc_row][vc_column][services_container][\/services_container][\/vc_column][\/vc_row][vc_column][\/vc_column]","og_url":"https:\/\/www.eckler.ca\/fr\/find-us\/","og_site_name":"Eckler","article_modified_time":"2020-08-26T13:01:09+00:00","og_image":[{"width":200,"height":200,"url":"https:\/\/www.eckler.ca\/app\/uploads\/2019\/03\/eckler-social.jpg","type":"image\/jpeg"}],"twitter_card":"summary_large_image","twitter_misc":{"Est. reading time":"1 minute"},"schema":{"@context":"https:\/\/schema.org","@graph":[{"@type":"WebPage","@id":"https:\/\/www.eckler.ca\/fr\/find-us\/","url":"https:\/\/www.eckler.ca\/fr\/find-us\/","name":"Nous trouver - Eckler","isPartOf":{"@id":"https:\/\/www.eckler.ca\/#website"},"datePublished":"2019-03-15T14:44:58+00:00","dateModified":"2020-08-26T13:01:09+00:00","inLanguage":"fr-FR","potentialAction":[{"@type":"ReadAction","target":["https:\/\/www.eckler.ca\/fr\/find-us\/"]}]},{"@type":"WebSite","@id":"https:\/\/www.eckler.ca\/#website","url":"https:\/\/www.eckler.ca\/","name":"Eckler","description":"People-Powered Insights","potentialAction":[{"@type":"SearchAction","target":{"@type":"EntryPoint","urlTemplate":"https:\/\/www.eckler.ca\/?s={search_term_string}"},"query-input":{"@type":"PropertyValueSpecification","valueRequired":true,"valueName":"search_term_string"}}],"inLanguage":"fr-FR"}]}},"_links":{"self":[{"href":"https:\/\/www.eckler.ca\/fr\/wp-json\/wp\/v2\/pages\/1043","targetHints":{"allow":["GET"]}}],"collection":[{"href":"https:\/\/www.eckler.ca\/fr\/wp-json\/wp\/v2\/pages"}],"about":[{"href":"https:\/\/www.eckler.ca\/fr\/wp-json\/wp\/v2\/types\/page"}],"author":[{"embeddable":true,"href":"https:\/\/www.eckler.ca\/fr\/wp-json\/wp\/v2\/users\/2"}],"replies":[{"embeddable":true,"href":"https:\/\/www.eckler.ca\/fr\/wp-json\/wp\/v2\/comments?post=1043"}],"version-history":[{"count":9,"href":"https:\/\/www.eckler.ca\/fr\/wp-json\/wp\/v2\/pages\/1043\/revisions"}],"predecessor-version":[{"id":6962,"href":"https:\/\/www.eckler.ca\/fr\/wp-json\/wp\/v2\/pages\/1043\/revisions\/6962"}],"wp:attachment":[{"href":"https:\/\/www.eckler.ca\/fr\/wp-json\/wp\/v2\/media?parent=1043"}],"curies":[{"name":"wp","href":"https:\/\/api.w.org\/{rel}","templated":true}]}}